{"id":3151,"date":"2023-04-06T13:37:45","date_gmt":"2023-04-06T17:37:45","guid":{"rendered":"https:\/\/theleachfirm.com\/tkeara-watson\/"},"modified":"2024-12-08T00:50:56","modified_gmt":"2024-12-08T05:50:56","slug":"tkeara-watson","status":"publish","type":"page","link":"https:\/\/theleachfirm.com\/es\/tkeara-watson\/","title":{"rendered":"T\u2019Keara Watson"},"content":{"rendered":"\n\n\t\t\t\t<img decoding=\"async\" src=\"https:\/\/theleachfirm.com\/wp-content\/uploads\/2024\/09\/TKeara-N.-Watson-scaled-e1726846398359.jpg\" alt=\"T'Keara N. Watson\" itemprop=\"image\" height=\"2560\" width=\"1734\" title=\"T'Keara N. Watson\" onerror=\"this.style.display='none'\"  \/>\n<h1>\n\t\tT&#8217;Keara N. Watson \n\t<\/h1>\n\t<p>5 a\u00f1os de experiencia<\/p>\n\t<ul>\n<li><a href=\"tel:(844) 722-7567\">phone<\/a><\/li>\n<\/ul>\n\t<p>T&#8217;Keara N. Watson es abogada en la oficina de Orlando y trabaja principalmente en el departamento de derecho laboral. T&#8217;Keara naci\u00f3 y creci\u00f3 en Palatka, Florida. Despu\u00e9s de terminar la escuela secundaria, se traslad\u00f3 a Orlando para asistir a la Universidad de Florida Central, obteniendo su B.A. con una especializaci\u00f3n en Ciencias Pol\u00edticas, pre-ley track, y un menor en Estudios Jur\u00eddicos. Mientras hac\u00eda pr\u00e1cticas en un bufete de abogados local en Palatka durante el verano, la pasi\u00f3n de T&#8217;Keara por la ley creci\u00f3 y su sue\u00f1o de convertirse en un abogado comenz\u00f3.<\/p>\n<p>Despu\u00e9s de graduarse de la Universidad de Florida Central, T&#8217;Keara asisti\u00f3 a la Florida Agricultural &amp; Mechanical University College of Law. A lo largo de la escuela de derecho, tuvo varias oportunidades de trabajo como asistente legal para los bufetes de abogados de lesiones personales y de pr\u00e1cticas en la Unidad de Integridad de la Condena en la Oficina del Fiscal del Estado en el Condado de Orange. Adem\u00e1s de ganar varios premios de libros, T&#8217;Keara se gradu\u00f3 con honores y estaba en el 25% superior de su clase.<\/p>\n<p>T&#8217;Keara comenz\u00f3 su carrera legal como Asistente del Fiscal del Estado en la Oficina del Fiscal del Estado en el Condado de Orange, manejando casos de delitos graves de tercer grado. Desde entonces, ha tenido la oportunidad de adquirir una amplia experiencia en litigios trabajando para empresas de defensa de seguros, manejando asuntos de propiedad de primera parte en nombre de numerosas compa\u00f1\u00edas de seguros. Ahora, en un momento crucial en su carrera, T&#8217;Keara ha decidido utilizar sus conocimientos y experiencia para representar a los ciudadanos de a pie. T&#8217;Keara se enorgullece de tener la oportunidad de representar a clientes que han sido v\u00edctimas de acoso sexual, interferencia FMLA y represalias, raza, edad, religi\u00f3n, origen nacional, discapacidad, g\u00e9nero, y la discriminaci\u00f3n por embarazo y represalias, y despido injustificado, incluida la indemnizaci\u00f3n de los trabajadores represalias. T&#8217;Keara tambi\u00e9n representa a clientes que han sido pagados indebidamente por sus empleadores. Espec\u00edficamente, T&#8217;Keara maneja casos relacionados con violaciones del salario m\u00ednimo, deducciones autom\u00e1ticas de almuerzo, falta de pago de horas extras, y violaciones de propinas bajo la FLSA y las leyes laborales de Florida. T&#8217;Keara ha obtenido acuerdos favorables para clientes en la etapa previa a la demanda, en la etapa de investigaci\u00f3n de la EEOC y en el litigio. T&#8217;Keara tambi\u00e9n ha negociado con \u00e9xito paquetes de indemnizaci\u00f3n otorgados como resultado de un despido ilegal. Ella trabaja vigorosamente para defender a sus clientes contra sus empleadores cuando han sido tratados injustamente. En la actualidad, T&#8217;Keara est\u00e1 autorizada para ejercer en Florida y en el Distrito de Columbia de los Estados Unidos.<\/p>\n<p>T&#8217;Keara disfruta retribuyendo a la comunidad y tambi\u00e9n es miembro de Zeta Phi Beta Sorority, Inc. Fuera del trabajo, T&#8217;Keara disfruta pasando tiempo con su esposo, su hijo y sus seres queridos, viendo documentales, haciendo ejercicio y probando nuevas cocinas.<\/p>\n<h3>\n\t\tLl\u00e1manos al (844) 722-7567. Estamos felices de ayudarle.\n\t<\/h3>\n\t<p>Tambi\u00e9n puede completar el formulario a continuaci\u00f3n y nos comunicaremos con usted.<\/p>\n\t\n<div class=\"wpcf7 no-js\" id=\"wpcf7-f3150-o1\" lang=\"es-ES\" dir=\"ltr\" data-wpcf7-id=\"3150\">\n<div class=\"screen-reader-response\"><p role=\"status\" aria-live=\"polite\" aria-atomic=\"true\"><\/p> <ul><\/ul><\/div>\n<form action=\"\/es\/wp-json\/wp\/v2\/pages\/3151#wpcf7-f3150-o1\" method=\"post\" class=\"wpcf7-form init\" aria-label=\"Formulario de contacto\" novalidate=\"novalidate\" data-status=\"init\">\n<fieldset class=\"hidden-fields-container\"><input type=\"hidden\" name=\"_wpcf7\" value=\"3150\" \/><input type=\"hidden\" name=\"_wpcf7_version\" value=\"6.1.5\" \/><input type=\"hidden\" name=\"_wpcf7_locale\" value=\"es_ES\" \/><input type=\"hidden\" name=\"_wpcf7_unit_tag\" value=\"wpcf7-f3150-o1\" \/><input type=\"hidden\" name=\"_wpcf7_container_post\" value=\"0\" \/><input type=\"hidden\" name=\"_wpcf7_posted_data_hash\" value=\"\" \/>\n<\/fieldset>\n<p><span class=\"wpcf7-form-control-wrap\" data-name=\"your-first\"><input size=\"40\" maxlength=\"400\" class=\"wpcf7-form-control wpcf7-text wpcf7-validates-as-required\" aria-required=\"true\" aria-invalid=\"false\" placeholder=\"First Name\" value=\"\" type=\"text\" name=\"your-first\" \/><\/span><br \/>\n<span class=\"wpcf7-form-control-wrap\" data-name=\"your-last\"><input size=\"40\" maxlength=\"400\" class=\"wpcf7-form-control wpcf7-text wpcf7-validates-as-required\" aria-required=\"true\" aria-invalid=\"false\" placeholder=\"Last Name\" value=\"\" type=\"text\" name=\"your-last\" \/><\/span><br \/>\n<span class=\"wpcf7-form-control-wrap\" data-name=\"your-email\"><input size=\"40\" maxlength=\"400\" class=\"wpcf7-form-control wpcf7-email wpcf7-validates-as-required wpcf7-text wpcf7-validates-as-email\" aria-required=\"true\" aria-invalid=\"false\" placeholder=\"Your Email\" value=\"\" type=\"email\" name=\"your-email\" \/><\/span><br \/>\n<span class=\"wpcf7-form-control-wrap\" data-name=\"your-phone\"><input size=\"40\" maxlength=\"400\" class=\"wpcf7-form-control wpcf7-text wpcf7-validates-as-required\" aria-required=\"true\" aria-invalid=\"false\" placeholder=\"Phone\" value=\"\" type=\"text\" name=\"your-phone\" \/><\/span><br \/>\n<span class=\"wpcf7-form-control-wrap\" data-name=\"your-message\"><textarea cols=\"40\" rows=\"10\" maxlength=\"2000\" class=\"wpcf7-form-control wpcf7-textarea wpcf7-validates-as-required\" aria-required=\"true\" aria-invalid=\"false\" placeholder=\"Comment\" name=\"your-message\"><\/textarea><\/span><br \/>\n<input class=\"wpcf7-form-control wpcf7-submit has-spinner\" type=\"submit\" value=\"Send\" \/>\n<\/p><p style=\"display: none !important;\" class=\"akismet-fields-container\" data-prefix=\"_wpcf7_ak_\"><label>&#916;<textarea name=\"_wpcf7_ak_hp_textarea\" cols=\"45\" rows=\"8\" maxlength=\"100\"><\/textarea><\/label><input type=\"hidden\" id=\"ak_js_1\" name=\"_wpcf7_ak_js\" value=\"2\"\/><script>document.getElementById( \"ak_js_1\" ).setAttribute( \"value\", ( new Date() ).getTime() );<\/script><\/p><div class=\"wpcf7-response-output\" aria-hidden=\"true\"><\/div>\n<\/form>\n<\/div>\n\n\n","protected":false},"excerpt":{"rendered":"<p>T&#8217;Keara N. Watson 5 a\u00f1os de experiencia phone T&#8217;Keara N. Watson es abogada en la oficina de Orlando y trabaja principalmente en el departamento de derecho laboral. T&#8217;Keara naci\u00f3 y creci\u00f3 en Palatka, Florida. Despu\u00e9s de terminar la escuela secundaria, se traslad\u00f3 a Orlando para asistir a la Universidad de Florida Central, obteniendo su B.A.&hellip;<\/p>\n","protected":false},"author":8,"featured_media":0,"parent":0,"menu_order":0,"comment_status":"closed","ping_status":"closed","template":"","meta":{"inline_featured_image":false,"footnotes":""},"class_list":["post-3151","page","type-page","status-publish","hentry"],"_links":{"self":[{"href":"https:\/\/theleachfirm.com\/es\/wp-json\/wp\/v2\/pages\/3151","targetHints":{"allow":["GET"]}}],"collection":[{"href":"https:\/\/theleachfirm.com\/es\/wp-json\/wp\/v2\/pages"}],"about":[{"href":"https:\/\/theleachfirm.com\/es\/wp-json\/wp\/v2\/types\/page"}],"author":[{"embeddable":true,"href":"https:\/\/theleachfirm.com\/es\/wp-json\/wp\/v2\/users\/8"}],"replies":[{"embeddable":true,"href":"https:\/\/theleachfirm.com\/es\/wp-json\/wp\/v2\/comments?post=3151"}],"version-history":[{"count":0,"href":"https:\/\/theleachfirm.com\/es\/wp-json\/wp\/v2\/pages\/3151\/revisions"}],"wp:attachment":[{"href":"https:\/\/theleachfirm.com\/es\/wp-json\/wp\/v2\/media?parent=3151"}],"curies":[{"name":"wp","href":"https:\/\/api.w.org\/{rel}","templated":true}]}}