{"id":3147,"date":"2023-03-03T17:24:32","date_gmt":"2023-03-03T22:24:32","guid":{"rendered":"https:\/\/theleachfirm.com\/felipe-mavromatis\/"},"modified":"2024-06-20T00:14:30","modified_gmt":"2024-06-20T04:14:30","slug":"felipe-mavromatis","status":"publish","type":"page","link":"https:\/\/theleachfirm.com\/es\/felipe-mavromatis\/","title":{"rendered":"Felipe Mavromatis"},"content":{"rendered":"\n\n\t\t\t\t<img decoding=\"async\" src=\"https:\/\/theleachfirm.com\/wp-content\/uploads\/2023\/09\/Felipe877.jpg\" alt=\"Felipe877\" itemprop=\"image\" height=\"1024\" width=\"877\" title=\"Felipe877\" onerror=\"this.style.display='none'\"  \/>\n<h1>\n\t\tFelipe Mavromatis\n\t<\/h1>\n\t<ul>\n    <li><a href=\"mailto: fmavromatis@theleachfirm.com\">email<\/a><\/li>\n<li><a href=\"tel:(844) 722-7567\">phone<\/a><\/li>\n<\/ul>\n\t<p>Felipe Mavromatis es un abogado litigante tenaz y compasivo. En \u00e9l, sus clientes obtienen el valor de una perspectiva experimentada, una clara visi\u00f3n de desarrollo, agudos conocimientos jur\u00eddicos y una incansable dedicaci\u00f3n al \u00e9xito a corto y largo plazo en el \u00e1mbito de las lesiones personales. Ha representado a clientes de diversos or\u00edgenes econ\u00f3micos, desde madres solteras hasta clientes con patrimonios millonarios.<\/p>\n<p>Felipe es licenciado en Ciencias Pol\u00edticas por la Universidad Brigham Young, y graduado Cum Laude con honores en investigaci\u00f3n y redacci\u00f3n por la Facultad de Derecho de la Universidad de Illinois. Obtuvo su M\u00e1ster en Administraci\u00f3n de Empresas (MBA) en la Universidad de Florida.<\/p>\n<p>Le encantan las culturas y los idiomas. Es griego, brasile\u00f1o y estadounidense, y habla con fluidez portugu\u00e9s y espa\u00f1ol. Actualmente estudia japon\u00e9s, farsi y griego.<\/p>\n<p>Felipe ha trabajado en la Cl\u00ednica de Justicia Financiera para Mayores defendiendo los derechos de las personas mayores en Champaign (Illinois), ha sido enlace global de comunicaciones para una multinacional con sede en Provo (Utah) y ha sido becario legislativo en el Senado del Estado de Utah. Tambi\u00e9n fue pasante con honores en la Oficina Federal de Investigaci\u00f3n, donde colabor\u00f3 en casos federales de terrorismo dom\u00e9stico, pornograf\u00eda infantil, tr\u00e1fico sexual y casos de abuso sexual infantil.<\/p>\n<p>Antes de unirse a la Firma Leach, trabaj\u00f3 para un gran bufete nacional de abogados de demandantes, donde dirigi\u00f3 su equipo de 7 en la recuperaci\u00f3n de millones de d\u00f3lares al a\u00f1o para sus clientes. \u00c9l trae su experiencia y pasi\u00f3n a la Firma Leach. Ha sido nombrado Top 40 Under 40 por el National Trial Lawyers y reconocido por Best Lawyers in America desde 2020.<\/p>\n<p>Fuera del trabajo, disfruta de los parques tem\u00e1ticos, jugar al f\u00fatbol, ver f\u00fatbol americano, entrenar y pasar tiempo con su esposa y sus dos hijos peque\u00f1os.<\/p>\n<h3>\n\t\tLl\u00e1manos al (844) 722-7567. Estamos felices de ayudarle.\n\t<\/h3>\n\t<p>Tambi\u00e9n puede completar el formulario a continuaci\u00f3n y nos comunicaremos con usted.<\/p>\n\t\n<div class=\"wpcf7 no-js\" id=\"wpcf7-f3150-o1\" lang=\"es-ES\" dir=\"ltr\" data-wpcf7-id=\"3150\">\n<div class=\"screen-reader-response\"><p role=\"status\" aria-live=\"polite\" aria-atomic=\"true\"><\/p> <ul><\/ul><\/div>\n<form action=\"\/es\/wp-json\/wp\/v2\/pages\/3147#wpcf7-f3150-o1\" method=\"post\" class=\"wpcf7-form init\" aria-label=\"Formulario de contacto\" novalidate=\"novalidate\" data-status=\"init\">\n<fieldset class=\"hidden-fields-container\"><input type=\"hidden\" name=\"_wpcf7\" value=\"3150\" \/><input type=\"hidden\" name=\"_wpcf7_version\" value=\"6.1.5\" \/><input type=\"hidden\" name=\"_wpcf7_locale\" value=\"es_ES\" \/><input type=\"hidden\" name=\"_wpcf7_unit_tag\" value=\"wpcf7-f3150-o1\" \/><input type=\"hidden\" name=\"_wpcf7_container_post\" value=\"0\" \/><input type=\"hidden\" name=\"_wpcf7_posted_data_hash\" value=\"\" \/>\n<\/fieldset>\n<p><span class=\"wpcf7-form-control-wrap\" data-name=\"your-first\"><input size=\"40\" maxlength=\"400\" class=\"wpcf7-form-control wpcf7-text wpcf7-validates-as-required\" aria-required=\"true\" aria-invalid=\"false\" placeholder=\"First Name\" value=\"\" type=\"text\" name=\"your-first\" \/><\/span><br \/>\n<span class=\"wpcf7-form-control-wrap\" data-name=\"your-last\"><input size=\"40\" maxlength=\"400\" class=\"wpcf7-form-control wpcf7-text wpcf7-validates-as-required\" aria-required=\"true\" aria-invalid=\"false\" placeholder=\"Last Name\" value=\"\" type=\"text\" name=\"your-last\" \/><\/span><br \/>\n<span class=\"wpcf7-form-control-wrap\" data-name=\"your-email\"><input size=\"40\" maxlength=\"400\" class=\"wpcf7-form-control wpcf7-email wpcf7-validates-as-required wpcf7-text wpcf7-validates-as-email\" aria-required=\"true\" aria-invalid=\"false\" placeholder=\"Your Email\" value=\"\" type=\"email\" name=\"your-email\" \/><\/span><br \/>\n<span class=\"wpcf7-form-control-wrap\" data-name=\"your-phone\"><input size=\"40\" maxlength=\"400\" class=\"wpcf7-form-control wpcf7-text wpcf7-validates-as-required\" aria-required=\"true\" aria-invalid=\"false\" placeholder=\"Phone\" value=\"\" type=\"text\" name=\"your-phone\" \/><\/span><br \/>\n<span class=\"wpcf7-form-control-wrap\" data-name=\"your-message\"><textarea cols=\"40\" rows=\"10\" maxlength=\"2000\" class=\"wpcf7-form-control wpcf7-textarea wpcf7-validates-as-required\" aria-required=\"true\" aria-invalid=\"false\" placeholder=\"Comment\" name=\"your-message\"><\/textarea><\/span><br \/>\n<input class=\"wpcf7-form-control wpcf7-submit has-spinner\" type=\"submit\" value=\"Send\" \/>\n<\/p><p style=\"display: none !important;\" class=\"akismet-fields-container\" data-prefix=\"_wpcf7_ak_\"><label>&#916;<textarea name=\"_wpcf7_ak_hp_textarea\" cols=\"45\" rows=\"8\" maxlength=\"100\"><\/textarea><\/label><input type=\"hidden\" id=\"ak_js_1\" name=\"_wpcf7_ak_js\" value=\"108\"\/><script>document.getElementById( \"ak_js_1\" ).setAttribute( \"value\", ( new Date() ).getTime() );<\/script><\/p><div class=\"wpcf7-response-output\" aria-hidden=\"true\"><\/div>\n<\/form>\n<\/div>\n\n\n","protected":false},"excerpt":{"rendered":"<p>Felipe Mavromatis email phone Felipe Mavromatis es un abogado litigante tenaz y compasivo. En \u00e9l, sus clientes obtienen el valor de una perspectiva experimentada, una clara visi\u00f3n de desarrollo, agudos conocimientos jur\u00eddicos y una incansable dedicaci\u00f3n al \u00e9xito a corto y largo plazo en el \u00e1mbito de las lesiones personales. Ha representado a clientes de&hellip;<\/p>\n","protected":false},"author":11,"featured_media":0,"parent":0,"menu_order":0,"comment_status":"closed","ping_status":"closed","template":"","meta":{"inline_featured_image":false,"footnotes":""},"class_list":["post-3147","page","type-page","status-publish","hentry"],"_links":{"self":[{"href":"https:\/\/theleachfirm.com\/es\/wp-json\/wp\/v2\/pages\/3147","targetHints":{"allow":["GET"]}}],"collection":[{"href":"https:\/\/theleachfirm.com\/es\/wp-json\/wp\/v2\/pages"}],"about":[{"href":"https:\/\/theleachfirm.com\/es\/wp-json\/wp\/v2\/types\/page"}],"author":[{"embeddable":true,"href":"https:\/\/theleachfirm.com\/es\/wp-json\/wp\/v2\/users\/11"}],"replies":[{"embeddable":true,"href":"https:\/\/theleachfirm.com\/es\/wp-json\/wp\/v2\/comments?post=3147"}],"version-history":[{"count":0,"href":"https:\/\/theleachfirm.com\/es\/wp-json\/wp\/v2\/pages\/3147\/revisions"}],"wp:attachment":[{"href":"https:\/\/theleachfirm.com\/es\/wp-json\/wp\/v2\/media?parent=3147"}],"curies":[{"name":"wp","href":"https:\/\/api.w.org\/{rel}","templated":true}]}}