{"id":2690,"date":"2023-08-29T22:24:37","date_gmt":"2023-08-30T02:24:37","guid":{"rendered":"https:\/\/theleachfirm.com\/truck-interstate-accident-lawyer-in-deltona-florida\/"},"modified":"2023-09-29T03:23:31","modified_gmt":"2023-09-29T07:23:31","slug":"accidentes-de-camiones-en-carreteras-interestatales","status":"publish","type":"page","link":"https:\/\/theleachfirm.com\/es\/accidentes-de-camiones-en-carreteras-interestatales\/","title":{"rendered":"Abogado Experto en Accidentes de Camiones en Carreteras Interestatales en Deltona, Florida"},"content":{"rendered":"\n<h1>\n\t\tAbogado Experto en Accidentes de Camiones en Carreteras Interestatales en Deltona, Florida\n\t<\/h1>\n\t<div class=\"fl-builder-content fl-builder-content-2140 fl-builder-template fl-builder-row-template fl-builder-global-templates-locked\" data-post-id=\"2140\"><div class=\"fl-row fl-row-fixed-width fl-row-bg-color fl-node-3ch2ay0i9n7k fl-row-default-height fl-row-align-center page-top-banner\" data-node=\"3ch2ay0i9n7k\">\n\t<div class=\"fl-row-content-wrap\">\n\t\t\t\t\t\t<div class=\"fl-row-content fl-row-fixed-width fl-node-content\">\n\t\t\n<div class=\"fl-col-group fl-node-1ew4tp3k5oi6\" data-node=\"1ew4tp3k5oi6\">\n\t\t\t<div class=\"fl-col fl-node-5mxd3hik7t20 fl-col-bg-color employColumnParent\" data-node=\"5mxd3hik7t20\">\n\t<div class=\"fl-col-content fl-node-content\"><div class=\"fl-module fl-module-heading fl-node-e8xwrdmzbco6\" data-node=\"e8xwrdmzbco6\">\n\t<div class=\"fl-module-content fl-node-content\">\n\t\t<h5 class=\"fl-heading\">\n\t\t<span class=\"fl-heading-text\">\u00bfQuiere hablar con un Abogado Laboralista?<\/span>\n\t<\/h5>\n\t<\/div>\n<\/div>\n<div class=\"fl-module fl-module-heading fl-node-8q4xpla57rbn\" data-node=\"8q4xpla57rbn\">\n\t<div class=\"fl-module-content fl-node-content\">\n\t\t<h4 class=\"fl-heading\">\n\t\t<a\n\t\thref=\"tel:8447227567\"\n\t\ttitle=\"Llame a la l\u00ednea directa para empleados (844) 722-7567\"\n\t\ttarget=\"_self\"\n\t\t\t>\n\t\t<span class=\"fl-heading-text\">Llame a la l\u00ednea directa para empleados<br> (844) 722-7567<\/span>\n\t\t<\/a>\n\t<\/h4>\n\t<\/div>\n<\/div>\n<div class=\"fl-module fl-module-html fl-node-hw5loe1n0qbp employColumnBullets\" data-node=\"hw5loe1n0qbp\">\n\t<div class=\"fl-module-content fl-node-content\">\n\t\t<div class=\"fl-html\">\n\t<ul>\n  <li>\u00bfMe pueden despedir por presentar un caso contra mi empleador?<\/li>\n  <li>Si presento un reclamo, \u00bftendr\u00e9 problemas para conseguir otro trabajo?<\/li>\n  <li>\u00bfDebo presentar una solicitud ante la Comisi\u00f3n de Igualdad <br>de Oportunidades en el Empleo (EEOC, por sus siglas en ingl\u00e9s)<br> antes de consultar a un abogado?<\/li>\n  <li>\u00bfCu\u00e1nto vale mi caso?<\/li>\n  <li>\u00bfCu\u00e1nto tiempo tengo para presentar un reclamo?<\/li>\n  <li>\u00bfPor qu\u00e9 debo conseguir un abogado?<\/li>\n<\/ul><\/div>\n\t<\/div>\n<\/div>\n<\/div>\n<\/div>\n\t<\/div>\n\t\t<\/div>\n\t<\/div>\n<\/div>\n<\/div>\n\t<p>La carretera abierta. Promete libertad y atrae con el encanto de nuevos horizontes, y en Deltona, Florida, alberga una vasta red de veh\u00edculos, especialmente camiones. Aunque son engranajes esenciales en la m\u00e1quina del comercio, estos tit\u00e1nicos transportistas tambi\u00e9n conllevan un peligro oculto: la posibilidad de que se produzcan accidentes que alteren la vida. Para los desafortunados que se enfrentan a las consecuencias de una colisi\u00f3n con estos gigantes de la carretera, la perspectiva que les espera suele estar plagada de desaf\u00edos que van mucho m\u00e1s all\u00e1 del mero lugar del accidente. En este art\u00edculo, vamos a ahondar en el mundo de los accidentes de camiones en carreteras Interestatales en Deltona y c\u00f3mo La Firma de Abogados Leach A.P. est\u00e1 aqu\u00ed para guiar a las v\u00edctimas a trav\u00e9s de las complejidades resultantes.<\/p>\n<h2>Entender la gravedad de los accidentes con camiones<\/h2>\n<p>En las carreteras de la Florida, en particular en Deltona, transitan muchos camiones. Con un tr\u00e1fico tan pesado, los accidentes que involucran a estos veh\u00edculos enormes pueden tener consecuencias devastadoras. Si usted o un ser querido ha estado involucrado en un accidente automovil\u00edstico o en una carretera interestatal, no se trata s\u00f3lo de da\u00f1os al veh\u00edculo, sino de posibles lesiones a largo plazo, d\u00edas de trabajo perdidos, y un cambio en la calidad de vida.<\/p>\n<h2>Por qu\u00e9 los accidentes con camiones son diferentes<\/h2>\n<p>No todos los accidentes son iguales. Los accidentes con camiones y los accidentes en carreteras interestatales difieren de los accidentes automovil\u00edsticos comunes de muchas maneras. El gran tama\u00f1o y peso de los camiones hacen que las colisiones sean m\u00e1s graves. Adem\u00e1s, los camiones a menudo transportan mercanc\u00edas que pueden ser peligrosas en un accidente. Adem\u00e1s, la determinaci\u00f3n de la responsabilidad puede ser m\u00e1s compleja, con m\u00faltiples partes involucradas, tales como compa\u00f1\u00edas de camiones, conductores y fabricantes<\/p>\n<h2>Lidiar con las secuelas en Deltona, Florida<\/h2>\n<p>Despu\u00e9s de un accidente con un cami\u00f3n en Deltona, Florida las v\u00edctimas a menudo se enfrentan a un aluvi\u00f3n de preguntas. \u00bfQui\u00e9n tiene la culpa? \u00bfC\u00f3mo se cubrir\u00e1n las facturas m\u00e9dicas? \u00bfQu\u00e9 pasa con los salarios perdidos? En La Firma de Abogados Leach A.P., entendemos los desaf\u00edos posteriores al accidente. Nuestro objetivo es guiarle a trav\u00e9s del proceso, asegur\u00e1ndonos de que conoce sus derechos y est\u00e1 en v\u00edas recuperaci\u00f3n.<\/p>\n<h2>Las complejidades de las demandas por accidentes con un cami\u00f3n<\/h2>\n<p>Aunque cada accidente es \u00fanico, las demandas por accidentes con camiones a menudo implican investigaciones detalladas. Descifrar qui\u00e9n tiene la culpa puede ser desalentador, dadas las m\u00faltiples partes potencialmente responsables. Es crucial reunir pruebas, entender las regulaciones federales y estatales, y negociar con las grandes compa\u00f1\u00edas de camiones, tareas que se manejan mejor con apoyo profesional<\/p>\n<h2>Sus derechos como v\u00edctima de un accidente<\/h2>\n<p>Si es v\u00edctima de un accidente con un cami\u00f3n o en una carretera interestatal en Deltona, Florida, usted tiene derechos. Estos derechos incluyen una indemnizaci\u00f3n por gastos m\u00e9dicos, salarios perdidos, dolor y sufrimiento. Sin embargo, el camino para reclamar estos derechos no siempre es sencillo. Las limitaciones de tiempo, los requisitos de pruebas y las t\u00e1cticas de las compa\u00f1\u00edas de seguros pueden crear obst\u00e1culos, raz\u00f3n por la cual es beneficioso contar con un aliado bien informado.<\/p>\n<h2>Es importante actuar con rapidez<\/h2>\n<p>La puntualidad es fundamental cuando se trata de accidentes de camiones. Las pruebas pueden perderse, los recuerdos pueden desvanecerse y hay que considerar plazos de prescripci\u00f3n. Buscar asesor\u00eda legal inmediata garantiza que se preserven las pruebas vitales, que los testigos sean entrevistados con prontitud y que usted est\u00e9 bien posicionado para una demanda exitosa.<\/p>\n<h2>Sus defensores frente a accidentes con camiones<\/h2>\n<p>En la Firma de Abogados Leach, A.P. cuando nos conf\u00eda su caso de accidente con un cami\u00f3n, usted est\u00e1 recibiendo algo m\u00e1s que la representaci\u00f3n legal &#8211; est\u00e1 ganando aliados firmes dedicados a su causa. Comenzamos analizando meticulosamente la escena del accidente, reuniendo pruebas fundamentales y consultando con profesionales para reconstruir el incidente. Desde el enlace con las compa\u00f1\u00edas de seguros hasta asegurarnos de que usted obtenga la mejor evaluaci\u00f3n m\u00e9dica, nuestro compromiso es inquebrantable. Trabajamos concienzudamente para desentra\u00f1ar las complejidades, identificando a todas las partes potencialmente responsables, ya sea el conductor del cami\u00f3n, la empresa para la que trabaja o incluso el fabricante del veh\u00edculo. \u00bfNuestro objetivo? Garantizar que usted obtenga justicia y la indemnizaci\u00f3n necesaria para rehacer su vida y seguir adelante. Con nosotros a su lado, nunca estar\u00e1 solo durante todo este proceso.<\/p>\n<h2>P\u00f3ngase en contacto con un abogado especializado en accidentes con camiones en Deltona, Florida<\/h2>\n<p>En Firma de Abogados Leach A.P: hemos prestado nuestros servicios a l gente de Florida y Georgia desde 2004 en sus luchas contra casos de lesiones personales e indemnizaci\u00f3n de trabajadores. Estamos comprometidos a estar al lado de las v\u00edctimas de accidentes con camiones y accidentes en carreteras interestatales, asegur\u00e1ndonos que obtengan la justicia y la indemnizaci\u00f3n que leg\u00edtimamente merecen. Ll\u00e1menos a la Firma de Abogados Leach al 844-722-7567 o cont\u00e1ctenos en l\u00ednea para una evaluaci\u00f3n gratuita de su caso con un abogado especializado en accidentes con camiones en Deltona, Florida.<\/p>\n\t\t\t\t\t<a href=\"#\" id=\"fl-accordion--label-0\" tabindex=\"0\" aria-controls=\"fl-accordion--panel-0\">Preguntas frecuentes en Florida<\/a>\n\t\t\t\t\t\t\t\t\t\t\t<a href=\"#\" id=\"fl-accordion--icon-0\" tabindex=\"0\" aria-controls=\"fl-accordion--panel-0\"><i>Expand<\/i><\/a>\n\t\t\t\t\t<h2>\u00bfUna persona tiene que divulgar que est\u00e1 embarazada a su empleador en Florida?<\/h2>\n<p>Desde el punto de vista legal, una trabajadora no est\u00e1 obligada a comunicar su embarazo a su empleador o posible empleador a menos que solicite una adaptaci\u00f3n para ese embarazo o solicite una baja en virtud de la Ley de Baja Familiar y M\u00e9dica. En la pr\u00e1ctica, si en alg\u00fan momento no habla de su embarazo con su empleador, \u00e9ste puede preocuparse por su falta de franqueza.<\/p>\n<h2>\u00bfUn empleador en Florida tiene que pagarle a una empleada durante la licencia por embarazo?<\/h2>\n<p>La Ley federal sobre Discriminaci\u00f3n por Embarazo (PDA, por sus siglas en ingl\u00e9s) exige que los empleadores cubiertos brinden el mismo beneficio a las empleadas embarazadas que a los empleados que tienen discapacidades temporales. Si el empleador les paga a esas empleadas, entonces tambi\u00e9n tendr\u00edan que pagarles a las empleadas en licencia por embarazo. Sin embargo, esto es poco frecuente. Florida no tiene una ley que exija una licencia por embarazo, por lo que los resarcimientos s\u00f3lo est\u00e1n disponibles bajo la ley federal.<\/p>\n<h2>\u00bfLos hombres tienen derecho a la licencia por embarazo en Florida?<\/h2>\n<p>Seg\u00fan la Ley Federal de Licencia M\u00e9dica y Familiar (FMLA), un hombre podr\u00eda tomarse una licencia para cuidar a su c\u00f3nyuge que est\u00e9 \u00abincapacitada\u00bb por una incapacidad durante el embarazo, pero no podr\u00eda tomar una licencia durante el embarazo para s\u00ed mismo.\u00a0 Despu\u00e9s del nacimiento del hijo, los hombres cubiertos por la FMLA deber\u00edan poder tomar una licencia para cuidar a los Hijos. Adem\u00e1s, si un empleador ofrece licencia parental a las mujeres, los empleados varones tambi\u00e9n tienen derecho a las mismas opciones.<\/p>\n<h2>\u00bfCu\u00e1les son algunos ejemplos de discriminaci\u00f3n por embarazo?<\/h2>\n<p>A veces, un empleador declara abiertamente que niega una oportunidad bas\u00e1ndose en las expectativas del embarazo. Si un jefe dice que le habr\u00eda dado un ascenso si no fuera porque sab\u00eda que usted no querr\u00eda m\u00e1s responsabilidades por tener un beb\u00e9, es un ejemplo de discriminaci\u00f3n por embarazo.<\/p>\n<p>Cualquier acci\u00f3n que perjudique su puesto laboral puede constituir discriminaci\u00f3n si esa decisi\u00f3n se bas\u00f3 en su embarazo. Despedirla o reducir sus horas de trabajo bas\u00e1ndose en el supuesto de que no querr\u00e1 trabajar debido al embarazo o la crianza de sus hijos ser\u00edan otros ejemplos de discriminaci\u00f3n por embarazo. Gastarle bromas ofensivas ponerle apodos groseros por su estado de embarazo ser\u00edan ejemplos de acoso por embarazo, que es una forma de discriminaci\u00f3n ilegal.<\/p>\n<h2>\u00bfMi empleador en Florida puede despedirme si temporariamente no puedo hacer mi trabajo porque estoy embarazada?<\/h2>\n<p>Si su empleador est\u00e1 sujeto a requisitos federales, est\u00e1 obligado a proporcionarle tareas alternativas de \u00abtrabajos livianos\u00bb para empleadas embarazadas que no pueden realizar tareas laborales habituales si ofrecen adaptaciones similares a otros empleados con problemas de salud que les impiden realizar tareas habituales. En los casos en que no se desee o no sea posible realizar tareas livianas, el empleador que cumpla los requisitos federales debe conceder la licencia.<\/p>\n<h2>\u00bfMi empleador en Florida puede exigirme una nota m\u00e9dica antes de concederme la licencia de maternidad?<\/h2>\n<p>Si bien la FMLA no exige que un empleado le d\u00e9 acceso al empleador a sus registros m\u00e9dicos, el empleador puede pedir un certificado del estado de salud por el que el empleado solicita la licencia.<\/p>\n<h2>\u00bfEst\u00e1n los hombres protegidos de la discriminaci\u00f3n si se convierten en padres?<\/h2>\n<p>Actualmente, las leyes federales y de Florida no brindan protecci\u00f3n espec\u00edfica contra la discriminaci\u00f3n basada en la paternidad. Sin embargo, las disposiciones sobre discriminaci\u00f3n por motivos de g\u00e9nero exigen que los empleadores traten a los empleados con hijos de la misma manera que tratan a las empleadas con hijos. Por ejemplo, si un empleador concede a las empleadas tiempo libre para asistir a reuniones en la escuela de un hijo, el empleador tambi\u00e9n debe conceder tiempo libre a los empleados varones que asistan a reuniones escolares.<\/p>\n<h2>\u00bfEs ilegal en Florida que una mujer embarazada discrimine o acose a alguien con una afecci\u00f3n similar?<\/h2>\n<p>El embarazo no otorga a nadie un estatus especial. Las leyes est\u00e1n dise\u00f1adas para garantizar la igualdad de trato. Eso significa que las mujeres embarazadas que cometen actos de discriminaci\u00f3n ilegal por cualquier motivo (incluido el embarazo) siguen siendo responsables de esas infracciones.<\/p>\n<h2>\u00bfEs ilegal en Florida que alguien discrimine o acose a determinadas mujeres embarazadas, pero no a otras?<\/h2>\n<p>S\u00ed. Puede ser dif\u00edcil demostrar un patr\u00f3n de comportamiento discriminatorio si un empleador discrimina ilegalmente a algunas empleadas embarazadas, pero no a otras, pero de todos modos esa discriminaci\u00f3n sigue siendo ilegal.<\/p>\n<h2>\u00bfPuede un empleador en Florida discriminar a las mujeres solteras que quedan embarazadas?<\/h2>\n<p>El estado civil y el embarazo est\u00e1n protegidos por muchas leyes federales, y el estado civil tambi\u00e9n est\u00e1 protegido por la ley de Florida. Los empleadores que se rigen por esas leyes no pueden discriminar a una mujer por su estado civil o su embarazo, y discriminar a una mujer soltera embarazada violar\u00eda ambas disposiciones.<\/p>\n\t\t\t\t\t<a href=\"#\" id=\"fl-accordion--label-1\" tabindex=\"0\" aria-controls=\"fl-accordion--panel-1\">Preguntas frecuentes en Georgia<\/a>\n\t\t\t\t\t\t\t\t\t\t\t<a href=\"#\" id=\"fl-accordion--icon-1\" tabindex=\"0\" aria-controls=\"fl-accordion--panel-1\"><i>Expand<\/i><\/a>\n\t\t\t\t\t<h2>\u00bfUna persona tiene que revelar que est\u00e1 embarazada a su empleador en Georgia?<\/h2>\n<p>Legalmente, no tiene que revelar su embarazo a su empleador a menos que solicite una licencia seg\u00fan la Ley de Licencia M\u00e9dica y Familiar (FMLA, por sus siglas en ingl\u00e9s) o solicite adaptaciones especiales para su embarazo, como por ejemplo tareas livianas o descansos extras. Sin embargo, para mantener buenas relaciones con un empleador, muchas empleadas lo notifican a su empleador para elaborar un plan de futuro.<\/p>\n<h2>\u00bfUn empleador tiene que pagarle a una empleada durante la licencia por embarazo en Georgia?<\/h2>\n<p>Los empleados que trabajan para el gobierno del estado de Georgia son elegibles para tres semanas de licencia parental remunerada, pero esta licencia no est\u00e1 disponible hasta despu\u00e9s del nacimiento o la ubicaci\u00f3n del hijo. Si un empleador ofrece licencia remunerada por incapacidades de corto plazo, entonces la ley federal exige que ese empleador tambi\u00e9n proporcione el mismo beneficio a las empleadas que toman la licencia por embarazo. Sin embargo, en la mayor\u00eda de los casos, los empleados deben comprar y optar por una cobertura de seguro para recibir pagos durante la licencia por discapacidad.<\/p>\n<h2>\u00bfLos hombres tienen derecho a la licencia por embarazo en Georgia?<\/h2>\n<p>Los hombres que trabajan para empleadores cubiertos por la FMLA podr\u00edan optar por una licencia para cuidar de una c\u00f3nyuge que sufra una incapacidad debida al embarazo<\/p>\n<h2>\u00bfCu\u00e1les son algunos ejemplos de acoso por embarazo?<\/h2>\n<p>Hacer bromas inoportunas, colgar fotos ofensivas o insultar a alguien por su embarazo ser\u00edan ejemplos de acoso por embarazo. Sin embargo, el acoso es s\u00f3lo una forma de discriminaci\u00f3n ilegal. Cada vez que un empleador toma una medida adversa contra una empleada debido a su embarazo, esa medida podr\u00eda considerarse discriminaci\u00f3n ilegal. No ascender a una empleada o no ofrecerle formaci\u00f3n porque el empleador cree que la empleada estar\u00e1 demasiado centrada en el beb\u00e9 para desempe\u00f1arse bien ser\u00eda discriminaci\u00f3n ilegal. Despedir a una empleada o reducirle las horas de trabajo debido al embarazo o a las expectativas sobre el embarazo son tambi\u00e9n ejemplos demasiado comunes.<\/p>\n<h2>\u00bfMi empleador en Georgia puede despedirme si quedo temporalmente incapacitada para hacer mi trabajo por estar embarazada?<\/h2>\n<p>Se espera que los empleadores traten a las empleadas embarazadas como a las empleados con una incapacidad temporal. Si asignan a esos empleados tareas m\u00e1s livianas o si los excusan de realizar actividades que impliquen levantar objetos pesados, se espera que proporcionen las mismas condiciones las empleadas embarazadas.<\/p>\n<p>Si el empleador est\u00e1 obligado a cumplir las leyes federales de empleo, es posible que tenga que conceder una licencia a las empleadas que no puedan desempe\u00f1ar provisoriamente las tareas esenciales de su puesto debido al embarazo.<\/p>\n<h2>\u00bfPuede mi empleador exigirme que presente un certificado m\u00e9dico antes de concederme la licencia por maternidad en Georgia?<\/h2>\n<p>Si tiene previsto acogerse a la licencia familiar en virtud de la FMLA, su empleador puede pedirle a su proveedor de atenci\u00f3n de la salud una explicaci\u00f3n m\u00e9dica por escrito sobre la afecci\u00f3n que le exige ausentarse del trabajo.<\/p>\n<h2>\u00bfLos hombres est\u00e1n protegidos de la discriminaci\u00f3n si se convierten en padres?<\/h2>\n<p>Los legisladores de Atlanta han aprobado ordenanzas que brindan protecciones espec\u00edficas para las personas seg\u00fan su situaci\u00f3n familiar y parental. Si bien las disposiciones federales y estatales no protegen espec\u00edficamente la condici\u00f3n de ser padre, los empleados varones est\u00e1n protegidos por otras leyes de discriminaci\u00f3n en sus funciones como padres. Se espera que los empleadores traten a los empleados con hijos de la misma manera que tratan a las empleadas con hijos.<\/p>\n<h2>\u00bfEs ilegal en Georgia que una mujer embarazada discrimine o acose a alguien con una afecci\u00f3n m\u00e9dica similar?<\/h2>\n<p>S\u00ed. La discriminaci\u00f3n ilegal basada en una condici\u00f3n m\u00e9dica sigue siendo ilegal independientemente de qui\u00e9n la ejerza. Las mujeres embarazadas no tienen derecho a un trato especial; simplemente tienen derecho a igualdad de oportunidades.<\/p>\n<h2>\u00bfEs ilegal en Georgia que alguien discrimine o acose a ciertas mujeres embarazadas, pero no a otras?<\/h2>\n<p>Si el acoso se basa en el embarazo u otro factor legalmente protegido, es ilegal incluso si es aleatorio. Sin embargo, cuando un empleador discrimina a algunas mujeres embarazadas, pero no a otras, resulta dif\u00edcil demostrar que han seguido un modelo de discriminaci\u00f3n.<\/p>\n<h2>\u00bfPuede un empleador en Georgia discriminar a las mujeres solteras que quedan embarazadas?<\/h2>\n<p>Atlanta tiene ordenanzas que proh\u00edben espec\u00edficamente la discriminaci\u00f3n por motivos de estado civil. Este estatuto puede aplicarse a algunos empleadores m\u00e1s peque\u00f1os que no est\u00e1n cubiertos por las leyes federales. Aunque las leyes federales no hacen referencia a la discriminaci\u00f3n por el estado civil, las interpretaciones de las leyes federales proh\u00edben expresamente la discriminaci\u00f3n basada en el estado civil. Dado que la discriminaci\u00f3n por embarazo tambi\u00e9n est\u00e1 prohibida, se da por sentado que un empleador en Georgia no debe discriminar a las mujeres solteras que est\u00e1n embarazadas.<\/p>\n\n","protected":false},"excerpt":{"rendered":"<p>Abogado Experto en Accidentes de Camiones en Carreteras Interestatales en Deltona, Florida La carretera abierta. Promete libertad y atrae con el encanto de nuevos horizontes, y en Deltona, Florida, alberga una vasta red de veh\u00edculos, especialmente camiones. Aunque son engranajes esenciales en la m\u00e1quina del comercio, estos tit\u00e1nicos transportistas tambi\u00e9n conllevan un peligro oculto: la&hellip;<\/p>\n","protected":false},"author":11,"featured_media":0,"parent":0,"menu_order":0,"comment_status":"closed","ping_status":"closed","template":"","meta":{"inline_featured_image":false,"footnotes":""},"class_list":["post-2690","page","type-page","status-publish","hentry"],"_links":{"self":[{"href":"https:\/\/theleachfirm.com\/es\/wp-json\/wp\/v2\/pages\/2690","targetHints":{"allow":["GET"]}}],"collection":[{"href":"https:\/\/theleachfirm.com\/es\/wp-json\/wp\/v2\/pages"}],"about":[{"href":"https:\/\/theleachfirm.com\/es\/wp-json\/wp\/v2\/types\/page"}],"author":[{"embeddable":true,"href":"https:\/\/theleachfirm.com\/es\/wp-json\/wp\/v2\/users\/11"}],"replies":[{"embeddable":true,"href":"https:\/\/theleachfirm.com\/es\/wp-json\/wp\/v2\/comments?post=2690"}],"version-history":[{"count":0,"href":"https:\/\/theleachfirm.com\/es\/wp-json\/wp\/v2\/pages\/2690\/revisions"}],"wp:attachment":[{"href":"https:\/\/theleachfirm.com\/es\/wp-json\/wp\/v2\/media?parent=2690"}],"curies":[{"name":"wp","href":"https:\/\/api.w.org\/{rel}","templated":true}]}}