{"id":2681,"date":"2023-09-29T03:13:25","date_gmt":"2023-09-29T07:13:25","guid":{"rendered":"https:\/\/theleachfirm.com\/?page_id=2681"},"modified":"2023-09-29T03:13:25","modified_gmt":"2023-09-29T07:13:25","slug":"abogado-especialistas-en-accidentes-de-peatones-en-deltona-florida","status":"publish","type":"page","link":"https:\/\/theleachfirm.com\/es\/abogado-especialistas-en-accidentes-de-peatones-en-deltona-florida\/","title":{"rendered":"Abogado Especialistas en accidentes de peatones en Deltona, Florida"},"content":{"rendered":"<p>Usted est\u00e1 cruzando la calle, siguiendo las normas, utilizando el paso de peatones, y de pronto-\u00a1pum! En un instante, su vida cambia dram\u00e1ticamente. Nadie planea un accidente de peat\u00f3n, sin embargo, las secuelas pueden sentirse como un laberinto interminable de facturas m\u00e9dicas, formularios de seguros y noches sin dormir pregunt\u00e1ndose c\u00f3mo volver a encarrilar su vida.<\/p>\n<p>Los accidentes ocurren, pero cuando suceden, no deber\u00eda tener que pasar por ello solo. Si usted es un peat\u00f3n herido en un accidente en Deltona, Florida, puede ser una experiencia que altere la vida. M\u00e1s all\u00e1 de las lesiones f\u00edsicas, a menudo hay un trauma emocional y una carga financiera. Tener un abogado de confianza en accidentes de peatones a su lado puede hacer toda la diferencia en la forma en que se recupere, f\u00edsica y financieramente. En la Firma de Abogados Leach, AP, estamos aqu\u00ed para ayudarle en cada paso del camino, asegur\u00e1ndonos de que su camino hacia la recuperaci\u00f3n sea lo m\u00e1s tranquilo posible.<\/p>\n<h2>Comprender la culpa comparativa modificada y el estatuto de limitaciones de Florida<\/h2>\n<p>Las leyes de lesiones personales de Florida son \u00fanicas y pueden ser bastante complejas. Es importante tener en cuenta que Florida es un estado de culpa comparativa modificada, lo que significa que su nivel de culpa puede afectar la indemnizaci\u00f3n que puede recibir. Adem\u00e1s, el estado tiene un estricto estatuto de limitaciones para los accidentes de peatones: solo dos a\u00f1os. Pasar por alto esta fecha podr\u00eda significar la p\u00e9rdida de su derecho a una indemnizaci\u00f3n. Estamos aqu\u00ed para asegurarle que usted tome las medidas oportunas y adecuadas para proteger sus derechos.<\/p>\n<h2>Recopilar pruebas para apoyar su demanda<\/h2>\n<p>El primer paso en cualquier caso de lesiones personales es la recopilaci\u00f3n de pruebas. Desde informes policiales hasta relatos de testigos presenciales e historiales m\u00e9dicos, todas esta informaci\u00f3n pueden ser vital para construir un caso s\u00f3lido. Sin embargo, recopilar estas pruebas no es tan sencillo como parece, especialmente cuando se est\u00e1 recuperando de un accidente. Deje que nos encarguemos de esta parte. Reuniremos toda la informaci\u00f3n necesaria para presentar un caso s\u00f3lido en su nombre.<\/p>\n<h2>Tratar con las compa\u00f1\u00edas de seguros en Florida<\/h2>\n<p>Las compa\u00f1\u00edas de seguros pueden ser dif\u00edciles de manejar. Si bien pueden parecer amables y preocupadas, su objetivo principal es a menudo reducir al m\u00ednimo los pagos. Conocemos sus t\u00e1cticas y sabemos c\u00f3mo contrarrestarlas eficazmente. Sin la ayuda de un abogado experto en accidentes de peatones, usted podr\u00eda terminar conform\u00e1ndose con mucho menos de lo que se merece. Estamos comprometidos a asegurar que eso no suceda.<\/p>\n<h2>El costo financiero de un accidente de peatones<\/h2>\n<p>Estar involucrado en un accidente de peatones no s\u00f3lo es emocionalmente agotador; Tambi\u00e9n puede suponer una importante tensi\u00f3n financiera para usted y su familia. Las facturas m\u00e9dicas pueden acumularse r\u00e1pidamente y, si no puede trabajar, se vuelve a\u00fan m\u00e1s desafiante. Estamos aqu\u00ed para asegurarnos de que obtenga una indemnizaci\u00f3n justa por sus lesiones, salarios perdidos y cualquier otro costo relacionado. Nuestro objetivo principal es aliviar su carga financiera tanto como sea posible.<\/p>\n<h2>\u00bfPor qu\u00e9 elegir la Firma de Abogados Leach, AP en Florida?<\/h2>\n<p>Seleccionar al abogado adecuado para su caso de accidente de peatones es una decisi\u00f3n fundamental que puede influir en gran medida en el resultado. En la Firma de Abogados Leach, AP, aportamos a\u00f1os de experiencia y dedicaci\u00f3n con m\u00e1s de 100 a\u00f1os de experiencia combinada. Nuestro historial en casos de lesiones personales, incluidos accidentes de peatones, habla por s\u00ed solo. Creemos que cada cliente merece una representaci\u00f3n legal de alta calidad y estamos comprometidos a ayudarle a recibir el tratamiento y la indemnizaci\u00f3n que se merece. Con nosotros a su lado, podr\u00e1 sentirse seguro.<\/p>\n<h2>P\u00f3ngase en contacto con un abogado especializado en accidentes de peatones en Deltona, Florida<\/h2>\n<p>No tiene que pasar por esto solo si usted o un ser querido ha estado involucrado en un accidente peatonal en Deltona, Florida. Ll\u00e1menos a Firma de Abogados Leach al <a href=\"tel:844-722-7567\">844-722-7567<\/a> o cont\u00e1ctenos en l\u00ednea para obtener una evaluaci\u00f3n gratuita de su caso con un abogado experto en accidentes de peatones en Florida.<\/p>\n","protected":false},"excerpt":{"rendered":"<p>Usted est\u00e1 cruzando la calle, siguiendo las normas, utilizando el paso de peatones, y de pronto-\u00a1pum! En un instante, su vida cambia dram\u00e1ticamente. Nadie planea un accidente de peat\u00f3n, sin embargo, las secuelas pueden sentirse como un laberinto interminable de facturas m\u00e9dicas, formularios de seguros y noches sin dormir pregunt\u00e1ndose c\u00f3mo volver a encarrilar su&hellip;<\/p>\n","protected":false},"author":8,"featured_media":0,"parent":0,"menu_order":0,"comment_status":"closed","ping_status":"closed","template":"","meta":{"inline_featured_image":false,"footnotes":""},"class_list":["post-2681","page","type-page","status-publish","hentry"],"_links":{"self":[{"href":"https:\/\/theleachfirm.com\/es\/wp-json\/wp\/v2\/pages\/2681","targetHints":{"allow":["GET"]}}],"collection":[{"href":"https:\/\/theleachfirm.com\/es\/wp-json\/wp\/v2\/pages"}],"about":[{"href":"https:\/\/theleachfirm.com\/es\/wp-json\/wp\/v2\/types\/page"}],"author":[{"embeddable":true,"href":"https:\/\/theleachfirm.com\/es\/wp-json\/wp\/v2\/users\/8"}],"replies":[{"embeddable":true,"href":"https:\/\/theleachfirm.com\/es\/wp-json\/wp\/v2\/comments?post=2681"}],"version-history":[{"count":0,"href":"https:\/\/theleachfirm.com\/es\/wp-json\/wp\/v2\/pages\/2681\/revisions"}],"wp:attachment":[{"href":"https:\/\/theleachfirm.com\/es\/wp-json\/wp\/v2\/media?parent=2681"}],"curies":[{"name":"wp","href":"https:\/\/api.w.org\/{rel}","templated":true}]}}