{"id":2678,"date":"2023-09-29T03:11:00","date_gmt":"2023-09-29T07:11:00","guid":{"rendered":"https:\/\/theleachfirm.com\/?page_id=2678"},"modified":"2023-09-29T03:11:00","modified_gmt":"2023-09-29T07:11:00","slug":"abogado-de-accidentes-automovilisticos-en-deltona-florida","status":"publish","type":"page","link":"https:\/\/theleachfirm.com\/es\/abogado-de-accidentes-automovilisticos-en-deltona-florida\/","title":{"rendered":"Abogado de accidentes automovil\u00edsticos en Deltona, Florida"},"content":{"rendered":"<p>Imag\u00ednese una tarde soleada en Deltona, con palmeras meci\u00e9ndose suavemente con la brisa de Florida y la ciudad llena de actividad. Si bien pinta un panorama sereno, las carreteras de Deltona, como muchos espacios urbanos, tienen sus historias de precauci\u00f3n. Mientras viaja por las calles de nuestra vibrante ciudad, comprender las complejidades de los accidentes automovil\u00edsticos se vuelve crucial para la seguridad y tranquilidad de todos los conductores. Profundicemos en lo que necesita saber.<\/p>\n<h2>Comprender los riesgos en las carreteras de Deltona<\/h2>\n<p>Las carreteras de Deltona, como en todas partes de Florida, pueden estar repletas de veh\u00edculos, peatones y ciclistas. Desgraciadamente con tanto movimiento, los accidentes son algo com\u00fan. Las razones van desde conducir distra\u00eddo y el exceso de velocidad hasta las malas condiciones de las carreteras y el mal tiempo. Estar informado sobre estos riesgos puede ayudarle a mantenerse alerta y seguro.<\/p>\n<h2>Pasos por seguir despu\u00e9s de un accidente<\/h2>\n<p>Si alguna vez sufre un accidente en Deltona, lo primero es garantizar la seguridad de todos. Llame a los servicios de emergencia si es necesario y, si es posible, intente sacar los veh\u00edculos del flujo de tr\u00e1nsito. Obtenga siempre los datos de contacto de todos los involucrados, incluidos los testigos, y tome fotograf\u00edas de la escena. Esta evidencia ser\u00e1 invaluable m\u00e1s adelante.<\/p>\n<h2>La importancia de los chequeos m\u00e9dicos inmediatos<\/h2>\n<p>Incluso si se siente bien despu\u00e9s de un accidente, h\u00e1gase siempre un chequeo m\u00e9dico. Algunas lesiones no se manifiestan de inmediato y es posible que solo se hagan evidentes despu\u00e9s de unos d\u00edas o semanas. Tener un historial m\u00e9dico poco despu\u00e9s del accidente puede reforzar significativamente cualquier demanda que pueda necesitar presentar m\u00e1s adelantel.<\/p>\n<h2>Trabajar con compa\u00f1\u00edas de seguros en Florida<\/h2>\n<p>Si bien es esencial informar a su compa\u00f1\u00eda de seguros despu\u00e9s de un accidente, recuerde que su objetivo es minimizar sus pagos. En Florida, es fundamental comprender sus derechos y no conformarse con una oferta que no cubra todos sus gastos y da\u00f1os. Hablar con un abogado experimentado puede aportar claridad en tales situaciones.<\/p>\n<h2>Saber cu\u00e1ndo buscar asesoramiento legal<\/h2>\n<p>Si bien todos los accidentes de autom\u00f3viles son una experiencia traum\u00e1tica, no siempre requieren la intervenci\u00f3n de un abogado. Sin embargo, algunas circunstancias y se\u00f1ales espec\u00edficas deber\u00edan inducirle a consultar con un abogado:<\/p>\n<ol>\n<li style=\"font-weight: 400;\" aria-level=\"1\">Disputas sobre la culpa: en muchos accidentes, determinar qui\u00e9n tuvo la culpa no est\u00e1 claro. Si la otra parte niega su responsabilidad o si su compa\u00f1\u00eda de seguros cuestiona la narrativa, es beneficioso tener un representante legal que pueda reunir y presentar pruebas en su nombre.<\/li>\n<li style=\"font-weight: 400;\" aria-level=\"1\">Complicaciones con los seguros: las compa\u00f1\u00edas de seguros, si bien son vitales, tambi\u00e9n son empresas que buscan proteger sus resultados. Es posible que infravaloren su reclamo, retrasen los pagos o incluso, en algunos casos rechacen las demandas. Si cree que no est\u00e1 recibiendo el trato justo que merece, un abogado puede negociar en su nombre, garantizando que sus derechos est\u00e9n protegidos.<\/li>\n<li style=\"font-weight: 400;\" aria-level=\"1\">Lesiones graves o incapacidades permanentes: los accidentes que resultan en lesiones importantes o incapacidades permanentes a menudo implican costos a largo plazo, incluidas facturas por servicios m\u00e9dicos,, rehabilitaci\u00f3n y salarios perdidos. Es crucial asegurarse de obtener un monto en calidad de indemnizaci\u00f3n que realmente refleje el impacto a largo plazo en su vida. Un abogado puede ofrecerle una visi\u00f3n m\u00e1s clara de todos los costes potenciales y ayudarle a garantizar una indemnizaci\u00f3n adecuada.<\/li>\n<li style=\"font-weight: 400;\" aria-level=\"1\">T\u00e9rminos y tr\u00e1mites poco claros: Las secuelas de un accidente pueden ser abrumadoras. Hay una pl\u00e9tora de papeleo de las compa\u00f1\u00edas de seguros, proveedores de servicios m\u00e9dicos, y la aplicaci\u00f3n de la ley. Si usted no est\u00e1 seguro acerca de los t\u00e9rminos, cl\u00e1usulas, o con lo que est\u00e1 potencialmente de acuerdo, es aconsejable que un experto em asuntos legales revise todo.<\/li>\n<li style=\"font-weight: 400;\" aria-level=\"1\">Tranquilidad: M\u00e1s all\u00e1 de los beneficios tangibles, tener un abogado a su lado le da tranquilidad. Saber que alguien con conocimientos est\u00e1 manejando las complejidades del sistema legal en su nombre puede reducir el estr\u00e9s y permitirle concentrarse en la recuperaci\u00f3n.<\/li>\n<\/ol>\n<p>En esencia, si bien los accidentes menores con culpa aparente y las demandas directas al seguro pueden no necesitar la intervenci\u00f3n legal, muchos otras situaciones se benefician inmensamente del conocimiento legal. Recuerde, se trata de garantizar la protecci\u00f3n de sus derechos, y que no tenga que soportar cargas indebidas debido a un accidente.<\/p>\n<h2>Su aliado en casos de accidentes automovil\u00edsticos<\/h2>\n<p>En la Firma de Abogados Leach AP, hemos atendido a la gente de Florida y Georgia desde 2004 en casos de lesiones personales. Nos esforzamos por garantizar que nuestros clientes obtengan la mejor representaci\u00f3n posible. Ll\u00e1menos a la Firma de Abogados Leach al <a href=\"tel:844-722-7567\">844-722-7567<\/a> o p\u00f3ngase en contacto con nosotros en l\u00ednea para obtener una evaluaci\u00f3n gratuita de su caso con un abogado especialista en accidentes automovil\u00edsticos en Deltona, Florida.<\/p>\n","protected":false},"excerpt":{"rendered":"<p>Imag\u00ednese una tarde soleada en Deltona, con palmeras meci\u00e9ndose suavemente con la brisa de Florida y la ciudad llena de actividad. Si bien pinta un panorama sereno, las carreteras de Deltona, como muchos espacios urbanos, tienen sus historias de precauci\u00f3n. Mientras viaja por las calles de nuestra vibrante ciudad, comprender las complejidades de los accidentes&hellip;<\/p>\n","protected":false},"author":8,"featured_media":0,"parent":0,"menu_order":0,"comment_status":"closed","ping_status":"closed","template":"","meta":{"inline_featured_image":false,"footnotes":""},"class_list":["post-2678","page","type-page","status-publish","hentry"],"_links":{"self":[{"href":"https:\/\/theleachfirm.com\/es\/wp-json\/wp\/v2\/pages\/2678","targetHints":{"allow":["GET"]}}],"collection":[{"href":"https:\/\/theleachfirm.com\/es\/wp-json\/wp\/v2\/pages"}],"about":[{"href":"https:\/\/theleachfirm.com\/es\/wp-json\/wp\/v2\/types\/page"}],"author":[{"embeddable":true,"href":"https:\/\/theleachfirm.com\/es\/wp-json\/wp\/v2\/users\/8"}],"replies":[{"embeddable":true,"href":"https:\/\/theleachfirm.com\/es\/wp-json\/wp\/v2\/comments?post=2678"}],"version-history":[{"count":0,"href":"https:\/\/theleachfirm.com\/es\/wp-json\/wp\/v2\/pages\/2678\/revisions"}],"wp:attachment":[{"href":"https:\/\/theleachfirm.com\/es\/wp-json\/wp\/v2\/media?parent=2678"}],"curies":[{"name":"wp","href":"https:\/\/api.w.org\/{rel}","templated":true}]}}