{"id":2675,"date":"2023-09-29T03:08:13","date_gmt":"2023-09-29T07:08:13","guid":{"rendered":"https:\/\/theleachfirm.com\/?page_id=2675"},"modified":"2023-09-29T03:08:13","modified_gmt":"2023-09-29T07:08:13","slug":"abogado-especialista-en-accidentes-por-resbalones-y-caidas-en-deltona-florida","status":"publish","type":"page","link":"https:\/\/theleachfirm.com\/es\/abogado-especialista-en-accidentes-por-resbalones-y-caidas-en-deltona-florida\/","title":{"rendered":"Abogado especialista en accidentes por resbalones y ca\u00eddas en Deltona, Florida"},"content":{"rendered":"<p>Todos hemos pasado por eso: caminando, ocup\u00e1ndonos de nuestros propios asuntos, y luego, de la nada, nos encontramos en el suelo, mirando al cielo o al techo y pregunt\u00e1ndonos: \u00ab\u00bfC\u00f3mo termin\u00e9 aqu\u00ed?\u00bb Un resbal\u00f3n y una ca\u00edda pueden ocurrir en un abrir y cerrar de ojos, pero sus efectos pueden durar toda la vida. No se trata de \u00abmomentos de torpeza\u00bb, sino de sucesos que pueden cambiar la vida, con dolores persistentes, facturas m\u00e9dicas e incluso p\u00e9rdida del trabajo. Si todo esto le resulta familiar, siga leyendo. Estamos aqu\u00ed para guiarle a trav\u00e9s de qu\u00e9 hacer a continuaci\u00f3n y c\u00f3mo asegurarse de que no est\u00e1 llevando la carga de la negligencia de otra persona.<\/p>\n<h2>Por qu\u00e9 los accidentes por resbalones y ca\u00eddas no deben tomarse a la ligera en Florida<\/h2>\n<p>Los resbalones y ca\u00eddas pueden parecer incidentes menores, pero pueden provocar lesiones graves y complicaciones a largo plazo. Huesos rotos, lesiones de la columna e incluso lesiones cerebrales traum\u00e1ticas pueden resultar de lo que inicialmente parece ser un simple desliz. Si bien es posible que desee ignorarlo y seguir adelante, es fundamental comprender que si su resbal\u00f3n y ca\u00edda se debi\u00f3 a la negligencia de otra persona, podr\u00eda tener derecho a una indemnizaci\u00f3n.<\/p>\n<h2>Identificar la causa es la mitad de la batalla<\/h2>\n<p>En Deltona, Florida, las causas m\u00e1s comunes de accidentes por resbalones y ca\u00eddas incluyen pisos mojados, superficies irregulares, e iluminaci\u00f3n inadecuada. Es posible que sus pensamientos inmediatos no giren en torno a un recurso legal en una situaci\u00f3n tan desafortunada. Pero una vez pasado el shock inicial, es esencial identificar la causa. \u00bfHab\u00eda una se\u00f1al de \u00absuelo mojado\u00bb? \u00bfHab\u00eda caminos rotos o agrietados? Conocer la causa ayudar\u00e1 a establecer qui\u00e9n es el responsable del accidente.<\/p>\n<h2>Recopilaci\u00f3n de pruebas en casos de resbalones y ca\u00eddas en Florida<\/h2>\n<p>Si bien es esencial buscar atenci\u00f3n m\u00e9dica primero, reunir pruebas tambi\u00e9n es crucial. Las fotos, los videos e incluso las declaraciones de los testigos pueden marcar una diferencia sustancial al presentar una demanda por su accidente de resbal\u00f3n y ca\u00edda en Deltona, Florida. Es como armar un rompecabezas y cuanto m\u00e1s completo est\u00e9, m\u00e1s s\u00f3lido ser\u00e1 su caso. Le recomendamos que documente todo cuidadosamente para construir un caso convincente.<\/p>\n<h2>El tiempo es esencial<\/h2>\n<p>El estatuto de limitaciones de Florida para accidentes de resbalones y ca\u00eddas es de s\u00f3lo dos a\u00f1os a partir de la fecha del incidente. Esta franja de tiempo tan limitada significa que no puede permitirse esperar si ha resultado lesionado por la negligencia de otra persona. Reunir pruebas, consultar con profesionales y negociar con las compa\u00f1\u00edas de seguros lleva tiempo. Cuanto antes inicie el proceso legal, mayores ser\u00e1n sus posibilidades de construir un caso s\u00f3lido. No pierda la oportunidad de buscar justicia; el tiempo es realmente esencial.<\/p>\n<h2>Culpa Comparativa Modificada en Florida<\/h2>\n<p>En Florida, el concepto de culpa comparativa modificada se aplica a los casos de resbalones y ca\u00eddas. Esto significa que, si se determina que usted es parcialmente responsable de su accidente, su indemnizaci\u00f3n podr\u00eda reducirse proporcionalmente. Por ejemplo, si se determina que usted tiene un 20 % de culpa, cualquier indemnizaci\u00f3n que se le otorgue se reducir\u00e1 en un 20 %. En la Firma de abogados Leach, AP, nuestro objetivo es establecer claramente la negligencia de la otra parte y reducir al m\u00ednimo cualquier culpa que se le atribuya. Este enfoque ayuda a aprovechar al m\u00e1ximo la indemnizaci\u00f3n la indemnizaci\u00f3n que tiene derecho a recibir.<\/p>\n<h2>Las compa\u00f1\u00edas de seguros no siempre est\u00e1n de su lado<\/h2>\n<p>Esta es la amarga verdad: las compa\u00f1\u00edas de seguros est\u00e1n en el negocio de hacer dinero. Si bien pueden actuar preocupados y comprensivos, su objetivo principal suele ser minimizar el pago. Tener representaci\u00f3n legal puede establecer condiciones de igualdad, asegurando que sus intereses est\u00e9n representados y que obtenga la indemnizaci\u00f3n justa que se merece.<\/p>\n<h2>Por qu\u00e9 elegir Firma de abogados Leach, AP en Deltona, Florida<\/h2>\n<p>En la Firma de abogados Leach, AP, no nos dedicamos solo a la representaci\u00f3n legal; Nuestro objetivo es brindarle un sistema de apoyo durante uno de los momentos m\u00e1s dif\u00edciles de su vida. Con m\u00e1s de 100 a\u00f1os de experiencia combinada, hemos estado en primera l\u00ednea en Florida y Georgia, defendiendo los derechos de personas como usted. Hemos luchado con u\u00f1as y dientes en varios casos, ya sea discriminaci\u00f3n en el lugar de trabajo, lesiones personales o indemnizaci\u00f3n trabajadores. Lo que nos diferencia es nuestro compromiso inquebrantable con la justicia y la equidad.<\/p>\n<p>En primer lugar, no dejamos piedra sin remover cuando se trata de reunir pruebas para su caso. Desde el momento en que entra por nuestra puerta, comenzamos a sentar las bases. Nos pondremos en contacto con testigos, analizaremos cualquier grabaci\u00f3n de seguridad disponible y consultaremos con expertos para establecer la negligencia y construir un caso s\u00f3lido como una roca en su nombre.<\/p>\n<p>En segundo lugar, nuestro equipo se asegura de que usted no sea un n\u00famero de caso m\u00e1s. Creemos en la atenci\u00f3n jur\u00eddica personalizada. Nos tomamos el tiempo para comprender sus circunstancias \u00fanicas, en que forma el accidente afect\u00f3 su vida y qu\u00e9 necesita para un resultado exitoso. Este enfoque nos permite adaptar nuestras estrategias legales a sus necesidades espec\u00edficas, aumentando la probabilidad de una resoluci\u00f3n favorable.<\/p>\n<p>Por \u00faltimo, nuestro compromiso es conseguirle la indemnizaci\u00f3n que se merece, desde cubrir los gastos m\u00e9dicos hasta contabilizar los salarios perdidos y el sufrimiento emocional. Con nosotros de su lado, usted no est\u00e1 pasando por esto solo.<\/p>\n<h2>Vuelva a encarrilar su vida con la Firma de abogados Leach, AP<\/h2>\n<p>Si est\u00e1 luchando despu\u00e9s de un accidente por resbal\u00f3n y ca\u00edda en Deltona, Florida, estamos aqu\u00ed para ayudarlo a recuperarse y volver a encarrilar su vida. P\u00f3ngase en contacto con nosotros en Firma de abogados Leach al 844-722-7567 o p\u00f3ngase en contacto con nosotros en l\u00ednea para una evaluaci\u00f3n gratuita de su caso.<\/p>\n","protected":false},"excerpt":{"rendered":"<p>Todos hemos pasado por eso: caminando, ocup\u00e1ndonos de nuestros propios asuntos, y luego, de la nada, nos encontramos en el suelo, mirando al cielo o al techo y pregunt\u00e1ndonos: \u00ab\u00bfC\u00f3mo termin\u00e9 aqu\u00ed?\u00bb Un resbal\u00f3n y una ca\u00edda pueden ocurrir en un abrir y cerrar de ojos, pero sus efectos pueden durar toda la vida. No&hellip;<\/p>\n","protected":false},"author":8,"featured_media":0,"parent":0,"menu_order":0,"comment_status":"closed","ping_status":"closed","template":"","meta":{"inline_featured_image":false,"footnotes":""},"class_list":["post-2675","page","type-page","status-publish","hentry"],"_links":{"self":[{"href":"https:\/\/theleachfirm.com\/es\/wp-json\/wp\/v2\/pages\/2675","targetHints":{"allow":["GET"]}}],"collection":[{"href":"https:\/\/theleachfirm.com\/es\/wp-json\/wp\/v2\/pages"}],"about":[{"href":"https:\/\/theleachfirm.com\/es\/wp-json\/wp\/v2\/types\/page"}],"author":[{"embeddable":true,"href":"https:\/\/theleachfirm.com\/es\/wp-json\/wp\/v2\/users\/8"}],"replies":[{"embeddable":true,"href":"https:\/\/theleachfirm.com\/es\/wp-json\/wp\/v2\/comments?post=2675"}],"version-history":[{"count":0,"href":"https:\/\/theleachfirm.com\/es\/wp-json\/wp\/v2\/pages\/2675\/revisions"}],"wp:attachment":[{"href":"https:\/\/theleachfirm.com\/es\/wp-json\/wp\/v2\/media?parent=2675"}],"curies":[{"name":"wp","href":"https:\/\/api.w.org\/{rel}","templated":true}]}}