{"id":2570,"date":"2022-06-17T03:39:13","date_gmt":"2022-06-17T07:39:13","guid":{"rendered":"https:\/\/theleachfirm.com\/severance-agreement-lawyer\/"},"modified":"2023-07-24T04:41:21","modified_gmt":"2023-07-24T08:41:21","slug":"acuerdos-de-indemnizacion-por-despido","status":"publish","type":"page","link":"https:\/\/theleachfirm.com\/es\/acuerdos-de-indemnizacion-por-despido\/","title":{"rendered":"Abogado experto en acuerdos de indemnizaci\u00f3n por despido en Florida y Georgia"},"content":{"rendered":"\n<h1>\n\t\tAbogado experto en acuerdos de indemnizaci\u00f3n por despido en Florida y Georgia\n\t<\/h1>\n\t<div class=\"fl-builder-content fl-builder-content-2140 fl-builder-template fl-builder-row-template fl-builder-global-templates-locked\" data-post-id=\"2140\"><div class=\"fl-row fl-row-fixed-width fl-row-bg-color fl-node-3ch2ay0i9n7k fl-row-default-height fl-row-align-center page-top-banner\" data-node=\"3ch2ay0i9n7k\">\n\t<div class=\"fl-row-content-wrap\">\n\t\t\t\t\t\t<div class=\"fl-row-content fl-row-fixed-width fl-node-content\">\n\t\t\n<div class=\"fl-col-group fl-node-1ew4tp3k5oi6\" data-node=\"1ew4tp3k5oi6\">\n\t\t\t<div class=\"fl-col fl-node-5mxd3hik7t20 fl-col-bg-color employColumnParent\" data-node=\"5mxd3hik7t20\">\n\t<div class=\"fl-col-content fl-node-content\"><div class=\"fl-module fl-module-heading fl-node-e8xwrdmzbco6\" data-node=\"e8xwrdmzbco6\">\n\t<div class=\"fl-module-content fl-node-content\">\n\t\t<h5 class=\"fl-heading\">\n\t\t<span class=\"fl-heading-text\">\u00bfQuiere hablar con un Abogado Laboralista?<\/span>\n\t<\/h5>\n\t<\/div>\n<\/div>\n<div class=\"fl-module fl-module-heading fl-node-8q4xpla57rbn\" data-node=\"8q4xpla57rbn\">\n\t<div class=\"fl-module-content fl-node-content\">\n\t\t<h4 class=\"fl-heading\">\n\t\t<a\n\t\thref=\"tel:8447227567\"\n\t\ttitle=\"Llame a la l\u00ednea directa para empleados (844) 722-7567\"\n\t\ttarget=\"_self\"\n\t\t\t>\n\t\t<span class=\"fl-heading-text\">Llame a la l\u00ednea directa para empleados<br> (844) 722-7567<\/span>\n\t\t<\/a>\n\t<\/h4>\n\t<\/div>\n<\/div>\n<div class=\"fl-module fl-module-html fl-node-hw5loe1n0qbp employColumnBullets\" data-node=\"hw5loe1n0qbp\">\n\t<div class=\"fl-module-content fl-node-content\">\n\t\t<div class=\"fl-html\">\n\t<ul>\n  <li>\u00bfMe pueden despedir por presentar un caso contra mi empleador?<\/li>\n  <li>Si presento un reclamo, \u00bftendr\u00e9 problemas para conseguir otro trabajo?<\/li>\n  <li>\u00bfDebo presentar una solicitud ante la Comisi\u00f3n de Igualdad <br>de Oportunidades en el Empleo (EEOC, por sus siglas en ingl\u00e9s)<br> antes de consultar a un abogado?<\/li>\n  <li>\u00bfCu\u00e1nto vale mi caso?<\/li>\n  <li>\u00bfCu\u00e1nto tiempo tengo para presentar un reclamo?<\/li>\n  <li>\u00bfPor qu\u00e9 debo conseguir un abogado?<\/li>\n<\/ul><\/div>\n\t<\/div>\n<\/div>\n<\/div>\n<\/div>\n\t<\/div>\n\t\t<\/div>\n\t<\/div>\n<\/div>\n<\/div>\n\t<p>Un acuerdo de indemnizaci\u00f3n es un tipo de contrato que un empleador puede ofrecer a un empleado despedido. A menudo, dicho acuerdo otorga al empleado una suma global en concepto de indemnizaci\u00f3n y otros beneficios, mientras que el empleado se compromete a renunciar a cualquier demanda legal contra el empleador.<\/p>\n<p>Si usted est\u00e1 negociando un acuerdo de indemnizaci\u00f3n en Florida o Georgia, ll\u00e1menos al Bufete de abogados Leach al <a href=\"tel:(844) 722-7567\">(844) 722-7567<\/a>. Nuestro bufete de abogados especialista en empleo puede ayudarle a defender sus derechos y lograr el mejor acuerdo posible.<\/p>\n<h2>\u00bfQu\u00e9 incluye un acuerdo de indemnizaci\u00f3n por despido?<\/h2>\n<p>Tanto Florida como Georgia son estados de empleo a voluntad. Esto quiere decir que, salvo por razones ilegales o limitaciones contractuales, un empleador puede despedir legalmente a cualquier trabajador en cualquier momento sin dar una raz\u00f3n o sin previo aviso.<\/p>\n<p>Sin embargo, muchos empleadores ofrecen paquetes de indemnizaci\u00f3n para proteger la reputaci\u00f3n de su empresa y evitar demandas.<\/p>\n<p>Si bien cada acuerdo es \u00fanico, muchos acuerdos de indemnizaci\u00f3n incluyen:<\/p>\n<ul>\n<li aria-level=\"1\">Compensaci\u00f3n monetaria, como ser pagar el salario del empleado durante varios meses despu\u00e9s de la terminaci\u00f3n<\/li>\n<li aria-level=\"1\">Compensaci\u00f3n por vacaciones o licencias por enfermedad no utilizadas<\/li>\n<li aria-level=\"1\">Una oferta de precio para cualquier acci\u00f3n de la empresa que tenga el empleado.<\/li>\n<li aria-level=\"1\">Pago continuo del seguro de salud, de la vista y dental por un per\u00edodo fijo<\/li>\n<li aria-level=\"1\">Beneficios para la jubilaci\u00f3n<\/li>\n<li aria-level=\"1\">Una cl\u00e1usula de no desacreditaci\u00f3n, lo que significa que el empleado se compromete a no decir nada negativo sobre la gesti\u00f3n de la empresa, servicios, productos, etc.<\/li>\n<li aria-level=\"1\">Una cl\u00e1usula de no competencia, que suele restringir al trabajador la posibilidad de buscar un puesto en la competencia de su antiguo empleador.<\/li>\n<li aria-level=\"1\">Cl\u00e1usulas de confidencialidad e incumplimiento del contrato<\/li>\n<\/ul>\n<h2>Por qu\u00e9 deber\u00eda consultar a un abogado antes de firmar un acuerdo de indemnizaci\u00f3n<\/h2>\n<p>Incluso si el acuerdo propuesto parece razonable, es vital consultar a un abogado experto en acuerdos de indemnizaci\u00f3n antes de firmar cualquier contrato legalmente vinculante.<\/p>\n<h2>Un abogado experto en acuerdos de indemnizaci\u00f3n por despido puede:<\/h2>\n<ul>\n<li aria-level=\"1\">Negociar una mayor cantidad de compensaci\u00f3n en su nombre<\/li>\n<li aria-level=\"1\">Verificar que usted reciba un reembolso completo por el tiempo de vacaciones no utilizado y los gastos relacionados con el trabajo<\/li>\n<li aria-level=\"1\">Asegurarse de que cualquier renuncia a demandas y cl\u00e1usulas de no desacreditaci\u00f3n sean mutuas, es decir, que tanto usted como su empleador acuerden no actuar uno contra el otro.<\/li>\n<li aria-level=\"1\">Advertirle contra las cl\u00e1usulas de no competencia excesivamente restrictivas que pueden limitar sus futuras opciones de empleo<\/li>\n<li aria-level=\"1\">Explicarle qu\u00e9 acciones pueden constituir un incumplimiento de contrato<\/li>\n<\/ul>\n<h2>\u00bfPor qu\u00e9 trabajar con nosotros en el bufete de Abogados Leach?<\/h2>\n<p>He aqu\u00ed por qu\u00e9 los empleados est\u00e1n eligiendo a nuestro equipo en Bufete el Leach para revisar y negociar sus acuerdos de indemnizaci\u00f3n por despido:<\/p>\n<ul>\n<li aria-level=\"1\">Nuestra experiencia. Nuestro amplio conocimiento de la ley laboral nos ayuda a negociar acuerdos de indemnizaci\u00f3n favorables para los trabajadores de Florida y Georgia.<\/li>\n<li aria-level=\"1\">Nuestra representaci\u00f3n proactiva. Utilizaremos todas nuestras habilidades legales para lograr un paquete de indemnizaci\u00f3n \u00f3ptimo para usted.<\/li>\n<li aria-level=\"1\">Nuestro enfoque personal. Profundizaremos en su caso y haremos todo lo posible para promover sus intereses.<\/li>\n<li aria-level=\"1\">Nuestra total transparencia. En el bufete de abogados Leach, conocer\u00e1 sus perspectivas. Ayudamos a los clientes a evitar expectativas poco realistas o medidas precipitadas.<\/li>\n<li aria-level=\"1\">Nuestro excelente servicio. Brindamos asesoramiento legal r\u00e1pido y respondemos todas sus preguntas.<\/li>\n<li aria-level=\"1\">Nuestro acuerdo de honorarios . Trabajamos con acuerdos de honorarios de contingencia. No hay ning\u00fan cargo a menos que recuperemos dinero extra para usted.<\/li>\n<\/ul>\n<p>Bufete de Abogados Leach, AP: Abogados especialistas en acuerdos de indemnizaci\u00f3n por despido que prestan servicios en Florida y Georgia<\/p>\n<p>Ser despedido es un suceso estresante, pero un acuerdo de indemnizaci\u00f3n adecuado puede proteger sus derechos y ofrecer beneficios monetarios que le ayudar\u00e1n a comenzar de nuevo. Antes de aceptar un paquete de indemnizaci\u00f3n, cont\u00e1ctenos en el bufete de abogados Leach. Hemos ayudado a muchos empleados en Florida y Georgia a negociar mejores t\u00e9rminos de indemnizaci\u00f3n.<\/p>\n<p>Para una evaluaci\u00f3n gratuita del caso por parte de nuestro abogado experto en acuerdos de indemnizaci\u00f3n, llame a nuestro equipo al <a href=\"tel:(844) 722-7567\">(844) 722-7567<\/a> las 24 horas, los 7 d\u00edas de la semana. Tenemos oficinas en Atlanta, GA y Winter Park, FL.<\/p>\n\n","protected":false},"excerpt":{"rendered":"<p>Abogado experto en acuerdos de indemnizaci\u00f3n por despido en Florida y Georgia Un acuerdo de indemnizaci\u00f3n es un tipo de contrato que un empleador puede ofrecer a un empleado despedido. A menudo, dicho acuerdo otorga al empleado una suma global en concepto de indemnizaci\u00f3n y otros beneficios, mientras que el empleado se compromete a renunciar&hellip;<\/p>\n","protected":false},"author":8,"featured_media":0,"parent":0,"menu_order":0,"comment_status":"closed","ping_status":"closed","template":"","meta":{"inline_featured_image":false,"footnotes":""},"class_list":["post-2570","page","type-page","status-publish","hentry"],"_links":{"self":[{"href":"https:\/\/theleachfirm.com\/es\/wp-json\/wp\/v2\/pages\/2570","targetHints":{"allow":["GET"]}}],"collection":[{"href":"https:\/\/theleachfirm.com\/es\/wp-json\/wp\/v2\/pages"}],"about":[{"href":"https:\/\/theleachfirm.com\/es\/wp-json\/wp\/v2\/types\/page"}],"author":[{"embeddable":true,"href":"https:\/\/theleachfirm.com\/es\/wp-json\/wp\/v2\/users\/8"}],"replies":[{"embeddable":true,"href":"https:\/\/theleachfirm.com\/es\/wp-json\/wp\/v2\/comments?post=2570"}],"version-history":[{"count":0,"href":"https:\/\/theleachfirm.com\/es\/wp-json\/wp\/v2\/pages\/2570\/revisions"}],"wp:attachment":[{"href":"https:\/\/theleachfirm.com\/es\/wp-json\/wp\/v2\/media?parent=2570"}],"curies":[{"name":"wp","href":"https:\/\/api.w.org\/{rel}","templated":true}]}}