{"id":2108,"date":"2022-08-10T12:33:47","date_gmt":"2022-08-10T16:33:47","guid":{"rendered":"https:\/\/theleachfirm.com\/mark-glaser\/"},"modified":"2022-12-22T03:05:48","modified_gmt":"2022-12-22T08:05:48","slug":"mark-glaser","status":"publish","type":"page","link":"https:\/\/theleachfirm.com\/es\/mark-glaser\/","title":{"rendered":"Mark Glaser"},"content":{"rendered":"\n\n\t\t\t\t<img decoding=\"async\" src=\"https:\/\/theleachfirm.com\/wp-content\/uploads\/2022\/08\/Mark.png\" alt=\"Mark\" itemprop=\"image\" height=\"1000\" width=\"1000\" title=\"Mark\" onerror=\"this.style.display='none'\"  \/>\n<h1>\n\t\tMark Glaser\n\t<\/h1>\n\t<ul>\n    <li><a href=\"mailto:jmaynard@theleachfirm.com\">email<\/a><\/li>\n    <li><a href=\"tel:(844) 722-7567\">phone<\/a><\/li>\n<\/ul>\n\t<p>Mark Glaser naci\u00f3 en Ohio. Se cri\u00f3 en Dayton, Ohio y Coral Springs, Florida. Se gradu\u00f3 de la Universidad de Florida y recibi\u00f3 una Licenciatura en Ciencias en Ingenier\u00eda Qu\u00edmica. Recibi\u00f3 su Doctorado en Jurisprudencia de la Universidad de Dayton en 1991.<\/p>\n<p>Durante los \u00faltimos veintiocho a\u00f1os, el abogado Glaser se ha especializado en el manejo de casos de compensaci\u00f3n laboral en Florida. Mark tiene la experiencia \u00fanica de representar tanto a trabajadores lesionados en sus reclamos de compensaci\u00f3n laboral como a compa\u00f1\u00edas de seguros defendiendo reclamos durante m\u00e1s de diez a\u00f1os. Esta experiencia distinta ayuda a los trabajadores lesionados a recibir los m\u00e1ximos beneficios en sus reclamos de compensaci\u00f3n laboral.<\/p>\n<p>Actualmente es miembro del Colegio de Abogados Juez Wieland. Es miembro de la Secci\u00f3n de Compensaci\u00f3n al Trabajador del Colegio de Abogados de Florida. Ha impartido clases de educaci\u00f3n legal continua en compensaci\u00f3n a trabajadores.<\/p>\n<p>Mark actualmente vive en Orlando con su esposa Beth. Tiene dos hijos que recientemente se graduaron en la universidad.<\/p>\n<h3>\n\t\t Call us at (844) 722-7567. We&#8217;re happy to help. \n\t<\/h3>\n\t<p>You can also complete the form below, and we will reach out to you.<\/p>\n\t\n<div class=\"wpcf7 no-js\" id=\"wpcf7-f3150-o1\" lang=\"es-ES\" dir=\"ltr\" data-wpcf7-id=\"3150\">\n<div class=\"screen-reader-response\"><p role=\"status\" aria-live=\"polite\" aria-atomic=\"true\"><\/p> <ul><\/ul><\/div>\n<form action=\"\/es\/wp-json\/wp\/v2\/pages\/2108#wpcf7-f3150-o1\" method=\"post\" class=\"wpcf7-form init\" aria-label=\"Formulario de contacto\" novalidate=\"novalidate\" data-status=\"init\">\n<fieldset class=\"hidden-fields-container\"><input type=\"hidden\" name=\"_wpcf7\" value=\"3150\" \/><input type=\"hidden\" name=\"_wpcf7_version\" value=\"6.1.5\" \/><input type=\"hidden\" name=\"_wpcf7_locale\" value=\"es_ES\" \/><input type=\"hidden\" name=\"_wpcf7_unit_tag\" value=\"wpcf7-f3150-o1\" \/><input type=\"hidden\" name=\"_wpcf7_container_post\" value=\"0\" \/><input type=\"hidden\" name=\"_wpcf7_posted_data_hash\" value=\"\" \/>\n<\/fieldset>\n<p><span class=\"wpcf7-form-control-wrap\" data-name=\"your-first\"><input size=\"40\" maxlength=\"400\" class=\"wpcf7-form-control wpcf7-text wpcf7-validates-as-required\" aria-required=\"true\" aria-invalid=\"false\" placeholder=\"First Name\" value=\"\" type=\"text\" name=\"your-first\" \/><\/span><br \/>\n<span class=\"wpcf7-form-control-wrap\" data-name=\"your-last\"><input size=\"40\" maxlength=\"400\" class=\"wpcf7-form-control wpcf7-text wpcf7-validates-as-required\" aria-required=\"true\" aria-invalid=\"false\" placeholder=\"Last Name\" value=\"\" type=\"text\" name=\"your-last\" \/><\/span><br \/>\n<span class=\"wpcf7-form-control-wrap\" data-name=\"your-email\"><input size=\"40\" maxlength=\"400\" class=\"wpcf7-form-control wpcf7-email wpcf7-validates-as-required wpcf7-text wpcf7-validates-as-email\" aria-required=\"true\" aria-invalid=\"false\" placeholder=\"Your Email\" value=\"\" type=\"email\" name=\"your-email\" \/><\/span><br \/>\n<span class=\"wpcf7-form-control-wrap\" data-name=\"your-phone\"><input size=\"40\" maxlength=\"400\" class=\"wpcf7-form-control wpcf7-text wpcf7-validates-as-required\" aria-required=\"true\" aria-invalid=\"false\" placeholder=\"Phone\" value=\"\" type=\"text\" name=\"your-phone\" \/><\/span><br \/>\n<span class=\"wpcf7-form-control-wrap\" data-name=\"your-message\"><textarea cols=\"40\" rows=\"10\" maxlength=\"2000\" class=\"wpcf7-form-control wpcf7-textarea wpcf7-validates-as-required\" aria-required=\"true\" aria-invalid=\"false\" placeholder=\"Comment\" name=\"your-message\"><\/textarea><\/span><br \/>\n<input class=\"wpcf7-form-control wpcf7-submit has-spinner\" type=\"submit\" value=\"Send\" \/>\n<\/p><p style=\"display: none !important;\" class=\"akismet-fields-container\" data-prefix=\"_wpcf7_ak_\"><label>&#916;<textarea name=\"_wpcf7_ak_hp_textarea\" cols=\"45\" rows=\"8\" maxlength=\"100\"><\/textarea><\/label><input type=\"hidden\" id=\"ak_js_1\" name=\"_wpcf7_ak_js\" value=\"113\"\/><script>document.getElementById( \"ak_js_1\" ).setAttribute( \"value\", ( new Date() ).getTime() );<\/script><\/p><div class=\"wpcf7-response-output\" aria-hidden=\"true\"><\/div>\n<\/form>\n<\/div>\n\n\n","protected":false},"excerpt":{"rendered":"<p>Mark Glaser email phone Mark Glaser naci\u00f3 en Ohio. Se cri\u00f3 en Dayton, Ohio y Coral Springs, Florida. Se gradu\u00f3 de la Universidad de Florida y recibi\u00f3 una Licenciatura en Ciencias en Ingenier\u00eda Qu\u00edmica. Recibi\u00f3 su Doctorado en Jurisprudencia de la Universidad de Dayton en 1991. Durante los \u00faltimos veintiocho a\u00f1os, el abogado Glaser se&hellip;<\/p>\n","protected":false},"author":8,"featured_media":0,"parent":0,"menu_order":0,"comment_status":"closed","ping_status":"closed","template":"","meta":{"inline_featured_image":false,"footnotes":""},"class_list":["post-2108","page","type-page","status-publish","hentry"],"_links":{"self":[{"href":"https:\/\/theleachfirm.com\/es\/wp-json\/wp\/v2\/pages\/2108","targetHints":{"allow":["GET"]}}],"collection":[{"href":"https:\/\/theleachfirm.com\/es\/wp-json\/wp\/v2\/pages"}],"about":[{"href":"https:\/\/theleachfirm.com\/es\/wp-json\/wp\/v2\/types\/page"}],"author":[{"embeddable":true,"href":"https:\/\/theleachfirm.com\/es\/wp-json\/wp\/v2\/users\/8"}],"replies":[{"embeddable":true,"href":"https:\/\/theleachfirm.com\/es\/wp-json\/wp\/v2\/comments?post=2108"}],"version-history":[{"count":0,"href":"https:\/\/theleachfirm.com\/es\/wp-json\/wp\/v2\/pages\/2108\/revisions"}],"wp:attachment":[{"href":"https:\/\/theleachfirm.com\/es\/wp-json\/wp\/v2\/media?parent=2108"}],"curies":[{"name":"wp","href":"https:\/\/api.w.org\/{rel}","templated":true}]}}