{"id":2104,"date":"2021-02-15T09:34:39","date_gmt":"2021-02-15T14:34:39","guid":{"rendered":"https:\/\/theleachfirm.com\/anthony-j-hall\/"},"modified":"2024-12-08T00:47:51","modified_gmt":"2024-12-08T05:47:51","slug":"anthony-j-hall","status":"publish","type":"page","link":"https:\/\/theleachfirm.com\/es\/anthony-j-hall\/","title":{"rendered":"Anthony J. Hall"},"content":{"rendered":"\n\n\t\t\t\t<img decoding=\"async\" src=\"https:\/\/theleachfirm.com\/wp-content\/uploads\/2024\/09\/Anthony-J.-Hall-scaled.jpg\" alt=\"Anthony J. Hall\" itemprop=\"image\" height=\"2560\" width=\"2367\" title=\"Anthony J. Hall\" onerror=\"this.style.display='none'\"  \/>\n<h1>\n\t\tAnthony J. Hall\n\t<\/h1>\n\t<p>30 a\u00f1os de experiencia<\/p>\n\t<ul>\n    <li><a href=\"mailto:ahall@theleachfirm.com\">email<\/a><\/li>\n    <li><a href=\"tel:(844) 722-7567\">phone<\/a><\/li>\n<\/ul>\n\t<p>Anthony J. Hall es socio y l\u00edder del grupo de derecho laboral de la Firma Leach. Inmediatamente antes de unirse a la Firma Leach, Anthony trabaj\u00f3 para el bufete de abogados de demandantes m\u00e1s grande del pa\u00eds, donde abog\u00f3 por los derechos e intereses de los empleados en todo el pa\u00eds en todos los aspectos de la ley laboral. Anteriormente, Anthony pas\u00f3 20 a\u00f1os defendiendo corporaciones en algunas de las firmas de defensa del derecho laboral m\u00e1s grandes del mundo. Anthony ahora aporta sus 20 a\u00f1os de experiencia defendiendo corporaciones para la Firma Leach, donde representara celosamente a la gente.<\/p>\n<p>Anthony es reconocido a nivel nacional en el campo de la ley laboral, habiendo litigado y juzgado demandas laborales federales y estatales en todo el pa\u00eds, incluidas, entre otras, demandas por acoso sexual, discriminaci\u00f3n basada en la raza, origen nacional, edad, discapacidad, religi\u00f3n y g\u00e9nero; y represalias y reclamos de denunciantes. Anthony tambi\u00e9n ha litigado en numerosas acciones colectivas de salarios y horas y demandas individuales que alegan falta de pago de horas extras y otras violaciones de las leyes salariales estatales y federales. Tambi\u00e9n tiene una amplia experiencia en apelaciones, habiendo argumentado ante la Corte de Apelaciones del Und\u00e9cimo Circuito de los Estados Unidos, la Corte Suprema de Florida y varias Cortes de Apelaciones del Distrito de Florida. Adem\u00e1s de su experiencia en juicios y apelaciones, Anthony tambi\u00e9n asesor\u00f3 a empresas sobre las mejores pr\u00e1cticas de empleo y realiz\u00f3 capacitaci\u00f3n preventiva y de gesti\u00f3n sobre cuestiones legales en el lugar de trabajo, incluido el acoso sexual.<\/p>\n<p>Anthony est\u00e1 autorizado para ejercer en Florida, Georgia, la Corte Suprema de los Estados Unidos, la Corte de Apelaciones del Und\u00e9cimo Circuito de los Estados Unidos, los Tribunales de Distrito de los Estados Unidos para los Distritos Norte, Medio y Sur de Florida, el Tribunal de Distrito de los Estados Unidos para el Distrito Norte , Distritos Medio y Sur de Georgia, los Tribunales de Distrito de EE. UU. para los Distritos Norte y Sur de Indiana, el Tribunal de Distrito de EE. UU. para el Distrito Este de Michigan, los Tribunales de Distrito y de Quiebras de EE. UU. para el Distrito de Columbia, y el Tribunal de Distrito de EE. UU. para el Distrito Norte de Texas.<\/p>\n<p>Adem\u00e1s de la pr\u00e1ctica del derecho, Anthony es profesor adjunto en la Facultad de Derecho de la Universidad A&amp;M de Florida, donde imparte cursos de pr\u00e1ctica previa al juicio y pr\u00e1ctica en el juicio.<\/p>\n<p>Anthony se ha desempe\u00f1ado en roles de liderazgo en varias organizaciones nacionales. Anteriormente se desempe\u00f1\u00f3 como Vicepresidente de Finanzas de la Asociaci\u00f3n Nacional de Abogados, as\u00ed como miembro de su Junta de Gobernadores y Comit\u00e9 Ejecutivo. Anthony se desempe\u00f1\u00f3 como Director de la Regi\u00f3n XI de la Asociaci\u00f3n Nacional de Abogados. Es ex presidente del Cap\u00edtulo Virgil Hawkins Florida de la Asociaci\u00f3n Nacional de Abogados. Tambi\u00e9n es ex miembro de la Junta Directiva del Consejo Nacional de Derecho Laboral. Actualmente es miembro de la Asociaci\u00f3n Nacional de Derecho Laboral y sus ramas estatales en Florida y Georgia, miembro de las Secciones de Trabajo y Empleo del Colegio de Abogados de Florida, el Colegio de Abogados de Georgia, el Colegio de Abogados de los Estados Unidos, el Colegio de Abogados Nacional y el Colegio de Abogados del Condado de Orange. Anteriormente se desempe\u00f1\u00f3 en la Comisi\u00f3n de Nominaci\u00f3n Judicial del Circuito 18 de Florida desde septiembre de 2008 hasta junio de 2013. Es miembro de los l\u00edderes de la Clase 49 de Orlando. Anthony ha sido reconocido como miembro de la Elite de juristas de la revista <i>Florida Trend , que incluye solo el 2% superior de <\/i>abogados que ejercen en el estado de Florida. Tambi\u00e9n ha sido reconocido como miembro de los 100 mejores abogados de los Abogados Afroamericanos Nacionales. Tambi\u00e9n es miembro activo de la Fraternidad Omega Psi Phi, Inc.<\/p>\n<p>Anthony recibi\u00f3 su Licenciatura en Artes de la facultad Morris Brown y su Doctorado en Jurisprudencia de la Universidad de Florida, Escuela de Derecho Levin.<\/p>\n<h3>\n\t\t Call us at (844) 722-7567. We&#8217;re happy to help. \n\t<\/h3>\n\t<p>You can also complete the form below, and we will reach out to you.<\/p>\n\t\n<div class=\"wpcf7 no-js\" id=\"wpcf7-f3150-o1\" lang=\"es-ES\" dir=\"ltr\" data-wpcf7-id=\"3150\">\n<div class=\"screen-reader-response\"><p role=\"status\" aria-live=\"polite\" aria-atomic=\"true\"><\/p> <ul><\/ul><\/div>\n<form action=\"\/es\/wp-json\/wp\/v2\/pages\/2104#wpcf7-f3150-o1\" method=\"post\" class=\"wpcf7-form init\" aria-label=\"Formulario de contacto\" novalidate=\"novalidate\" data-status=\"init\">\n<fieldset class=\"hidden-fields-container\"><input type=\"hidden\" name=\"_wpcf7\" value=\"3150\" \/><input type=\"hidden\" name=\"_wpcf7_version\" value=\"6.1.5\" \/><input type=\"hidden\" name=\"_wpcf7_locale\" value=\"es_ES\" \/><input type=\"hidden\" name=\"_wpcf7_unit_tag\" value=\"wpcf7-f3150-o1\" \/><input type=\"hidden\" name=\"_wpcf7_container_post\" value=\"0\" \/><input type=\"hidden\" name=\"_wpcf7_posted_data_hash\" value=\"\" \/>\n<\/fieldset>\n<p><span class=\"wpcf7-form-control-wrap\" data-name=\"your-first\"><input size=\"40\" maxlength=\"400\" class=\"wpcf7-form-control wpcf7-text wpcf7-validates-as-required\" aria-required=\"true\" aria-invalid=\"false\" placeholder=\"First Name\" value=\"\" type=\"text\" name=\"your-first\" \/><\/span><br \/>\n<span class=\"wpcf7-form-control-wrap\" data-name=\"your-last\"><input size=\"40\" maxlength=\"400\" class=\"wpcf7-form-control wpcf7-text wpcf7-validates-as-required\" aria-required=\"true\" aria-invalid=\"false\" placeholder=\"Last Name\" value=\"\" type=\"text\" name=\"your-last\" \/><\/span><br \/>\n<span class=\"wpcf7-form-control-wrap\" data-name=\"your-email\"><input size=\"40\" maxlength=\"400\" class=\"wpcf7-form-control wpcf7-email wpcf7-validates-as-required wpcf7-text wpcf7-validates-as-email\" aria-required=\"true\" aria-invalid=\"false\" placeholder=\"Your Email\" value=\"\" type=\"email\" name=\"your-email\" \/><\/span><br \/>\n<span class=\"wpcf7-form-control-wrap\" data-name=\"your-phone\"><input size=\"40\" maxlength=\"400\" class=\"wpcf7-form-control wpcf7-text wpcf7-validates-as-required\" aria-required=\"true\" aria-invalid=\"false\" placeholder=\"Phone\" value=\"\" type=\"text\" name=\"your-phone\" \/><\/span><br \/>\n<span class=\"wpcf7-form-control-wrap\" data-name=\"your-message\"><textarea cols=\"40\" rows=\"10\" maxlength=\"2000\" class=\"wpcf7-form-control wpcf7-textarea wpcf7-validates-as-required\" aria-required=\"true\" aria-invalid=\"false\" placeholder=\"Comment\" name=\"your-message\"><\/textarea><\/span><br \/>\n<input class=\"wpcf7-form-control wpcf7-submit has-spinner\" type=\"submit\" value=\"Send\" \/>\n<\/p><p style=\"display: none !important;\" class=\"akismet-fields-container\" data-prefix=\"_wpcf7_ak_\"><label>&#916;<textarea name=\"_wpcf7_ak_hp_textarea\" cols=\"45\" rows=\"8\" maxlength=\"100\"><\/textarea><\/label><input type=\"hidden\" id=\"ak_js_1\" name=\"_wpcf7_ak_js\" value=\"155\"\/><script>document.getElementById( \"ak_js_1\" ).setAttribute( \"value\", ( new Date() ).getTime() );<\/script><\/p><div class=\"wpcf7-response-output\" aria-hidden=\"true\"><\/div>\n<\/form>\n<\/div>\n\n\n","protected":false},"excerpt":{"rendered":"<p>Anthony J. Hall 30 a\u00f1os de experiencia email phone Anthony J. Hall es socio y l\u00edder del grupo de derecho laboral de la Firma Leach. Inmediatamente antes de unirse a la Firma Leach, Anthony trabaj\u00f3 para el bufete de abogados de demandantes m\u00e1s grande del pa\u00eds, donde abog\u00f3 por los derechos e intereses de los&hellip;<\/p>\n","protected":false},"author":1,"featured_media":0,"parent":0,"menu_order":0,"comment_status":"closed","ping_status":"closed","template":"","meta":{"inline_featured_image":false,"footnotes":""},"class_list":["post-2104","page","type-page","status-publish","hentry"],"_links":{"self":[{"href":"https:\/\/theleachfirm.com\/es\/wp-json\/wp\/v2\/pages\/2104","targetHints":{"allow":["GET"]}}],"collection":[{"href":"https:\/\/theleachfirm.com\/es\/wp-json\/wp\/v2\/pages"}],"about":[{"href":"https:\/\/theleachfirm.com\/es\/wp-json\/wp\/v2\/types\/page"}],"author":[{"embeddable":true,"href":"https:\/\/theleachfirm.com\/es\/wp-json\/wp\/v2\/users\/1"}],"replies":[{"embeddable":true,"href":"https:\/\/theleachfirm.com\/es\/wp-json\/wp\/v2\/comments?post=2104"}],"version-history":[{"count":0,"href":"https:\/\/theleachfirm.com\/es\/wp-json\/wp\/v2\/pages\/2104\/revisions"}],"wp:attachment":[{"href":"https:\/\/theleachfirm.com\/es\/wp-json\/wp\/v2\/media?parent=2104"}],"curies":[{"name":"wp","href":"https:\/\/api.w.org\/{rel}","templated":true}]}}