{"id":1925,"date":"2020-12-21T14:47:27","date_gmt":"2020-12-21T14:47:27","guid":{"rendered":"https:\/\/theleachfirm.com\/meet-nisha\/"},"modified":"2025-02-17T12:59:23","modified_gmt":"2025-02-17T17:59:23","slug":"meet-nisha","status":"publish","type":"page","link":"https:\/\/theleachfirm.com\/es\/meet-nisha\/","title":{"rendered":"Nisha Waranch"},"content":{"rendered":"\n\n\t\t\t\t<img decoding=\"async\" src=\"https:\/\/theleachfirm.com\/wp-content\/uploads\/2024\/09\/Nisha-Waranch-scaled.jpg\" alt=\"Nisha Waranch\" itemprop=\"image\" height=\"2560\" width=\"2366\" title=\"Nisha Waranch\" onerror=\"this.style.display='none'\"  \/>\n<h1>\n\t\tNisha Desai Waranch\n\t<\/h1>\n\t<p>21 a\u00f1os de experiencia<\/p>\n\t<ul>\n    <li><a href=\"mailto:nwaranch@theleachfirm.com?Subject=Questions%20for%20Nisha\">email<\/a><\/li>\n    <li><a href=\"tel:(844) 722-7567\">phone<\/a><\/li>\n<\/ul>\n\t<p>Nisha Desai Waranch naci\u00f3 en Nueva Jersey y creci\u00f3 en Winter Park, Florida. Se gradu\u00f3 de la Universidad de Florida y recibi\u00f3 su t\u00edtulo de Doctor en Leyes de la Universidad de Akron en 2000.<\/p>\n<p>Desde que fue admitida en el Colegio de Abogados de Florida en 2000, se ha especializado en casos de Compensaci\u00f3n de Trabajadores de Florida. Est\u00e1 certificada por la junta en la ley de compensaci\u00f3n de trabajadores por el Colegio de Abogados de Florida y ha estado en el Foro Anual de Compensaci\u00f3n de Trabajadores del Colegio de Abogados de Florida durante los \u00faltimos cuatro a\u00f1os.<\/p>\n<p>Es miembro actual de las Posadas del Tribunal Juez William (asociaci\u00f3n excepcionalmente no partidista fomenta relaciones de tutor\u00eda significativas. Una de las pocas organizaciones legales que involucran todo el espectro de la profesi\u00f3n: desde estudiantes de derecho hasta jueces de la corte suprema; todos los niveles de jueces federales y estatales, desde firmas peque\u00f1as hasta firmas grandes; educadores jur\u00eddicos a estudiantes de derecho.) y fue nombrada estrella en ascenso de 2012 a 2015 en la publicaci\u00f3n Super Abogados. Tambi\u00e9n tiene calificaci\u00f3n AV ((preeminente) por Martindale-Hubbell ( ). Ha sido miembro del Comit\u00e9 Permanente sobre Diversidad e Inclusi\u00f3n del Colegio de Abogados de Florida y presidenta del Colegio de Abogados del Sur de Asia.<\/p>\n<p>Nisha actualmente vive en el centro de Orlando con su esposo Michael y sus cuatro hijos.<\/p>\n<h3>\n\t\t Call us at (844) 722-7567. We&#8217;re happy to help. \n\t<\/h3>\n\t<p>You can also complete the form below, and we will reach out to you.<\/p>\n\t\n<div class=\"wpcf7 no-js\" id=\"wpcf7-f3150-o1\" lang=\"es-ES\" dir=\"ltr\" data-wpcf7-id=\"3150\">\n<div class=\"screen-reader-response\"><p role=\"status\" aria-live=\"polite\" aria-atomic=\"true\"><\/p> <ul><\/ul><\/div>\n<form action=\"\/es\/wp-json\/wp\/v2\/pages\/1925#wpcf7-f3150-o1\" method=\"post\" class=\"wpcf7-form init\" aria-label=\"Formulario de contacto\" novalidate=\"novalidate\" data-status=\"init\">\n<fieldset class=\"hidden-fields-container\"><input type=\"hidden\" name=\"_wpcf7\" value=\"3150\" \/><input type=\"hidden\" name=\"_wpcf7_version\" value=\"6.1.5\" \/><input type=\"hidden\" name=\"_wpcf7_locale\" value=\"es_ES\" \/><input type=\"hidden\" name=\"_wpcf7_unit_tag\" value=\"wpcf7-f3150-o1\" \/><input type=\"hidden\" name=\"_wpcf7_container_post\" value=\"0\" \/><input type=\"hidden\" name=\"_wpcf7_posted_data_hash\" value=\"\" \/>\n<\/fieldset>\n<p><span class=\"wpcf7-form-control-wrap\" data-name=\"your-first\"><input size=\"40\" maxlength=\"400\" class=\"wpcf7-form-control wpcf7-text wpcf7-validates-as-required\" aria-required=\"true\" aria-invalid=\"false\" placeholder=\"First Name\" value=\"\" type=\"text\" name=\"your-first\" \/><\/span><br \/>\n<span class=\"wpcf7-form-control-wrap\" data-name=\"your-last\"><input size=\"40\" maxlength=\"400\" class=\"wpcf7-form-control wpcf7-text wpcf7-validates-as-required\" aria-required=\"true\" aria-invalid=\"false\" placeholder=\"Last Name\" value=\"\" type=\"text\" name=\"your-last\" \/><\/span><br \/>\n<span class=\"wpcf7-form-control-wrap\" data-name=\"your-email\"><input size=\"40\" maxlength=\"400\" class=\"wpcf7-form-control wpcf7-email wpcf7-validates-as-required wpcf7-text wpcf7-validates-as-email\" aria-required=\"true\" aria-invalid=\"false\" placeholder=\"Your Email\" value=\"\" type=\"email\" name=\"your-email\" \/><\/span><br \/>\n<span class=\"wpcf7-form-control-wrap\" data-name=\"your-phone\"><input size=\"40\" maxlength=\"400\" class=\"wpcf7-form-control wpcf7-text wpcf7-validates-as-required\" aria-required=\"true\" aria-invalid=\"false\" placeholder=\"Phone\" value=\"\" type=\"text\" name=\"your-phone\" \/><\/span><br \/>\n<span class=\"wpcf7-form-control-wrap\" data-name=\"your-message\"><textarea cols=\"40\" rows=\"10\" maxlength=\"2000\" class=\"wpcf7-form-control wpcf7-textarea wpcf7-validates-as-required\" aria-required=\"true\" aria-invalid=\"false\" placeholder=\"Comment\" name=\"your-message\"><\/textarea><\/span><br \/>\n<input class=\"wpcf7-form-control wpcf7-submit has-spinner\" type=\"submit\" value=\"Send\" \/>\n<\/p><p style=\"display: none !important;\" class=\"akismet-fields-container\" data-prefix=\"_wpcf7_ak_\"><label>&#916;<textarea name=\"_wpcf7_ak_hp_textarea\" cols=\"45\" rows=\"8\" maxlength=\"100\"><\/textarea><\/label><input type=\"hidden\" id=\"ak_js_1\" name=\"_wpcf7_ak_js\" value=\"243\"\/><script>document.getElementById( \"ak_js_1\" ).setAttribute( \"value\", ( new Date() ).getTime() );<\/script><\/p><div class=\"wpcf7-response-output\" aria-hidden=\"true\"><\/div>\n<\/form>\n<\/div>\n\n\n","protected":false},"excerpt":{"rendered":"<p>Nisha Desai Waranch 21 a\u00f1os de experiencia email phone Nisha Desai Waranch naci\u00f3 en Nueva Jersey y creci\u00f3 en Winter Park, Florida. Se gradu\u00f3 de la Universidad de Florida y recibi\u00f3 su t\u00edtulo de Doctor en Leyes de la Universidad de Akron en 2000. Desde que fue admitida en el Colegio de Abogados de Florida&hellip;<\/p>\n","protected":false},"author":1,"featured_media":0,"parent":0,"menu_order":0,"comment_status":"closed","ping_status":"closed","template":"","meta":{"inline_featured_image":false,"footnotes":""},"class_list":["post-1925","page","type-page","status-publish","hentry"],"_links":{"self":[{"href":"https:\/\/theleachfirm.com\/es\/wp-json\/wp\/v2\/pages\/1925","targetHints":{"allow":["GET"]}}],"collection":[{"href":"https:\/\/theleachfirm.com\/es\/wp-json\/wp\/v2\/pages"}],"about":[{"href":"https:\/\/theleachfirm.com\/es\/wp-json\/wp\/v2\/types\/page"}],"author":[{"embeddable":true,"href":"https:\/\/theleachfirm.com\/es\/wp-json\/wp\/v2\/users\/1"}],"replies":[{"embeddable":true,"href":"https:\/\/theleachfirm.com\/es\/wp-json\/wp\/v2\/comments?post=1925"}],"version-history":[{"count":1,"href":"https:\/\/theleachfirm.com\/es\/wp-json\/wp\/v2\/pages\/1925\/revisions"}],"predecessor-version":[{"id":3716,"href":"https:\/\/theleachfirm.com\/es\/wp-json\/wp\/v2\/pages\/1925\/revisions\/3716"}],"wp:attachment":[{"href":"https:\/\/theleachfirm.com\/es\/wp-json\/wp\/v2\/media?parent=1925"}],"curies":[{"name":"wp","href":"https:\/\/api.w.org\/{rel}","templated":true}]}}