{"id":1841,"date":"2022-11-09T05:02:03","date_gmt":"2022-11-09T10:02:03","guid":{"rendered":"https:\/\/theleachfirm.com\/?page_id=1841"},"modified":"2022-11-09T05:02:03","modified_gmt":"2022-11-09T10:02:03","slug":"abogado-especialista-en-danos-a-la-propiedad-por-huracanes","status":"publish","type":"page","link":"https:\/\/theleachfirm.com\/es\/lesiones-personales\/abogado-especialista-en-danos-a-la-propiedad-por-huracanes\/","title":{"rendered":"<strong>Abogado especialista en da\u00f1os a la propiedad por huracanes<\/strong>"},"content":{"rendered":"\n<p>\u00bfSu propiedad ha sufrido da\u00f1os por el hurac\u00e1n Ian u otra tormenta tropical reciente? Si es as\u00ed, es posible que se sienta intimidado por el proceso de reclamos de seguros.<\/p>\n\n\n\n<p>Nuestro equipo en el Estudio Jur\u00eddico The Leach est\u00e1 listo para ayudarlo a investigar los reclamos por da\u00f1os a la propiedad por huracanes y recibir la compensaci\u00f3n necesaria para seguir adelante. Cont\u00e1ctenos hoy para programar su evaluaci\u00f3n gratuita de su caso.<\/p>\n\n\n\n<h2 class=\"wp-block-heading\">Tipos de da\u00f1os por huracanes<\/h2>\n\n\n\n<p>Los huracanes pueden traer fuertes vientos y lluvias que dejan grandes da\u00f1os a su paso. Los cuatro tipos principales de da\u00f1os causados por huracanes incluyen los siguientes:<\/p>\n\n\n\n<ul class=\"wp-block-list\">\n<li><strong>viento: <\/strong>Da\u00f1os por vientos que soplan a m\u00e1s de 150 mph<\/li>\n\n\n\n<li><strong>Marejada cicl\u00f3nica: <\/strong>da\u00f1os causados por el aumento anormal del agua creado por un hurac\u00e1n<\/li>\n\n\n\n<li><strong>Inundaciones: <\/strong>Da\u00f1os causados por la lluvia abundante y el ingreso de agua a los hogares<\/li>\n\n\n\n<li><strong>Tornados: <\/strong>Da\u00f1os de los tornados que a menudo acompa\u00f1an a los huracanes fuertes<\/li>\n<\/ul>\n\n\n\n<p>Los huracanes pueden da\u00f1ar el interior y el exterior de una casa. Las casas en la ruta de los huracanes a menudo experimentan:<\/p>\n\n\n\n<ul class=\"wp-block-list\">\n<li>Da\u00f1os en el techo<\/li>\n\n\n\n<li>Da\u00f1os en el agua<\/li>\n\n\n\n<li>Da\u00f1os en la estructura<\/li>\n\n\n\n<li>P\u00e9rdida de art\u00edculos personales<\/li>\n<\/ul>\n\n\n\n<h2 class=\"wp-block-heading\">\u00bfEl seguro del propietario de la vivienda cubre los da\u00f1os a la propiedad causados por huracanes?<\/h2>\n\n\n\n<p>Las p\u00f3lizas de seguro para propietarios de viviendas a menudo cubren algunos, pero no todos, los da\u00f1os causados por los huracanes. Por ejemplo, la mayor\u00eda de las p\u00f3lizas de seguro de propietarios de vivienda cubren los da\u00f1os causados por el viento. Sin embargo, es posible que necesite una p\u00f3liza separada para cubrir da\u00f1os por el agua.<\/p>\n\n\n\n<p>El seguro contra inundaciones es un tipo de p\u00f3liza de seguro que puede pagar la reparaci\u00f3n de da\u00f1os por inundaciones en su hogar. Por lo general, debe tener esta p\u00f3liza por separado para recibir cobertura de da\u00f1os por el agua de su compa\u00f1\u00eda de seguros.<\/p>\n\n\n\n<p>Muchas compa\u00f1\u00edas de seguros de Florida y Georgia recomiendan p\u00f3lizas de seguro contra inundaciones para propietarios de viviendas, ya que estas \u00e1reas son propensas a tormentas tropicales y huracanes. Sin embargo, si no ten\u00eda una p\u00f3liza de seguro contra inundaciones antes de que su casa sufriera da\u00f1os por huracanes, es posible que tenga problemas para recibir cobertura por da\u00f1os causados por el agua.<\/p>\n\n\n\n<h2 class=\"wp-block-heading\">Presentaci\u00f3n de reclamos por da\u00f1os a la propiedad por huracanes<\/h2>\n\n\n\n<p>Su seguro de propietario de una vivienda deber\u00eda cubrir al menos algunas reparaciones de los da\u00f1os causados por el hurac\u00e1n. Estos son los pasos que puede seguir para presentar reclamos por da\u00f1os a la propiedad por huracanes:<\/p>\n\n\n\n<ol class=\"wp-block-list\">\n<li>P\u00f3ngase en contacto con su compa\u00f1\u00eda de seguros lo antes posible.<\/li>\n\n\n\n<li>Proporcione informaci\u00f3n y evidencia sobre su da\u00f1o.<\/li>\n\n\n\n<li>Re\u00fanase con un ajustador de su empresa para evaluar los da\u00f1os a su hogar.<\/li>\n\n\n\n<li>Reciba una oferta de su compa\u00f1\u00eda de seguros.<\/li>\n<\/ol>\n\n\n\n<p>Algunas compa\u00f1\u00edas de seguros ofrecen cubrir las reparaciones temporales despu\u00e9s de un da\u00f1o estructural importante para que su hogar sea habitable antes de reparar completamente los da\u00f1os. Su abogado puede ayudarle a investigar el proceso de reclamos para mejorar sus resultados.<\/p>\n\n\n\n<h2 class=\"wp-block-heading\">\u00bfQu\u00e9 sucede si la compa\u00f1\u00eda de seguros niega su reclamo?<\/h2>\n\n\n\n<p>Desafortunadamente, muchas v\u00edctimas de huracanes presentan reclamos de seguros solo para descubrir que sus compa\u00f1\u00edas de seguros han negado sus reclamos. A veces, las denegaciones de reclamos est\u00e1n justificadas, por ejemplo, si la p\u00f3liza no cubre los da\u00f1os causados por el hurac\u00e1n. Sin embargo, otras veces, las compa\u00f1\u00edas de seguros niegan reclamos para aumentar sus ganancias.<\/p>\n\n\n\n<p>Si su compa\u00f1\u00eda de seguros ha negado injustificadamente su reclamo por un hurac\u00e1n, comun\u00edquese con nuestro equipo de abogados lo antes posible. Podemos evaluar su p\u00f3liza de seguro y determinar si su compa\u00f1\u00eda tuvo motivos para negar su reclamo. Si no fue as\u00ed, podemos ayudarle a iniciar un pleito por mala fe.<\/p>\n\n\n\n<h2 class=\"wp-block-heading\">P\u00f3ngase en contacto hoy con nuestros abogados de Georgia y Florida hoy<\/h2>\n\n\n\n<p>Nuestros abogados en el Estudio Jur\u00eddico The Leach est\u00e1n preparados para ayudarle<\/p>\n\n\n\n<p>\u00a0a luchar por una compensaci\u00f3n del seguro por los da\u00f1os causados por el hurac\u00e1n. Cont\u00e1ctenos hoy al <a href=\"tel:844-722-7567\">844-722-7567 <\/a>para obtener m\u00e1s informaci\u00f3n sobre reclamos por da\u00f1os a la propiedad por huracanes y programar una evaluaci\u00f3n del caso gratuita.<\/p>\n","protected":false},"excerpt":{"rendered":"<p>\u00bfSu propiedad ha sufrido da\u00f1os por el hurac\u00e1n Ian u otra tormenta tropical reciente? Si es as\u00ed, es posible que se sienta intimidado por el proceso de reclamos de seguros. Nuestro equipo en el Estudio Jur\u00eddico The Leach est\u00e1 listo para ayudarlo a investigar los reclamos por da\u00f1os a la propiedad por huracanes y recibir&hellip;<\/p>\n","protected":false},"author":8,"featured_media":0,"parent":1248,"menu_order":0,"comment_status":"closed","ping_status":"closed","template":"","meta":{"inline_featured_image":false,"footnotes":""},"class_list":["post-1841","page","type-page","status-publish","hentry"],"_links":{"self":[{"href":"https:\/\/theleachfirm.com\/es\/wp-json\/wp\/v2\/pages\/1841","targetHints":{"allow":["GET"]}}],"collection":[{"href":"https:\/\/theleachfirm.com\/es\/wp-json\/wp\/v2\/pages"}],"about":[{"href":"https:\/\/theleachfirm.com\/es\/wp-json\/wp\/v2\/types\/page"}],"author":[{"embeddable":true,"href":"https:\/\/theleachfirm.com\/es\/wp-json\/wp\/v2\/users\/8"}],"replies":[{"embeddable":true,"href":"https:\/\/theleachfirm.com\/es\/wp-json\/wp\/v2\/comments?post=1841"}],"version-history":[{"count":0,"href":"https:\/\/theleachfirm.com\/es\/wp-json\/wp\/v2\/pages\/1841\/revisions"}],"up":[{"embeddable":true,"href":"https:\/\/theleachfirm.com\/es\/wp-json\/wp\/v2\/pages\/1248"}],"wp:attachment":[{"href":"https:\/\/theleachfirm.com\/es\/wp-json\/wp\/v2\/media?parent=1841"}],"curies":[{"name":"wp","href":"https:\/\/api.w.org\/{rel}","templated":true}]}}