{"id":1773,"date":"2022-09-27T13:54:02","date_gmt":"2022-09-27T17:54:02","guid":{"rendered":"https:\/\/theleachfirm.com\/abogado-especialista-en-accidentes-en-la-industria-de-la-construccion-en-georgia-o-florida\/"},"modified":"2022-09-27T13:54:55","modified_gmt":"2022-09-27T17:54:55","slug":"abogado-especialista-en-accidentes-en-la-industria-de-la-construccion-en-georgia-o-florida","status":"publish","type":"page","link":"https:\/\/theleachfirm.com\/es\/abogado-especialista-en-accidentes-en-la-industria-de-la-construccion-en-georgia-o-florida\/","title":{"rendered":"Abogado Especialista en Accidentes en la Industria de la Construcci\u00f3n en Georgia o Florida"},"content":{"rendered":"<p><span style=\"font-weight: 400;\">\u00bfUsted es un trabajador de la industria de la construcci\u00f3n que est\u00e1 luchando con un reclamo de compensaci\u00f3n laboral en Florida o Georgia? P\u00f3ngase en contacto con un abogado experto en accidentes de la industria de la construcci\u00f3n en La Firma de Abogados Leach, AP. Desde nuestras oficinas en Orlando, FLORIDA y Atlanta, GEORGIA estamos listos para ayudarle con los reclamos de una compensaci\u00f3n para trabajadores. Ll\u00e1menos al <a href=\"tel:844-722-7567\">844-722-7567<\/a> o <\/span><span style=\"font-weight: 400;\">cont\u00e1ctenos<\/span><span style=\"font-weight: 400;\"> en l\u00ednea para una evaluaci\u00f3n gratuita de su caso.<\/span><\/p>\n<h2>Causas M\u00e1s Comunes de Reclamos de una Compensaci\u00f3n para Trabajadores de la Industria de la Construcci\u00f3n<\/h2>\n<p><span style=\"font-weight: 400;\">Los trabajadores de la industria de la construcci\u00f3n son propensos a sufrir varias lesiones debido a los peligros del lugar de trabajo. Las causas comunes de lesiones en la industria de la construcci\u00f3n incluyen:<\/span><\/p>\n<ul>\n<li style=\"font-weight: 400;\" aria-level=\"1\"><span style=\"font-weight: 400;\">Ca\u00eddas de escaleras, andamios u otros lugares elevados<\/span><\/li>\n<li style=\"font-weight: 400;\" aria-level=\"1\"><span style=\"font-weight: 400;\">Colapso de estructuras, incluyendo paredes, techos, tuber\u00edas, zanjas, etc.<\/span><\/li>\n<li style=\"font-weight: 400;\" aria-level=\"1\"><span style=\"font-weight: 400;\">Mal funcionamiento de herramientas defectuosas<\/span><\/li>\n<li style=\"font-weight: 400;\" aria-level=\"1\"><span style=\"font-weight: 400;\">Lesiones y accidentes con herramientas y equipo pesado<\/span><\/li>\n<li style=\"font-weight: 400;\" aria-level=\"1\"><span style=\"font-weight: 400;\">Exposici\u00f3n a sustancias qu\u00edmicas o materiales peligrosos<\/span><\/li>\n<li style=\"font-weight: 400;\" aria-level=\"1\"><span style=\"font-weight: 400;\">Electrocuci\u00f3n o quemaduras<\/span><\/li>\n<li style=\"font-weight: 400;\" aria-level=\"1\"><span style=\"font-weight: 400;\">Inadecuada capacitaci\u00f3n en seguridad o provisi\u00f3n de equipos de seguridad inadecuados<\/span><\/li>\n<\/ul>\n<p><span style=\"font-weight: 400;\">Debido a estas y otras razones, los trabajadores de la construcci\u00f3n corren un mayor riesgo que los trabajadores de muchas otras industrias. El mayor riesgo es para los empleados de <\/span><span style=\"font-weight: 400;\">peque\u00f1as empresas de construcci\u00f3n<\/span><span style=\"font-weight: 400;\">,<\/span> <span style=\"font-weight: 400;\">donde ocurre el 75% de todas las muertes por ca\u00eddas de trabajadores de la construcci\u00f3n.<\/span><\/p>\n<h2>Estad\u00edsticas de la Industria de la Construcci\u00f3n de la Administraci\u00f3n de Salud y Seguridad Ocupacional (OSHA, por sus siglas en ingl\u00e9s)<\/h2>\n<p><span style=\"font-weight: 400;\">La OSHA rastrea <\/span><span style=\"font-weight: 400;\">varias estad\u00edsticas<\/span> <span style=\"font-weight: 400;\">relacionadas con la seguridad y los est\u00e1ndares de los trabajadores. Algunas estad\u00edsticas que los trabajadores deben saber incluyen:<\/span><\/p>\n<ul>\n<li style=\"font-weight: 400;\" aria-level=\"1\"><span style=\"font-weight: 400;\">5.333 trabajadores murieron en el 2019 mientras trabajaban ( un promedio de casi 15 muertes por d\u00eda )<\/span><\/li>\n<li style=\"font-weight: 400;\" aria-level=\"1\"><span style=\"font-weight: 400;\">1061 de esa muertes (19,9% de todas las muertes de trabajadores) ocurieron en la construcci\u00f3n<\/span><\/li>\n<li style=\"font-weight: 400;\" aria-level=\"1\"><span style=\"font-weight: 400;\">De los 10 est\u00e1ndares de la OSHA m\u00e1s citados entre el 1 de octubre de 2020 y el 30 de septiembre de 2021, cinco estaban en la construcci\u00f3n<\/span><\/li>\n<li style=\"font-weight: 400;\" aria-level=\"1\"><span style=\"font-weight: 400;\">Las infracciones a las normas de la construcci\u00f3n m\u00e1s citadas incluyeron protecci\u00f3n contra ca\u00eddas, escaleras, andamios, capacitaci\u00f3n en protecci\u00f3n contra ca\u00eddas y protecci\u00f3n para los ojos y el rostro<\/span><\/li>\n<\/ul>\n<p><span style=\"font-weight: 400;\">Las ca\u00eddas son la lesi\u00f3n m\u00e1s com\u00fan en la construcci\u00f3n, lo que result\u00f3 en el n <\/span><a href=\"https:\/\/www.cdc.gov\/niosh\/construction\/statistics.html\" target=\"_blank\" rel=\"noopener\"><span style=\"font-weight: 400;\">36.4% de todas <\/span><\/a><span style=\"font-weight: 400;\">las muertes de trabajadores de la <\/span><a href=\"https:\/\/www.cdc.gov\/niosh\/construction\/statistics.html\" target=\"_blank\" rel=\"noopener\"><span style=\"font-weight: 400;\">construcci\u00f3n <\/span><\/a><span style=\"font-weight: 400;\">\u00a0<\/span><span style=\"font-weight: 400;\">en 2019.<\/span><\/p>\n<p><span style=\"font-weight: 400;\">Para obtener ayuda para obtener una compensaci\u00f3n por lesiones por ca\u00eddas en el trabajo en la construcci\u00f3n, comun\u00edquese con un abogado experto en accidentes de la construcci\u00f3n en nuestro bufete de abogados.<\/span><\/p>\n<h2>Demandas por lesiones personales para proteger los derechos de los trabajadores de la construcci\u00f3n<\/h2>\n<p><span style=\"font-weight: 400;\">En nuestro bufete de abogados, nuestros abogados especialistas en lesiones personales pueden ayudarle a buscar una compensaci\u00f3n por sus lesiones. Podemos ayudarle a presentar un caso contra la parte responsable de sus lesiones, ya sea a:<\/span><\/p>\n<ul>\n<li style=\"font-weight: 400;\" aria-level=\"1\"><span style=\"font-weight: 400;\">la empresa constructora para la que trabaja<\/span><\/li>\n<li style=\"font-weight: 400;\" aria-level=\"1\"><span style=\"font-weight: 400;\">un gerente o supervisor<\/span><\/li>\n<li style=\"font-weight: 400;\" aria-level=\"1\"><span style=\"font-weight: 400;\">un proveedor externo o subcontratista\u00a0<\/span><\/li>\n<li style=\"font-weight: 400;\" aria-level=\"1\"><span style=\"font-weight: 400;\">un fabricante de equipos<\/span><\/li>\n<\/ul>\n<p><span style=\"font-weight: 400;\">Mientras armamos su caso, podemos ayudarle a proteger sus derechos como trabajador lesionado. Su empleador no puede despedirlo ni tomar represalias por presentar un reclamo de compensaci\u00f3n para trabajadores.<\/span><\/p>\n<p><span style=\"font-weight: 400;\">Sin embargo, su empleador no tiene que mantener su puesto para que usted regrese al trabajo si puede y cuando pueda hacerlo.<\/span><\/p>\n<p><span style=\"font-weight: 400;\">Si no puede volver a trabajar en la construcci\u00f3n despu\u00e9s de una lesi\u00f3n, la oficina de Compensaci\u00f3n para Trabajadores de su estado debe pagar los servicios para volver a trabajar. Tenemos m\u00e1s de 18 a\u00f1os de experiencia en demandas por lesiones personales para trabajadores lesionados en Florida y Georgia.<\/span><\/p>\n<h2>Comun\u00edquese con nuestros abogados especialistas en lesiones personales de la Firma de Abogados Leach, AP. en Atlanta y Orlando<\/h2>\n<p><span style=\"font-weight: 400;\">Cuando se trate de un reclamo por una compensaci\u00f3n laboral o una demanda por lesiones personales por una lesi\u00f3n en la construcci\u00f3n, aseg\u00farese de contar con un abogado con experiencia en accidentes de construcci\u00f3n de su lado. Nuestros abogados expertos en lesiones personales de la Firma de Abogados Leach, AP, desde 2004 han ayudado a clientes con reclamos de compensaciones laborales en Florida y Georgia . Ll\u00e1menos hoy al <a href=\"tel:844-722-7567\">844-722-7567<\/a> o <\/span><span style=\"font-weight: 400;\">cont\u00e1ctenos<\/span><span style=\"font-weight: 400;\"> en l\u00ednea para obtener una evaluaci\u00f3n gratuita de su caso.<\/span><\/p>\n","protected":false},"excerpt":{"rendered":"<p>\u00bfUsted es un trabajador de la industria de la construcci\u00f3n que est\u00e1 luchando con un reclamo de compensaci\u00f3n laboral en Florida o Georgia? P\u00f3ngase en contacto con un abogado experto en accidentes de la industria de la construcci\u00f3n en La Firma de Abogados Leach, AP. Desde nuestras oficinas en Orlando, FLORIDA y Atlanta, GEORGIA estamos&hellip;<\/p>\n","protected":false},"author":8,"featured_media":0,"parent":0,"menu_order":0,"comment_status":"closed","ping_status":"closed","template":"","meta":{"inline_featured_image":false,"footnotes":""},"class_list":["post-1773","page","type-page","status-publish","hentry"],"_links":{"self":[{"href":"https:\/\/theleachfirm.com\/es\/wp-json\/wp\/v2\/pages\/1773","targetHints":{"allow":["GET"]}}],"collection":[{"href":"https:\/\/theleachfirm.com\/es\/wp-json\/wp\/v2\/pages"}],"about":[{"href":"https:\/\/theleachfirm.com\/es\/wp-json\/wp\/v2\/types\/page"}],"author":[{"embeddable":true,"href":"https:\/\/theleachfirm.com\/es\/wp-json\/wp\/v2\/users\/8"}],"replies":[{"embeddable":true,"href":"https:\/\/theleachfirm.com\/es\/wp-json\/wp\/v2\/comments?post=1773"}],"version-history":[{"count":0,"href":"https:\/\/theleachfirm.com\/es\/wp-json\/wp\/v2\/pages\/1773\/revisions"}],"wp:attachment":[{"href":"https:\/\/theleachfirm.com\/es\/wp-json\/wp\/v2\/media?parent=1773"}],"curies":[{"name":"wp","href":"https:\/\/api.w.org\/{rel}","templated":true}]}}