{"id":1614,"date":"2022-06-10T15:09:00","date_gmt":"2022-06-10T19:09:00","guid":{"rendered":"https:\/\/theleachfirm.com\/?page_id=1614"},"modified":"2025-06-19T13:46:21","modified_gmt":"2025-06-19T17:46:21","slug":"nuestros-abogados","status":"publish","type":"page","link":"https:\/\/theleachfirm.com\/es\/nuestros-abogados\/","title":{"rendered":"Nuestros abogados"},"content":{"rendered":"\n<h5>\n\t\t\tNUESTRO EQUIPO\t<\/h5>\n<h1>\n\t\t\tExperiencia en la que puede confiar.<br \/> Los Resultados que se merece.\t<\/h1>\n<h2>\n\t\t\tCarlos Leach\t<\/h2>\n\t<p>Carlos Leach es el socio gerente y fundador de la Firma Leach, AP. Antes de comenzar su firma en lesiones en Orlando, FL, el abogado Leach fue socio de una de las firmas de demandantes m\u00e1s grandes del pa\u00eds.<\/p>\n\t<p><a href=\"https:\/\/theleachfirm.com\/meet-carlos\/\">Ver Biograf\u00eda<\/a><\/p>\n<h2>\n\t\t\tNisha Waranch\t<\/h2>\n\t<p>Nisha Desai Waranch naci\u00f3 en Nueva Jersey y creci\u00f3 en Winter Park, Florida. Se gradu\u00f3 de la Universidad de Florida y en 2000.recibi\u00f3 su t\u00edtulo de Doctor en Jurisprudencia de la Universidad de Akron<\/p>\n\t<p><a href=\"https:\/\/theleachfirm.com\/meet-nisha\/\">Ver Biograf\u00eda<\/a><\/p>\n<h2>\n\t\t\tAnthony J. Hall\t<\/h2>\n\t<p>Anthony J. Hall es socio y l\u00edder del grupo de derecho laboral de la Firma Leach. Inmediatamente antes de unirse a la Firma Leach Anthony trabaj\u00f3 para el bufete de abogados de demandantes m\u00e1s grande del pa\u00eds, donde abogar\u00eda por los derechos e intereses de los empleados en todo el pa\u00eds y en todos los aspectos de la ley laboral.<\/p>\n\t<p><a href=\"https:\/\/theleachfirm.com\/anthony-j-hall\/\">Ver Biograf\u00eda<\/a><\/p>\n\n","protected":false},"excerpt":{"rendered":"<p>NUESTRO EQUIPO Experiencia en la que puede confiar. Los Resultados que se merece. Carlos Leach Carlos Leach es el socio gerente y fundador de la Firma Leach, AP. Antes de comenzar su firma en lesiones en Orlando, FL, el abogado Leach fue socio de una de las firmas de demandantes m\u00e1s grandes del pa\u00eds. Ver&hellip;<\/p>\n","protected":false},"author":1,"featured_media":0,"parent":0,"menu_order":0,"comment_status":"closed","ping_status":"closed","template":"","meta":{"inline_featured_image":false,"footnotes":""},"class_list":["post-1614","page","type-page","status-publish","hentry"],"_links":{"self":[{"href":"https:\/\/theleachfirm.com\/es\/wp-json\/wp\/v2\/pages\/1614","targetHints":{"allow":["GET"]}}],"collection":[{"href":"https:\/\/theleachfirm.com\/es\/wp-json\/wp\/v2\/pages"}],"about":[{"href":"https:\/\/theleachfirm.com\/es\/wp-json\/wp\/v2\/types\/page"}],"author":[{"embeddable":true,"href":"https:\/\/theleachfirm.com\/es\/wp-json\/wp\/v2\/users\/1"}],"replies":[{"embeddable":true,"href":"https:\/\/theleachfirm.com\/es\/wp-json\/wp\/v2\/comments?post=1614"}],"version-history":[{"count":1,"href":"https:\/\/theleachfirm.com\/es\/wp-json\/wp\/v2\/pages\/1614\/revisions"}],"predecessor-version":[{"id":3842,"href":"https:\/\/theleachfirm.com\/es\/wp-json\/wp\/v2\/pages\/1614\/revisions\/3842"}],"wp:attachment":[{"href":"https:\/\/theleachfirm.com\/es\/wp-json\/wp\/v2\/media?parent=1614"}],"curies":[{"name":"wp","href":"https:\/\/api.w.org\/{rel}","templated":true}]}}