{"id":1544,"date":"2022-05-20T03:21:48","date_gmt":"2022-05-20T07:21:48","guid":{"rendered":"https:\/\/theleachfirm.com\/carlos-leach\/"},"modified":"2024-12-08T00:45:52","modified_gmt":"2024-12-08T05:45:52","slug":"carlos-leach","status":"publish","type":"page","link":"https:\/\/theleachfirm.com\/es\/carlos-leach\/","title":{"rendered":"Carlos Leach"},"content":{"rendered":"\n\n\t\t\t\t<img decoding=\"async\" src=\"https:\/\/theleachfirm.com\/wp-content\/uploads\/2024\/09\/Carlos-Leach-scaled-e1726846429245.jpg\" alt=\"Carlos Leach\" itemprop=\"image\" height=\"2560\" width=\"1978\" title=\"Carlos Leach\" onerror=\"this.style.display='none'\"  \/>\n<h1>\n\t\tCarlos Leach\n\t<\/h1>\n\t<p>20 a\u00f1os de experiencia<\/p>\n\t<ul>\n    <li><a href=\"mailto:cleach@theleachfirm.com?Subject=Questions%20for%20Carlos\">email<\/a><\/li>\n    <li><a href=\"tel:(844) 722-7567\">phone<\/a><\/li>\n<\/ul>\n\tLl\u00e1menos al (844) 722-7567. Estamos encantados de ayudarle.<br \/>\nTambi\u00e9n puede completar el siguiente formulario y nos pondremos en contacto con usted.\n\t<p>Carlos Leach es socio director y fundador de Leach Firm, P.A. Antes de comenzar su firma especializada en lesiones en Orlando, FL; el abogado Leach era socio de una de las firmas de demandantes m\u00e1s grandes del pa\u00eds. Desde 2004, se ha dedicado a ayudar a personas de todo el pa\u00eds como su abogado de confianza en lesiones personales en Orlando, FL. El abogado Leach est\u00e1 bien versado en varias \u00e1reas de pr\u00e1ctica que involucran salarios no pagados, propinas, terminaci\u00f3n, discriminaci\u00f3n, lesiones personales y lesiones relacionadas con el trabajo.<\/p>\n<p>Carlos naci\u00f3 en Washington, D.C. y creci\u00f3 en Jackson, MS. Asisti\u00f3 a la Universidad del Sur en Baton Rouge, LA, donde recibi\u00f3 su Grado en Ciencias. en Econom\u00eda. Mientras asist\u00eda a la Universidad Southern, el Sr. Leach fue dos veces pateador de posici\u00f3n en el equipo de f\u00fatbol All-American. Carlos recibi\u00f3 su Doctorado en Jurisprudencia de la Facultad de Derecho de la Universidad de Loyola en Nueva Orleans, LA. Despu\u00e9s de la escuela de derecho, el Sr. Leach decidi\u00f3 que era hora de cambiar de escenario (y clima) y se mud\u00f3 a la soleada Orlando, Florida, donde comenz\u00f3 su carrera legal defendiendo a empleadores y aseguradoras en disputas laborales. Despu\u00e9s de dos a\u00f1os de perfeccionar su oficio desde la perspectiva de la defensa, el Sr. Leach decidi\u00f3 que era hora de usar sus conocimientos para luchar por la gente y no por los poderosos.<\/p>\n<p>El abogado Leach ha litigado cientos de casos en nombre de los demandantes y ha sido designado abogado principal de la clase en m\u00e1s de 20 acciones colectivas. En los \u00faltimos diez a\u00f1os, el Sr. Leach tambi\u00e9n ha tenido \u00e9xito obteniendo m\u00e1s de $20 millones en nombre de sus clientes. Adem\u00e1s de su pr\u00e1ctica como litigante, el Sr. Leach es un disertante frecuente sobre varios temas legales y aparece en muchos canales de noticias y art\u00edculos period\u00edsticos.<\/p>\n<p>Adem\u00e1s de su pr\u00e1ctica, el Sr. Leach dedica su tiempo a ayudar a los ciudadanos indigentes. El abogado Leach tiene m\u00faltiples premios como altruista sin retribuci\u00f3n por su trabajo incansable para ayudar a los ciudadanos desfavorecidos en asuntos legales. Actualmente reside en Orlando con su esposa y dos hijos.<\/p>\n<h3>\n\t\t Call us at (844) 722-7567. We&#8217;re happy to help. \n\t<\/h3>\n\t<p>You can also complete the form below, and we will reach out to you.<\/p>\n\t\n<div class=\"wpcf7 no-js\" id=\"wpcf7-f3150-o1\" lang=\"es-ES\" dir=\"ltr\" data-wpcf7-id=\"3150\">\n<div class=\"screen-reader-response\"><p role=\"status\" aria-live=\"polite\" aria-atomic=\"true\"><\/p> <ul><\/ul><\/div>\n<form action=\"\/es\/wp-json\/wp\/v2\/pages\/1544#wpcf7-f3150-o1\" method=\"post\" class=\"wpcf7-form init\" aria-label=\"Formulario de contacto\" novalidate=\"novalidate\" data-status=\"init\">\n<fieldset class=\"hidden-fields-container\"><input type=\"hidden\" name=\"_wpcf7\" value=\"3150\" \/><input type=\"hidden\" name=\"_wpcf7_version\" value=\"6.1.5\" \/><input type=\"hidden\" name=\"_wpcf7_locale\" value=\"es_ES\" \/><input type=\"hidden\" name=\"_wpcf7_unit_tag\" value=\"wpcf7-f3150-o1\" \/><input type=\"hidden\" name=\"_wpcf7_container_post\" value=\"0\" \/><input type=\"hidden\" name=\"_wpcf7_posted_data_hash\" value=\"\" \/>\n<\/fieldset>\n<p><span class=\"wpcf7-form-control-wrap\" data-name=\"your-first\"><input size=\"40\" maxlength=\"400\" class=\"wpcf7-form-control wpcf7-text wpcf7-validates-as-required\" aria-required=\"true\" aria-invalid=\"false\" placeholder=\"First Name\" value=\"\" type=\"text\" name=\"your-first\" \/><\/span><br \/>\n<span class=\"wpcf7-form-control-wrap\" data-name=\"your-last\"><input size=\"40\" maxlength=\"400\" class=\"wpcf7-form-control wpcf7-text wpcf7-validates-as-required\" aria-required=\"true\" aria-invalid=\"false\" placeholder=\"Last Name\" value=\"\" type=\"text\" name=\"your-last\" \/><\/span><br \/>\n<span class=\"wpcf7-form-control-wrap\" data-name=\"your-email\"><input size=\"40\" maxlength=\"400\" class=\"wpcf7-form-control wpcf7-email wpcf7-validates-as-required wpcf7-text wpcf7-validates-as-email\" aria-required=\"true\" aria-invalid=\"false\" placeholder=\"Your Email\" value=\"\" type=\"email\" name=\"your-email\" \/><\/span><br \/>\n<span class=\"wpcf7-form-control-wrap\" data-name=\"your-phone\"><input size=\"40\" maxlength=\"400\" class=\"wpcf7-form-control wpcf7-text wpcf7-validates-as-required\" aria-required=\"true\" aria-invalid=\"false\" placeholder=\"Phone\" value=\"\" type=\"text\" name=\"your-phone\" \/><\/span><br \/>\n<span class=\"wpcf7-form-control-wrap\" data-name=\"your-message\"><textarea cols=\"40\" rows=\"10\" maxlength=\"2000\" class=\"wpcf7-form-control wpcf7-textarea wpcf7-validates-as-required\" aria-required=\"true\" aria-invalid=\"false\" placeholder=\"Comment\" name=\"your-message\"><\/textarea><\/span><br \/>\n<input class=\"wpcf7-form-control wpcf7-submit has-spinner\" type=\"submit\" value=\"Send\" \/>\n<\/p><p style=\"display: none !important;\" class=\"akismet-fields-container\" data-prefix=\"_wpcf7_ak_\"><label>&#916;<textarea name=\"_wpcf7_ak_hp_textarea\" cols=\"45\" rows=\"8\" maxlength=\"100\"><\/textarea><\/label><input type=\"hidden\" id=\"ak_js_1\" name=\"_wpcf7_ak_js\" value=\"92\"\/><script>document.getElementById( \"ak_js_1\" ).setAttribute( \"value\", ( new Date() ).getTime() );<\/script><\/p><div class=\"wpcf7-response-output\" aria-hidden=\"true\"><\/div>\n<\/form>\n<\/div>\n\n\n","protected":false},"excerpt":{"rendered":"<p>Carlos Leach 20 a\u00f1os de experiencia email phone Ll\u00e1menos al (844) 722-7567. Estamos encantados de ayudarle. Tambi\u00e9n puede completar el siguiente formulario y nos pondremos en contacto con usted. Carlos Leach es socio director y fundador de Leach Firm, P.A. Antes de comenzar su firma especializada en lesiones en Orlando, FL; el abogado Leach era&hellip;<\/p>\n","protected":false},"author":1,"featured_media":0,"parent":0,"menu_order":0,"comment_status":"closed","ping_status":"closed","template":"","meta":{"inline_featured_image":false,"footnotes":""},"class_list":["post-1544","page","type-page","status-publish","hentry"],"_links":{"self":[{"href":"https:\/\/theleachfirm.com\/es\/wp-json\/wp\/v2\/pages\/1544","targetHints":{"allow":["GET"]}}],"collection":[{"href":"https:\/\/theleachfirm.com\/es\/wp-json\/wp\/v2\/pages"}],"about":[{"href":"https:\/\/theleachfirm.com\/es\/wp-json\/wp\/v2\/types\/page"}],"author":[{"embeddable":true,"href":"https:\/\/theleachfirm.com\/es\/wp-json\/wp\/v2\/users\/1"}],"replies":[{"embeddable":true,"href":"https:\/\/theleachfirm.com\/es\/wp-json\/wp\/v2\/comments?post=1544"}],"version-history":[{"count":0,"href":"https:\/\/theleachfirm.com\/es\/wp-json\/wp\/v2\/pages\/1544\/revisions"}],"wp:attachment":[{"href":"https:\/\/theleachfirm.com\/es\/wp-json\/wp\/v2\/media?parent=1544"}],"curies":[{"name":"wp","href":"https:\/\/api.w.org\/{rel}","templated":true}]}}