{"id":1540,"date":"2022-05-13T13:13:11","date_gmt":"2022-05-13T17:13:11","guid":{"rendered":"https:\/\/theleachfirm.com\/lesiones-personales\/abogado-experto-en-muerte-por-negligencia-que-presta-servicios-en-florida-y-georgia\/"},"modified":"2022-05-13T13:13:11","modified_gmt":"2022-05-13T17:13:11","slug":"abogado-experto-en-muerte-por-negligencia-que-presta-servicios-en-florida-y-georgia","status":"publish","type":"page","link":"https:\/\/theleachfirm.com\/es\/lesiones-personales\/abogado-experto-en-muerte-por-negligencia-que-presta-servicios-en-florida-y-georgia\/","title":{"rendered":"Abogado Experto en muerte por negligencia que presta servicios en Florida y Georgia"},"content":{"rendered":"<p><span style=\"font-weight: 400;\">Perder a un ser querido nunca es f\u00e1cil, especialmente cuando enfrenta decisiones legales y financieras inesperadas. Si una muerte prematura result\u00f3 de la imprudencia, negligencia o acto deliberado de otra persona, debe hablar con un abogado experto en muerte por negligencia. The Leach Firm, AP, podr\u00eda ayudar lea superar este momento dif\u00edcil trabajando para lograr las soluciones legales m\u00e1s justas posibles para su caso. <\/span><span style=\"font-weight: 400;\"><br \/>\n<\/span><span style=\"font-weight: 400;\"><br \/>\n<\/span><span style=\"font-weight: 400;\">Los casos de muerte por negligencia pueden involucrar productos defectuosos o que funcionan mal, negligencia m\u00e9dica, accidentes automovil\u00edsticos o de camiones, ca\u00eddas causadas por condiciones peligrosas, peligros en el lugar de trabajo y acciones criminales, por nombrar algunos. Cuando su ser querido result\u00f3 herido o muri\u00f3 en una situaci\u00f3n que pudo haber sido causada por el comportamiento negligente o deliberado de otro, hable con nosotros hoy.. Nuestro equipo legal experimentado podr\u00eda ayudarle a encontrar respuestas y una compensaci\u00f3n por sus p\u00e9rdidas.<\/span><\/p>\n<h2>\u00bfQue se acepta como muerte por negligencia?<\/h2>\n<p><span style=\"font-weight: 400;\">Una muerte por negligencia generalmente se define como una instancia en la que una persona falla como resultado de la negligencia u otra mala conducta de otra persona o entidad (por ejemplo, una empresa). La negligencia involucra a una persona o entidad que no act\u00faa de manera responsable, mientras que la mala conducta puede referirse a un comportamiento imprudente o un da\u00f1o intencional causado por otra persona.<\/span><\/p>\n<h2>\u00bfCu\u00e1les son los tipos comunes de muerte por negligencia?<\/h2>\n<p><span style=\"font-weight: 400;\">Las situaciones que conducen a casos de muerte por negligencia pueden presentarse en muchas formas, pero algunas ocurren con m\u00e1s frecuencia que otras. Generalmente los accidentes automovil\u00edsticos son algunos de los m\u00e1s comunes. Un caso t\u00edpico es el de un conductor que est\u00e1 acelerando o conduciendo un veh\u00edculo de manera imprudente y que como resultado causa la muerte de otra persona puede ser considerado responsable de muerte por negligencia<\/span><span style=\"font-weight: 400;\"><br \/>\n<\/span><span style=\"font-weight: 400;\"><br \/>\n<\/span><span style=\"font-weight: 400;\">Los casos de negligencia m\u00e9dica son otro tipo com\u00fan de caso de muerte por negligencia. Los m\u00e9dicos pueden ser considerados responsables por no presentar una afecci\u00f3n, hacer un diagn\u00f3stico errado de un paciente o no ordenar las pruebas adecuadas. Un abogado especialista en muerte por negligencia puede demostrar que un profesional m\u00e9dico razonable habr\u00eda tomado la determinaci\u00f3n correcta en las mismas circunstancias.<\/span><\/p>\n<p><span style=\"font-weight: 400;\">Otros tipos comunes de casos de muerte por negligencia incluyen los que surgen de fallas en el producto o accidentes por resbalones y ca\u00eddas en la propiedad de otra persona. Los productos defectuosos y las condiciones peligrosas en las instalaciones de otros pueden causar lesiones que provocan la muerte, incluso cuando la v\u00edctima act\u00faa con la debida precauci\u00f3n.<\/span><\/p>\n<h2>\u00bfCu\u00e1nto tiempo tiene para presentar una demanda por homicidio culposo?<\/h2>\n<p><span style=\"font-weight: 400;\">Tanto en Georgia como en Florida, el estatuto de limitaciones para una demanda por homicidio culposo es de dos a\u00f1os. Este per\u00edodo comienza en la fecha de la muerte del individuo, no en la fecha del accidente o suceso. Entonces, si su ser querido estuvo en el hospital durante semanas o meses antes de fallecer, tiene dos a\u00f1os a partir de la fecha de fallecimiento para presentar un reclamo. Sin embargo, es necesario comenzar a recopilar evidencia para armar su caso mucho antes de la fecha l\u00edmite legal, por lo que puede ser \u00fatil consultar a un abogado experto en homicidio culposo tan pronto como sospeche que una muerte puede haber sido causada por la falta de comportamiento responsable de otra persona.\u00a0<\/span><\/p>\n<h2>\u00bfQui\u00e9n puede demandar por muerte por negligencia?<\/h2>\n<p><span style=\"font-weight: 400;\">En general, la familia cercana de la persona que falleci\u00f3 es elegible para presentar una demanda por muerte por negligencia. Esta incluye al c\u00f3nyuge, los hijos o los padres de la persona. En muchos casos, los hijos adoptivos o los hijos de padres solteros tambi\u00e9n pueden presentar un reclamo, as\u00ed como los parientes consangu\u00edneos que depend\u00edan de la persona fallecida para su manutenci\u00f3n.<\/span><\/p>\n<h2>\u00bfCu\u00e1n dif\u00edcil es probar la muerte por negligencia?<\/h2>\n<p><span style=\"font-weight: 400;\">Probar la culpa en una demanda por homicidio culposo puede ser un desaf\u00edo, por lo que es importante trabajar con un profesional del derecho que est\u00e9 familiarizado con este tipo de casos. El demandante debe probar por preponderancia de la evidencia que el demandado fue negligente o tuvo una mala conducta intencional, lo que puede representar para muchas familias un obst\u00e1culo importante . Para tener \u00e9xito, necesitar\u00e1 tener evidencia para demostrar que la persona incumpli\u00f3 con su deber y que sus acciones causaron directamente la muerte de su ser querido. Los abogados expertos en muerte por negligencia a menudo traen testigos expertos para ayudar a probar la relaci\u00f3n causal.<\/span><\/p>\n<h2>Hable con un Abogado Experto en muerte por negligencia que presta servicios en Florida y Georgia<\/h2>\n<p><span style=\"font-weight: 400;\">Nuestro <\/span><a href=\"https:\/\/theleachfirm.com\/meet-carlos\/\"><span style=\"font-weight: 400;\">abogado especialista en lesiones personales <\/span><\/a><span style=\"font-weight: 400;\">comprende lo dif\u00edcil que puede ser tomar decisiones despu\u00e9s de una muerte, pero tambi\u00e9n sabe lo importante que es continuar con su caso lo m\u00e1s r\u00e1pido posible. Dentro de una d\u00e9cada, es posible que a\u00fan sienta el impacto financiero y emocional de su p\u00e9rdida, pero no podr\u00e1 presentar un reclamo legal. El momento de actuar es ahora.<\/span><\/p>\n<p><span style=\"font-weight: 400;\">Consultar a un abogado especializado en muerte por negligencia puede proteger el futuro de su familia y ayudarle a encontrar la paz. Usted nos paga solamente si recuperamos una compensaci\u00f3n para usted y su familia. <\/span><a href=\"https:\/\/theleachfirm.com\/contact-us\/\"><span style=\"font-weight: 400;\">Cont\u00e1ctenos <\/span><\/a><span style=\"font-weight: 400;\">hoy para programar una consulta gratuita.<\/span><\/p>\n<p><span style=\"font-weight: 400;\">Se habla espa\u00f1ol.<\/span><\/p>\n","protected":false},"excerpt":{"rendered":"<p>Perder a un ser querido nunca es f\u00e1cil, especialmente cuando enfrenta decisiones legales y financieras inesperadas. Si una muerte prematura result\u00f3 de la imprudencia, negligencia o acto deliberado de otra persona, debe hablar con un abogado experto en muerte por negligencia. The Leach Firm, AP, podr\u00eda ayudar lea superar este momento dif\u00edcil trabajando para lograr&hellip;<\/p>\n","protected":false},"author":1,"featured_media":0,"parent":1248,"menu_order":0,"comment_status":"closed","ping_status":"closed","template":"","meta":{"inline_featured_image":false,"footnotes":""},"class_list":["post-1540","page","type-page","status-publish","hentry"],"_links":{"self":[{"href":"https:\/\/theleachfirm.com\/es\/wp-json\/wp\/v2\/pages\/1540","targetHints":{"allow":["GET"]}}],"collection":[{"href":"https:\/\/theleachfirm.com\/es\/wp-json\/wp\/v2\/pages"}],"about":[{"href":"https:\/\/theleachfirm.com\/es\/wp-json\/wp\/v2\/types\/page"}],"author":[{"embeddable":true,"href":"https:\/\/theleachfirm.com\/es\/wp-json\/wp\/v2\/users\/1"}],"replies":[{"embeddable":true,"href":"https:\/\/theleachfirm.com\/es\/wp-json\/wp\/v2\/comments?post=1540"}],"version-history":[{"count":0,"href":"https:\/\/theleachfirm.com\/es\/wp-json\/wp\/v2\/pages\/1540\/revisions"}],"up":[{"embeddable":true,"href":"https:\/\/theleachfirm.com\/es\/wp-json\/wp\/v2\/pages\/1248"}],"wp:attachment":[{"href":"https:\/\/theleachfirm.com\/es\/wp-json\/wp\/v2\/media?parent=1540"}],"curies":[{"name":"wp","href":"https:\/\/api.w.org\/{rel}","templated":true}]}}