{"id":1539,"date":"2022-05-13T13:09:37","date_gmt":"2022-05-13T17:09:37","guid":{"rendered":"https:\/\/theleachfirm.com\/lesiones-personales\/abogado-experto-en-accidentes-de-uber-y-lyft-en-florida-y-georgia\/"},"modified":"2024-03-02T20:29:32","modified_gmt":"2024-03-03T01:29:32","slug":"abogado-experto-en-accidentes-de-uber-y-lyft-en-florida-y-georgia","status":"publish","type":"page","link":"https:\/\/theleachfirm.com\/es\/lesiones-personales\/abogado-experto-en-accidentes-de-uber-y-lyft-en-florida-y-georgia\/","title":{"rendered":"Abogado Experto en Accidentes de Uber y Lyft en Florida y Georgia"},"content":{"rendered":"<p><span style=\"font-weight: 400;\">Millones de personas usan aplicaciones como Uber y Lyft para compartir viajes, especialmente en estados tur\u00edsticos como Florida y Georgia. Como ocurre con la mayor\u00eda de otras actividades que involucran autom\u00f3viles, lamentablemente esto ha resultado en accidentes. Si bien estar involucrado en cualquier tipo de accidente automovil\u00edstico o lesi\u00f3n es una experiencia traum\u00e1tica, es importante considerar sus opciones legales para obtener una compensaci\u00f3n por sus lesiones. De hecho, contratar a un abogado puede ser de gran ayuda para recuperarse y tener una compensaci\u00f3n por la p\u00e9rdida de salarios, honorarios m\u00e9dicos y otros costos.<\/span><\/p>\n<p><span style=\"font-weight: 400;\">The Leach Firm, AP ayuda a los clientes que han sufrido un accidente de Uber o Lyft en Florida o Georgia. Si su conductor fue negligente o descuidado, es posible que podamos ayudarla a que se responsabilizarse por el accidente y presentar un reclamo contra su aseguradora. Si tuvo un accidente con un conductor de Uber o Lyft debido a negligencia de otro conductor, es posible que podamos ayudarle a obtener una compensaci\u00f3n contra el conductor culpable. Con m\u00e1s de 50 a\u00f1os de experiencia combinada, The Leach Firm, AP puede brindarle atenci\u00f3n legal, asesoramiento y el apoyo que necesita para recuperarse de sus lesiones.<\/span><\/p>\n<h2>Responsabilizar a los conductores de Uber y Lyft por su accidente<\/h2>\n<p><span style=\"font-weight: 400;\">Al igual que otros automovilistas, los conductores de Uber y Lyft generalmente deben tener un seguro para su veh\u00edculo. Adem\u00e1s, Uber y Lfyt tambi\u00e9n tiene su propio seguro. Nuestros abogados especialistas en accidentes de Uber y Lyft pueden ayudarle a descubrir qui\u00e9n es responsable de sus lesiones y qui\u00e9n debe ser responsable de sus gastos. Asistimos a clientes que han sufrido lesiones tales como lesiones en la columna, lesiones cerebrales traum\u00e1ticas, muerte por negligencia, cortes profundos, laceraciones o hematomas, quemaduras, huesos rotos y otros da\u00f1os como resultado de un accidente de Uber y Lyft.<\/span><\/p>\n<p><span style=\"font-weight: 400;\">Con experimentado asesoramiento legal y defensa, nuestra firma ayuda a los clientes a obtener una compensaci\u00f3n por sus salarios perdidos, honorarios m\u00e9dicos, dolor y sufrimiento, da\u00f1os a veh\u00edculos y otras p\u00e9rdidas aplicables. Hemos ayudado a clientes de todas las edades y or\u00edgenes a obtener justicia por un accidente de Uber o Lyft. Nuestros abogados especialistas en accidentes de Uber y Lyft tratan su caso con la empat\u00eda y la compasi\u00f3n que merece mientras luchamos por usted y su familia.<\/span><\/p>\n<h2>Llame a un abogado especialista en accidentes de Uber y Lyft en Florida y Georgia<\/h2>\n<p><span style=\"font-weight: 400;\">No deber\u00eda tener que lidiar solo con las lesiones de un accidente de Uber o Lyft. Llamandoa uno de nuestros abogados hoy al (844) 722-7567, puede ahorrarse tiempo, estr\u00e9s adicional y costos legales mientras busca justicia por su accidente. Priorizamos la curaci\u00f3n para usted y su familia despu\u00e9s de un accidente y trabajaremos para que su caso avance hacia la mejor resoluci\u00f3n posible.<\/span><\/p>\n<p><span style=\"font-weight: 400;\">Para obtener ayuda con un accidente de Uber o Lyft hoy, <a href=\"https:\/\/theleachfirm.com\/es\/contactenos\/\">comun\u00edquese<\/a> con los abogados de The Leach Firm, AP Estamos orgullosos de ofrecer servicios para accidentes y lesiones personales a las v\u00edctimas y sus familias. Nuestros abogados especializados en accidentes de Uber y Lyft prestan servicios en los estados de Florida y Georgia y con todo gusto responder\u00e1n cualquier pregunta que pueda tener. Para comenzar, simplemente llame a nuestra oficina al <a href=\"tel:(844) 722-7567\">(844) 722-7567<\/a>. Esperamos poder servirle.<\/span><\/p>\n","protected":false},"excerpt":{"rendered":"<p>Millones de personas usan aplicaciones como Uber y Lyft para compartir viajes, especialmente en estados tur\u00edsticos como Florida y Georgia. Como ocurre con la mayor\u00eda de otras actividades que involucran autom\u00f3viles, lamentablemente esto ha resultado en accidentes. Si bien estar involucrado en cualquier tipo de accidente automovil\u00edstico o lesi\u00f3n es una experiencia traum\u00e1tica, es importante&hellip;<\/p>\n","protected":false},"author":1,"featured_media":0,"parent":1248,"menu_order":0,"comment_status":"closed","ping_status":"closed","template":"","meta":{"inline_featured_image":false,"footnotes":""},"class_list":["post-1539","page","type-page","status-publish","hentry"],"_links":{"self":[{"href":"https:\/\/theleachfirm.com\/es\/wp-json\/wp\/v2\/pages\/1539","targetHints":{"allow":["GET"]}}],"collection":[{"href":"https:\/\/theleachfirm.com\/es\/wp-json\/wp\/v2\/pages"}],"about":[{"href":"https:\/\/theleachfirm.com\/es\/wp-json\/wp\/v2\/types\/page"}],"author":[{"embeddable":true,"href":"https:\/\/theleachfirm.com\/es\/wp-json\/wp\/v2\/users\/1"}],"replies":[{"embeddable":true,"href":"https:\/\/theleachfirm.com\/es\/wp-json\/wp\/v2\/comments?post=1539"}],"version-history":[{"count":0,"href":"https:\/\/theleachfirm.com\/es\/wp-json\/wp\/v2\/pages\/1539\/revisions"}],"up":[{"embeddable":true,"href":"https:\/\/theleachfirm.com\/es\/wp-json\/wp\/v2\/pages\/1248"}],"wp:attachment":[{"href":"https:\/\/theleachfirm.com\/es\/wp-json\/wp\/v2\/media?parent=1539"}],"curies":[{"name":"wp","href":"https:\/\/api.w.org\/{rel}","templated":true}]}}