{"id":1533,"date":"2022-05-06T16:44:05","date_gmt":"2022-05-06T20:44:05","guid":{"rendered":"https:\/\/theleachfirm.com\/lesiones-personales\/un-abogado-con-responsabilidad-sobre-determinadas-instalaciones-que-presta-servicios-en-florida-y-georgia\/"},"modified":"2022-05-06T16:44:05","modified_gmt":"2022-05-06T20:44:05","slug":"un-abogado-con-responsabilidad-sobre-determinadas-instalaciones-que-presta-servicios-en-florida-y-georgia","status":"publish","type":"page","link":"https:\/\/theleachfirm.com\/es\/lesiones-personales\/un-abogado-con-responsabilidad-sobre-determinadas-instalaciones-que-presta-servicios-en-florida-y-georgia\/","title":{"rendered":"Un abogado con responsabilidad sobre determinadas instalaciones que presta servicios en Florida y Georgia"},"content":{"rendered":"<p><span style=\"font-weight: 400;\">Los propietarios, operadores y administradores de propiedades tienen la responsabilidad de garantizar que sus ubicaciones est\u00e9n libres de peligros y sean seguras para las personas. Si no cumplen con sus deberes, entonces pueden ser responsables de las lesiones que resulten.<\/span><\/p>\n<p><span style=\"font-weight: 400;\">Si usted o un ser querido sufrieron lesiones mientras se encontraban en la propiedad de otra persona, es importante consultar a un abogado con experiencia en la responsabilidad de locales antes de responder cualquier pregunta de los investigadores o las compa\u00f1\u00edas de seguros. <\/span><a href=\"https:\/\/theleachfirm.com\/personal-injury\/\"><span style=\"font-weight: 400;\">\u00a0<\/span><span style=\"font-weight: 400;\">UN abogado especialista en lesiones personales <\/span><\/a><span style=\"font-weight: 400;\">que comprenda las leyes de Georgia y Florida con respecto a las <\/span><a href=\"https:\/\/theleachfirm.com\/personal-injury\/slip-fall-accidents\/\"><span style=\"font-weight: 400;\">lesiones por resbalones y ca\u00eddas <\/span><\/a><span style=\"font-weight: 400;\">y otros problemas de responsabilidad por las instalaciones, podr\u00eda revisar las circunstancias de su caso, determinar qui\u00e9n podr\u00eda ser responsable y luchar para obtener una compensaci\u00f3n justa.<\/span><\/p>\n<h2>Tipos de casos de responsabilidad sobre instalaciones que manejamos<\/h2>\n<p><span style=\"font-weight: 400;\">Los casos de responsabilidad de locales a menudo implican atractivos estorbos, que pueden responsabilizar a un propietario por caracter\u00edsticas peligrosas que conoc\u00edan o deber\u00edan haber conocido y que generalmente atraen a los ni\u00f1os. Por ejemplo, los propietarios de terrenos pueden ser legalmente responsables de las lesiones causadas por peligros en edificios abandonados, trampolines, piscinas y parques infantiles.<\/span><\/p>\n<p><span style=\"font-weight: 400;\">Otros casos en los que hemos trabajado en Georgia y Florida incluyen:<\/span><\/p>\n<ul>\n<li style=\"font-weight: 400;\" aria-level=\"1\"><span style=\"font-weight: 400;\">Accidentes por resbalones y ca\u00eddas que involucran resbalones o tropiezos.<\/span><\/li>\n<li style=\"font-weight: 400;\" aria-level=\"1\"><span style=\"font-weight: 400;\">Accidentes de fraternidad o hermandad de mujeres\/incidentes de novatadas.<\/span><\/li>\n<li style=\"font-weight: 400;\" aria-level=\"1\"><span style=\"font-weight: 400;\">Casos de seguridad negligente que involucran asalto y agresi\u00f3n en garajes y lotes de estacionamiento, hoteles u otros negocios.<\/span><\/li>\n<li style=\"font-weight: 400;\" aria-level=\"1\"><span style=\"font-weight: 400;\">Exposici\u00f3n a sustancias t\u00f3xicas o peligrosas.<\/span><\/li>\n<li style=\"font-weight: 400;\" aria-level=\"1\"><span style=\"font-weight: 400;\">Mordidas de Perro<\/span><\/li>\n<li style=\"font-weight: 400;\" aria-level=\"1\"><span style=\"font-weight: 400;\">Accidentes en la construcci\u00f3n o en el lugar de trabajo.<\/span><\/li>\n<\/ul>\n<p><span style=\"font-weight: 400;\">Si usted o un ser querido ha resultado lesionado en la propiedad de otra persona, es natural que tenga preguntas sobre su accidente y responsabilidad. Algunas de las preguntas m\u00e1s comunes que nos hacen incluyen:<\/span><\/p>\n<h2>\u00bfQu\u00e9 es un reclamo por responsabilidad de las instalaciones?<\/h2>\n<p><span style=\"font-weight: 400;\">Los reclamos por responsabilidad de la instalaciones buscan establecer que una lesi\u00f3n se debi\u00f3 a negligencia por parte del propietario, administrador u ocupante de una propiedad. La responsabilidad por las instalaciones se basa en la idea de que quienquiera que sea responsable de mantener una propiedad es responsable de prevenir lesiones que podr\u00edan ser causadas por condiciones inseguras.<\/span><\/p>\n<p><span style=\"font-weight: 400;\">\u00a0<\/span><span style=\"font-weight: 400;\">Escalones defectuosos, barandillas rotas o faltantes, pasillos irregulares o agujeros en el piso son ejemplos de peligros que el due\u00f1o de una propiedad debe reparar de inmediato. Si un local est\u00e1 en condiciones peligrosas por el que alguien fue responsable de arreglar, pero no tom\u00f3 ninguna medida, puede ser responsable de todos los costos asociados con su lesi\u00f3n. Estos costos pueden incluir facturas m\u00e9dicas y p\u00e9rdida de ingresos por d\u00edas de trabajo perdidos y otras cargas financieras.<\/span><\/p>\n<h2>\u00bfCu\u00e1l es la diferencia entre la responsabilidad por las instalaciones y la responsabilidad personal?<\/h2>\n<p><span style=\"font-weight: 400;\">La responsabilidad por las instalaciones cubre los incidentes que son inherentes a las instalaciones. Por ejemplo, el propietario de una propiedad de alquiler responsable del mantenimiento de una pasarela es responsable si alguien tropieza y se cae porque la superficie es irregular. Por el contrario, el inquilino del alquiler puede ser personalmente responsable si debiera haber quitado los escombros de los escalones de su porche y un repartidor tropez\u00f3 y se cay\u00f3 mientras entregaba un paquete.<\/span><\/p>\n<p><span style=\"font-weight: 400;\">\u00a0<\/span><span style=\"font-weight: 400;\">Un reclamo por responsabilidad de las instalaciones recae sobre quien sea responsable de construir o mantener un local, mientras que la responsabilidad personal involucra las acciones de una persona que puede o no ser due\u00f1a de la propiedad. Determinar qui\u00e9n debe ser considerado responsable de una lesi\u00f3n personal es un componente cr\u00edtico de cada caso. Los abogados expertos en responsabilidad de instalaciones en The Leach Firm, AP., tienen una amplia experiencia en la evaluaci\u00f3n de la responsabilidad y la b\u00fasqueda de una compensaci\u00f3n justa.<\/span><\/p>\n<h2>\u00bfSe puede demandar al due\u00f1o de una propiedad por negligencia?<\/h2>\n<p><span style=\"font-weight: 400;\">El propietario de una propiedad no es autom\u00e1ticamente responsable de los da\u00f1os que ocurran en las instalaciones; usted debe probar que el propietario actu\u00f3 con negligencia. Solo tiene sentido presentar una demanda cuando el due\u00f1o de una propiedad puede razonablemente ser responsable por la lesi\u00f3n que ocurri\u00f3 en las instalaciones.<\/span><\/p>\n<p><span style=\"font-weight: 400;\">\u00a0<\/span><span style=\"font-weight: 400;\">No hacer reparaciones razonables, tales como reemplazar un escal\u00f3n roto en una escalera, puede considerarse como negligencia. Sin embargo, cuando alguien se tropieza en unas escaleras bien mantenidas y bien iluminadas, es posible que el propietario no sea responsable por negligencia. Consulte a un abogado experimentado en responsabilidad por instalaciones de Florida con los detalles de su lesi\u00f3n para ver cu\u00e1n bien su caso prueba la negligencia en nombre del propietario.<\/span><\/p>\n<h2>\u00bfQu\u00e9 es un estorbo atractivo?<\/h2>\n<p><span style=\"font-weight: 400;\">Un <\/span><span style=\"font-weight: 400;\">estorbo atractivo<\/span><span style=\"font-weight: 400;\"> es un \u00e1rea, objeto o situaci\u00f3n en la propiedad de alguien que probablemente atraiga a los ni\u00f1os, pero que no es seguro para que jueguen o se acerquen. Piscinas, estanques de drenaje, l equipos de juegos da\u00f1ados, trampolines, edificios abandonados u otras cosas que probablemente atraigan la curiosidad de un ni\u00f1o son ejemplos de \u00abestorbos atractivos\u00bb. El due\u00f1o de una propiedad puede ser considerado responsable de las lesiones que resulten de los peligros que el propietario deber\u00eda haber abordado, pero no lo hizo. Para obtener m\u00e1s informaci\u00f3n sobre si su caso constituye negligencia seg\u00fan la doctrina del estorbo atractivo, hable con uno de los abogados expertos de Leach Firm, AP.<\/span><\/p>\n<p><span style=\"font-weight: 400;\">Nos complace ofrecer consultas gratuitas con un abogado experto en lesiones personales en ingl\u00e9s o espa\u00f1ol para analizar sus opciones. Puede confiar en nosotros para proporcionarle el conocimiento y los recursos que necesita para armar un caso convincente.<\/span><\/p>\n<h2>No espere para ponerse en contacto con un abogado experto en responsabilidad por locales en Florida o Georgia<\/h2>\n<p><span style=\"font-weight: 400;\">Los abogados de Leach Firm, AP pueden ayudarle a responder las preguntas de los investigadores que buscar\u00e1n razones para negar la responsabilidad. Nuestro experimentado equipo legal sabe c\u00f3mo hacer frente a las compa\u00f1\u00edas de seguros y aprovechar al m\u00e1ximo su reclamo. Para obtener una consulta gratuita para obtener m\u00e1s informaci\u00f3n sobre c\u00f3mo podemos ayudarle a recuperarse despu\u00e9s de un accidente de resbal\u00f3n y ca\u00edda, u otra situaci\u00f3n que involucre lesiones en las instalaciones de otra persona,<\/span><a href=\"https:\/\/theleachfirm.com\/contact-us\/\"> <span style=\"font-weight: 400;\">cont\u00e1ctenos <\/span><\/a><span style=\"font-weight: 400;\">ahora<\/span><\/p>\n<p><span style=\"font-weight: 400;\">Se Habla Espa\u00f1ol .<\/span><\/p>\n","protected":false},"excerpt":{"rendered":"<p>Los propietarios, operadores y administradores de propiedades tienen la responsabilidad de garantizar que sus ubicaciones est\u00e9n libres de peligros y sean seguras para las personas. Si no cumplen con sus deberes, entonces pueden ser responsables de las lesiones que resulten. Si usted o un ser querido sufrieron lesiones mientras se encontraban en la propiedad de&hellip;<\/p>\n","protected":false},"author":1,"featured_media":0,"parent":1248,"menu_order":0,"comment_status":"closed","ping_status":"closed","template":"","meta":{"inline_featured_image":false,"footnotes":""},"class_list":["post-1533","page","type-page","status-publish","hentry"],"_links":{"self":[{"href":"https:\/\/theleachfirm.com\/es\/wp-json\/wp\/v2\/pages\/1533","targetHints":{"allow":["GET"]}}],"collection":[{"href":"https:\/\/theleachfirm.com\/es\/wp-json\/wp\/v2\/pages"}],"about":[{"href":"https:\/\/theleachfirm.com\/es\/wp-json\/wp\/v2\/types\/page"}],"author":[{"embeddable":true,"href":"https:\/\/theleachfirm.com\/es\/wp-json\/wp\/v2\/users\/1"}],"replies":[{"embeddable":true,"href":"https:\/\/theleachfirm.com\/es\/wp-json\/wp\/v2\/comments?post=1533"}],"version-history":[{"count":0,"href":"https:\/\/theleachfirm.com\/es\/wp-json\/wp\/v2\/pages\/1533\/revisions"}],"up":[{"embeddable":true,"href":"https:\/\/theleachfirm.com\/es\/wp-json\/wp\/v2\/pages\/1248"}],"wp:attachment":[{"href":"https:\/\/theleachfirm.com\/es\/wp-json\/wp\/v2\/media?parent=1533"}],"curies":[{"name":"wp","href":"https:\/\/api.w.org\/{rel}","templated":true}]}}