{"id":1531,"date":"2022-05-06T16:37:41","date_gmt":"2022-05-06T20:37:41","guid":{"rendered":"https:\/\/theleachfirm.com\/lesiones-personales\/abogado-experto-en-resbalones-y-caidas-lucha-por-su-recuperacion-en-florida-y-georgia\/"},"modified":"2024-03-02T20:29:13","modified_gmt":"2024-03-03T01:29:13","slug":"abogado-experto-en-resbalones-y-caidas-lucha-por-su-recuperacion-en-florida-y-georgia","status":"publish","type":"page","link":"https:\/\/theleachfirm.com\/es\/lesiones-personales\/abogado-experto-en-resbalones-y-caidas-lucha-por-su-recuperacion-en-florida-y-georgia\/","title":{"rendered":"Abogado experto en resbalones y ca\u00eddas lucha por su recuperaci\u00f3n en Florida y Georgia"},"content":{"rendered":"<p><span style=\"font-weight: 400;\">Si se cay\u00f3 y se lastim\u00f3 mientras estaba en la propiedad de otra persona, podr\u00eda ser elegible para recibir una compensaci\u00f3n por su dolor, sufrimiento y otras p\u00e9rdidas. Sin embargo, es importante tomar medidas para proteger sus derechos y su capacidad para recuperar da\u00f1os legales.<\/span><\/p>\n<p><span style=\"font-weight: 400;\">Es una buena idea obtener el asesoramiento de un abogado experto en resbalones y ca\u00eddas antes de responder las preguntas de los investigadores o hablar con las compa\u00f1\u00edas de seguros. UN<\/span><a href=\"https:\/\/theleachfirm.com\/personal-injury\/\"> <span style=\"font-weight: 400;\">abogado experto en lesiones personales <\/span><\/a><span style=\"font-weight: 400;\">que entiende<\/span><a href=\"https:\/\/theleachfirm.com\/personal-injury\/premises-liability\/\"><span style=\"font-weight: 400;\"> Las leyes de <\/span><span style=\"font-weight: 400;\">responsabilidad de locales <\/span><\/a><span style=\"font-weight: 400;\">en Georgia y Florida podr\u00edan revisar las circunstancias de su caso, determinar qui\u00e9n podr\u00eda ser considerado responsable y luchar para obtener una compensaci\u00f3n justa.<\/span><\/p>\n<h2>\u00bfQu\u00e9 son los accidentes por resbalones y ca\u00eddas?<\/h2>\n<p><span style=\"font-weight: 400;\">Los abogados a menudo se refieren a un accidente de resbal\u00f3n y ca\u00edda cuando alguien se lesiona en una ca\u00edda provocada por una condici\u00f3n peligrosa en la propiedad de otra persona. El ejemplo cl\u00e1sico de un accidente por resbalones y ca\u00eddas es una situaci\u00f3n en la que un comprador se resbala en un derrame que el due\u00f1o de una tienda de comestibles no pudo limpiar. Sin embargo, los casos de resbalones y ca\u00eddas pueden involucrar accidentes tanto en el exterior como en el interior, y pueden ocurrir en propiedades que generalmente no est\u00e1n abiertas al p\u00fablico, como la casa o el patio trasero de su vecino. El due\u00f1o de una propiedad puede ser considerado responsable por los da\u00f1os causados por pr\u00e1cticamente cualquier peligro en su propiedad si el due\u00f1o es negligente en el manejo del \u00e1rea problem\u00e1tica.<\/span><\/p>\n<h2>\u00bfCu\u00e1n comunes son los accidentes por resbalones y ca\u00eddas?<\/h2>\n<p><span style=\"font-weight: 400;\">Las personas sufren lesiones en accidentes por resbalones y ca\u00eddas todos los d\u00edas. En muchos casos, las lesiones son tan leves que la v\u00edctima no emprende acciones legales y es posible que ni siquiera informe de la lesi\u00f3n o la condici\u00f3n peligrosa que la caus\u00f3. Sin embargo, las lesiones graves en accidentes de resbalones y ca\u00eddas ocurren con m\u00e1s frecuencia de lo que la mayor\u00eda de la gente cree.<\/span><\/p>\n<h2>\u00bfC\u00f3mo se prueba la negligencia en un resbal\u00f3n y ca\u00edda?<\/h2>\n<p><span style=\"font-weight: 400;\">Para probar que el due\u00f1o de una propiedad fue negligente y debe ser responsable por las lesiones que ocurrieron en su propiedad, una v\u00edctima de un resbal\u00f3n y ca\u00edda debe cumplir con ciertos est\u00e1ndares legales. Debe demostrar que el due\u00f1o de la propiedad no proporcion\u00f3 las protecciones adecuadas para evitar da\u00f1os a las personas en sus instalaciones y que la falta de protecci\u00f3n fue la causa directa de las lesiones. El nivel de protecci\u00f3n que se requiere es diferente dependiendo de la situaci\u00f3n. Por ejemplo, se espera que el due\u00f1o de una propiedad que invita a los compradores a gastar dinero en las instalaciones inspeccione peri\u00f3dicamente los peligros de tropiezos y otros problemas y advierta a los compradores o corrija el problema con una rapidez razonable. Sin embargo, no se requiere que el propietario brinde el mismo nivel de atenci\u00f3n para proteger a alguien que entra sin autorizaci\u00f3n fuera de horario<\/span><\/p>\n<h2>\u00bfSon dif\u00edciles de ganar los casos de resbalones y ca\u00eddas?<\/h2>\n<p><span style=\"font-weight: 400;\">Las lesiones por resbalones y ca\u00eddas son bastante comunes, pero las v\u00edctimas no suelen recibir compensaci\u00f3n por sus facturas m\u00e9dicas, dolor, sufrimiento, tiempo perdido en el trabajo y otras p\u00e9rdidas. Puede ser un desaf\u00edo ganar un caso por un resbal\u00f3n y ca\u00edda a menos que la v\u00edctima del accidente tome las medidas adecuadas para recopilar y preservar evidencia para establecer la responsabilidad por parte del due\u00f1o de la propiedad. Lo mejor es reunir pruebas lo antes posible despu\u00e9s del accidente, y un abogado con experiencia puede ayudare con ese proceso. Un abogado especialista en resbalones y ca\u00eddas podr\u00eda, por ejemplo, hacer una solicitud formal para obtener im\u00e1genes de vigilancia antes de que puedan borrarse.<\/span><\/p>\n<h2>Un abogado en Florida o Georgia Experto en resbalones y ca\u00eddas podr\u00eda ayudarle a recuperarse despu\u00e9s de su accidente<\/h2>\n<p><span style=\"font-weight: 400;\">Los abogados especialista en resbalones y ca\u00eddas de Leach Firm, AP pueden ayudarle a recopilar y preservar pruebas despu\u00e9s de un accidente y ayudarle a responder las preguntas de los investigadores que buscar\u00e1n razones para negar la responsabilidad. Nuestro equipo legal experimentado sabe c\u00f3mo hacer frente a las compa\u00f1\u00edas de seguros y aprovechar al m\u00e1ximo su reclamo. Para obtener una consulta gratuita para obtener m\u00e1s informaci\u00f3n sobre c\u00f3mo podemos ayudarle a recuperarse despu\u00e9s de un accidente por resbal\u00f3n y ca\u00edda,<\/span><a href=\"https:\/\/theleachfirm.com\/es\/contactenos\/\"> <span style=\"font-weight: 400;\">cont\u00e1ctenos <\/span><\/a><span style=\"font-weight: 400;\">ahora<\/span><\/p>\n<p><span style=\"font-weight: 400;\">Se Habla Espa\u00f1ol.<\/span><\/p>\n","protected":false},"excerpt":{"rendered":"<p>Si se cay\u00f3 y se lastim\u00f3 mientras estaba en la propiedad de otra persona, podr\u00eda ser elegible para recibir una compensaci\u00f3n por su dolor, sufrimiento y otras p\u00e9rdidas. Sin embargo, es importante tomar medidas para proteger sus derechos y su capacidad para recuperar da\u00f1os legales. Es una buena idea obtener el asesoramiento de un abogado&hellip;<\/p>\n","protected":false},"author":1,"featured_media":0,"parent":1248,"menu_order":0,"comment_status":"closed","ping_status":"closed","template":"","meta":{"inline_featured_image":false,"footnotes":""},"class_list":["post-1531","page","type-page","status-publish","hentry"],"_links":{"self":[{"href":"https:\/\/theleachfirm.com\/es\/wp-json\/wp\/v2\/pages\/1531","targetHints":{"allow":["GET"]}}],"collection":[{"href":"https:\/\/theleachfirm.com\/es\/wp-json\/wp\/v2\/pages"}],"about":[{"href":"https:\/\/theleachfirm.com\/es\/wp-json\/wp\/v2\/types\/page"}],"author":[{"embeddable":true,"href":"https:\/\/theleachfirm.com\/es\/wp-json\/wp\/v2\/users\/1"}],"replies":[{"embeddable":true,"href":"https:\/\/theleachfirm.com\/es\/wp-json\/wp\/v2\/comments?post=1531"}],"version-history":[{"count":0,"href":"https:\/\/theleachfirm.com\/es\/wp-json\/wp\/v2\/pages\/1531\/revisions"}],"up":[{"embeddable":true,"href":"https:\/\/theleachfirm.com\/es\/wp-json\/wp\/v2\/pages\/1248"}],"wp:attachment":[{"href":"https:\/\/theleachfirm.com\/es\/wp-json\/wp\/v2\/media?parent=1531"}],"curies":[{"name":"wp","href":"https:\/\/api.w.org\/{rel}","templated":true}]}}