{"id":1522,"date":"2022-05-02T15:09:57","date_gmt":"2022-05-02T19:09:57","guid":{"rendered":"https:\/\/theleachfirm.com\/lesiones-personales\/bufete-de-abogados-experto-en-accidentes-peatonales-para-poder-confiar-en-florida-y-georgia\/"},"modified":"2024-03-02T20:31:46","modified_gmt":"2024-03-03T01:31:46","slug":"bufete-de-abogados-experto-en-accidentes-peatonales-para-poder-confiar-en-florida-y-georgia","status":"publish","type":"page","link":"https:\/\/theleachfirm.com\/es\/lesiones-personales\/bufete-de-abogados-experto-en-accidentes-peatonales-para-poder-confiar-en-florida-y-georgia\/","title":{"rendered":"Bufete de Abogados experto en Accidentes Peatonales para poder Confiar en Florida y Georgia"},"content":{"rendered":"<p><span style=\"font-weight: 400;\">Como peat\u00f3n, si lo atropella un autom\u00f3vil, un cami\u00f3n o incluso una bicicleta, el impacto puede ser devastador. Una colisi\u00f3n entre un veh\u00edculo pesado y un peat\u00f3n desprotegido puede provocar lesiones graves, algunas de las cuales pueden no ser evidentes al principio. Los peatones en Florida y Georgia con frecuencia sufren lesiones debilitantes en los \u00f3rganos internos, da\u00f1o cerebral y otras lesiones solo porque los automovilistas simplemente no est\u00e1n prestando atenci\u00f3n.<\/span><b>\u00a0<\/b><\/p>\n<h2>Luchando por la Compensaci\u00f3n por un Accidente comoPeat\u00f3n que Usted Merece<b>\u00a0<\/b><\/h2>\n<p><span style=\"font-weight: 400;\">Cuando usted o un ser querido est\u00e9 involucrado en un accidente peatonal en Florida o Georgia, recurra a The Leach Firm, AP para obtener ayuda. Es posible que tenga derecho a dinero para compensar las lesiones y el sufrimiento que ha padecido o la muerte por negligencia causada por un conductor irresponsable o ebrio. Nuestro equipo legal evaluar\u00e1 su caso, le explicar\u00e1 todas sus opciones legales y lo ayudar\u00e1 a obtener la compensaci\u00f3n que merece.<\/span><b>\u00a0<\/b><\/p>\n<h2>Preguntas Frecuentes Sobre Accidentes Peatonales<\/h2>\n<p><span style=\"font-weight: 400;\">Hay muchos factores involucrados para determinar qui\u00e9n tiene la culpa de un<\/span><a href=\"https:\/\/theleachfirm.com\/personal-injury\/car-accidents\/\"> <span style=\"font-weight: 400;\">accidente <\/span><\/a><span style=\"font-weight: 400;\">con un peat\u00f3n. Algunas de las preguntas m\u00e1s frecuentes que escuchamos durante nuestras reuniones con los clientes incluyen:<\/span><b>\u00a0<\/b><\/p>\n<h2>\u00bfQu\u00e9 pasa si un autom\u00f3vil atropella a un peat\u00f3n?<\/h2>\n<p><span style=\"font-weight: 400;\">Cuando un veh\u00edculo golpea a un peat\u00f3n, el conductor debe detener el autom\u00f3vil y proporcionar la informaci\u00f3n correcta. Desafortunadamente, es com\u00fan que un conductor abandone la escena, lo que lo hace responsable de una situaci\u00f3n de \u00abgolpe y fuga\u00bb. En estos casos, los conductores pueden enfrentarse tanto a un proceso penal como a una demanda civil por da\u00f1os y perjuicios.<\/span><b>\u00a0<\/b><\/p>\n<p><span style=\"font-weight: 400;\">El peat\u00f3n lesionado puede presentar una demanda para intentar asegurar los da\u00f1os resultantes de la negligencia del conductor. Las v\u00edctimas generalmente buscan una compensaci\u00f3n econ\u00f3mica para cubrir los salarios perdidos, as\u00ed como las facturas m\u00e9dicas y otras p\u00e9rdidas econ\u00f3micas. Sin embargo, tambi\u00e9n puede buscar una compensaci\u00f3n por da\u00f1os y perjuicios, por angustia emocional, dolor y sufrimiento.<\/span><\/p>\n<h2>\u00bfQui\u00e9n es responsable cuando un autom\u00f3vil atropella a un peat\u00f3n?<\/h2>\n<p><span style=\"font-weight: 400;\">La mayor\u00eda de las veces, el que es responsable es el conductor del veh\u00edculo que atropell\u00f3 al peat\u00f3n. Sin embargo, en algunas situaciones, puede ser un desaf\u00edo para el peat\u00f3n probar la negligencia del conductor, por lo que es \u00fatil comenzar a trabajar con un abogado lo antes posible despu\u00e9s del accidente. Cuando un peat\u00f3n repentinamente se incorpora al flujo de tr\u00e1fico o no tiene el debido cuidado al ingresar a la calzada, el peat\u00f3n puede ser considerado al menos parcialmente responsable del accidente, pero aun as\u00ed podr\u00eda obtener alguna compensaci\u00f3n seg\u00fan las circunstancias.<\/span><\/p>\n<h2>En Florida \u00bfLos peatones siempre tienen el derecho de paso?<\/h2>\n<p><span style=\"font-weight: 400;\">No, los peatones no siempre tienen el derecho de paso en Florida, por lo que es posible que un tribunal no siempre encuentre culpable a un conductor en un accidente peatonal. Los peatones deben ceder el paso, incluso en los cruces peatonales, si el sem\u00e1foro est\u00e1 en rojo o si el letrero del cruce peatonal muestra la se\u00f1al de \u00abno caminar\u00bb.<\/span><span style=\"font-weight: 400;\">\u00a0<\/span><\/p>\n<p><span style=\"font-weight: 400;\">Los conductores deben ceder el paso a los peatones en los cruces peatonales, incluso cuando la se\u00f1al de \u00abno caminar\u00bb est\u00e9 parpadeando. Eso significa que un peat\u00f3n, puede continuar cruzando si ya estaba en el cruce de peatones cuando la se\u00f1al comenz\u00f3 a parpadear. Cualquier conductor que ingrese a una v\u00eda p\u00fablica debe ceder el paso a un peat\u00f3n que se acerque por la acera, como si el peat\u00f3n fuera otro veh\u00edculo.<\/span><b>\u00a0<\/b><\/p>\n<h2>Comience su caso<\/h2>\n<p><span style=\"font-weight: 400;\">Tenemos la experiencia para determinar si el suyo es un caso de compensaci\u00f3n en un accidente peatonal. Nuestros<\/span><a href=\"https:\/\/theleachfirm.com\/personal-injury\/\"><span style=\"font-weight: 400;\"> abogados expertos<\/span><\/a><span style=\"font-weight: 400;\"> en <\/span><a href=\"https:\/\/theleachfirm.com\/personal-injury\/\"><span style=\"font-weight: 400;\">lesiones personales <\/span><\/a><span style=\"font-weight: 400;\">pueden determinar el enfoque m\u00e1s apropiado para su caso y ejercer\u00e1n sus derechos hasta el m\u00e1ximo grado permitido por la ley <\/span><a href=\"https:\/\/theleachfirm.com\/personal-injury\/\"><span style=\"font-weight: 400;\">.<\/span><\/a><span style=\"font-weight: 400;\">\u00a0<\/span><\/p>\n<p><span style=\"font-weight: 400;\">Si no podemos recuperar la compensaci\u00f3n por sus reclamos por lesiones, no tendr\u00e1 que pagar ninguna tarifa legal. Solo nos paga cuando tenemos \u00e9xito, por lo que nunca tendr\u00e1 que preocuparse por aumentar su carga financiera. Para comenzar, cont\u00e1ctenos hoy para solicitar una consulta inicial sin costo.<\/span><\/p>\n<h2>Obtenga una evaluaci\u00f3n gratuita de su caso. Ll\u00e1menos al <a href=\"tel:(844) 722-7567\">(844) 722-7567<\/a>. Estamos Disponibles Para Ayudarle 24\/7.<b>\u00a0<\/b><\/h2>\n<p><span style=\"font-weight: 400;\">Servimos en Florida y Georgia. Tambi\u00e9n puede completar el siguiente formulario y nos pondremos en <a href=\"https:\/\/theleachfirm.com\/es\/contactenos\/\">contacto<\/a> con usted.<\/span><\/p>\n","protected":false},"excerpt":{"rendered":"<p>Como peat\u00f3n, si lo atropella un autom\u00f3vil, un cami\u00f3n o incluso una bicicleta, el impacto puede ser devastador. Una colisi\u00f3n entre un veh\u00edculo pesado y un peat\u00f3n desprotegido puede provocar lesiones graves, algunas de las cuales pueden no ser evidentes al principio. Los peatones en Florida y Georgia con frecuencia sufren lesiones debilitantes en los&hellip;<\/p>\n","protected":false},"author":1,"featured_media":0,"parent":1248,"menu_order":0,"comment_status":"closed","ping_status":"closed","template":"","meta":{"inline_featured_image":false,"footnotes":""},"class_list":["post-1522","page","type-page","status-publish","hentry"],"_links":{"self":[{"href":"https:\/\/theleachfirm.com\/es\/wp-json\/wp\/v2\/pages\/1522","targetHints":{"allow":["GET"]}}],"collection":[{"href":"https:\/\/theleachfirm.com\/es\/wp-json\/wp\/v2\/pages"}],"about":[{"href":"https:\/\/theleachfirm.com\/es\/wp-json\/wp\/v2\/types\/page"}],"author":[{"embeddable":true,"href":"https:\/\/theleachfirm.com\/es\/wp-json\/wp\/v2\/users\/1"}],"replies":[{"embeddable":true,"href":"https:\/\/theleachfirm.com\/es\/wp-json\/wp\/v2\/comments?post=1522"}],"version-history":[{"count":0,"href":"https:\/\/theleachfirm.com\/es\/wp-json\/wp\/v2\/pages\/1522\/revisions"}],"up":[{"embeddable":true,"href":"https:\/\/theleachfirm.com\/es\/wp-json\/wp\/v2\/pages\/1248"}],"wp:attachment":[{"href":"https:\/\/theleachfirm.com\/es\/wp-json\/wp\/v2\/media?parent=1522"}],"curies":[{"name":"wp","href":"https:\/\/api.w.org\/{rel}","templated":true}]}}