{"id":1488,"date":"2022-04-26T03:12:46","date_gmt":"2022-04-26T07:12:46","guid":{"rendered":"https:\/\/theleachfirm.com\/lesiones-personales\/abogado-experto-en-lesiones-personales-que-presta-servicios-en-florida-y-georgia-accidente-de-motocicleta\/"},"modified":"2024-03-02T20:28:31","modified_gmt":"2024-03-03T01:28:31","slug":"abogado-experto-en-lesiones-personales","status":"publish","type":"page","link":"https:\/\/theleachfirm.com\/es\/lesiones-personales\/abogado-experto-en-lesiones-personales\/","title":{"rendered":"Abogado experto en lesiones personales que presta servicios en Florida y Georgia &#8211; Accidente de motocicleta"},"content":{"rendered":"<p><span style=\"font-weight: 400;\">Cuando el descuido de otra persona lo lesiona en un accidente de motocicleta, es importante que busque lo antes posible el asesoramiento legal de nuestro <\/span><a href=\"https:\/\/theleachfirm.com\/personal-injury\/\"><span style=\"font-weight: 400;\">abogado especialista en lesiones personales.<\/span><\/a> <span style=\"font-weight: 400;\">Que presta servicios en Florida y Georgia. Los accidentes de motocicleta tienen el potencial de causar lesiones catastr\u00f3ficas e incluso la muerte. Las lesiones sufridas en estos accidentes van desde par\u00e1lisis, p\u00e9rdida de las extremidades, da\u00f1o cerebral y de \u00f3rganos hasta huesos rotos y lesiones de tejidos blandos. Sin bolsas de aire, cinturones de seguridad o jaulas de acero que protejan la seguridad de los conductores de autom\u00f3viles, la libertad de una motocicleta en una carretera abierta puede ser, en \u00faltima instancia, peligrosa.<\/span><\/p>\n<p><span style=\"font-weight: 400;\">Nuestro personal est\u00e1 aqu\u00ed para ayudarle durante ese momento dif\u00edcil, por lo que puede estar seguro de que lucharemos por sus <\/span><a href=\"https:\/\/theleachfirm.com\/personal-injury\/\"><span style=\"font-weight: 400;\">derechos legales <\/span><\/a><span style=\"font-weight: 400;\">cuando m\u00e1s nos necesita. Algunas de las lesiones de motocicleta m\u00e1s graves que resultan de accidentes incluyen las siguientes:<\/span><\/p>\n<ul>\n<li style=\"font-weight: 400;\" aria-level=\"1\"><span style=\"font-weight: 400;\">Lesiones de la m\u00e9dula espinal<\/span><\/li>\n<li style=\"font-weight: 400;\" aria-level=\"1\"><span style=\"font-weight: 400;\">Lesi\u00f3n cerebral traum\u00e1tica<\/span><\/li>\n<li style=\"font-weight: 400;\" aria-level=\"1\"><span style=\"font-weight: 400;\">Muerte injusta<\/span><\/li>\n<li style=\"font-weight: 400;\" aria-level=\"1\"><span style=\"font-weight: 400;\">Infecciones y erupciones graves en la carretera<\/span><\/li>\n<li style=\"font-weight: 400;\" aria-level=\"1\"><span style=\"font-weight: 400;\">Cortes profundos y laceraciones<\/span><\/li>\n<li style=\"font-weight: 400;\" aria-level=\"1\"><span style=\"font-weight: 400;\">quemaduras<\/span><\/li>\n<li style=\"font-weight: 400;\" aria-level=\"1\"><span style=\"font-weight: 400;\">Huesos rotos<\/span><\/li>\n<\/ul>\n<h2>Volver al camino de la recuperaci\u00f3n despu\u00e9s de un accidente de motocicleta<\/h2>\n<p><span style=\"font-weight: 400;\">Cuando un accidente de motocicleta fue causado por un defecto en uno de los veh\u00edculos involucrados o por negligencia del conductor, el motociclista lesionado o la familia de un motociclista fallecido pueden tener derecho a recibir una compensaci\u00f3n a trav\u00e9s de una acci\u00f3n legal. Puede ser dif\u00edcil probar la culpa de un conductor en relaci\u00f3n con un accidente de motocicleta, por lo que es aconsejable comenzar a trabajar con un profesional legal especialista lo antes posible para que su abogado tenga m\u00e1s tiempo para armar un caso s\u00f3lido.<\/span><\/p>\n<p><span style=\"font-weight: 400;\">Nuestra amplia experiencia trabajando con una amplia gama de accidentes de motocicleta a lo largo de los a\u00f1os garantiza que podremos buscar de manera efectiva el resultado legal m\u00e1s deseable posible para su situaci\u00f3n. Sabemos lo dif\u00edcil que puede ser manejar un accidente de este tipo, ya sea que usted o un ser querido hayan sido las v\u00edctimas, por lo que abordamos su caso con el cuidado y la compasi\u00f3n que merece.<\/span><\/p>\n<h2>Preguntas Frecuentes Sobre Accidentes de Motocicleta<\/h2>\n<ol>\n<li><b> \u00bfDebo conseguir un abogado para un accidente de motocicleta?<\/b><\/li>\n<\/ol>\n<p><span style=\"font-weight: 400;\">Le recomendamos encarecidamente que hable lo antes posible con un abogado sobre su accidente de motocicleta. Un abogado puede asesorarle sobre los pasos que debe seguir para asegurarse de recibir la compensaci\u00f3n a la que tiene derecho. puede cometer errores cruciales que pueden impedirle obtener una compensaci\u00f3n monetaria por los da\u00f1os. Adem\u00e1s, puede subestimar el valor de su reclamo si no comprende c\u00f3mo calcular correctamente el impacto futuro de sus p\u00e9rdidas. Tener un abogado que lo represente puede ayudarle a garantizar que obtenga una compensaci\u00f3n justa y equitativa seg\u00fan los detalles de su caso.<\/span><\/p>\n<ol start=\"2\">\n<li><b> \u00bfCu\u00e1nto dura una demanda por un accidente de motocicleta?<\/b><\/li>\n<\/ol>\n<p><span style=\"font-weight: 400;\">La mayor\u00eda de los casos de accidentes de motocicleta se resuelven dentro de los 12 meses y la mayor\u00eda se resuelven antes de ir a juicio. Sin embargo, los casos extremadamente complejos pueden tardar dos a\u00f1os o m\u00e1s en resolverse. Durante ese tiempo, su equipo legal puede estar investigando el accidente, contratando expertos para determinar la causalidad y evaluando el alcance total de las lesiones. Un abogado con experiencia en accidentes de motocicletas en la Firma The Leach, AP, podr\u00eda aconsejarle al comienzo de su caso cu\u00e1nto tiempo tardar\u00e1 en resolverse.<\/span><\/p>\n<ol start=\"3\">\n<li><b> \u00bfCu\u00e1ndo debe contactar a un abogado despu\u00e9s de un accidente de motocicleta?<\/b><\/li>\n<\/ol>\n<p><span style=\"font-weight: 400;\">Despu\u00e9s de un accidente de motocicleta, debe comunicarse con un abogado lo antes posible. Sin la asistencia de un abogado experto, es posible que pierda fechas l\u00edmite importantes o cometa errores cr\u00edticos que podr\u00edan reducir el valor de su reclamo. La Firma The Leach, AP puede ayudarle a asegurarse de que est\u00e9 protegido durante la duraci\u00f3n de su caso y reciba la compensaci\u00f3n total a la que tiene derecho. Esperar demasiado para contratar a un abogado puede ser perjudicial para su reclamo por un accidente.<\/span><\/p>\n<h2>Conf\u00ede en Nosotros Para Su Reclamo Por un Accidente de Motocicleta<\/h2>\n<p><span style=\"font-weight: 400;\">Lidiar con las lesiones o la muerte despu\u00e9s de un accidente de motocicleta ya es bastante dif\u00edcil. En lugar de agregar improperios a la lesi\u00f3n, nos esforzamos por hacer que este momento dif\u00edcil sea lo m\u00e1s f\u00e1cil posible para usted y todos los involucrados. En caso de que no podamos recuperar la compensaci\u00f3n por sus reclamos por accidentes de motocicleta, no tendr\u00e1 que pagar ninguna tarifa. De esa manera, puede continuar concentr\u00e1ndose en su salud sin tener que aumentar sus preocupaciones financieras. Si usted o un ser querido ha estado involucrado en un accidente de motocicleta, aseg\u00farese de llamar a Carlos de la Firma The Leach, AP lo antes posible para solicitar una consulta gratuita. Se Habla Espa\u00f1ol.<\/span><\/p>\n<p><span style=\"font-weight: 400;\">Ofrecemos nuestros servicios legales en una amplia variedad de \u00e1reas de pr\u00e1ctica. Ya sea que necesite a nuestro abogado especialista en lesiones personales en Florida o Georgia por un accidente automovil\u00edstico o una lesi\u00f3n por un resbal\u00f3n y ca\u00edda, siempre estamos aqu\u00ed para ayudarle a guiarlo a trav\u00e9s del proceso legal. Si tiene alguna pregunta sobre su caso o desea <a href=\"https:\/\/theleachfirm.com\/es\/contactenos\/\">programar una consulta gratuita<\/a>, comun\u00edquese con nuestro abogado experto en lesiones personales al <a href=\"tel:(844) 722-7567\">(844) 722-7567<\/a>.<\/span><\/p>\n<p><span style=\"font-weight: 400;\">Brindamos servicio legal a clientes en Florida y Georgia.<\/span><\/p>\n","protected":false},"excerpt":{"rendered":"<p>Cuando el descuido de otra persona lo lesiona en un accidente de motocicleta, es importante que busque lo antes posible el asesoramiento legal de nuestro abogado especialista en lesiones personales. Que presta servicios en Florida y Georgia. Los accidentes de motocicleta tienen el potencial de causar lesiones catastr\u00f3ficas e incluso la muerte. Las lesiones sufridas&hellip;<\/p>\n","protected":false},"author":1,"featured_media":0,"parent":1248,"menu_order":0,"comment_status":"closed","ping_status":"closed","template":"","meta":{"inline_featured_image":false,"footnotes":""},"class_list":["post-1488","page","type-page","status-publish","hentry"],"_links":{"self":[{"href":"https:\/\/theleachfirm.com\/es\/wp-json\/wp\/v2\/pages\/1488","targetHints":{"allow":["GET"]}}],"collection":[{"href":"https:\/\/theleachfirm.com\/es\/wp-json\/wp\/v2\/pages"}],"about":[{"href":"https:\/\/theleachfirm.com\/es\/wp-json\/wp\/v2\/types\/page"}],"author":[{"embeddable":true,"href":"https:\/\/theleachfirm.com\/es\/wp-json\/wp\/v2\/users\/1"}],"replies":[{"embeddable":true,"href":"https:\/\/theleachfirm.com\/es\/wp-json\/wp\/v2\/comments?post=1488"}],"version-history":[{"count":0,"href":"https:\/\/theleachfirm.com\/es\/wp-json\/wp\/v2\/pages\/1488\/revisions"}],"up":[{"embeddable":true,"href":"https:\/\/theleachfirm.com\/es\/wp-json\/wp\/v2\/pages\/1248"}],"wp:attachment":[{"href":"https:\/\/theleachfirm.com\/es\/wp-json\/wp\/v2\/media?parent=1488"}],"curies":[{"name":"wp","href":"https:\/\/api.w.org\/{rel}","templated":true}]}}