{"id":1477,"date":"2020-12-21T13:59:59","date_gmt":"2020-12-21T13:59:59","guid":{"rendered":"https:\/\/theleachfirm.com\/lesiones-personales\/car-accidents\/"},"modified":"2024-03-02T20:27:59","modified_gmt":"2024-03-03T01:27:59","slug":"accidentes-automovilisticos","status":"publish","type":"page","link":"https:\/\/theleachfirm.com\/es\/lesiones-personales\/accidentes-automovilisticos\/","title":{"rendered":"Abogados expertos en accidentes automovil\u00edsticos que prestan servicios en Florida y Georgia"},"content":{"rendered":"\r\n<p>Si sufri\u00f3 lesiones por accidentes automovil\u00edsticos debido a la negligencia de otra persona cuando conduc\u00eda, es posible que tenga derecho a una compensaci\u00f3n financiera por el alcance total de sus p\u00e9rdidas. Nuestros <a href=\"https:\/\/theleachfirm.com\/personal-injury\/\">abogados especialistas en lesiones personales <\/a>luchan para recuperar da\u00f1os por cada tipo de p\u00e9rdida.<\/p>\r\n\r\n\r\n\r\n<p>Usted puede ser elegible para da\u00f1os econ\u00f3micos para cubrir las facturas m\u00e9dicas y la p\u00e9rdida de ingresos tanto en el pasado como en el futuro. A menudo, los clientes tambi\u00e9n ser\u00e1n elegibles para da\u00f1os no econ\u00f3micos para cubrir efectos intangibles como el dolor f\u00edsico, el dolor emocional y el sufrimiento. Si tiene alguna cicatriz permanente o la p\u00e9rdida o el deterioro de alguna funci\u00f3n corporal importante, entonces tambi\u00e9n puede tener derecho a una compensaci\u00f3n por esas p\u00e9rdidas.<\/p>\r\n\r\n\r\n\r\n<h2 class=\"wp-block-heading\">Luchando por la Compensaci\u00f3n por Accidente que Usted Merece<\/h2>\r\n\r\n\r\n\r\n<p>Determinar el monto de la compensaci\u00f3n a la que usted puede tener derecho requiere una investigaci\u00f3n exhaustiva de muchos factores diferentes. Afortunadamente, nuestra experiencia legal nos da el conocimiento y la perspectiva para evaluar cualquier tipo de accidente automovil\u00edstico. El tiempo es esencial cuando se trata de buscar una compensaci\u00f3n por un accidente, por lo que le conviene constituir un caso lo m\u00e1s r\u00e1pido posible.<\/p>\r\n\r\n\r\n\r\n<h2 class=\"wp-block-heading\">Preguntas frecuentes sobre la compensaci\u00f3n por un accidente automovil\u00edstico<\/h2>\r\n\r\n\r\n\r\n<h3 class=\"wp-block-heading\">1. \u00bfVale la pena contratar un abogado para un accidente automovil\u00edstico?<\/h3>\r\n\r\n\r\n\r\n<p>Usted deber\u00eda considerar consultar a un abogado experto en lesiones personales despu\u00e9s de un accidente, especialmente si usted o un ser querido sufrieron lesiones. Trabajar sin un abogado podr\u00eda poner en riesgo su caso.<\/p>\r\n\r\n\r\n\r\n<p>Sin asesoramiento legal, podr\u00eda renunciar a ciertos derechos o terminar conform\u00e1ndose con mucho menos de lo que merece. Un abogado experto en accidentes automovil\u00edsticos del bufete The Leach Firm, AP puede ayudarle a determinar sus pr\u00f3ximos pasos, luchar por la cantidad m\u00e1xima que merece por sus lesiones y ayudarle a alcanzar sus objetivos.<\/p>\r\n\r\n\r\n\r\n<h3 class=\"wp-block-heading\">2. \u00bfQu\u00e9 tipo de abogado se ocupa de accidentes automovil\u00edsticos?<\/h3>\r\n\r\n\r\n\r\n<p>Los abogados que se ocupan de accidentes automovil\u00edsticos generalmente se enfocan en colisiones de veh\u00edculos y otros casos de lesiones personales. Los abogados de Leach Firm, AP, tienen m\u00e1s de 50 a\u00f1os de experiencia combinada sirviendo a v\u00edctimas de accidentes en Florida y Georgia y se enorgullecen de utilizar su amplio conocimiento para luchar por los derechos de los clientes.<\/p>\r\n\r\n\r\n\r\n<h3 class=\"wp-block-heading\">3. \u00bfCu\u00e1nto tiempo tiene para conseguir un abogado despu\u00e9s de un accidente automovil\u00edstico?<\/h3>\r\n\r\n\r\n\r\n<p>En Florida y Georgia, solo tiene un tiempo limitado para contratar a un abogado despu\u00e9s de un accidente automovil\u00edstico y continuar con su caso. Una vez que se agota este per\u00edodo de tiempo, llamado \u00abestatuto de limitaciones\u00bb, pierde todos los derechos para continuar con su caso en el futuro.<\/p>\r\n\r\n\r\n\r\n<p>El estatuto de limitaciones para Florida es de 4 a\u00f1os despu\u00e9s del accidente. Los casos de accidentes automovil\u00edsticos en Georgia deben presentarse dentro de los 2 a\u00f1os a partir de la fecha del accidente.<\/p>\r\n\r\n\r\n\r\n<p>Estos plazos dejan muy poco tiempo para reunir pruebas y construir un caso despu\u00e9s de su accidente. Para aprovechar al m\u00e1ximo las oportunidades en su caso, es una buena idea trabajar con un abogado lo antes posible despu\u00e9s del accidente automovil\u00edstico y las lesiones.<\/p>\r\n\r\n\r\n\r\n<h3 class=\"wp-block-heading\">4. \u00bfCu\u00e1ndo debe contratar a un abogado para un accidente automovil\u00edstico?<\/h3>\r\n\r\n\r\n\r\n<p>En su caso, le recomendamos encarecidamente que trabaje con un abogado desde el principio. De esa manera, se asegurar\u00e1 de cumplir con el estatuto de limitaciones y de que su caso avance antes de que se pierdan las pruebas y los hechos se confundan. Su abogado podr\u00eda continuar con su reclamo r\u00e1pidamente y brindarle asesoramiento y representaci\u00f3n durante todo el proceso legal.<\/p>\r\n\r\n\r\n\r\n<h3 class=\"wp-block-heading\">5. \u00bfDeber\u00eda conseguir un abogado para un accidente automovil\u00edstico que no fue culpa m\u00eda?<\/h3>\r\n\r\n\r\n\r\n<p>Incluso si un accidente automovil\u00edstico no fue por su culpa, es importante hablar con un abogado para asegurarse de que no est\u00e1 renunciando a ning\u00fan derecho o cometiendo errores que podr\u00edan costarle caro a largo plazo. Puede ser f\u00e1cil decir algo que se tome como una admisi\u00f3n de culpa y que resulte perjudicial para su caso. The Leach Firm, AP podr\u00eda asesorarle sobre todo lo que necesita saber sobre accidentes que no fueron por su culpa.<\/p>\r\n\r\n\r\n\r\n<h3 class=\"wp-block-heading\">6. \u00bfCu\u00e1nto cuesta contratar a un abogado para un accidente automovil\u00edstico?<\/h3>\r\n\r\n\r\n\r\n<p>Su abogado experto en accidentes automovil\u00edsticos generalmente recibir\u00e1 un honorario contingente basado en el resultado de su caso. Por ejemplo, si los honorarios contingentes de su abogado son del 33% y su caso se resuelve en $10,000, su abogado cobrar\u00e1 $3,333. Debe hablar con su abogado por adelantado sobre sus eventuales honorarios particulares.<\/p>\r\n\r\n\r\n\r\n<h3 class=\"wp-block-heading\">7. \u00bfCu\u00e1nto tiempo lleva resolver un caso de un accidente automovil\u00edstico?<\/h3>\r\n\r\n\r\n\r\n<p>Muchos reclamos por accidentes automovil\u00edsticos se resuelven en unos meses, pero podr\u00eda llevar mucho m\u00e1s tiempo seg\u00fan sea su situaci\u00f3n. Debido a que cada caso es \u00fanico, es importante que hable con su abogado sobre este aspecto.<\/p>\r\n\r\n\r\n\r\n<h3 class=\"wp-block-heading\">8. \u00bfCu\u00e1nto puede demandar alguien por un accidente automovil\u00edstico?<\/h3>\r\n\r\n\r\n\r\n<p>The Leach Firm, PA lucha por la mejor resoluci\u00f3n de su caso en Florida y Georgia, lo que significa buscar una cantidad justa por sus lesiones y traumas. En promedio, los casos de accidentes automovil\u00edsticos se resuelven en el rango de $10,000-25,000, pero cada situaci\u00f3n es \u00fanica. Al trabajar con uno de nuestros abogados, puede tener una idea de cu\u00e1nto podr\u00eda percibir seg\u00fan las circunstancias de su caso.<\/p>\r\n\r\n\r\n\r\n<h2 class=\"wp-block-heading\">Solicite una Consulta Gratuita con Nuestros Abogados<\/h2>\r\n\r\n\r\n\r\n<p>Entendemos que puede ser dif\u00edcil saber a d\u00f3nde acudir cuando usted o un ser querido han resultado heridos en un accidente. Es por eso que manejamos cada caso con la atenci\u00f3n y compasi\u00f3n que se merece. Nunca hay un coste por hablar con un abogado experto en accidentes automovil\u00edsticos en The Leach Firm, AP<\/p>\r\n\r\n\r\n\r\n<p>Nuestra firma maneja todos los casos sobre la base de una tarifa de contingencia, por lo que no tendr\u00e1 que pagar ning\u00fan honorario si no podemos recuperar la compensaci\u00f3n por su accidente. <a href=\"https:\/\/theleachfirm.com\/es\/contactenos\/\">Comun\u00edquese con nosotros<\/a> lo antes posible para solicitar una consulta inicial gratuita y estaremos encantados de analizar los detalles de su accidente. Podemos trabajar para ponerle en el camino de la recuperaci\u00f3n en poco tiempo.<\/p>\r\n\r\n\r\n\r\n<p>Se Habla Espa\u00f1ol .<\/p>\r\n","protected":false},"excerpt":{"rendered":"<p>Si sufri\u00f3 lesiones por accidentes automovil\u00edsticos debido a la negligencia de otra persona cuando conduc\u00eda, es posible que tenga derecho a una compensaci\u00f3n financiera por el alcance total de sus p\u00e9rdidas. Nuestros abogados especialistas en lesiones personales luchan para recuperar da\u00f1os por cada tipo de p\u00e9rdida. Usted puede ser elegible para da\u00f1os econ\u00f3micos para cubrir&hellip;<\/p>\n","protected":false},"author":1,"featured_media":0,"parent":1248,"menu_order":0,"comment_status":"closed","ping_status":"closed","template":"","meta":{"inline_featured_image":false,"footnotes":""},"class_list":["post-1477","page","type-page","status-publish","hentry"],"_links":{"self":[{"href":"https:\/\/theleachfirm.com\/es\/wp-json\/wp\/v2\/pages\/1477","targetHints":{"allow":["GET"]}}],"collection":[{"href":"https:\/\/theleachfirm.com\/es\/wp-json\/wp\/v2\/pages"}],"about":[{"href":"https:\/\/theleachfirm.com\/es\/wp-json\/wp\/v2\/types\/page"}],"author":[{"embeddable":true,"href":"https:\/\/theleachfirm.com\/es\/wp-json\/wp\/v2\/users\/1"}],"replies":[{"embeddable":true,"href":"https:\/\/theleachfirm.com\/es\/wp-json\/wp\/v2\/comments?post=1477"}],"version-history":[{"count":0,"href":"https:\/\/theleachfirm.com\/es\/wp-json\/wp\/v2\/pages\/1477\/revisions"}],"up":[{"embeddable":true,"href":"https:\/\/theleachfirm.com\/es\/wp-json\/wp\/v2\/pages\/1248"}],"wp:attachment":[{"href":"https:\/\/theleachfirm.com\/es\/wp-json\/wp\/v2\/media?parent=1477"}],"curies":[{"name":"wp","href":"https:\/\/api.w.org\/{rel}","templated":true}]}}