{"id":1404,"date":"2022-02-18T09:09:21","date_gmt":"2022-02-18T14:09:21","guid":{"rendered":"https:\/\/theleachfirm.com\/georgia\/cobra-health-insurance-attorney-serving-georgia\/"},"modified":"2024-03-02T20:44:06","modified_gmt":"2024-03-03T01:44:06","slug":"experto-en-seguros-de-salud-cobra","status":"publish","type":"page","link":"https:\/\/theleachfirm.com\/es\/georgia\/experto-en-seguros-de-salud-cobra\/","title":{"rendered":"Abogado Experto en seguros de salud COBRA que presta servicios en Georgia"},"content":{"rendered":"\n<h1>\n\t\tAbogado Experto en seguros de salud COBRA que presta servicios en Georgia\n\t<\/h1>\n\t<div class=\"fl-builder-content fl-builder-content-2140 fl-builder-template fl-builder-row-template fl-builder-global-templates-locked\" data-post-id=\"2140\"><div class=\"fl-row fl-row-fixed-width fl-row-bg-color fl-node-3ch2ay0i9n7k fl-row-default-height fl-row-align-center page-top-banner\" data-node=\"3ch2ay0i9n7k\">\n\t<div class=\"fl-row-content-wrap\">\n\t\t\t\t\t\t<div class=\"fl-row-content fl-row-fixed-width fl-node-content\">\n\t\t\n<div class=\"fl-col-group fl-node-1ew4tp3k5oi6\" data-node=\"1ew4tp3k5oi6\">\n\t\t\t<div class=\"fl-col fl-node-5mxd3hik7t20 fl-col-bg-color employColumnParent\" data-node=\"5mxd3hik7t20\">\n\t<div class=\"fl-col-content fl-node-content\"><div class=\"fl-module fl-module-heading fl-node-e8xwrdmzbco6\" data-node=\"e8xwrdmzbco6\">\n\t<div class=\"fl-module-content fl-node-content\">\n\t\t<h5 class=\"fl-heading\">\n\t\t<span class=\"fl-heading-text\">\u00bfQuiere hablar con un Abogado Laboralista?<\/span>\n\t<\/h5>\n\t<\/div>\n<\/div>\n<div class=\"fl-module fl-module-heading fl-node-8q4xpla57rbn\" data-node=\"8q4xpla57rbn\">\n\t<div class=\"fl-module-content fl-node-content\">\n\t\t<h4 class=\"fl-heading\">\n\t\t<a\n\t\thref=\"tel:8447227567\"\n\t\ttitle=\"Llame a la l\u00ednea directa para empleados (844) 722-7567\"\n\t\ttarget=\"_self\"\n\t\t\t>\n\t\t<span class=\"fl-heading-text\">Llame a la l\u00ednea directa para empleados<br> (844) 722-7567<\/span>\n\t\t<\/a>\n\t<\/h4>\n\t<\/div>\n<\/div>\n<div class=\"fl-module fl-module-html fl-node-hw5loe1n0qbp employColumnBullets\" data-node=\"hw5loe1n0qbp\">\n\t<div class=\"fl-module-content fl-node-content\">\n\t\t<div class=\"fl-html\">\n\t<ul>\n  <li>\u00bfMe pueden despedir por presentar un caso contra mi empleador?<\/li>\n  <li>Si presento un reclamo, \u00bftendr\u00e9 problemas para conseguir otro trabajo?<\/li>\n  <li>\u00bfDebo presentar una solicitud ante la Comisi\u00f3n de Igualdad <br>de Oportunidades en el Empleo (EEOC, por sus siglas en ingl\u00e9s)<br> antes de consultar a un abogado?<\/li>\n  <li>\u00bfCu\u00e1nto vale mi caso?<\/li>\n  <li>\u00bfCu\u00e1nto tiempo tengo para presentar un reclamo?<\/li>\n  <li>\u00bfPor qu\u00e9 debo conseguir un abogado?<\/li>\n<\/ul><\/div>\n\t<\/div>\n<\/div>\n<\/div>\n<\/div>\n\t<\/div>\n\t\t<\/div>\n\t<\/div>\n<\/div>\n<\/div>\n\t<p>La Ley de Reconciliaci\u00f3n Presupuestaria \u00d3mnibus Consolidada, m\u00e1s conocida como COBRA, es una ley federal que ayuda a los empleados a conservar las prestaciones del seguro m\u00e9dico cuando pierden la cobertura de salud patrocinada por su empresa. COBRA puede beneficiarle considerablemente a usted y a su familia si pierde su empleo o le reducen las horas de trabajo.<\/p>\n<p>Sin embargo, los empleadores o administradores de planes en Georgia a menudo cometen errores, lo que provoca p\u00e9rdidas financieras sustanciales y angustia emocional a los trabajadores. Usted podr\u00eda tener derecho a una indemnizaci\u00f3n por da\u00f1os y perjuicios cuando un empleador le niega ilegalmente la cobertura de COBRA o no cumple con otras obligaciones de COBRA.<\/p>\n<h2>\u00bfQu\u00e9 hace COBRA?<\/h2>\n<p>COBRA y las reglamentaciones subsiguientes establecen los requisitos del empleador que permiten a los empleados en los planes de salud del empleador conservar los beneficios del seguro de salud para ellos y sus familias. Los requisitos de COBRA entran en acci\u00f3n cuando los empleados pierden sus trabajos, se ven obligados a reducir sus horas de trabajo o pierden la cobertura por otras razones.<\/p>\n<p>Las prestaciones a trav\u00e9s de COBRA s\u00f3lo duran un tiempo limitado, pero pueden ayudarle a superar situaciones de salud dif\u00edciles o periodos de desempleo.<\/p>\n<h2>\u00bfQui\u00e9n puede acogerse a las prestaciones COBRA en Georgia?<\/h2>\n<p>Usted debe ser un \u00abbeneficiario calificado\u00bb bajo la ley para ser elegible para COBRA. Esencialmente, esto significa que usted debe:<\/p>\n<ul>\n<li aria-level=\"1\">Haber estado previamente en un plan de salud grupal para empleados<\/li>\n<li aria-level=\"1\">Haber mantenido la participaci\u00f3n en el plan durante al menos la mitad de los d\u00edas h\u00e1biles en el a\u00f1o calendario anterior<\/li>\n<li aria-level=\"1\">Recibir la elegibilidad a trav\u00e9s de un empleador que tenga m\u00e1s de 20 empleados en su plan de salud de grupo.<\/li>\n<\/ul>\n<p>Los beneficiarios pueden ser empleados cubiertos por planes de salud colectivos, c\u00f3nyuges, exc\u00f3nyuges e hijos.<\/p>\n<h2>\u00bfCu\u00e1ndo puedo recibir las prestaciones de COBRA?<\/h2>\n<p>Los beneficiarios pueden recibir la continuaci\u00f3n de la cobertura del seguro COBRA cuando un \u00bb suceso que cumpla los requisitos\u00bb les haga perder la cobertura de salud colectiva. Un evento que re\u00fane los requisitos puede ser la p\u00e9rdida del puesto de trabajo, el fallecimiento o divorcio del empleado. Otros acontecimientos que pueden dar derecho a COBRA son la reducci\u00f3n de las horas de trabajo del empleado cubierto o la inscripci\u00f3n del empleado en Medicare, que hace que el c\u00f3nyuge o los hijos pierdan la cobertura.<\/p>\n<h2>\u00bfPuedo perder el derecho a COBRA?<\/h2>\n<p>En pocas palabras, s\u00ed. Puede perder su cobertura COBRA si su empleador cancela su plan de seguro m\u00e9dico colectivo o si usted no ha pagado las primas del plan. Tambi\u00e9n puede perder las prestaciones de COBRA si se pasa a Medicare o se inscribe en otro programa proporcionado por la empresa. Adem\u00e1s, las empresas no suelen tener que proporcionar cobertura COBRA si el despido del empleado se produce por \u00abmala conducta grave\u00bb.<\/p>\n<h2>\u00bfCu\u00e1ndo debo comunicar a mi empleador que quiero beneficiarme de COBRA?<\/h2>\n<p>Debe notificar su intenci\u00f3n a su empleador o al administrador del plan en cuanto cambie su situaci\u00f3n laboral si es por un cambio de situaci\u00f3n laboral por lo que opta por acogerse a COBRA. Su empleador tiene la obligaci\u00f3n de notificar al plan de grupo el suceso que re\u00fane los requisitos.<\/p>\n<p>Usted dispone de 60 d\u00edas para comunicar al administrador de su plan su elecci\u00f3n de continuar la cobertura si experimenta un acontecimiento vital, como un divorcio, que le obligue a utilizar COBRA.<\/p>\n<p>Los empleadores o administradores del plan tienen que cumplir los requisitos federales de COBRA en Georgia, por lo que cuanto antes les notifique que opta por utilizar COBRA, mejor.<\/p>\n<h2>\u00bfCu\u00e1ndo tiene que notificarme mi empleador sobre mis derechos a COBRA?<\/h2>\n<p>Los empleadores deben proporcionarle determinada informaci\u00f3n sobre los derechos a COBRA en un plazo de 90 d\u00edas despu\u00e9s de que el empleado pase a formar parte del plan de seguro. Despu\u00e9s de que se le notifique el evento que le da derecho a acogerse a COBRA, el administrador de su plan tiene 14 d\u00edas para responder para informarle sobre sus derechos en el marco de COBRA.<\/p>\n<p>Si su empleador es el administrador de su plan, es posible que disponga de un plazo adicional para enviarle la notificaci\u00f3n de su elecci\u00f3n, por lo general de 44 d\u00edas.<\/p>\n<h2>\u00bfQu\u00e9 sucede si mi empleador no me notifica sobre mis derechos a COBRA?<\/h2>\n<p>Los empleadores est\u00e1n obligados a avisar a sus empleados cuando tienen la opci\u00f3n de elegir COBRA y continuar con su cobertura de seguro m\u00e9dico. Si no lo hacen, pueden enfrentarse a multas o verse obligados a cubrir los gastos m\u00e9dicos derivados del retraso.<\/p>\n<p>Usted tambi\u00e9n tiene la opci\u00f3n de demandar a su empleador o al administrador del plan por no haberle avisado, lo que podr\u00eda darle derecho a una indemnizaci\u00f3n adicional por da\u00f1os y perjuicios o a una compensaci\u00f3n por los honorarios de los abogados.<\/p>\n<h2>\u00bfQu\u00e9 opciones tengo si me deniegan COBRA en Georgia?<\/h2>\n<p>Si recibe una notificaci\u00f3n que dice que usted no es elegible para COBRA, pero s\u00ed lo es, este error podr\u00eda resultar en una multa para su empleador. Otras situaciones en las que su empleador o administrador del plan podr\u00eda haber violado sus derechos incluyen:<\/p>\n<ul>\n<li aria-level=\"1\">No recibir un aviso de COBRA<\/li>\n<li aria-level=\"1\">No recibir todos los documentos adecuados<\/li>\n<li aria-level=\"1\">Recibir un aviso incompleto sin la informaci\u00f3n necesaria<\/li>\n<li aria-level=\"1\">Recibir una notificaci\u00f3n demasiado complicada de entender<\/li>\n<\/ul>\n<p>En general, lo mejor es hablar con un abogado laboral de Georgia si cree que ha habido un error con su cobertura COBRA. Usted podr\u00eda tener derecho a beneficios o indemnizaciones, y un abogado puede ayudarle a verificar su elegibilidad y armar su caso.<\/p>\n<h2>Un abogado laboral en Georgia puede ayudarle a obtener los beneficios de COBRA<\/h2>\n<p>Si se le ha negado ilegalmente la cobertura de COBRA o nunca recibi\u00f3 la notificaci\u00f3n de derecho, hable con un abogado con experiencia en derecho laboral de Georgia de la Firma de Abogados Leach, AP para programar una <a href=\"https:\/\/theleachfirm.com\/es\/contactenos\/\">consulta gratuita<\/a>. Estamos dedicados a luchar por los derechos de los trabajadores y nos esforzaremos para obtener los recursos permitidos por la ley.<\/p>\n\n","protected":false},"excerpt":{"rendered":"<p>Abogado Experto en seguros de salud COBRA que presta servicios en Georgia La Ley de Reconciliaci\u00f3n Presupuestaria \u00d3mnibus Consolidada, m\u00e1s conocida como COBRA, es una ley federal que ayuda a los empleados a conservar las prestaciones del seguro m\u00e9dico cuando pierden la cobertura de salud patrocinada por su empresa. COBRA puede beneficiarle considerablemente a usted&hellip;<\/p>\n","protected":false},"author":1,"featured_media":0,"parent":1369,"menu_order":0,"comment_status":"closed","ping_status":"closed","template":"","meta":{"inline_featured_image":false,"footnotes":""},"class_list":["post-1404","page","type-page","status-publish","hentry"],"_links":{"self":[{"href":"https:\/\/theleachfirm.com\/es\/wp-json\/wp\/v2\/pages\/1404","targetHints":{"allow":["GET"]}}],"collection":[{"href":"https:\/\/theleachfirm.com\/es\/wp-json\/wp\/v2\/pages"}],"about":[{"href":"https:\/\/theleachfirm.com\/es\/wp-json\/wp\/v2\/types\/page"}],"author":[{"embeddable":true,"href":"https:\/\/theleachfirm.com\/es\/wp-json\/wp\/v2\/users\/1"}],"replies":[{"embeddable":true,"href":"https:\/\/theleachfirm.com\/es\/wp-json\/wp\/v2\/comments?post=1404"}],"version-history":[{"count":0,"href":"https:\/\/theleachfirm.com\/es\/wp-json\/wp\/v2\/pages\/1404\/revisions"}],"up":[{"embeddable":true,"href":"https:\/\/theleachfirm.com\/es\/wp-json\/wp\/v2\/pages\/1369"}],"wp:attachment":[{"href":"https:\/\/theleachfirm.com\/es\/wp-json\/wp\/v2\/media?parent=1404"}],"curies":[{"name":"wp","href":"https:\/\/api.w.org\/{rel}","templated":true}]}}