{"id":1402,"date":"2022-02-18T09:08:03","date_gmt":"2022-02-18T14:08:03","guid":{"rendered":"https:\/\/theleachfirm.com\/georgia\/georgia-unpaid-wages-lawyer\/"},"modified":"2024-03-02T20:44:24","modified_gmt":"2024-03-03T01:44:24","slug":"salarios-impagos","status":"publish","type":"page","link":"https:\/\/theleachfirm.com\/es\/georgia\/salarios-impagos\/","title":{"rendered":"Abogado Experto en Salarios Impagos de Georgia"},"content":{"rendered":"\n<h1>\n\t\tAbogado Experto en Salarios Impagos de Georgia\n\t<\/h1>\n\t<div class=\"fl-builder-content fl-builder-content-2140 fl-builder-template fl-builder-row-template fl-builder-global-templates-locked\" data-post-id=\"2140\"><div class=\"fl-row fl-row-fixed-width fl-row-bg-color fl-node-3ch2ay0i9n7k fl-row-default-height fl-row-align-center page-top-banner\" data-node=\"3ch2ay0i9n7k\">\n\t<div class=\"fl-row-content-wrap\">\n\t\t\t\t\t\t<div class=\"fl-row-content fl-row-fixed-width fl-node-content\">\n\t\t\n<div class=\"fl-col-group fl-node-1ew4tp3k5oi6\" data-node=\"1ew4tp3k5oi6\">\n\t\t\t<div class=\"fl-col fl-node-5mxd3hik7t20 fl-col-bg-color employColumnParent\" data-node=\"5mxd3hik7t20\">\n\t<div class=\"fl-col-content fl-node-content\"><div class=\"fl-module fl-module-heading fl-node-e8xwrdmzbco6\" data-node=\"e8xwrdmzbco6\">\n\t<div class=\"fl-module-content fl-node-content\">\n\t\t<h5 class=\"fl-heading\">\n\t\t<span class=\"fl-heading-text\">\u00bfQuiere hablar con un Abogado Laboralista?<\/span>\n\t<\/h5>\n\t<\/div>\n<\/div>\n<div class=\"fl-module fl-module-heading fl-node-8q4xpla57rbn\" data-node=\"8q4xpla57rbn\">\n\t<div class=\"fl-module-content fl-node-content\">\n\t\t<h4 class=\"fl-heading\">\n\t\t<a\n\t\thref=\"tel:8447227567\"\n\t\ttitle=\"Llame a la l\u00ednea directa para empleados (844) 722-7567\"\n\t\ttarget=\"_self\"\n\t\t\t>\n\t\t<span class=\"fl-heading-text\">Llame a la l\u00ednea directa para empleados<br> (844) 722-7567<\/span>\n\t\t<\/a>\n\t<\/h4>\n\t<\/div>\n<\/div>\n<div class=\"fl-module fl-module-html fl-node-hw5loe1n0qbp employColumnBullets\" data-node=\"hw5loe1n0qbp\">\n\t<div class=\"fl-module-content fl-node-content\">\n\t\t<div class=\"fl-html\">\n\t<ul>\n  <li>\u00bfMe pueden despedir por presentar un caso contra mi empleador?<\/li>\n  <li>Si presento un reclamo, \u00bftendr\u00e9 problemas para conseguir otro trabajo?<\/li>\n  <li>\u00bfDebo presentar una solicitud ante la Comisi\u00f3n de Igualdad <br>de Oportunidades en el Empleo (EEOC, por sus siglas en ingl\u00e9s)<br> antes de consultar a un abogado?<\/li>\n  <li>\u00bfCu\u00e1nto vale mi caso?<\/li>\n  <li>\u00bfCu\u00e1nto tiempo tengo para presentar un reclamo?<\/li>\n  <li>\u00bfPor qu\u00e9 debo conseguir un abogado?<\/li>\n<\/ul><\/div>\n\t<\/div>\n<\/div>\n<\/div>\n<\/div>\n\t<\/div>\n\t\t<\/div>\n\t<\/div>\n<\/div>\n<\/div>\n\t<p>El estado de Georgia y el gobierno federal exigen el pago justo de salarios a trav\u00e9s de leyes, regulaciones y requisitos. Si cree que su empleador no le ha pagado completamente por su trabajo y est\u00e1 infringiendo la ley, lo alentamos a que hable con nuestro abogado especialista en salarios impagos en Georgia para averiguar si podemos ayudarle a obtener una indemnizaci\u00f3n justa. Nuestros abogados experimentados pueden determinar si su empleador viol\u00f3 las leyes federales o estatales y construir un caso s\u00f3lido para llegar a soluciones productivas.<\/p>\n<p>Los empleados son v\u00edctimas de salarios no pagados debido a muchas causas. A veces, los empleadores no pagan las horas extras cuando deber\u00edan hacerlo. Otras veces, los empleadores no compensan a los trabajadores a la tasa legal o les obligan a realizar trabajos fuera de su turno. En ocasiones, los casos de salarios no pagados afectan a empleados sin una compensaci\u00f3n justa por los periodos de descanso. Si bien hay muchas maneras en que los trabajadores pierden debido a los salarios no pagados en Georgia, estas p\u00e9rdidas son injustas en todos los casos, y los trabajadores merecen recibir los resarcimientos permitidos por la ley.<\/p>\n<h2>La Firma d Abogados Leach, AP est\u00e1 aqu\u00ed para los trabajadores en Georgia<\/h2>\n<p>Si usted necesita un abogado especialista en derecho laboral en Georgia para ayudarle a recuperar los salarios no pagados, podemos ayudarle a encontrar soluciones pr\u00e1cticas para sus necesidades legales. Podemos ayudarle a obtener un trato justo despu\u00e9s de ser v\u00edctima de discriminaci\u00f3n laboral, acoso u otro trato ilegal en el lugar de trabajo.. P\u00f3ngase en <a href=\"https:\/\/theleachfirm.com\/es\/contactenos\/\">contacto<\/a> con el equipo experimentado de la Firma d Abogados Leach, AP hoy para programar una consulta integral.<\/p>\n\n","protected":false},"excerpt":{"rendered":"<p>Abogado Experto en Salarios Impagos de Georgia El estado de Georgia y el gobierno federal exigen el pago justo de salarios a trav\u00e9s de leyes, regulaciones y requisitos. Si cree que su empleador no le ha pagado completamente por su trabajo y est\u00e1 infringiendo la ley, lo alentamos a que hable con nuestro abogado especialista&hellip;<\/p>\n","protected":false},"author":1,"featured_media":0,"parent":1369,"menu_order":0,"comment_status":"closed","ping_status":"closed","template":"","meta":{"inline_featured_image":false,"footnotes":""},"class_list":["post-1402","page","type-page","status-publish","hentry"],"_links":{"self":[{"href":"https:\/\/theleachfirm.com\/es\/wp-json\/wp\/v2\/pages\/1402","targetHints":{"allow":["GET"]}}],"collection":[{"href":"https:\/\/theleachfirm.com\/es\/wp-json\/wp\/v2\/pages"}],"about":[{"href":"https:\/\/theleachfirm.com\/es\/wp-json\/wp\/v2\/types\/page"}],"author":[{"embeddable":true,"href":"https:\/\/theleachfirm.com\/es\/wp-json\/wp\/v2\/users\/1"}],"replies":[{"embeddable":true,"href":"https:\/\/theleachfirm.com\/es\/wp-json\/wp\/v2\/comments?post=1402"}],"version-history":[{"count":0,"href":"https:\/\/theleachfirm.com\/es\/wp-json\/wp\/v2\/pages\/1402\/revisions"}],"up":[{"embeddable":true,"href":"https:\/\/theleachfirm.com\/es\/wp-json\/wp\/v2\/pages\/1369"}],"wp:attachment":[{"href":"https:\/\/theleachfirm.com\/es\/wp-json\/wp\/v2\/media?parent=1402"}],"curies":[{"name":"wp","href":"https:\/\/api.w.org\/{rel}","templated":true}]}}