{"id":1396,"date":"2022-02-18T09:05:35","date_gmt":"2022-02-18T14:05:35","guid":{"rendered":"https:\/\/theleachfirm.com\/georgia\/experienced-harassment-lawyer-serving-georgia\/"},"modified":"2024-03-02T20:44:55","modified_gmt":"2024-03-03T01:44:55","slug":"abogado-experimentado-en-acoso-que-presta-servicios","status":"publish","type":"page","link":"https:\/\/theleachfirm.com\/es\/georgia\/abogado-experimentado-en-acoso-que-presta-servicios\/","title":{"rendered":"Abogado experimentado en acoso que presta servicios en Georgia"},"content":{"rendered":"\n<h1>\n\t\tAbogado experimentado en acoso que presta servicios en Georgia\n\t<\/h1>\n\t<div class=\"fl-builder-content fl-builder-content-2140 fl-builder-template fl-builder-row-template fl-builder-global-templates-locked\" data-post-id=\"2140\"><div class=\"fl-row fl-row-fixed-width fl-row-bg-color fl-node-3ch2ay0i9n7k fl-row-default-height fl-row-align-center page-top-banner\" data-node=\"3ch2ay0i9n7k\">\n\t<div class=\"fl-row-content-wrap\">\n\t\t\t\t\t\t<div class=\"fl-row-content fl-row-fixed-width fl-node-content\">\n\t\t\n<div class=\"fl-col-group fl-node-1ew4tp3k5oi6\" data-node=\"1ew4tp3k5oi6\">\n\t\t\t<div class=\"fl-col fl-node-5mxd3hik7t20 fl-col-bg-color employColumnParent\" data-node=\"5mxd3hik7t20\">\n\t<div class=\"fl-col-content fl-node-content\"><div class=\"fl-module fl-module-heading fl-node-e8xwrdmzbco6\" data-node=\"e8xwrdmzbco6\">\n\t<div class=\"fl-module-content fl-node-content\">\n\t\t<h5 class=\"fl-heading\">\n\t\t<span class=\"fl-heading-text\">\u00bfQuiere hablar con un Abogado Laboralista?<\/span>\n\t<\/h5>\n\t<\/div>\n<\/div>\n<div class=\"fl-module fl-module-heading fl-node-8q4xpla57rbn\" data-node=\"8q4xpla57rbn\">\n\t<div class=\"fl-module-content fl-node-content\">\n\t\t<h4 class=\"fl-heading\">\n\t\t<a\n\t\thref=\"tel:8447227567\"\n\t\ttitle=\"Llame a la l\u00ednea directa para empleados (844) 722-7567\"\n\t\ttarget=\"_self\"\n\t\t\t>\n\t\t<span class=\"fl-heading-text\">Llame a la l\u00ednea directa para empleados<br> (844) 722-7567<\/span>\n\t\t<\/a>\n\t<\/h4>\n\t<\/div>\n<\/div>\n<div class=\"fl-module fl-module-html fl-node-hw5loe1n0qbp employColumnBullets\" data-node=\"hw5loe1n0qbp\">\n\t<div class=\"fl-module-content fl-node-content\">\n\t\t<div class=\"fl-html\">\n\t<ul>\n  <li>\u00bfMe pueden despedir por presentar un caso contra mi empleador?<\/li>\n  <li>Si presento un reclamo, \u00bftendr\u00e9 problemas para conseguir otro trabajo?<\/li>\n  <li>\u00bfDebo presentar una solicitud ante la Comisi\u00f3n de Igualdad <br>de Oportunidades en el Empleo (EEOC, por sus siglas en ingl\u00e9s)<br> antes de consultar a un abogado?<\/li>\n  <li>\u00bfCu\u00e1nto vale mi caso?<\/li>\n  <li>\u00bfCu\u00e1nto tiempo tengo para presentar un reclamo?<\/li>\n  <li>\u00bfPor qu\u00e9 debo conseguir un abogado?<\/li>\n<\/ul><\/div>\n\t<\/div>\n<\/div>\n<\/div>\n<\/div>\n\t<\/div>\n\t\t<\/div>\n\t<\/div>\n<\/div>\n<\/div>\n\t<p>Los trabajadores en Georgia enfrentan acoso ilegal con demasiada frecuencia. Los empleadores no deben permitir que contin\u00fae.<\/p>\n<p>Si ha sido v\u00edctima de acoso ilegal en el lugar de trabajo, podr\u00eda ser elegible para recibir una indemnizaci\u00f3n u otra reparaci\u00f3n legal. La mejor manera de conocer sus opciones para proteger sus derechos es hablar con un abogado experto en acoso de Georgia.<\/p>\n<h2>\u00bfQu\u00e9 es el acoso ilegal en Georgia?<\/h2>\n<p>El acoso ilegal puede incluir palabras o acciones da\u00f1inas relacionadas con la orientaci\u00f3n sexual, raza, religi\u00f3n, etnia, g\u00e9nero, edad u otros factores protegidos por la ley. Las bromas hirientes, los apodos y los insultos son ejemplos de cosas que pueden crear un ambiente de trabajo ilegalmente hostil cuando se permiten con frecuencia. Publicar caricaturas ofensivas puede considerarse acoso ilegal si la caricatura hace referencia a una caracter\u00edstica personal protegida.<\/p>\n<p>Sufrir acoso es una experiencia devastadora que puede afectar su vida profesional y personal. El equipo legal de la Firma de Abogados Leach, AP tiene las habilidades de defensa para manejar con \u00e9xito las denuncias de acoso y lucha para que los clientes reciban la justicia que merecen. Nuestros abogados han ayudado a los trabajadores a tener \u00e9xito en una amplia gama de casos de acoso en el trabajo, que incluyen:<\/p>\n<ul>\n<li aria-level=\"1\">Acoso racial<\/li>\n<li aria-level=\"1\">Acoso por discapacidad<\/li>\n<li aria-level=\"1\">Acoso por embarazo<\/li>\n<li aria-level=\"1\">Acoso religioso<\/li>\n<li aria-level=\"1\">Acoso sexual<\/li>\n<\/ul>\n<p>El acoso puede calificarse de ilegal cuando se le exige que lo soporte para mantener su puesto de trabajo o cuando es tan generalizado que crea un entorno intolerable. Puede ser \u00fatil llevar un diario que registre cu\u00e1ndo ocurrieron los incidentes, c\u00f3mo reaccionaron las personas y c\u00f3mo se sinti\u00f3 usted como resultado, para demostrar la gravedad del acoso en el lugar de trabajo.<\/p>\n<h2>Luchando por usted contra el acoso en Georgia<\/h2>\n<p>La Firma de Abogados Leach, AP se enorgullece de defender los derechos de las v\u00edctimas de acoso en Georgia y ayudar a obtener la reparaci\u00f3n que usted se merece. Nuestros abogados entienden c\u00f3mo luchar contra el acoso ilegal por motivos de raza, etnia, embarazo, religi\u00f3n, g\u00e9nero, discapacidad y otros factores protegidos.<\/p>\n<p>Para averiguar lo que podemos hacer para ayudarle a mejorar su situaci\u00f3n ahora y hacer que su lugar de trabajo sea mejor en el futuro, p\u00f3ngase en <a href=\"https:\/\/theleachfirm.com\/es\/contactenos\/\">contacto<\/a> con nosotros para una consulta gratuita.<\/p>\n\n","protected":false},"excerpt":{"rendered":"<p>Abogado experimentado en acoso que presta servicios en Georgia Los trabajadores en Georgia enfrentan acoso ilegal con demasiada frecuencia. Los empleadores no deben permitir que contin\u00fae. Si ha sido v\u00edctima de acoso ilegal en el lugar de trabajo, podr\u00eda ser elegible para recibir una indemnizaci\u00f3n u otra reparaci\u00f3n legal. La mejor manera de conocer sus&hellip;<\/p>\n","protected":false},"author":1,"featured_media":0,"parent":1369,"menu_order":0,"comment_status":"closed","ping_status":"closed","template":"","meta":{"inline_featured_image":false,"footnotes":""},"class_list":["post-1396","page","type-page","status-publish","hentry"],"_links":{"self":[{"href":"https:\/\/theleachfirm.com\/es\/wp-json\/wp\/v2\/pages\/1396","targetHints":{"allow":["GET"]}}],"collection":[{"href":"https:\/\/theleachfirm.com\/es\/wp-json\/wp\/v2\/pages"}],"about":[{"href":"https:\/\/theleachfirm.com\/es\/wp-json\/wp\/v2\/types\/page"}],"author":[{"embeddable":true,"href":"https:\/\/theleachfirm.com\/es\/wp-json\/wp\/v2\/users\/1"}],"replies":[{"embeddable":true,"href":"https:\/\/theleachfirm.com\/es\/wp-json\/wp\/v2\/comments?post=1396"}],"version-history":[{"count":0,"href":"https:\/\/theleachfirm.com\/es\/wp-json\/wp\/v2\/pages\/1396\/revisions"}],"up":[{"embeddable":true,"href":"https:\/\/theleachfirm.com\/es\/wp-json\/wp\/v2\/pages\/1369"}],"wp:attachment":[{"href":"https:\/\/theleachfirm.com\/es\/wp-json\/wp\/v2\/media?parent=1396"}],"curies":[{"name":"wp","href":"https:\/\/api.w.org\/{rel}","templated":true}]}}