{"id":1393,"date":"2022-02-18T09:04:54","date_gmt":"2022-02-18T14:04:54","guid":{"rendered":"https:\/\/theleachfirm.com\/georgia\/georgia-eeoc-attorney\/"},"modified":"2024-03-02T20:45:10","modified_gmt":"2024-03-03T01:45:10","slug":"abogado-entendido-en-la-eeoc-de-georgia","status":"publish","type":"page","link":"https:\/\/theleachfirm.com\/es\/georgia\/abogado-entendido-en-la-eeoc-de-georgia\/","title":{"rendered":"Abogado entendido en la EEOC de Georgia"},"content":{"rendered":"\n<h1>\n\t\tAbogado entendido en la EEOC de Georgia\n\t<\/h1>\n\t<div class=\"fl-builder-content fl-builder-content-2140 fl-builder-template fl-builder-row-template fl-builder-global-templates-locked\" data-post-id=\"2140\"><div class=\"fl-row fl-row-fixed-width fl-row-bg-color fl-node-3ch2ay0i9n7k fl-row-default-height fl-row-align-center page-top-banner\" data-node=\"3ch2ay0i9n7k\">\n\t<div class=\"fl-row-content-wrap\">\n\t\t\t\t\t\t<div class=\"fl-row-content fl-row-fixed-width fl-node-content\">\n\t\t\n<div class=\"fl-col-group fl-node-1ew4tp3k5oi6\" data-node=\"1ew4tp3k5oi6\">\n\t\t\t<div class=\"fl-col fl-node-5mxd3hik7t20 fl-col-bg-color employColumnParent\" data-node=\"5mxd3hik7t20\">\n\t<div class=\"fl-col-content fl-node-content\"><div class=\"fl-module fl-module-heading fl-node-e8xwrdmzbco6\" data-node=\"e8xwrdmzbco6\">\n\t<div class=\"fl-module-content fl-node-content\">\n\t\t<h5 class=\"fl-heading\">\n\t\t<span class=\"fl-heading-text\">\u00bfQuiere hablar con un Abogado Laboralista?<\/span>\n\t<\/h5>\n\t<\/div>\n<\/div>\n<div class=\"fl-module fl-module-heading fl-node-8q4xpla57rbn\" data-node=\"8q4xpla57rbn\">\n\t<div class=\"fl-module-content fl-node-content\">\n\t\t<h4 class=\"fl-heading\">\n\t\t<a\n\t\thref=\"tel:8447227567\"\n\t\ttitle=\"Llame a la l\u00ednea directa para empleados (844) 722-7567\"\n\t\ttarget=\"_self\"\n\t\t\t>\n\t\t<span class=\"fl-heading-text\">Llame a la l\u00ednea directa para empleados<br> (844) 722-7567<\/span>\n\t\t<\/a>\n\t<\/h4>\n\t<\/div>\n<\/div>\n<div class=\"fl-module fl-module-html fl-node-hw5loe1n0qbp employColumnBullets\" data-node=\"hw5loe1n0qbp\">\n\t<div class=\"fl-module-content fl-node-content\">\n\t\t<div class=\"fl-html\">\n\t<ul>\n  <li>\u00bfMe pueden despedir por presentar un caso contra mi empleador?<\/li>\n  <li>Si presento un reclamo, \u00bftendr\u00e9 problemas para conseguir otro trabajo?<\/li>\n  <li>\u00bfDebo presentar una solicitud ante la Comisi\u00f3n de Igualdad <br>de Oportunidades en el Empleo (EEOC, por sus siglas en ingl\u00e9s)<br> antes de consultar a un abogado?<\/li>\n  <li>\u00bfCu\u00e1nto vale mi caso?<\/li>\n  <li>\u00bfCu\u00e1nto tiempo tengo para presentar un reclamo?<\/li>\n  <li>\u00bfPor qu\u00e9 debo conseguir un abogado?<\/li>\n<\/ul><\/div>\n\t<\/div>\n<\/div>\n<\/div>\n<\/div>\n\t<\/div>\n\t\t<\/div>\n\t<\/div>\n<\/div>\n<\/div>\n\t<p>Las leyes federales y estatales establecen que es ilegal que los empleadores discriminen a un solicitante de empleo o empleado por motivos de raza, religi\u00f3n, sexo y varios otros factores protegidos. Los trabajadores que han sufrido discriminaci\u00f3n en el lugar de trabajo o en la solicitud pueden tener derecho a reparaci\u00f3n legal, incluida una indemnizaci\u00f3n.<\/p>\n<p>La Comisi\u00f3n de Igualdad de Oportunidades en el Empleo (EEOC) de los EE. UU. trabaja con la oficina de la Comisi\u00f3n de Igualdad de Oportunidades de Georgia (GCEO) para atender las denuncias de discriminaci\u00f3n ilegal en el lugar de trabajo. Un abogado experto en la EEOC podr\u00eda ayudarle a asegurarse de que se protejan todos los derechos y se haga justicia.<\/p>\n<p>Con m\u00e1s de 70 a\u00f1os de experiencia combinada en el campo de casos de igualdad de oportunidades de empleo, El bufete de Abogados Leach, AP est\u00e1 aqu\u00ed para ayudarle. Entendemos lo traum\u00e1tico y doloroso que puede ser experimentar discriminaci\u00f3n por motivos de raza u otras caracter\u00edsticas. Es por eso que representamos celosamente sus intereses contra los empleadores discriminatorios y proporcionamos asesoramiento legal para emprender acciones a trav\u00e9s de la EEOC y otros lugares apropiados.<\/p>\n<h2>Luchamos por sus derechos laborales en Georgia<\/h2>\n<p>Cuando ha experimentado discriminaci\u00f3n laboral ilegal en Georgia, usted merece justicia. El bufete de Abogados Leach, AP trabaja en estrecha colaboraci\u00f3n con usted asegurarse que presente que presente la documentaci\u00f3n y la demanda correctas ante la EEOC o la GCEO. Nuestros abogados saben c\u00f3mo tener \u00e9xito con los reclamos por discriminaci\u00f3n y pueden ayudarle a construir su caso a trav\u00e9s de una planificaci\u00f3n y documentaci\u00f3n adecuadas. Tambi\u00e9n podemos proporcionarle asesoramiento legal sobre diferentes soluciones que podr\u00edan adaptarse mejor a su situaci\u00f3n y trabajar para negociar un acuerdo.<\/p>\n<p>Si tiene preguntas sobre c\u00f3mo presentar un caso ante la EEOC o necesita saber si su caso califica para una reparaci\u00f3n legal, el bufete de Abogados Leach, AP est\u00e1 aqu\u00ed para ayudarle. Ofrecemos asesor\u00eda legal calificada con el conocimiento y la habilidad que necesita para lograr justicia despu\u00e9s de la discriminaci\u00f3n laboral.<\/p>\n<h2>Preguntas frecuentes sobre los reclamamos ante la EEOC de Georgia<\/h2>\n<p>Estas son las preguntas que los clientes hacen con frecuencia sobre los reclamos ante la EEOC y c\u00f3mo el bufete de Abogados Leach, AP puede ayudarle:<\/p>\n<h3>\u00bfPresent\u00e9 correctamente mi reclamo ante la EEOC?<\/h3>\n<p>A veces, los clientes presentan una demanda a la EEOC sin asistencia legal y se preguntan si lo hicieron correctamente. Puede resultar \u00fatil preguntarle a un abogado sobre esta situaci\u00f3n y c\u00f3mo resolver cualquier error. Los errores en una demanda a la EEOC pueden arruinar sus posibilidades de \u00e9xito.<\/p>\n<h3>\u00bfEs posible arreglar una demanda a la EEOC que se ha presentado incorrectamente?<\/h3>\n<p>Si le preocupa haber presentado incorrectamente una demanda por discriminaci\u00f3n laboral ante la EEOC u otro organismo es aconsejable consultar lo antes posible a un abogado que entienda sobre las presentaciones a la EEOC de Georgia. En muchas circunstancias es posible arreglar un demanda ya presentada a la\u00a0 EEOC y corregir cualquier error Un abogado podr\u00eda revisar los procedimientos administrativos aplicables para encontrar la mejor soluci\u00f3n. Es aconsejable comenzar a trabajar en una demanda lo antes posible para tener las mejores oportunidades de reunir pruebas que apoyen la denuncia.<\/p>\n<h3>\u00bfNecesito un abogado para un reclamo ante la EEOC?<\/h3>\n<p>Por muchas razones, puede ser beneficioso trabajar con un abogado con experiencia en la EEOC de Georgia al presentar una demanda por discriminaci\u00f3n. Demasiadas v\u00edctimas pierden la oportunidad de obtener justicia por completar el papeleo de manera incorrecta, no cumplir con los plazos o no presentar los argumentos legales y las pruebas adecuadas para apoyar su demanda. Un abogado podr\u00eda ayudarle a aprovechar al m\u00e1ximo su caso.<\/p>\n<h3>\u00bfCu\u00e1nto cuesta una demanda ante la EEOC?<\/h3>\n<p>La mayor\u00eda de los abogados que manejan demandas por discriminaci\u00f3n trabajan con honorarios condicionales para las demandas la EEOC, por lo cual el abogado recibe honorarios solo si usted gana el caso. Por ejemplo, si los honorarios condicionales de su abogado son del 30% y su caso se resuelve en $40,000, su abogado recibir\u00eda $12,000. Usted debe hablar con su abogado por adelantado sobre su estructura de honorarios y m\u00e9todos para manejar otros costos. El bufete de Abogados Leach, AP ofrece consultas gratuitas y solo trabaja con honorarios ccondicionales, por lo que no hay cargos ni costos iniciales.<\/p>\n<h3>\u00bfPuede demandar a su empleador por discriminaci\u00f3n en Georgia?<\/h3>\n<p>En la mayor\u00eda de los casos de la EEOC, usted debe presentar una demanda administrativa antes de poder presentar una demanda por discriminaci\u00f3n basada en violaciones de la ley federal.<\/p>\n<p>Puede resultar \u00fatil trabajar con un abogado que entiende de la EEOC desde el comienzo del proceso muchas de las mismas pruebas ayudar\u00e1n a respaldar un reclamo ante la EEOC o una demanda presentada ante un tribunal.<\/p>\n<h3>\u00bfC\u00f3mo presento un reclamo ante la EEOC en Georgia?<\/h3>\n<p>Cuando se presenta un reclamo por discriminaci\u00f3n laboral bas\u00e1ndose en la ley federal, el empleado suele presentar una Acusaci\u00f3n de Discriminaci\u00f3n a trav\u00e9s del sitio web de la EEOC. La EEOC a menudo requiere que los trabajadores presenten una investigaci\u00f3n y se sometan a una entrevista antes de que el trabajador pueda presentar un acusaci\u00f3na formal. A menudo, un abogado puede evitar el proceso de entrevista y presentar la acusaci\u00f3n inmediatamente, lo que puede ahorrar semanas o incluso meses en el proceso.<\/p>\n<p>Presentar con \u00e9xito una denuncia ante la EEOC en Georgia requiere una considerable preparaci\u00f3n y un conocimiento profundo de la legislaci\u00f3n federal y estatal contra la discriminaci\u00f3n. Es aconsejable trabajar con un abogado experto en la EEOC para asegurarse de cumplir todos los requisitos y presentar el caso m\u00e1s s\u00f3lido posible.<\/p>\n<h2>Llame al bufete de Abogados Leach, AP para que le ayude con su reclamo ante la EEOC de Georgia<\/h2>\n<p>Si usted ha experimentado discriminaci\u00f3n laboral en Georgia, llame hoy a bufete de Abogados Leach, para saber c\u00f3mo podr\u00edamos ayudarle a encontrar una. Nos complace brindarle respuestas y asesoramiento legal competente para su reclamo, ya sea que surja bajo la ley estatal o federal. <a href=\"https:\/\/theleachfirm.com\/es\/contactenos\/\">Comun\u00edquese<\/a> con nuestra firma para comenzar a trabajar hoy con uno de nuestros abogados calificados de la EEOC.<\/p>\n\n","protected":false},"excerpt":{"rendered":"<p>Abogado entendido en la EEOC de Georgia Las leyes federales y estatales establecen que es ilegal que los empleadores discriminen a un solicitante de empleo o empleado por motivos de raza, religi\u00f3n, sexo y varios otros factores protegidos. Los trabajadores que han sufrido discriminaci\u00f3n en el lugar de trabajo o en la solicitud pueden tener&hellip;<\/p>\n","protected":false},"author":1,"featured_media":0,"parent":1369,"menu_order":0,"comment_status":"closed","ping_status":"closed","template":"","meta":{"inline_featured_image":false,"footnotes":""},"class_list":["post-1393","page","type-page","status-publish","hentry"],"_links":{"self":[{"href":"https:\/\/theleachfirm.com\/es\/wp-json\/wp\/v2\/pages\/1393","targetHints":{"allow":["GET"]}}],"collection":[{"href":"https:\/\/theleachfirm.com\/es\/wp-json\/wp\/v2\/pages"}],"about":[{"href":"https:\/\/theleachfirm.com\/es\/wp-json\/wp\/v2\/types\/page"}],"author":[{"embeddable":true,"href":"https:\/\/theleachfirm.com\/es\/wp-json\/wp\/v2\/users\/1"}],"replies":[{"embeddable":true,"href":"https:\/\/theleachfirm.com\/es\/wp-json\/wp\/v2\/comments?post=1393"}],"version-history":[{"count":0,"href":"https:\/\/theleachfirm.com\/es\/wp-json\/wp\/v2\/pages\/1393\/revisions"}],"up":[{"embeddable":true,"href":"https:\/\/theleachfirm.com\/es\/wp-json\/wp\/v2\/pages\/1369"}],"wp:attachment":[{"href":"https:\/\/theleachfirm.com\/es\/wp-json\/wp\/v2\/media?parent=1393"}],"curies":[{"name":"wp","href":"https:\/\/api.w.org\/{rel}","templated":true}]}}