{"id":1380,"date":"2022-02-18T08:58:31","date_gmt":"2022-02-18T13:58:31","guid":{"rendered":"https:\/\/theleachfirm.com\/georgia\/wrongful-termination-attorney-serving-georgia\/"},"modified":"2024-03-02T20:46:38","modified_gmt":"2024-03-03T01:46:38","slug":"abogado-experto-en-despidos-injustificados-que-presta-servicios-en-georgia","status":"publish","type":"page","link":"https:\/\/theleachfirm.com\/es\/georgia\/abogado-experto-en-despidos-injustificados-que-presta-servicios-en-georgia\/","title":{"rendered":"Abogado Experto en despidos injustificados que presta servicios en Georgia"},"content":{"rendered":"\n<h1>\n\t\tAbogado Experto en despidos injustificados que presta servicios en Georgia\n\t<\/h1>\n\t<div class=\"fl-builder-content fl-builder-content-2140 fl-builder-template fl-builder-row-template fl-builder-global-templates-locked\" data-post-id=\"2140\"><div class=\"fl-row fl-row-fixed-width fl-row-bg-color fl-node-3ch2ay0i9n7k fl-row-default-height fl-row-align-center page-top-banner\" data-node=\"3ch2ay0i9n7k\">\n\t<div class=\"fl-row-content-wrap\">\n\t\t\t\t\t\t<div class=\"fl-row-content fl-row-fixed-width fl-node-content\">\n\t\t\n<div class=\"fl-col-group fl-node-1ew4tp3k5oi6\" data-node=\"1ew4tp3k5oi6\">\n\t\t\t<div class=\"fl-col fl-node-5mxd3hik7t20 fl-col-bg-color employColumnParent\" data-node=\"5mxd3hik7t20\">\n\t<div class=\"fl-col-content fl-node-content\"><div class=\"fl-module fl-module-heading fl-node-e8xwrdmzbco6\" data-node=\"e8xwrdmzbco6\">\n\t<div class=\"fl-module-content fl-node-content\">\n\t\t<h5 class=\"fl-heading\">\n\t\t<span class=\"fl-heading-text\">\u00bfQuiere hablar con un Abogado Laboralista?<\/span>\n\t<\/h5>\n\t<\/div>\n<\/div>\n<div class=\"fl-module fl-module-heading fl-node-8q4xpla57rbn\" data-node=\"8q4xpla57rbn\">\n\t<div class=\"fl-module-content fl-node-content\">\n\t\t<h4 class=\"fl-heading\">\n\t\t<a\n\t\thref=\"tel:8447227567\"\n\t\ttitle=\"Llame a la l\u00ednea directa para empleados (844) 722-7567\"\n\t\ttarget=\"_self\"\n\t\t\t>\n\t\t<span class=\"fl-heading-text\">Llame a la l\u00ednea directa para empleados<br> (844) 722-7567<\/span>\n\t\t<\/a>\n\t<\/h4>\n\t<\/div>\n<\/div>\n<div class=\"fl-module fl-module-html fl-node-hw5loe1n0qbp employColumnBullets\" data-node=\"hw5loe1n0qbp\">\n\t<div class=\"fl-module-content fl-node-content\">\n\t\t<div class=\"fl-html\">\n\t<ul>\n  <li>\u00bfMe pueden despedir por presentar un caso contra mi empleador?<\/li>\n  <li>Si presento un reclamo, \u00bftendr\u00e9 problemas para conseguir otro trabajo?<\/li>\n  <li>\u00bfDebo presentar una solicitud ante la Comisi\u00f3n de Igualdad <br>de Oportunidades en el Empleo (EEOC, por sus siglas en ingl\u00e9s)<br> antes de consultar a un abogado?<\/li>\n  <li>\u00bfCu\u00e1nto vale mi caso?<\/li>\n  <li>\u00bfCu\u00e1nto tiempo tengo para presentar un reclamo?<\/li>\n  <li>\u00bfPor qu\u00e9 debo conseguir un abogado?<\/li>\n<\/ul><\/div>\n\t<\/div>\n<\/div>\n<\/div>\n<\/div>\n\t<\/div>\n\t\t<\/div>\n\t<\/div>\n<\/div>\n<\/div>\n\t<p>Aunque Georgia es un estado en que se puede trabajar a voluntad, no todas las terminaciones son legales. Used puede tener derecho a una reparaci\u00f3n legal, incluida la compensaci\u00f3n y la reincorporaci\u00f3n, si su empleador en Georgia lo despidi\u00f3 por motivos indebidos.<\/p>\n<p>La mayor\u00eda de los empleados de Georgia trabajan en una situaci\u00f3n de empleo \u00aba voluntad\u00bb. Esto permite que tanto los trabajadores como los empleadores terminen la relaci\u00f3n en cualquier momento por casi cualquier motivo.<\/p>\n<p>Sin embargo, existen algunas distinciones cruciales y protecciones para los empleados con respecto a la regla a voluntad que es necesario conocer cuando se trata de determinar la legalidad de un despido. Por ejemplo, el despido puede violar los derechos civiles de un empleado si se bas\u00f3 en discriminaci\u00f3n ilegal o como represalia por ejercer derechos legales. Un empleado con una relaci\u00f3n contractual podr\u00eda tener derecho a indemnizaci\u00f3n si el empleador viol\u00f3 el contrato.<\/p>\n<p>En la Firma de Abogados Leach, AP, de Georgia, nuestros abogados expertos en despido injustificado tienen m\u00e1s de 50 a\u00f1os de experiencia combinada en litigios. Hemos luchado para proteger los derechos de miles de trabajadores.<\/p>\n<h2>Preguntas frecuentes sobre despidos injustificados<\/h2>\n<p>Muchos empleados que se comunican con nosotros traen preguntas e inquietudes similares. Las preguntas frecuentes que recibimos sobre el despido injustificado incluyen:<\/p>\n<h3>1. \u00bfQu\u00e9 se considera despido injustificado en Georgia?<\/h3>\n<p>Los empleadores no pueden rescindir el empleo de ninguna persona debido a factores protegidos por las leyes contra la discriminaci\u00f3n o por ejercer sus derechos como empleados, como ser: denunciar la discriminaci\u00f3n, presentar una demanda para una compensaci\u00f3n laboral o enfrentarse a una empresa por horas extras no pagadas o categorizaci\u00f3n incorrecta de empleados. Estas son solo algunas de las muchas razones por las que un empleador no puede despedir a alguien. Si lo han despedido por razones como estas, es posible que se trate de un caso de despido injustificado.<\/p>\n<h3>2. \u00bfEn Georgia, los empleados tienen alg\u00fan derecho?<\/h3>\n<p>Incluso los empleados a voluntad en Georgia tienen numerosos derechos en el lugar de trabajo. Estos incluyen el derecho a trabajar durante el embarazo y no ser discriminados por motivos de edad, sexo, religi\u00f3n, orientaci\u00f3n sexual, estado civil, color, origen nacional o discapacidad. Los empleados que presenten reclamaciones de indemnizaci\u00f3n por accidente laboral, se tomen una baja por enfermedad o asuntos familiares, o incluso testifiquen contra un empleador ante un tribunal, no pueden ser despedidos por estas acciones.<\/p>\n<h3>3. \u00bfPuedo presentar una demanda por despido injustificado?<\/h3>\n<p>Si cree que recibi\u00f3 un despido injustificado, tiene derecho a emprender acciones legales contra su empleador. Es importante reunir tanta evidencia como sea posible para respaldar su reclamo. Por ejemplo, si la evidencia muestra que los empleados reciben un tratamiento de despido diferente por la misma conducta debido a su nacionalidad, esto demuestra un despido injustificado basado en discriminaci\u00f3n ilegal.<\/p>\n<p>Los detalles de cada situaci\u00f3n variar\u00e1n mucho. Incluso si no puede probar directamente que ocurri\u00f3 una acci\u00f3n ilegal durante su despido, un abogado laboral puede persuadir con \u00e9xito a su empleador para que acepte tomar medidas para resolver el conflicto.<\/p>\n<h3>4. \u00bfEs dif\u00edcil probar el despido injustificado?<\/h3>\n<p>Probar el despido injustificado puede ser un desaf\u00edo particular en una situaci\u00f3n de empleo a voluntad. Los empleadores pueden despedir a cualquier persona en cualquier momento, incluso si su desempe\u00f1o es satisfactorio. Esto significa que un empleador probablemente citar\u00e1 una raz\u00f3n justificable, como la falta de voluntad para ser parte de un equipo o ser demasiado lento para aprender si ocurre un desaf\u00edo de despido. Aseg\u00farese de recopilar tanta evidencia como sea posible si cree que fue despedido injustamente.<\/p>\n<h3>5. \u00bfDe cu\u00e1nto tiempo dispone para presentar una demanda por despido injustificado en Georgia?<\/h3>\n<p>En Georgia, el estatuto de limitaciones aplicable da a los empleados 180 d\u00edas a partir de la fecha en que se enteraron de la discriminaci\u00f3n para emprender acciones legales. En muchos casos, la fecha en que el empleado se enter\u00f3 de la discriminaci\u00f3n y la fecha en que se produjo ser\u00e1 la misma.<\/p>\n<p>6. \u00bfCu\u00e1nto duran los casos de despido injustificado?<\/p>\n<p>La duraci\u00f3n de un reclamo por despido injustificado depender\u00e1 de los detalles del caso. Los empleadores que est\u00e1n dispuestos a llegar a un acuerdo para evitar conflictos generalmente resolver\u00e1n un caso r\u00e1pidamente. Sin embargo, quienes luchan contra las acusaciones pueden llevar el caso a los tribunales, lo que extender\u00e1 el tiempo debido al descubrimiento y otras fases del proceso de litigio. Su abogado puede brindarle una comprensi\u00f3n m\u00e1s clara de cu\u00e1nto tiempo puede esperar que tome su caso individual.<\/p>\n<h2>Comun\u00edquese con un abogado especializado en despidos injustificados en Georgia<\/h2>\n<p>En la Firma de Abogados Leach, AP, dise\u00f1amos nuestros servicios legales comprobados para ayudarle a mantener su trabajo u obtener una compensaci\u00f3n de su empleador anterior por un despido injustificado. Nos esforzamos por brindar soluciones legales mientras nos asociamos con usted para ayudarle a luchar por sus derechos en el lugar de trabajo.<\/p>\n<p>Si su empleador viol\u00f3 las normas estatales o federales, trabajaremos arduamente para recuperar la compensaci\u00f3n u otros remedios apropiados. Comun\u00edquese con un abogado experto en despidos injustificados de Georgia para una <a href=\"https:\/\/theleachfirm.com\/es\/contactenos\/\">consulta gratuita<\/a> y una evaluaci\u00f3n del caso para saber qu\u00e9 se puede lograr.<\/p>\n\n","protected":false},"excerpt":{"rendered":"<p>Abogado Experto en despidos injustificados que presta servicios en Georgia Aunque Georgia es un estado en que se puede trabajar a voluntad, no todas las terminaciones son legales. Used puede tener derecho a una reparaci\u00f3n legal, incluida la compensaci\u00f3n y la reincorporaci\u00f3n, si su empleador en Georgia lo despidi\u00f3 por motivos indebidos. La mayor\u00eda de&hellip;<\/p>\n","protected":false},"author":1,"featured_media":0,"parent":1369,"menu_order":0,"comment_status":"closed","ping_status":"closed","template":"","meta":{"inline_featured_image":false,"footnotes":""},"class_list":["post-1380","page","type-page","status-publish","hentry"],"_links":{"self":[{"href":"https:\/\/theleachfirm.com\/es\/wp-json\/wp\/v2\/pages\/1380","targetHints":{"allow":["GET"]}}],"collection":[{"href":"https:\/\/theleachfirm.com\/es\/wp-json\/wp\/v2\/pages"}],"about":[{"href":"https:\/\/theleachfirm.com\/es\/wp-json\/wp\/v2\/types\/page"}],"author":[{"embeddable":true,"href":"https:\/\/theleachfirm.com\/es\/wp-json\/wp\/v2\/users\/1"}],"replies":[{"embeddable":true,"href":"https:\/\/theleachfirm.com\/es\/wp-json\/wp\/v2\/comments?post=1380"}],"version-history":[{"count":0,"href":"https:\/\/theleachfirm.com\/es\/wp-json\/wp\/v2\/pages\/1380\/revisions"}],"up":[{"embeddable":true,"href":"https:\/\/theleachfirm.com\/es\/wp-json\/wp\/v2\/pages\/1369"}],"wp:attachment":[{"href":"https:\/\/theleachfirm.com\/es\/wp-json\/wp\/v2\/media?parent=1380"}],"curies":[{"name":"wp","href":"https:\/\/api.w.org\/{rel}","templated":true}]}}