{"id":1377,"date":"2022-02-18T08:57:03","date_gmt":"2022-02-18T13:57:03","guid":{"rendered":"https:\/\/theleachfirm.com\/georgia\/experienced-georgia-discrimination-lawyer\/"},"modified":"2024-03-02T20:46:49","modified_gmt":"2024-03-03T01:46:49","slug":"abogado-de-georgia-experimentado-en-discriminacion","status":"publish","type":"page","link":"https:\/\/theleachfirm.com\/es\/georgia\/abogado-de-georgia-experimentado-en-discriminacion\/","title":{"rendered":"Abogado de Georgia Experimentado en Discriminaci\u00f3n"},"content":{"rendered":"\n<h1>\n\t\tAbogado de Georgia Experimentado en Discriminaci\u00f3n \n\t<\/h1>\n\t<div class=\"fl-builder-content fl-builder-content-2140 fl-builder-template fl-builder-row-template fl-builder-global-templates-locked\" data-post-id=\"2140\"><div class=\"fl-row fl-row-fixed-width fl-row-bg-color fl-node-3ch2ay0i9n7k fl-row-default-height fl-row-align-center page-top-banner\" data-node=\"3ch2ay0i9n7k\">\n\t<div class=\"fl-row-content-wrap\">\n\t\t\t\t\t\t<div class=\"fl-row-content fl-row-fixed-width fl-node-content\">\n\t\t\n<div class=\"fl-col-group fl-node-1ew4tp3k5oi6\" data-node=\"1ew4tp3k5oi6\">\n\t\t\t<div class=\"fl-col fl-node-5mxd3hik7t20 fl-col-bg-color employColumnParent\" data-node=\"5mxd3hik7t20\">\n\t<div class=\"fl-col-content fl-node-content\"><div class=\"fl-module fl-module-heading fl-node-e8xwrdmzbco6\" data-node=\"e8xwrdmzbco6\">\n\t<div class=\"fl-module-content fl-node-content\">\n\t\t<h5 class=\"fl-heading\">\n\t\t<span class=\"fl-heading-text\">\u00bfQuiere hablar con un Abogado Laboralista?<\/span>\n\t<\/h5>\n\t<\/div>\n<\/div>\n<div class=\"fl-module fl-module-heading fl-node-8q4xpla57rbn\" data-node=\"8q4xpla57rbn\">\n\t<div class=\"fl-module-content fl-node-content\">\n\t\t<h4 class=\"fl-heading\">\n\t\t<a\n\t\thref=\"tel:8447227567\"\n\t\ttitle=\"Llame a la l\u00ednea directa para empleados (844) 722-7567\"\n\t\ttarget=\"_self\"\n\t\t\t>\n\t\t<span class=\"fl-heading-text\">Llame a la l\u00ednea directa para empleados<br> (844) 722-7567<\/span>\n\t\t<\/a>\n\t<\/h4>\n\t<\/div>\n<\/div>\n<div class=\"fl-module fl-module-html fl-node-hw5loe1n0qbp employColumnBullets\" data-node=\"hw5loe1n0qbp\">\n\t<div class=\"fl-module-content fl-node-content\">\n\t\t<div class=\"fl-html\">\n\t<ul>\n  <li>\u00bfMe pueden despedir por presentar un caso contra mi empleador?<\/li>\n  <li>Si presento un reclamo, \u00bftendr\u00e9 problemas para conseguir otro trabajo?<\/li>\n  <li>\u00bfDebo presentar una solicitud ante la Comisi\u00f3n de Igualdad <br>de Oportunidades en el Empleo (EEOC, por sus siglas en ingl\u00e9s)<br> antes de consultar a un abogado?<\/li>\n  <li>\u00bfCu\u00e1nto vale mi caso?<\/li>\n  <li>\u00bfCu\u00e1nto tiempo tengo para presentar un reclamo?<\/li>\n  <li>\u00bfPor qu\u00e9 debo conseguir un abogado?<\/li>\n<\/ul><\/div>\n\t<\/div>\n<\/div>\n<\/div>\n<\/div>\n\t<\/div>\n\t\t<\/div>\n\t<\/div>\n<\/div>\n<\/div>\n\t<p>Ya sea que est\u00e9 buscando empleo o ya est\u00e9 trabajando, la discriminaci\u00f3n ilegal por parte de los empleadores es muy com\u00fan en muchos lugares de trabajo de Georgia. Cuando cumple con todos los requisitos para un puesto, pero aun as\u00ed se le niega el empleo debido a factores ilegales, puede ser v\u00edctima de discriminaci\u00f3n ilegal.<\/p>\n<p>La discriminaci\u00f3n generalmente se produce a trav\u00e9s de un comportamiento perjudicial basado en la raza, las preferencias sexuales o la religi\u00f3n de un empleado. Las leyes estatales y federales protegen a los empleados de la discriminaci\u00f3n basada en una serie de otros factores, como la edad, la nacionalidad, el sexo, el embarazo, la discapacidad, la identidad de g\u00e9nero e incluso la informaci\u00f3n gen\u00e9tica.<\/p>\n<p>Si cree que se ha enfrentado a una discriminaci\u00f3n ilegal, es imperativo que busque los servicios de un abogado experto en discriminaci\u00f3n laboral de Georgia. Un abogado con experiencia en discriminaci\u00f3n laboral en Georgia le ayudar\u00e1 a proteger sus derechos.<\/p>\n<h2>La discriminaci\u00f3n en Georgia puede adoptar muchas formas<\/h2>\n<p>Los empleados no siempre son inmediatamente conscientes cuando son v\u00edctimas de discriminaci\u00f3n ilegal. Es posible que se les nieguen injustamente beneficios o una promoci\u00f3n, que reciban una evaluaci\u00f3n de desempe\u00f1o injustificadamente baja o enfrentarse a un despido ilegal. Los trabajadores sometidos a acoso laboral en base a factores protegidos tambi\u00e9n son v\u00edctimas de discriminaci\u00f3n ilegal.<\/p>\n<p>La discriminaci\u00f3n suele venir de un comportamiento prejuicioso basado en la raza, las preferencias sexuales o la religi\u00f3n de un empleado. Las leyes estatales y federales protegen a los empleados de la discriminaci\u00f3n por otros muchos factores, como la edad, la nacionalidad, el sexo, el embarazo, la discapacidad, la identidad de g\u00e9nero e incluso la informaci\u00f3n gen\u00e9tica.<\/p>\n<h2>Luchamos por sus derechos<\/h2>\n<p>En Firma de Abogados, AP, proporcionamos a nuestros clientes el asesoramiento y la representaci\u00f3n que necesitan mientras tramitan sus demandas por discriminaci\u00f3n. Nuestros abogados tienen experiencia ayudando a las v\u00edctimas a recuperarse en una serie de casos de discriminaci\u00f3n, incluyendo:<\/p>\n<ul>\n<li aria-level=\"1\">Discriminaci\u00f3n laboral<\/li>\n<li aria-level=\"1\">Discriminaci\u00f3n racial<\/li>\n<li aria-level=\"1\">Discriminaci\u00f3n por embarazo<\/li>\n<li aria-level=\"1\">Discriminaci\u00f3n religiosa<\/li>\n<li aria-level=\"1\">Discriminaci\u00f3n de g\u00e9nero<\/li>\n<\/ul>\n<p>Puede confiar en que nuestra firma luchar\u00e1 con vehemencia para defender sus derechos. Nos esforzaremos por construir un caso s\u00f3lido para la compensaci\u00f3n y trabajaremos para garantizar que reciba un trato justo durante todo el proceso legal.<\/p>\n<p>Conozca lo que un abogado con experiencia en discriminaci\u00f3n en Georgia podr\u00eda hacer por usted<\/p>\n<p>Cuando necesite el apoyo de un abogado dedicado a la discriminaci\u00f3n laboral en Georgia, conf\u00ede en el equipo legal dedicado de La Firma Leach, AP para brindarle una representaci\u00f3n tenaz en su nombre. <a href=\"https:\/\/theleachfirm.com\/es\/contactenos\/\">Cont\u00e1ctenos<\/a> para una evaluaci\u00f3n gratuita de su caso y sepa c\u00f3mo podemos ayudarle a superar la discriminaci\u00f3n en el trabajo.<\/p>\n\n","protected":false},"excerpt":{"rendered":"<p>Abogado de Georgia Experimentado en Discriminaci\u00f3n Ya sea que est\u00e9 buscando empleo o ya est\u00e9 trabajando, la discriminaci\u00f3n ilegal por parte de los empleadores es muy com\u00fan en muchos lugares de trabajo de Georgia. Cuando cumple con todos los requisitos para un puesto, pero aun as\u00ed se le niega el empleo debido a factores ilegales,&hellip;<\/p>\n","protected":false},"author":1,"featured_media":0,"parent":1369,"menu_order":0,"comment_status":"closed","ping_status":"closed","template":"","meta":{"inline_featured_image":false,"footnotes":""},"class_list":["post-1377","page","type-page","status-publish","hentry"],"_links":{"self":[{"href":"https:\/\/theleachfirm.com\/es\/wp-json\/wp\/v2\/pages\/1377","targetHints":{"allow":["GET"]}}],"collection":[{"href":"https:\/\/theleachfirm.com\/es\/wp-json\/wp\/v2\/pages"}],"about":[{"href":"https:\/\/theleachfirm.com\/es\/wp-json\/wp\/v2\/types\/page"}],"author":[{"embeddable":true,"href":"https:\/\/theleachfirm.com\/es\/wp-json\/wp\/v2\/users\/1"}],"replies":[{"embeddable":true,"href":"https:\/\/theleachfirm.com\/es\/wp-json\/wp\/v2\/comments?post=1377"}],"version-history":[{"count":0,"href":"https:\/\/theleachfirm.com\/es\/wp-json\/wp\/v2\/pages\/1377\/revisions"}],"up":[{"embeddable":true,"href":"https:\/\/theleachfirm.com\/es\/wp-json\/wp\/v2\/pages\/1369"}],"wp:attachment":[{"href":"https:\/\/theleachfirm.com\/es\/wp-json\/wp\/v2\/media?parent=1377"}],"curies":[{"name":"wp","href":"https:\/\/api.w.org\/{rel}","templated":true}]}}