{"id":1372,"date":"2022-02-18T08:54:15","date_gmt":"2022-02-18T13:54:15","guid":{"rendered":"https:\/\/theleachfirm.com\/georgia\/religious-discrimination-lawyer-serving-georgia\/"},"modified":"2024-03-02T20:47:17","modified_gmt":"2024-03-03T01:47:17","slug":"abogado-especialista-en-discriminacion-religiosa-que-ofrece-sus-servicios-en-georgia","status":"publish","type":"page","link":"https:\/\/theleachfirm.com\/es\/georgia\/abogado-especialista-en-discriminacion-religiosa-que-ofrece-sus-servicios-en-georgia\/","title":{"rendered":"Abogado Especialista en Discriminaci\u00f3n Religiosa que ofrece sus Servicios en Georgia"},"content":{"rendered":"\n<h1>\n\t\tAbogado Especialista en Discriminaci\u00f3n Religiosa que ofrece sus Servicios en Georgia\n\t<\/h1>\n\t<div class=\"fl-builder-content fl-builder-content-2140 fl-builder-template fl-builder-row-template fl-builder-global-templates-locked\" data-post-id=\"2140\"><div class=\"fl-row fl-row-fixed-width fl-row-bg-color fl-node-3ch2ay0i9n7k fl-row-default-height fl-row-align-center page-top-banner\" data-node=\"3ch2ay0i9n7k\">\n\t<div class=\"fl-row-content-wrap\">\n\t\t\t\t\t\t<div class=\"fl-row-content fl-row-fixed-width fl-node-content\">\n\t\t\n<div class=\"fl-col-group fl-node-1ew4tp3k5oi6\" data-node=\"1ew4tp3k5oi6\">\n\t\t\t<div class=\"fl-col fl-node-5mxd3hik7t20 fl-col-bg-color employColumnParent\" data-node=\"5mxd3hik7t20\">\n\t<div class=\"fl-col-content fl-node-content\"><div class=\"fl-module fl-module-heading fl-node-e8xwrdmzbco6\" data-node=\"e8xwrdmzbco6\">\n\t<div class=\"fl-module-content fl-node-content\">\n\t\t<h5 class=\"fl-heading\">\n\t\t<span class=\"fl-heading-text\">\u00bfQuiere hablar con un Abogado Laboralista?<\/span>\n\t<\/h5>\n\t<\/div>\n<\/div>\n<div class=\"fl-module fl-module-heading fl-node-8q4xpla57rbn\" data-node=\"8q4xpla57rbn\">\n\t<div class=\"fl-module-content fl-node-content\">\n\t\t<h4 class=\"fl-heading\">\n\t\t<a\n\t\thref=\"tel:8447227567\"\n\t\ttitle=\"Llame a la l\u00ednea directa para empleados (844) 722-7567\"\n\t\ttarget=\"_self\"\n\t\t\t>\n\t\t<span class=\"fl-heading-text\">Llame a la l\u00ednea directa para empleados<br> (844) 722-7567<\/span>\n\t\t<\/a>\n\t<\/h4>\n\t<\/div>\n<\/div>\n<div class=\"fl-module fl-module-html fl-node-hw5loe1n0qbp employColumnBullets\" data-node=\"hw5loe1n0qbp\">\n\t<div class=\"fl-module-content fl-node-content\">\n\t\t<div class=\"fl-html\">\n\t<ul>\n  <li>\u00bfMe pueden despedir por presentar un caso contra mi empleador?<\/li>\n  <li>Si presento un reclamo, \u00bftendr\u00e9 problemas para conseguir otro trabajo?<\/li>\n  <li>\u00bfDebo presentar una solicitud ante la Comisi\u00f3n de Igualdad <br>de Oportunidades en el Empleo (EEOC, por sus siglas en ingl\u00e9s)<br> antes de consultar a un abogado?<\/li>\n  <li>\u00bfCu\u00e1nto vale mi caso?<\/li>\n  <li>\u00bfCu\u00e1nto tiempo tengo para presentar un reclamo?<\/li>\n  <li>\u00bfPor qu\u00e9 debo conseguir un abogado?<\/li>\n<\/ul><\/div>\n\t<\/div>\n<\/div>\n<\/div>\n<\/div>\n\t<\/div>\n\t\t<\/div>\n\t<\/div>\n<\/div>\n<\/div>\n\t<p>En un mundo perfecto, durante el proceso de contrataci\u00f3n nadie recibir\u00eda un trato desfavorable por sus creencias religiosas. La religi\u00f3n no impedir\u00eda que una persona obtuviera un ascenso ni se utilizar\u00eda como justificaci\u00f3n para asignar tareas o turnos no deseados. La religi\u00f3n de un empleado tampoco ser\u00eda objeto de bromas o burlas en el lugar de trabajo.<\/p>\n<p>Sin embargo, no vivimos en un mundo perfecto. Sabemos que estas cosas suceden en Georgia a pesar de que sean ilegales. El T\u00edtulo VII de la Ley de Derechos Civiles de 1964 proh\u00edbe la discriminaci\u00f3n en el lugar de trabajo bas\u00e1ndose en la religi\u00f3n. Si cree usted que es v\u00edctima de discriminaci\u00f3n ilegal por sus creencias religiosas, morales o \u00e9ticas, un abogado con experiencia en discriminaci\u00f3n religiosa en Georgia puede ayudarle a encontrar una reparaci\u00f3n, incluyendo una indemnizaci\u00f3n.<\/p>\n<p>Los abogados calificados y expertos de la Firma de Abogados Leach, AP saben lo que se necesita para probar la discriminaci\u00f3n religiosa ilegal en el lugar de trabajo. Cuente con nuestro equipo para trabajar con usted para recopilar la informaci\u00f3n necesaria para armar un caso s\u00f3lido. Tenemos tanta confianza en nuestro trabajo que nuestra firma no le cobrar\u00e1 a menos que reciba una compensaci\u00f3n financiera de un veredicto o acuerdo.<\/p>\n<h2><strong>Aplicaci\u00f3n de la Ley<\/strong><\/h2>\n<p>El T\u00edtulo VII se aplica a los empleadores de los sectores p\u00fablico y privado. No es necesario que un trabajador sea miembro formal de una iglesia para que prospere una demanda por discriminaci\u00f3n religiosa en el lugar de trabajo. La ley se aplica a la religi\u00f3n en la que las creencias del individuo son sinceras.<\/p>\n<p>Aunque la ley no puede impedir la discriminaci\u00f3n en el lugar de trabajo, ofrece a los empleados una forma de corregir los errores y defender sus derechos y los de los dem\u00e1s. Adem\u00e1s, la ley tambi\u00e9n a los empleadores a tomar represalias contra los trabajadores que ejercen sus derechos.<\/p>\n<h2><strong>Aprenda c\u00f3mo un abogado especializado en discriminaci\u00f3n religiosa en Georgia podr\u00eda ayudarle<\/strong><\/h2>\n<p>En la Firma de Abogados Leach, AP, capacitamos a nuestros clientes para que luchen por sus derechos sin preocupaciones. P\u00f3ngase en <a href=\"https:\/\/theleachfirm.com\/es\/contactenos\/\">contacto<\/a> con nosotros para programar una consulta gratuita con nuestro abogado experto en discriminaci\u00f3n laboral que ofrece sus servicios en Georgia y sepa qu\u00e9 podemos hacer por usted.<\/p>\n\n","protected":false},"excerpt":{"rendered":"<p>Abogado Especialista en Discriminaci\u00f3n Religiosa que ofrece sus Servicios en Georgia En un mundo perfecto, durante el proceso de contrataci\u00f3n nadie recibir\u00eda un trato desfavorable por sus creencias religiosas. La religi\u00f3n no impedir\u00eda que una persona obtuviera un ascenso ni se utilizar\u00eda como justificaci\u00f3n para asignar tareas o turnos no deseados. La religi\u00f3n de un&hellip;<\/p>\n","protected":false},"author":1,"featured_media":0,"parent":1369,"menu_order":0,"comment_status":"closed","ping_status":"closed","template":"","meta":{"inline_featured_image":false,"footnotes":""},"class_list":["post-1372","page","type-page","status-publish","hentry"],"_links":{"self":[{"href":"https:\/\/theleachfirm.com\/es\/wp-json\/wp\/v2\/pages\/1372","targetHints":{"allow":["GET"]}}],"collection":[{"href":"https:\/\/theleachfirm.com\/es\/wp-json\/wp\/v2\/pages"}],"about":[{"href":"https:\/\/theleachfirm.com\/es\/wp-json\/wp\/v2\/types\/page"}],"author":[{"embeddable":true,"href":"https:\/\/theleachfirm.com\/es\/wp-json\/wp\/v2\/users\/1"}],"replies":[{"embeddable":true,"href":"https:\/\/theleachfirm.com\/es\/wp-json\/wp\/v2\/comments?post=1372"}],"version-history":[{"count":0,"href":"https:\/\/theleachfirm.com\/es\/wp-json\/wp\/v2\/pages\/1372\/revisions"}],"up":[{"embeddable":true,"href":"https:\/\/theleachfirm.com\/es\/wp-json\/wp\/v2\/pages\/1369"}],"wp:attachment":[{"href":"https:\/\/theleachfirm.com\/es\/wp-json\/wp\/v2\/media?parent=1372"}],"curies":[{"name":"wp","href":"https:\/\/api.w.org\/{rel}","templated":true}]}}