{"id":1285,"date":"2021-09-15T12:52:25","date_gmt":"2021-09-15T16:52:25","guid":{"rendered":"https:\/\/theleachfirm.com\/atlanta\/"},"modified":"2024-07-02T22:33:12","modified_gmt":"2024-07-03T02:33:12","slug":"atlanta","status":"publish","type":"page","link":"https:\/\/theleachfirm.com\/es\/atlanta\/","title":{"rendered":"Atlanta Employment Attorney"},"content":{"rendered":"\n<h1>\n\t\tAbogado de Atlanta Especialista en Empleo\n\t<\/h1>\n<h4>\n\t\tAbogado Especialista en Discriminaci\u00f3n Religiosa en Atlanta\n\t<\/h4>\n\t<p>En un mundo perfecto, en el proceso de contrataci\u00f3n, la religi\u00f3n de un empleado no estar\u00eda en su contra. Su religi\u00f3n no les impedir\u00eda obtener un ascenso ni se utilizar\u00eda como justificaci\u00f3n para asignarles tareas o turnos indeseables.<\/p>\n\t<p><a href=\"https:\/\/theleachfirm.com\/es\/atlanta\/discriminacion-religiosa-atlanta\/\">Leer M\u00e1s<\/a><\/p>\n<h4>\n\t\tAbogado Experto en Discriminaci\u00f3n de G\u00e9nero de Atlanta\n\t<\/h4>\n\t<p>Va en contra de la ley discriminar a un solicitante de empleo o empleado en funci\u00f3n de su g\u00e9nero. Si ha experimentado discriminaci\u00f3n de g\u00e9nero en Atlanta, es posible que tenga derecho a una reparaci\u00f3n legal para su situaci\u00f3n.<\/p>\n\t<p><a href=\"https:\/\/theleachfirm.com\/es\/atlanta\/discriminacion-de-genero-y-empleo\/\">Leer M\u00e1s<\/a><\/p>\n<h4>\n\t\tAbogado experimentado en discriminaci\u00f3n en Atlanta\n\t<\/h4>\n\t<p>Ya sea que est\u00e9 buscando empleo o ya est\u00e9 trabajando, la discriminaci\u00f3n ilegal por parte de los empleadores es muy com\u00fan en muchos lugares de trabajo de Atlanta.<\/p>\n\t<p><a href=\"https:\/\/theleachfirm.com\/es\/atlanta\/abogado-experimentado-en-discriminacion-de-atlanta\/\">Leer M\u00e1s<\/a><\/p>\n<h4>\n\t\tAbogado especialista en discriminaci\u00f3n por discapacidad en Atlanta\n\t<\/h4>\n\t<p>Si usted es un empleado que trabaja con una discapacidad, es posible que tenga derechos que no conoce. Las leyes federales y estatales lo protegen de la discriminaci\u00f3n y requieren que su empleador tome medidas para adaptarse a su discapacidad en muchas situaciones.<\/p>\n\t<p><a href=\"https:\/\/theleachfirm.com\/es\/atlanta\/discriminacion-por-discapacidad-en-atlanta\/\">Leer M\u00e1s<\/a><\/p>\n<h4>\n\t\tAbogado Experto en despidos injustificados que presta servicios en Atlanta\n\t<\/h4>\n\t<p>Si ha sido despedido por su empleador en Atlanta, es importante que sepa si su despido fue legal. En situaciones en las que los empleadores despiden a los trabajadores por razones indebidas, esos empleados pueden tener derecho a una reparaci\u00f3n legal, incluida una indemnizaci\u00f3n y la reincorporaci\u00f3n.<\/p>\n\t<p><a href=\"https:\/\/theleachfirm.com\/atlanta\/wrongful-termination\/\">Leer M\u00e1s<\/a><\/p>\n<h4>\n\t\tAbogados Expertos en discriminaci\u00f3n racial que prestan servicios en Atlanta\n\t<\/h4>\n\t<p>El T\u00edtulo VII de la Ley de Derechos Civiles de 1964 proh\u00edbe la discriminaci\u00f3n basada en la raza y el color. Disposiciones similares en el C\u00f3digo de Georgia y las Ordenanzas de la Ciudad de Atlanta extienden estas prohibiciones a situaciones que no est\u00e1n cubiertas por las leyes federales.<\/p>\n\t<p><a href=\"https:\/\/theleachfirm.com\/es\/atlanta\/discriminacion-racial-atlanta\/\">Leer M\u00e1s<\/a><\/p>\n<h4>\n\t\tAbogado Experto en Discriminaci\u00f3n Familiar y Embarazo en Atlanta\n\t<\/h4>\n\t<p>La ley federal proh\u00edbe a los empleadores discriminar a las trabajadoras por motivos de embarazo, siempre que la empleada pueda realizar las funciones habituales que requiere el trabajo.<\/p>\n\t<p><a href=\"https:\/\/theleachfirm.com\/es\/atlanta\/discriminacion-familiar-y-embarazo-en-atlanta\/\">Leer M\u00e1s<\/a><\/p>\n<h4>\n\t\tAbogado de Atlanta Experto en Discriminaci\u00f3n Laboral\n\t<\/h4>\n\t<p>If you are faced with discrimination or harassment at work, The Leach Firm, P.A. could help secure your rights and seek all available remedies, including compensation.<\/p>\n\t<p><a href=\"https:\/\/theleachfirm.com\/atlanta\/employment-discrimination\/\">Leer M\u00e1s<\/a><\/p>\n<h4>\n\t\tAbogado de la Comisi\u00f3n de Igualdad de Oportunidades en el Empleo de EE. UU. (EEOC, por sus siglas en ingl\u00e9s) en Atlanta\n\t<\/h4>\n\t<p>Las leyes federales, estatales y de la ciudad de Atlanta proh\u00edben que los empleadores discriminen a un solicitante de empleo o empleado por motivos de raza, religi\u00f3n, sexo y muchos otros factores protegidos.<\/p>\n\t<p><a href=\"https:\/\/theleachfirm.com\/es\/atlanta\/abogado-de-la-eeoc-en-atlanta\/\">Leer M\u00e1s<\/a><\/p>\n<h4>\n\t\tAbogado experimentado en acoso que presta servicios en Atlanta\n\t<\/h4>\n\t<p>Con demasiada frecuencia, los trabajadores de Atlanta enfrentan acoso ilegal.\u00a0Los empleadores no deben permitir que contin\u00fae.<\/p>\n\t<p><a href=\"https:\/\/theleachfirm.com\/es\/atlanta\/abogado-experimentado-en-acoso-que-presta-servicios-en-atlanta\/\">Leer M\u00e1s<\/a><\/p>\n<h4>\n\t\tAbogado de Atlanta Especialista en Ambiente de Trabajo Hostil y Represalias Laborales\n\t<\/h4>\n\t<p>Cuando un empleador castiga a los empleados por participar en una actividad legalmente protegida, puede ser culpable de represalias laborales ilegales.<\/p>\n\t<p><a href=\"https:\/\/theleachfirm.com\/es\/atlanta\/abogado-de-atlanta-especialista-en-ambiente-de-trabajo-hostil-y-represalias-laborales\/\">Leer M\u00e1s<\/a><\/p>\n<h4>\n\t\tAbogado de Atlanta Especialista en la Ley de Ausencia M\u00e9dica y Familiar\n\t<\/h4>\n\t<p>Ser presa de una enfermedad grave o cuidar de un ser querido que le necesita es bastante dif\u00edcil sin preocuparse por tener un trabajo cuando se acabe.<\/p>\n\t<p><a href=\"https:\/\/theleachfirm.com\/es\/atlanta\/abogado-de-atlanta-especialista-en-la-ley-de-ausencia-medica-y-familiar\/\">Leer M\u00e1s<\/a><\/p>\n<h4>\n\t\tAbogado Experto en la USERRA protege los derechos laborales de los miembros del servicio en Atlanta\n\t<\/h4>\n\t<p>La Ley de Derechos de Empleo y Reempleo de los Servicios Uniformados o USERRA (Uniformed Services Employment and Reemployment Rights Act) es una ley federal que protege los derechos laborales de los miembros actuales y anteriores del ej\u00e9rcito de los EE. UU. y de algunos otros servicios.\u00a0<\/p>\n\t<p><a href=\"https:\/\/theleachfirm.com\/es\/atlanta\/abogado-experto-en-userra-protege-los-derechos-laborales-de-los-miembros-del-servicio-en-atlanta\/\">Leer M\u00e1s<\/a><\/p>\n<h4>\n\t\tAbogado Especialista en Seguros de Salud COBRA (Ley \u00d3mnibus Consolidada de Reconciliaci\u00f3n Presupuestaria) que presta servicios en Atlanta\n\t<\/h4>\n\t<p>La Ley \u00d3mnibus Consolidada de Reconciliaci\u00f3n Presupuestaria, mejor conocida como COBRA por sus siglas en ingl\u00e9s, es una ley federal que ayuda a los empleados a retener los beneficios del seguro m\u00e9dico cuando pierden la cobertura m\u00e9dica patrocinada por su empleador.<\/p>\n\t<p><a href=\"https:\/\/theleachfirm.com\/es\/atlanta\/abogado-especialista-en-seguros-de-salud-cobra-que-presta-servicios-en-atlanta\/\">Leer M\u00e1s<\/a><\/p>\n<h4>\n\t\tAbogado en Atlanta Especialista en Violaciones a Empleos en Restaurantes\n\t<\/h4>\n\t<p>Hoy m\u00e1s que nunca, los empleados de la industria de servicios forman la columna vertebral de nuestra gran naci\u00f3n. En The Leach Firm, AP, estamos dedicados a garantizar que estos empleados reciban el trato legal justo que merecen.<\/p>\n\t<p><a href=\"https:\/\/theleachfirm.com\/es\/atlanta\/abogado-en-atlanta-especialista-en-violaciones-a-empleos-en-restaurantes\/\">Leer M\u00e1s<\/a><\/p>\n<h4>\n\t\tAbogado experto en salarios impagos de Atlanta\n\t<\/h4>\n\t<p>En Atlanta, el pago justo de los salarios es obligatorio por las leyes y regulaciones federales, as\u00ed como por los requisitos del estado de Georgia. Si cree que su empleador no le ha pagado completamente por su trabajo y est\u00e1 infringiendo la ley, lo alentamos a que hable con nuestro abogado de salarios impagos en Atlanta, quien puede ayudarlo a obtener una compensaci\u00f3n justa.<\/p>\n\t<p><a href=\"https:\/\/theleachfirm.com\/es\/atlanta\/abogado-experto-en-salarios-impagos-de-atlanta\/\">Leer M\u00e1s<\/a><\/p>\n\n","protected":false},"excerpt":{"rendered":"<p>Abogado de Atlanta Especialista en Empleo Abogado Especialista en Discriminaci\u00f3n Religiosa en Atlanta En un mundo perfecto, en el proceso de contrataci\u00f3n, la religi\u00f3n de un empleado no estar\u00eda en su contra. Su religi\u00f3n no les impedir\u00eda obtener un ascenso ni se utilizar\u00eda como justificaci\u00f3n para asignarles tareas o turnos indeseables. Leer M\u00e1s Abogado Experto&hellip;<\/p>\n","protected":false},"author":1,"featured_media":0,"parent":0,"menu_order":0,"comment_status":"closed","ping_status":"closed","template":"","meta":{"inline_featured_image":false,"footnotes":""},"class_list":["post-1285","page","type-page","status-publish","hentry"],"_links":{"self":[{"href":"https:\/\/theleachfirm.com\/es\/wp-json\/wp\/v2\/pages\/1285","targetHints":{"allow":["GET"]}}],"collection":[{"href":"https:\/\/theleachfirm.com\/es\/wp-json\/wp\/v2\/pages"}],"about":[{"href":"https:\/\/theleachfirm.com\/es\/wp-json\/wp\/v2\/types\/page"}],"author":[{"embeddable":true,"href":"https:\/\/theleachfirm.com\/es\/wp-json\/wp\/v2\/users\/1"}],"replies":[{"embeddable":true,"href":"https:\/\/theleachfirm.com\/es\/wp-json\/wp\/v2\/comments?post=1285"}],"version-history":[{"count":0,"href":"https:\/\/theleachfirm.com\/es\/wp-json\/wp\/v2\/pages\/1285\/revisions"}],"wp:attachment":[{"href":"https:\/\/theleachfirm.com\/es\/wp-json\/wp\/v2\/media?parent=1285"}],"curies":[{"name":"wp","href":"https:\/\/api.w.org\/{rel}","templated":true}]}}