{"id":1272,"date":"2021-10-26T16:33:57","date_gmt":"2021-10-26T20:33:57","guid":{"rendered":"https:\/\/theleachfirm.com\/abogado-experto-en-salarios-impagos-de-atlanta\/"},"modified":"2024-03-02T20:38:57","modified_gmt":"2024-03-03T01:38:57","slug":"abogado-especialista-en-salarios-impagos-de-atlanta","status":"publish","type":"page","link":"https:\/\/theleachfirm.com\/es\/atlanta\/abogado-especialista-en-salarios-impagos-de-atlanta\/","title":{"rendered":"Abogado Especialista en Salarios Impagos de Atlanta"},"content":{"rendered":"\n<h1>\n\t\tAbogado Especialista en Salarios Impagos de Atlanta\n\t<\/h1>\n\t<div class=\"fl-builder-content fl-builder-content-2140 fl-builder-template fl-builder-row-template fl-builder-global-templates-locked\" data-post-id=\"2140\"><div class=\"fl-row fl-row-fixed-width fl-row-bg-color fl-node-3ch2ay0i9n7k fl-row-default-height fl-row-align-center page-top-banner\" data-node=\"3ch2ay0i9n7k\">\n\t<div class=\"fl-row-content-wrap\">\n\t\t\t\t\t\t<div class=\"fl-row-content fl-row-fixed-width fl-node-content\">\n\t\t\n<div class=\"fl-col-group fl-node-1ew4tp3k5oi6\" data-node=\"1ew4tp3k5oi6\">\n\t\t\t<div class=\"fl-col fl-node-5mxd3hik7t20 fl-col-bg-color employColumnParent\" data-node=\"5mxd3hik7t20\">\n\t<div class=\"fl-col-content fl-node-content\"><div class=\"fl-module fl-module-heading fl-node-e8xwrdmzbco6\" data-node=\"e8xwrdmzbco6\">\n\t<div class=\"fl-module-content fl-node-content\">\n\t\t<h5 class=\"fl-heading\">\n\t\t<span class=\"fl-heading-text\">\u00bfQuiere hablar con un Abogado Laboralista?<\/span>\n\t<\/h5>\n\t<\/div>\n<\/div>\n<div class=\"fl-module fl-module-heading fl-node-8q4xpla57rbn\" data-node=\"8q4xpla57rbn\">\n\t<div class=\"fl-module-content fl-node-content\">\n\t\t<h4 class=\"fl-heading\">\n\t\t<a\n\t\thref=\"tel:8447227567\"\n\t\ttitle=\"Llame a la l\u00ednea directa para empleados (844) 722-7567\"\n\t\ttarget=\"_self\"\n\t\t\t>\n\t\t<span class=\"fl-heading-text\">Llame a la l\u00ednea directa para empleados<br> (844) 722-7567<\/span>\n\t\t<\/a>\n\t<\/h4>\n\t<\/div>\n<\/div>\n<div class=\"fl-module fl-module-html fl-node-hw5loe1n0qbp employColumnBullets\" data-node=\"hw5loe1n0qbp\">\n\t<div class=\"fl-module-content fl-node-content\">\n\t\t<div class=\"fl-html\">\n\t<ul>\n  <li>\u00bfMe pueden despedir por presentar un caso contra mi empleador?<\/li>\n  <li>Si presento un reclamo, \u00bftendr\u00e9 problemas para conseguir otro trabajo?<\/li>\n  <li>\u00bfDebo presentar una solicitud ante la Comisi\u00f3n de Igualdad <br>de Oportunidades en el Empleo (EEOC, por sus siglas en ingl\u00e9s)<br> antes de consultar a un abogado?<\/li>\n  <li>\u00bfCu\u00e1nto vale mi caso?<\/li>\n  <li>\u00bfCu\u00e1nto tiempo tengo para presentar un reclamo?<\/li>\n  <li>\u00bfPor qu\u00e9 debo conseguir un abogado?<\/li>\n<\/ul><\/div>\n\t<\/div>\n<\/div>\n<\/div>\n<\/div>\n\t<\/div>\n\t\t<\/div>\n\t<\/div>\n<\/div>\n<\/div>\n\t<p>En Atlanta, al igual que en el estado de Georgia, las leyes y reglamentos federales exigen el pago justo de salarios.\u00a0 Si usted cree que su empleador no le ha pagado completamente por su trabajo y est\u00e1 infringiendo la ley, le alentamos a que hable con nuestro abogado experto n salarios impagos en Atlanta, quien puede ayudarle obtener una compensaci\u00f3n justa. Nuestros abogados experimentados podr\u00edan determinar si su empleador viol\u00f3 alguna ley federal o estatal y armar un caso que sea conveniente para llegar a soluci\u00f3n productiva.<\/p>\n<p>Son muchas las causas por las cuales los empleados padecen de salarios no pagados. A veces, los empleadores no pagan los salarios de horas extras cuando deber\u00edan hacerlo. En otras ocasiones, los empleadores no compensan a los trabajadores a la tarifa legal o les exigen que trabajen fuera del horario laboral. En muchas situaciones, los casos de salarios impagos involucran a empleados a los que no se les paga justamente por per\u00edodos de descanso espec\u00edficos. Si bien en Atlanta, los trabajadores pierden de muchas maneras debido a salarios impagos estas p\u00e9rdidas son injustas en todos los casos y los trabajadores merecen recibir la indemnizaci\u00f3n completa permitida por la ley.<\/p>\n<h2>El Bufete de Abogados Leach AP est\u00e1 aqu\u00ed para los trabajadores de Atlanta<\/h2>\n<p>Si usted necesita un abogado experto en derecho laboral en Atlanta para ayudarle a recuperar los salarios no pagados o para\u00a0 obtener un trato justo despu\u00e9s de sufrir de discriminaci\u00f3n laboral, acoso u otro trato ilegal en el lugar de trabajo, podemos ayudarle a encontrar soluciones eficaces para sus necesidades legales. P\u00f3ngase en contacto con el equipo experimentado de Bufete de Abogados Leach AP. hoy para <a href=\"https:\/\/theleachfirm.com\/es\/contactenos\/\">programar una consulta<\/a> exhaustiva.<\/p>\n\n","protected":false},"excerpt":{"rendered":"<p>Abogado Especialista en Salarios Impagos de Atlanta En Atlanta, al igual que en el estado de Georgia, las leyes y reglamentos federales exigen el pago justo de salarios.\u00a0 Si usted cree que su empleador no le ha pagado completamente por su trabajo y est\u00e1 infringiendo la ley, le alentamos a que hable con nuestro abogado&hellip;<\/p>\n","protected":false},"author":1,"featured_media":0,"parent":1285,"menu_order":0,"comment_status":"closed","ping_status":"closed","template":"","meta":{"inline_featured_image":false,"footnotes":""},"class_list":["post-1272","page","type-page","status-publish","hentry"],"_links":{"self":[{"href":"https:\/\/theleachfirm.com\/es\/wp-json\/wp\/v2\/pages\/1272","targetHints":{"allow":["GET"]}}],"collection":[{"href":"https:\/\/theleachfirm.com\/es\/wp-json\/wp\/v2\/pages"}],"about":[{"href":"https:\/\/theleachfirm.com\/es\/wp-json\/wp\/v2\/types\/page"}],"author":[{"embeddable":true,"href":"https:\/\/theleachfirm.com\/es\/wp-json\/wp\/v2\/users\/1"}],"replies":[{"embeddable":true,"href":"https:\/\/theleachfirm.com\/es\/wp-json\/wp\/v2\/comments?post=1272"}],"version-history":[{"count":0,"href":"https:\/\/theleachfirm.com\/es\/wp-json\/wp\/v2\/pages\/1272\/revisions"}],"up":[{"embeddable":true,"href":"https:\/\/theleachfirm.com\/es\/wp-json\/wp\/v2\/pages\/1285"}],"wp:attachment":[{"href":"https:\/\/theleachfirm.com\/es\/wp-json\/wp\/v2\/media?parent=1272"}],"curies":[{"name":"wp","href":"https:\/\/api.w.org\/{rel}","templated":true}]}}