{"id":1269,"date":"2021-10-26T16:30:03","date_gmt":"2021-10-26T20:30:03","guid":{"rendered":"https:\/\/theleachfirm.com\/abogado-experto-en-userra-protege-los-derechos-laborales-de-los-miembros-del-servicio-en-atlanta\/"},"modified":"2024-03-02T20:39:43","modified_gmt":"2024-03-03T01:39:43","slug":"abogado-especialista-en-la-userra-protege-los-derechos-laborales-de-los-miembros-del-servicio-militar-en-atlanta","status":"publish","type":"page","link":"https:\/\/theleachfirm.com\/es\/atlanta\/abogado-especialista-en-la-userra-protege-los-derechos-laborales-de-los-miembros-del-servicio-militar-en-atlanta\/","title":{"rendered":"Abogado Especialista en la USERRA protege los derechos laborales de los miembros del servicio militar en Atlanta"},"content":{"rendered":"\n<h1>\n\t\tAbogado Especialista en la USERRA protege los derechos laborales de los miembros del servicio militar en Atlanta\n\t<\/h1>\n\t<div class=\"fl-builder-content fl-builder-content-2140 fl-builder-template fl-builder-row-template fl-builder-global-templates-locked\" data-post-id=\"2140\"><div class=\"fl-row fl-row-fixed-width fl-row-bg-color fl-node-3ch2ay0i9n7k fl-row-default-height fl-row-align-center page-top-banner\" data-node=\"3ch2ay0i9n7k\">\n\t<div class=\"fl-row-content-wrap\">\n\t\t\t\t\t\t<div class=\"fl-row-content fl-row-fixed-width fl-node-content\">\n\t\t\n<div class=\"fl-col-group fl-node-1ew4tp3k5oi6\" data-node=\"1ew4tp3k5oi6\">\n\t\t\t<div class=\"fl-col fl-node-5mxd3hik7t20 fl-col-bg-color employColumnParent\" data-node=\"5mxd3hik7t20\">\n\t<div class=\"fl-col-content fl-node-content\"><div class=\"fl-module fl-module-heading fl-node-e8xwrdmzbco6\" data-node=\"e8xwrdmzbco6\">\n\t<div class=\"fl-module-content fl-node-content\">\n\t\t<h5 class=\"fl-heading\">\n\t\t<span class=\"fl-heading-text\">\u00bfQuiere hablar con un Abogado Laboralista?<\/span>\n\t<\/h5>\n\t<\/div>\n<\/div>\n<div class=\"fl-module fl-module-heading fl-node-8q4xpla57rbn\" data-node=\"8q4xpla57rbn\">\n\t<div class=\"fl-module-content fl-node-content\">\n\t\t<h4 class=\"fl-heading\">\n\t\t<a\n\t\thref=\"tel:8447227567\"\n\t\ttitle=\"Llame a la l\u00ednea directa para empleados (844) 722-7567\"\n\t\ttarget=\"_self\"\n\t\t\t>\n\t\t<span class=\"fl-heading-text\">Llame a la l\u00ednea directa para empleados<br> (844) 722-7567<\/span>\n\t\t<\/a>\n\t<\/h4>\n\t<\/div>\n<\/div>\n<div class=\"fl-module fl-module-html fl-node-hw5loe1n0qbp employColumnBullets\" data-node=\"hw5loe1n0qbp\">\n\t<div class=\"fl-module-content fl-node-content\">\n\t\t<div class=\"fl-html\">\n\t<ul>\n  <li>\u00bfMe pueden despedir por presentar un caso contra mi empleador?<\/li>\n  <li>Si presento un reclamo, \u00bftendr\u00e9 problemas para conseguir otro trabajo?<\/li>\n  <li>\u00bfDebo presentar una solicitud ante la Comisi\u00f3n de Igualdad <br>de Oportunidades en el Empleo (EEOC, por sus siglas en ingl\u00e9s)<br> antes de consultar a un abogado?<\/li>\n  <li>\u00bfCu\u00e1nto vale mi caso?<\/li>\n  <li>\u00bfCu\u00e1nto tiempo tengo para presentar un reclamo?<\/li>\n  <li>\u00bfPor qu\u00e9 debo conseguir un abogado?<\/li>\n<\/ul><\/div>\n\t<\/div>\n<\/div>\n<\/div>\n<\/div>\n\t<\/div>\n\t\t<\/div>\n\t<\/div>\n<\/div>\n<\/div>\n\t<p>La Ley de Derechos de Empleo y Reempleo de los Servicios Uniformados o USERRA (Uniformed Services Employment and Reemployment Rights Act) es una ley federal que protege los derechos laborales de los miembros actuales y anteriores del ej\u00e9rcito de los EE. UU. y de algunos otros servicios. La USERRA pretende reducir las dificultades a las que a menudo se enfrentan los miembros del servicio militar cuando se ausentan del trabajo para servir a su pa\u00eds.<\/p>\n<p>La ley establece las responsabilidades b\u00e1sicas de los empleadores y les proh\u00edbe discriminar al personal militar actual o anterior. Si cree que un empleador puede haber violado sus derechos bajo la USERRA, considere hablar con un abogado especialista en derecho laboral de Atlanta para averiguar si es elegible para recibir compensaci\u00f3n u otras formas de reparaci\u00f3n.<\/p>\n<h2>Protecciones provistas por la USERRA para los trabajadores de Atlanta<\/h2>\n<p>Muchas de las disposiciones de la USERRA protegen a los empleados que dejan trabajos civiles para trabajar en el servicio uniformado. La ley otorga a los trabajadores el derecho a ser reempleados por un empleador civil despu\u00e9s de su servicio, siempre que notifiquen adecuadamente y cumplan con otros requisitos. Cuando los empleados en Atlanta son reincorporados despu\u00e9s del servicio, se supone que deben ser colocados en el mismo tipo de trabajo con los mismos beneficios que habr\u00edan recibido si no hubieran estado fuera por su servicio. Adem\u00e1s, los trabajadores que se van para el servicio militar tienen derecho a continuar con la cobertura m\u00e9dica de su empleador hasta dos a\u00f1os o hasta que se les restablezca la cobertura cuando regresen al trabajo.<\/p>\n<p>Las protecciones contra la discriminaci\u00f3n de la USERRA se aplican a los empleados que regresan a un puesto de trabajo que abandonaron y a los miembros actuales o antiguos del servicio militar que buscan un nuevo empleo. Las empresas no pueden ejercer discriminaci\u00f3n en las decisiones relativas a la contrataci\u00f3n, retenci\u00f3n, promoci\u00f3n o concesi\u00f3n de prestaciones a nadie en funci\u00f3n de su servicio militar pasado, presente o futuro. Adem\u00e1s, los empleadores no deben tomar ninguna medida que pueda considerarse una represalia cuando los trabajadores ejercen sus derechos en virtud de la USERRA. No deben despedir a los empleados reincorporados sin causa justificada durante un periodo determinado.<\/p>\n<h2>\u00bfQui\u00e9n est\u00e1 protegido por la USERRA?<\/h2>\n<p>Las disposiciones de la USERRA otorgan derechos laborales espec\u00edficos a los miembros actuales y anteriores de los \u00abservicios uniformados\u00bb. Sub38 USC Secci\u00f3n 4303 (16), este t\u00e9rmino incluye a aquellos que sirven en los siguientes organismos:<\/p>\n<ul>\n<li>Ej\u00e9rcito<\/li>\n<li>Armada<\/li>\n<li>Fuerza A\u00e9rea<\/li>\n<li>Cuerpos de Marina<\/li>\n<li>Fuerza espacial<\/li>\n<li>Guardacostas<\/li>\n<li>Guardia Nacional del Ej\u00e9rcito o Guardia Nacional A\u00e9rea<\/li>\n<li>Cuerpo Comisionado del Servicio de Salud P\u00fablica<\/li>\n<li>Cuerpo de oficiales comisionados de la Administraci\u00f3n Nacional Oce\u00e1nica y Atmosf\u00e9rica<\/li>\n<li>Otras personas con capacidades espec\u00edficas para tiempos de guerra o emergencia nacional<\/li>\n<\/ul>\n<p>Las protecciones de la USERRA se aplican independientemente de si las personas sirven voluntariamente o si son reclutadas para el servicio.<\/p>\n<h2>Reparaciones de la USERRA disponibles en Atlanta<\/h2>\n<p>Cuando los trabajadores de los servicios uniformados en Atlanta creen que se han violado sus derechos seg\u00fan la USERRA, la ley les\u00a0 ofrece dos formas de buscar una reparaci\u00f3n. Pueden presentar una demanda contra el empleador o presentar una queja ante el Servicio de Capacitaci\u00f3n y Empleo para Veteranos del Departamento de Trabajo de los EE. UU., conocido como VETS, por sus siglas en ingl\u00e9s.<\/p>\n<p>Si se determina que un trabajador ha sufrido discriminaci\u00f3n ilegal u otras violaciones, podr\u00eda recibir una indemnizaci\u00f3n para compensar las p\u00e9rdidas, como ser los pagos atrasados. Tambi\u00e9n pueden recibir una reparaci\u00f3n espec\u00edfica que incluye:<\/p>\n<ul>\n<li>Reincorporaci\u00f3n en un puesto de trabajo<\/li>\n<li>Correcciones realizadas a expedientes del personal<\/li>\n<li>Antig\u00fcedad retroactiva<\/li>\n<li>Tiempo de vacaciones restituido<\/li>\n<li>Una promoci\u00f3n<\/li>\n<li>Beneficios<\/li>\n<li>Ajustes de pensiones<\/li>\n<\/ul>\n<p>Si un abogado experto en la USERRA puede probar que la violaci\u00f3n de un empleador fue \u00abintencional\u00bb, el miembro del servicio militar puede recibir el doble de la cantidad como da\u00f1os liquidados.<\/p>\n<h2>Hable con un abogado experto en empleo de Atlanta listo para luchar por sus derechos bajo la USERRA<\/h2>\n<p>En la Firma de Abogados Leach AP entendemos c\u00f3mo proteger los derechos de los miembros del servicio militar utilizando todas las disposiciones disponibles en la USERRA y otras leyes estatales y federales. P\u00f3ngase en <a href=\"https:\/\/theleachfirm.com\/es\/contactenos\/\">contacto<\/a> con nosotros para una evaluaci\u00f3n gratuita de su caso para averiguar c\u00f3mo podemos ayudarle.<\/p>\n\n","protected":false},"excerpt":{"rendered":"<p>Abogado Especialista en la USERRA protege los derechos laborales de los miembros del servicio militar en Atlanta La Ley de Derechos de Empleo y Reempleo de los Servicios Uniformados o USERRA (Uniformed Services Employment and Reemployment Rights Act) es una ley federal que protege los derechos laborales de los miembros actuales y anteriores del ej\u00e9rcito&hellip;<\/p>\n","protected":false},"author":1,"featured_media":0,"parent":1285,"menu_order":0,"comment_status":"closed","ping_status":"closed","template":"","meta":{"inline_featured_image":false,"footnotes":""},"class_list":["post-1269","page","type-page","status-publish","hentry"],"_links":{"self":[{"href":"https:\/\/theleachfirm.com\/es\/wp-json\/wp\/v2\/pages\/1269","targetHints":{"allow":["GET"]}}],"collection":[{"href":"https:\/\/theleachfirm.com\/es\/wp-json\/wp\/v2\/pages"}],"about":[{"href":"https:\/\/theleachfirm.com\/es\/wp-json\/wp\/v2\/types\/page"}],"author":[{"embeddable":true,"href":"https:\/\/theleachfirm.com\/es\/wp-json\/wp\/v2\/users\/1"}],"replies":[{"embeddable":true,"href":"https:\/\/theleachfirm.com\/es\/wp-json\/wp\/v2\/comments?post=1269"}],"version-history":[{"count":0,"href":"https:\/\/theleachfirm.com\/es\/wp-json\/wp\/v2\/pages\/1269\/revisions"}],"up":[{"embeddable":true,"href":"https:\/\/theleachfirm.com\/es\/wp-json\/wp\/v2\/pages\/1285"}],"wp:attachment":[{"href":"https:\/\/theleachfirm.com\/es\/wp-json\/wp\/v2\/media?parent=1269"}],"curies":[{"name":"wp","href":"https:\/\/api.w.org\/{rel}","templated":true}]}}