{"id":1267,"date":"2021-10-18T09:39:58","date_gmt":"2021-10-18T13:39:58","guid":{"rendered":"https:\/\/theleachfirm.com\/abogado-de-atlanta-especialista-en-ambiente-de-trabajo-hostil-y-represalias-laborales\/"},"modified":"2024-03-02T20:40:26","modified_gmt":"2024-03-03T01:40:26","slug":"abogado-especialista-en-represalias-laborales-y-ambiente-laboral-hostil-en-atlanta","status":"publish","type":"page","link":"https:\/\/theleachfirm.com\/es\/atlanta\/abogado-especialista-en-represalias-laborales-y-ambiente-laboral-hostil-en-atlanta\/","title":{"rendered":"Abogado Especialista en Represalias Laborales y Ambiente Laboral Hostil en Atlanta"},"content":{"rendered":"\n<h1>\n\t\tAbogado Especialista en Represalias Laborales y Ambiente Laboral Hostil en Atlanta\n\t<\/h1>\n\t<div class=\"fl-builder-content fl-builder-content-2140 fl-builder-template fl-builder-row-template fl-builder-global-templates-locked\" data-post-id=\"2140\"><div class=\"fl-row fl-row-fixed-width fl-row-bg-color fl-node-3ch2ay0i9n7k fl-row-default-height fl-row-align-center page-top-banner\" data-node=\"3ch2ay0i9n7k\">\n\t<div class=\"fl-row-content-wrap\">\n\t\t\t\t\t\t<div class=\"fl-row-content fl-row-fixed-width fl-node-content\">\n\t\t\n<div class=\"fl-col-group fl-node-1ew4tp3k5oi6\" data-node=\"1ew4tp3k5oi6\">\n\t\t\t<div class=\"fl-col fl-node-5mxd3hik7t20 fl-col-bg-color employColumnParent\" data-node=\"5mxd3hik7t20\">\n\t<div class=\"fl-col-content fl-node-content\"><div class=\"fl-module fl-module-heading fl-node-e8xwrdmzbco6\" data-node=\"e8xwrdmzbco6\">\n\t<div class=\"fl-module-content fl-node-content\">\n\t\t<h5 class=\"fl-heading\">\n\t\t<span class=\"fl-heading-text\">\u00bfQuiere hablar con un Abogado Laboralista?<\/span>\n\t<\/h5>\n\t<\/div>\n<\/div>\n<div class=\"fl-module fl-module-heading fl-node-8q4xpla57rbn\" data-node=\"8q4xpla57rbn\">\n\t<div class=\"fl-module-content fl-node-content\">\n\t\t<h4 class=\"fl-heading\">\n\t\t<a\n\t\thref=\"tel:8447227567\"\n\t\ttitle=\"Llame a la l\u00ednea directa para empleados (844) 722-7567\"\n\t\ttarget=\"_self\"\n\t\t\t>\n\t\t<span class=\"fl-heading-text\">Llame a la l\u00ednea directa para empleados<br> (844) 722-7567<\/span>\n\t\t<\/a>\n\t<\/h4>\n\t<\/div>\n<\/div>\n<div class=\"fl-module fl-module-html fl-node-hw5loe1n0qbp employColumnBullets\" data-node=\"hw5loe1n0qbp\">\n\t<div class=\"fl-module-content fl-node-content\">\n\t\t<div class=\"fl-html\">\n\t<ul>\n  <li>\u00bfMe pueden despedir por presentar un caso contra mi empleador?<\/li>\n  <li>Si presento un reclamo, \u00bftendr\u00e9 problemas para conseguir otro trabajo?<\/li>\n  <li>\u00bfDebo presentar una solicitud ante la Comisi\u00f3n de Igualdad <br>de Oportunidades en el Empleo (EEOC, por sus siglas en ingl\u00e9s)<br> antes de consultar a un abogado?<\/li>\n  <li>\u00bfCu\u00e1nto vale mi caso?<\/li>\n  <li>\u00bfCu\u00e1nto tiempo tengo para presentar un reclamo?<\/li>\n  <li>\u00bfPor qu\u00e9 debo conseguir un abogado?<\/li>\n<\/ul><\/div>\n\t<\/div>\n<\/div>\n<\/div>\n<\/div>\n\t<\/div>\n\t\t<\/div>\n\t<\/div>\n<\/div>\n<\/div>\n\t<p>Cuando un empleador castiga a los empleados por participar en una actividad legalmente protegida, ese empleador puede ser culpable de represalias laborales ilegales. Las represalias en el lugar de trabajo incluyen muchos tipos de acciones negativas que afectan el trabajo de un empleado, como el descenso de categor\u00eda, el despido, las medidas disciplinarias injustificadas, la reducci\u00f3n de salario y la reasignaci\u00f3n de turnos o tareas laborales. Las represalias ilegales tambi\u00e9n pueden ser m\u00e1s sutiles e incluir acciones que crean un ambiente de trabajo hostil.<\/p>\n<p>Las leyes federales est\u00e1n dise\u00f1adas para proteger los derechos legales de los empleados, y esas protecciones les dan a los empleados la posibilidad de buscar una indemnizaci\u00f3n cuando un empleador viola sus derechos oblig\u00e1ndoles a soportar un ambiente de trabajo hostil o toma represalias contra ellos.<\/p>\n<h2><b>Demostrar las represalias del empleador o un ambiente de trabajo hostil en Atlanta<\/b><\/h2>\n<p>Puede ser un desaf\u00edo demostrar que un empleador tom\u00f3 represalias ilegales o permiti\u00f3 que continuara un ambiente de trabajo hostil en el lugar de trabajo. Para que el caso sea m\u00e1s s\u00f3lido, que demuestre c\u00f3mo un empleador viol\u00f3 sus derechos, es una buena idea hablar con un abogado especialista en represalias laborales de Atlanta tan pronto como se d\u00e9 cuenta que ha sido tratado injustamente o que est\u00e1 siendo objeto de acoso lo que hace que sea dif\u00edcil hacer su trabajo.<\/p>\n<p>Como empleado, usted tiene derecho a trabajar en un ambiente sin discriminaci\u00f3n por los factores protegidos como la raza, la religi\u00f3n y el sexo. Las ordenanzas de Atlanta protegen espec\u00edficamente a\u00fan m\u00e1s factores que la ley federal, como la identidad de g\u00e9nero y el estado de la relaci\u00f3n dom\u00e9stica. Si su empleador permite \u00abbromas\u00bb excesivas sobre los factores protegidos o un comportamiento intimidatorio en represalia por ejercer uno de sus derechos, podr\u00eda estar sometido a un ambiente de trabajo hostil ilegal. Re\u00fana todas las pruebas posibles para demostrar lo que ha tenido que soportar o c\u00f3mo su empleador ha tomado represalias contra usted.<\/p>\n<h2><b>No permita que un empleador le intimide<\/b><\/h2>\n<p>Si ha presentado una demanda por discriminaci\u00f3n en el lugar de trabajo o incluso ha hablado de presentarla, es comprensible que su empleador se sienta amenazado. Es posible que digan o hagan cosas para intimidarle y evitar que emprenda m\u00e1s acciones legales.<\/p>\n<p>Cuando sucede eso, es a\u00fan m\u00e1s crucial trabajar con un abogado especialista en represalias laborales en Atlanta. En muchos casos, debe interponer recursos a trav\u00e9s de canales administrativos antes de poder presentar una demanda. En otras situaciones, negociar con un empleador podr\u00eda proporcionar la reparaci\u00f3n adecuada. Un abogado con experiencia podr\u00eda defenderle en cualquier tipo de situaci\u00f3n para ayudarle a obtener un trato justo, que podr\u00eda incluir una indemnizaci\u00f3n sustancial.<\/p>\n<h2><b>Nuestro abogado Especialista en represalias laborales de Atlanta lucha por sus derechos legales<\/b><\/h2>\n<p>En la Firma de Abogados Leach, AP, nuestro equipo legal aporta m\u00e1s de 50 a\u00f1os de experiencia combinada en litigios a cada cliente que representamos, por lo que tenemos lo que se necesita para proporcionarle una representaci\u00f3n agresiva para su caso. Cuando sospeche de un comportamiento que indique represalias en el lugar de trabajo o un ambiente de trabajo ilegalmente hostil, comun\u00edquese con nosotros para obtener m\u00e1s informaci\u00f3n sobre los recursos disponibles. Un abogado con experiencia en ambiente de trabajo hostil y represalias laborales en Atlanta puede ayudarle a recibir una indemnizaci\u00f3n por los da\u00f1os que sufri\u00f3.<\/p>\n<p>Protegemos a los trabajadores de Atlanta de muchos tipos de trato injusto en el lugar de trabajo. Programe una <a href=\"https:\/\/theleachfirm.com\/es\/contactenos\/\">consulta<\/a> con nuestro abogado experto en derecho laboral llamando al <a href=\"tel:(844) 722-7567\">(844) 722-7567<\/a> para saber c\u00f3mo podemos ayudarle.<\/p>\n\n","protected":false},"excerpt":{"rendered":"<p>Abogado Especialista en Represalias Laborales y Ambiente Laboral Hostil en Atlanta Cuando un empleador castiga a los empleados por participar en una actividad legalmente protegida, ese empleador puede ser culpable de represalias laborales ilegales. Las represalias en el lugar de trabajo incluyen muchos tipos de acciones negativas que afectan el trabajo de un empleado, como&hellip;<\/p>\n","protected":false},"author":1,"featured_media":0,"parent":1285,"menu_order":0,"comment_status":"closed","ping_status":"closed","template":"","meta":{"inline_featured_image":false,"footnotes":""},"class_list":["post-1267","page","type-page","status-publish","hentry"],"_links":{"self":[{"href":"https:\/\/theleachfirm.com\/es\/wp-json\/wp\/v2\/pages\/1267","targetHints":{"allow":["GET"]}}],"collection":[{"href":"https:\/\/theleachfirm.com\/es\/wp-json\/wp\/v2\/pages"}],"about":[{"href":"https:\/\/theleachfirm.com\/es\/wp-json\/wp\/v2\/types\/page"}],"author":[{"embeddable":true,"href":"https:\/\/theleachfirm.com\/es\/wp-json\/wp\/v2\/users\/1"}],"replies":[{"embeddable":true,"href":"https:\/\/theleachfirm.com\/es\/wp-json\/wp\/v2\/comments?post=1267"}],"version-history":[{"count":0,"href":"https:\/\/theleachfirm.com\/es\/wp-json\/wp\/v2\/pages\/1267\/revisions"}],"up":[{"embeddable":true,"href":"https:\/\/theleachfirm.com\/es\/wp-json\/wp\/v2\/pages\/1285"}],"wp:attachment":[{"href":"https:\/\/theleachfirm.com\/es\/wp-json\/wp\/v2\/media?parent=1267"}],"curies":[{"name":"wp","href":"https:\/\/api.w.org\/{rel}","templated":true}]}}