{"id":1265,"date":"2021-10-06T15:57:12","date_gmt":"2021-10-06T19:57:12","guid":{"rendered":"https:\/\/theleachfirm.com\/abogado-de-la-eeoc-en-atlanta\/"},"modified":"2024-03-02T20:41:01","modified_gmt":"2024-03-03T01:41:01","slug":"abogado-especialista-en-la-eeoc-en-atlanta","status":"publish","type":"page","link":"https:\/\/theleachfirm.com\/es\/atlanta\/abogado-especialista-en-la-eeoc-en-atlanta\/","title":{"rendered":"Abogado Especialista en la EEOC en Atlanta"},"content":{"rendered":"\n<h1>\n\t\tAbogado Especialista en la EEOC en Atlanta\n\t<\/h1>\n\t<div class=\"fl-builder-content fl-builder-content-2140 fl-builder-template fl-builder-row-template fl-builder-global-templates-locked\" data-post-id=\"2140\"><div class=\"fl-row fl-row-fixed-width fl-row-bg-color fl-node-3ch2ay0i9n7k fl-row-default-height fl-row-align-center page-top-banner\" data-node=\"3ch2ay0i9n7k\">\n\t<div class=\"fl-row-content-wrap\">\n\t\t\t\t\t\t<div class=\"fl-row-content fl-row-fixed-width fl-node-content\">\n\t\t\n<div class=\"fl-col-group fl-node-1ew4tp3k5oi6\" data-node=\"1ew4tp3k5oi6\">\n\t\t\t<div class=\"fl-col fl-node-5mxd3hik7t20 fl-col-bg-color employColumnParent\" data-node=\"5mxd3hik7t20\">\n\t<div class=\"fl-col-content fl-node-content\"><div class=\"fl-module fl-module-heading fl-node-e8xwrdmzbco6\" data-node=\"e8xwrdmzbco6\">\n\t<div class=\"fl-module-content fl-node-content\">\n\t\t<h5 class=\"fl-heading\">\n\t\t<span class=\"fl-heading-text\">\u00bfQuiere hablar con un Abogado Laboralista?<\/span>\n\t<\/h5>\n\t<\/div>\n<\/div>\n<div class=\"fl-module fl-module-heading fl-node-8q4xpla57rbn\" data-node=\"8q4xpla57rbn\">\n\t<div class=\"fl-module-content fl-node-content\">\n\t\t<h4 class=\"fl-heading\">\n\t\t<a\n\t\thref=\"tel:8447227567\"\n\t\ttitle=\"Llame a la l\u00ednea directa para empleados (844) 722-7567\"\n\t\ttarget=\"_self\"\n\t\t\t>\n\t\t<span class=\"fl-heading-text\">Llame a la l\u00ednea directa para empleados<br> (844) 722-7567<\/span>\n\t\t<\/a>\n\t<\/h4>\n\t<\/div>\n<\/div>\n<div class=\"fl-module fl-module-html fl-node-hw5loe1n0qbp employColumnBullets\" data-node=\"hw5loe1n0qbp\">\n\t<div class=\"fl-module-content fl-node-content\">\n\t\t<div class=\"fl-html\">\n\t<ul>\n  <li>\u00bfMe pueden despedir por presentar un caso contra mi empleador?<\/li>\n  <li>Si presento un reclamo, \u00bftendr\u00e9 problemas para conseguir otro trabajo?<\/li>\n  <li>\u00bfDebo presentar una solicitud ante la Comisi\u00f3n de Igualdad <br>de Oportunidades en el Empleo (EEOC, por sus siglas en ingl\u00e9s)<br> antes de consultar a un abogado?<\/li>\n  <li>\u00bfCu\u00e1nto vale mi caso?<\/li>\n  <li>\u00bfCu\u00e1nto tiempo tengo para presentar un reclamo?<\/li>\n  <li>\u00bfPor qu\u00e9 debo conseguir un abogado?<\/li>\n<\/ul><\/div>\n\t<\/div>\n<\/div>\n<\/div>\n<\/div>\n\t<\/div>\n\t\t<\/div>\n\t<\/div>\n<\/div>\n<\/div>\n\t<p>Las leyes federales, estatales y de la ciudad de Atlanta consideran ilegal que los empleadores discriminen a un solicitante de empleo o empleado por motivos de raza, religi\u00f3n, sexo y muchos otros aspectos protegidos. Los trabajadores que han sufrido discriminaci\u00f3n en el lugar de trabajo o cuando presentaron la solicitud pueden tener derecho a una reparaci\u00f3n legal, incluyendo una indemnizaci\u00f3n.<\/p>\n<p>La Comisi\u00f3n de Igualdad de Oportunidades en el Empleo de los EE. UU. (EEOC) trabaja con la oficina de la Comisi\u00f3n de Igualdad de Oportunidades de Georgia (GCEO, por sus siglas en ingl\u00e9s) en Atlanta para abordar las denuncias por discriminaci\u00f3n ilegal en el lugar de trabajo en el \u00e1rea metropolitana de Atlanta. Un abogado experto en la EEOC podr\u00eda trabajar para garantizar que se protejan todos los derechos y se haga justicia.<\/p>\n<p>Con m\u00e1s de 70 a\u00f1os de experiencia conjunta en el campo de casos de igualdad de oportunidades en el empleo, la Firma de Abogados Leach, AP est\u00e1 aqu\u00ed para ayudarle. Entendemos lo traum\u00e1tico y doloroso que puede ser sufrir discriminaci\u00f3n debido a su raza u otras caracter\u00edsticas. Es por eso por lo que representamos con todo nuestro conocimiento sus intereses contra los empleadores discriminatorios y brindamos asesoramiento legal para emprender acciones a trav\u00e9s de la EEOC y otros lugares apropiados, incluyendo la Comisi\u00f3n de Relaciones Humanas de Atlanta.<\/p>\n<h2>Luchamos por sus derechos laborales en Atlanta<\/h2>\n<p>Cuando usted ha experimentado discriminaci\u00f3n laboral ilegal en Atlanta, merece justicia. La Firma de Abogados Leach, trabaja en estrecha colaboraci\u00f3n con usted para garantizar que presente la documentaci\u00f3n correcta y la denuncia ante la EEOC, la GCEO o el AHRC (Consejo Estadounidense de Derechos Humanos). Nuestros abogados entienden c\u00f3mo tener \u00e9xito con las demandas por discriminaci\u00f3n y pueden ayudarle a armar su caso a trav\u00e9s de una planificaci\u00f3n y documentaci\u00f3n adecuada. Tambi\u00e9n podemos proporcionar asesoramiento legal sobre las diferentes soluciones que podr\u00edan funcionar mejor para su situaci\u00f3n y trabajar para negociar una resoluci\u00f3n.<\/p>\n<p>Si tiene preguntas sobre c\u00f3mo presentar un caso ante la EEOC o necesita saber si su caso califica para una reparaci\u00f3n legal, La Firma de Abogados Leach, AP est\u00e1 aqu\u00ed para ayudarle. Brindamos defensa legal calificada con el conocimiento y la habilidad que necesita para lograr justicia despu\u00e9s de la discriminaci\u00f3n laboral.<\/p>\n<h2>Preguntas frecuentes sobre las Demandas ante la EEOC en Atlanta<\/h2>\n<p>Aqu\u00ed est\u00e1n las preguntas que los clientes hacen con frecuencia sobre las demandas ante la EEOC y c\u00f3mo la Firma de Abogados Leach, PA puede ayudar:<\/p>\n<h3>\u00bfPresent\u00e9 correctamente mi denuncia ante la EEOC?<\/h3>\n<p>A veces, los clientes presentan una denuncia ante la EEOC por su cuenta y se preguntan si lo hicieron correctamente. Puede ser \u00fatil consultar a un abogado sobre esta situaci\u00f3n y c\u00f3mo resolver cualquier error. Los errores en una demanda ante la EEOC pueden arruinar sus posibilidades de \u00e9xito.<\/p>\n<h3>\u00bfEs posible arreglar una demanda ante la EEOC si se la ha presentado incorrectamente?<\/h3>\n<p>Si le preocupa haber presentado incorrectamente una demanda por discriminaci\u00f3n laboral ante la EEOC u otro organismo es aconsejable consultar lo antes posible a un abogado especializado en la EEOC de Atlanta. En muchos casos, es posible modificar la demanda y corregir los problemas. Un abogado podr\u00eda revisar los procedimientos administrativos aplicables para encontrar la mejor soluci\u00f3n.<\/p>\n<p>Dependiendo de la situaci\u00f3n, puede ser necesario presentar una demanda bajo el C\u00f3digo de Relaciones Humanas de Atlanta en lugar de seg\u00fan la ley estatal o federal. Si bien los empleados generalmente tienen 180 d\u00edas a partir de la fecha de la discriminaci\u00f3n para preparar y presentar una demanda, es aconsejable comenzar a trabajar lo antes posible para tener las mejores oportunidades de reunir pruebas que respalden la acusaci\u00f3n.<\/p>\n<h3>\u00bfNecesito un abogado para una demanda ante la EEOC?<\/h3>\n<p>Por muchas razones, puede ser beneficioso trabajar con un abogado con experiencia en la EEOC de Atlanta al presentar una demanda por discriminaci\u00f3n. Demasiadas v\u00edctimas pierden la oportunidad de buscar justicia por completar el papeleo de manera incorrecta, no cumplir con los plazos o no presentar los argumentos legales correctos y la evidencia para apoyar su reclamo. Un abogado podr\u00eda ayudarle a sacar el al m\u00e1ximo provecho de su caso.<\/p>\n<h3>\u00bfCu\u00e1nto cuesta una demanda ante la EEOC?<\/h3>\n<p>La mayor\u00eda de los abogados que tramitan reclamos por discriminaci\u00f3n trabajan con honorarios condicionales para las demandas ente la EEOC, por lo que el abogado recibe honorarios solo si usted gana el caso. Por ejemplo, si los honorarios condicionales de su abogado son del 30% y su caso se resuelve en $40000, su abogado recibir\u00eda $12000. Debe hablar con su abogado por adelantado sobre la estructura de sus honorarios y los m\u00e9todos para manejar otros costos. La Firma de Abogados Leach, AP ofrece consultas gratuitas y solo trabaja en contingencias, por lo que no hay cargos ni costos por adelantado.<\/p>\n<h3>\u00bfPuede demandar a su empleador por discriminaci\u00f3n en Atlanta?<\/h3>\n<p>En la mayor\u00eda de los casos de la EEOC, usted debe presentar un reclamo administrativo antes de poder presentar una demanda por discriminaci\u00f3n basada en violaciones de la ley federal. Debido a que muchas de las mismas evidencias se pueden usar para apoyar una demanda ante la EEOC o un reclamo presentado ante un tribunal, puede ser \u00fatil trabajar con un abogado experto en la EEOC desde el comienzo del proceso.<\/p>\n<h3>\u00bfC\u00f3mo presento una denuncia ante la EEOC en Atlanta?<\/h3>\n<p>Cuando una denuncia por discriminaci\u00f3n laboral se basa en la legislaci\u00f3n federal, normalmente el empleado presenta una denuncia por discriminaci\u00f3n a trav\u00e9s del sitio web de la EEOC. Aunque la EEOC suele exigir que los trabajadores presenten una investigaci\u00f3n y se sometan a una entrevista antes de que el trabajador pueda presentar una acusaci\u00f3n formal, a menudo un abogado puede pasar obviar el proceso de la entrevista y presentar la acusaci\u00f3n de inmediato. Esto podr\u00eda ahorrar semanas o incluso meses en el proceso.<\/p>\n<p>Presentar con \u00e9xito una queja ante la EEOC en Atlanta requiere una preparaci\u00f3n considerable y un conocimiento profundo de las leyes antidiscriminatorias federales, estatales y locales. Para asegurarse de cumplir con todos los requisitos y presentar el caso m\u00e1s s\u00f3lido posible, es aconsejable trabajar con un abogado experto en la EEOC.<\/p>\n<h2>Llame a la Firma de Abogados Leach para que lo ayude con su demanda ante la EEOC de Atlanta<\/h2>\n<p>Si ha experimentado discriminaci\u00f3n laboral en Atlanta, llame hoy a la Firma de Abogados Leach para saber c\u00f3mo podemos ayudarle a encontrar alivio legal. Nos complace brindarle respuestas y asesoramiento legal competente para su reclamo, ya sea que surja bajo la ley local, estatal o federal. Para comenzar a trabajar con uno de nuestros abogados calificados en la EEOC hoy, comun\u00edquese con nuestra firma al <a href=\"tel:(844) 722-7567\">(844) 722-7567<\/a>. Esperamos poder servirle.<\/p>\n\n","protected":false},"excerpt":{"rendered":"<p>Abogado Especialista en la EEOC en Atlanta Las leyes federales, estatales y de la ciudad de Atlanta consideran ilegal que los empleadores discriminen a un solicitante de empleo o empleado por motivos de raza, religi\u00f3n, sexo y muchos otros aspectos protegidos. Los trabajadores que han sufrido discriminaci\u00f3n en el lugar de trabajo o cuando presentaron&hellip;<\/p>\n","protected":false},"author":1,"featured_media":0,"parent":1285,"menu_order":0,"comment_status":"closed","ping_status":"closed","template":"","meta":{"inline_featured_image":false,"footnotes":""},"class_list":["post-1265","page","type-page","status-publish","hentry"],"_links":{"self":[{"href":"https:\/\/theleachfirm.com\/es\/wp-json\/wp\/v2\/pages\/1265","targetHints":{"allow":["GET"]}}],"collection":[{"href":"https:\/\/theleachfirm.com\/es\/wp-json\/wp\/v2\/pages"}],"about":[{"href":"https:\/\/theleachfirm.com\/es\/wp-json\/wp\/v2\/types\/page"}],"author":[{"embeddable":true,"href":"https:\/\/theleachfirm.com\/es\/wp-json\/wp\/v2\/users\/1"}],"replies":[{"embeddable":true,"href":"https:\/\/theleachfirm.com\/es\/wp-json\/wp\/v2\/comments?post=1265"}],"version-history":[{"count":0,"href":"https:\/\/theleachfirm.com\/es\/wp-json\/wp\/v2\/pages\/1265\/revisions"}],"up":[{"embeddable":true,"href":"https:\/\/theleachfirm.com\/es\/wp-json\/wp\/v2\/pages\/1285"}],"wp:attachment":[{"href":"https:\/\/theleachfirm.com\/es\/wp-json\/wp\/v2\/media?parent=1265"}],"curies":[{"name":"wp","href":"https:\/\/api.w.org\/{rel}","templated":true}]}}