{"id":1264,"date":"2021-09-27T16:58:28","date_gmt":"2021-09-27T20:58:28","guid":{"rendered":"https:\/\/theleachfirm.com\/abogado-de-atlanta-experto-en-discriminacion-laboral\/"},"modified":"2024-03-02T20:41:17","modified_gmt":"2024-03-03T01:41:17","slug":"abogado-experto-en-discriminacion-laboral-en-atlanta","status":"publish","type":"page","link":"https:\/\/theleachfirm.com\/es\/atlanta\/abogado-experto-en-discriminacion-laboral-en-atlanta\/","title":{"rendered":"Abogado Experto en Discriminaci\u00f3n Laboral en Atlanta"},"content":{"rendered":"\n<h1>\n\t\tAbogado Experto en Discriminaci\u00f3n Laboral en Atlanta\n\t<\/h1>\n\t<div class=\"fl-builder-content fl-builder-content-2140 fl-builder-template fl-builder-row-template fl-builder-global-templates-locked\" data-post-id=\"2140\"><div class=\"fl-row fl-row-fixed-width fl-row-bg-color fl-node-3ch2ay0i9n7k fl-row-default-height fl-row-align-center page-top-banner\" data-node=\"3ch2ay0i9n7k\">\n\t<div class=\"fl-row-content-wrap\">\n\t\t\t\t\t\t<div class=\"fl-row-content fl-row-fixed-width fl-node-content\">\n\t\t\n<div class=\"fl-col-group fl-node-1ew4tp3k5oi6\" data-node=\"1ew4tp3k5oi6\">\n\t\t\t<div class=\"fl-col fl-node-5mxd3hik7t20 fl-col-bg-color employColumnParent\" data-node=\"5mxd3hik7t20\">\n\t<div class=\"fl-col-content fl-node-content\"><div class=\"fl-module fl-module-heading fl-node-e8xwrdmzbco6\" data-node=\"e8xwrdmzbco6\">\n\t<div class=\"fl-module-content fl-node-content\">\n\t\t<h5 class=\"fl-heading\">\n\t\t<span class=\"fl-heading-text\">\u00bfQuiere hablar con un Abogado Laboralista?<\/span>\n\t<\/h5>\n\t<\/div>\n<\/div>\n<div class=\"fl-module fl-module-heading fl-node-8q4xpla57rbn\" data-node=\"8q4xpla57rbn\">\n\t<div class=\"fl-module-content fl-node-content\">\n\t\t<h4 class=\"fl-heading\">\n\t\t<a\n\t\thref=\"tel:8447227567\"\n\t\ttitle=\"Llame a la l\u00ednea directa para empleados (844) 722-7567\"\n\t\ttarget=\"_self\"\n\t\t\t>\n\t\t<span class=\"fl-heading-text\">Llame a la l\u00ednea directa para empleados<br> (844) 722-7567<\/span>\n\t\t<\/a>\n\t<\/h4>\n\t<\/div>\n<\/div>\n<div class=\"fl-module fl-module-html fl-node-hw5loe1n0qbp employColumnBullets\" data-node=\"hw5loe1n0qbp\">\n\t<div class=\"fl-module-content fl-node-content\">\n\t\t<div class=\"fl-html\">\n\t<ul>\n  <li>\u00bfMe pueden despedir por presentar un caso contra mi empleador?<\/li>\n  <li>Si presento un reclamo, \u00bftendr\u00e9 problemas para conseguir otro trabajo?<\/li>\n  <li>\u00bfDebo presentar una solicitud ante la Comisi\u00f3n de Igualdad <br>de Oportunidades en el Empleo (EEOC, por sus siglas en ingl\u00e9s)<br> antes de consultar a un abogado?<\/li>\n  <li>\u00bfCu\u00e1nto vale mi caso?<\/li>\n  <li>\u00bfCu\u00e1nto tiempo tengo para presentar un reclamo?<\/li>\n  <li>\u00bfPor qu\u00e9 debo conseguir un abogado?<\/li>\n<\/ul><\/div>\n\t<\/div>\n<\/div>\n<\/div>\n<\/div>\n\t<\/div>\n\t\t<\/div>\n\t<\/div>\n<\/div>\n<\/div>\n\t<p>Si se enfrenta a discriminaci\u00f3n o acoso en el trabajo, la Firma de Abogados The Leach, AP podr\u00eda ayudarle a garantizar sus derechos y buscar todos los remedios disponibles, incluida una compensaci\u00f3n. Nuestro abogado experto en discriminaci\u00f3n laboral en Atlanta puede ayudarle a luchar contra los prejuicios basados en la raza, sexo, religi\u00f3n, origen nacional u otras caracter\u00edsticas legalmente protegidas.<\/p>\n<p>Con nuestra amplia experiencia, sabemos c\u00f3mo utilizar las leyes laborales estatales y federales, as\u00ed como las ordenanzas antidiscriminatorias espec\u00edficas de Atlanta para buscar las mejores opciones de recuperaci\u00f3n despu\u00e9s de la discriminaci\u00f3n ilegal.<\/p>\n<h2>En qu\u00e9 consiste la discriminaci\u00f3n laboral en Atlanta<\/h2>\n<p>Las formas en que los empleadores pueden discriminar ilegalmente a los empleados incluyen el tratamiento injusto en acciones que implican:<\/p>\n<ul>\n<li>Contrataci\u00f3n<\/li>\n<li>Despidos y terminaci\u00f3n<\/li>\n<li>Calificaci\u00f3n de los empleados<\/li>\n<li>Promoci\u00f3n<\/li>\n<li>Reclutamiento<\/li>\n<li>Entrenamiento<\/li>\n<li>Planes de jubilaci\u00f3n y otros beneficios<\/li>\n<li>Pago de salarios<\/li>\n<li>Transferencia de funciones<\/li>\n<li>Poner a prueba<\/li>\n<li>Conceder o denegar licencias por discapacidad<\/li>\n<\/ul>\n<p>Esencialmente, si un empleador trata a un trabajador de manera diferente en cuanto a las condiciones de empleo, y ese trato se deriva de la discriminaci\u00f3n basada en factores protegidos por ley, ese empleador ha violado los derechos del trabajador, y el trabajador podr\u00e1 solicitar indemnizaci\u00f3n y otros recursos adecuados a las circunstancias.<\/p>\n<h2>Preguntas frecuentes sobre la discriminaci\u00f3n laboral en Atlanta<\/h2>\n<h3>1.\u00bfPuedo demandar por discriminaci\u00f3n en el lugar de trabajo en Atlanta?<\/h3>\n<p>La discriminaci\u00f3n en el lugar de trabajo es un problema que se puede abordar en los tribunales, aunque es posible que primero deba presentar un reclamo a trav\u00e9s de los canales administrativos. Dependiendo de la situaci\u00f3n, sus opciones pueden incluir presentar una queja oficial ante la Comisi\u00f3n de Relaciones Humanas de Atlanta o ante la Comisi\u00f3n de Igualdad de Oportunidades en el Empleo de EE. UU. Un abogado con experiencia en ayudar a los trabajadores a abordar la discriminaci\u00f3n podr\u00eda ayudar con los procedimientos administrativos y buscar remedios a trav\u00e9s de una demanda.<\/p>\n<h3>2. \u00bfQu\u00e9 se considera discriminaci\u00f3n en el lugar de trabajo en Atlanta?<\/h3>\n<p>La discriminaci\u00f3n se presenta de muchas formas. Por ejemplo, el acoso, permitir burlas generalizadas por motivos de raza, religi\u00f3n, sexo u otros factores protegidos es una forma habitual de discriminaci\u00f3n en el lugar de trabajo. El trato favorable o desfavorable dirigido a un individuo o grupo espec\u00edfico que es directamente atribuible a prejuicios, como ser negar ciertas oportunidades a las mujeres o rechazar aumentos para alguien de una nacionalidad espec\u00edfica, tambi\u00e9n se consideran tipos de acoso laboral.<\/p>\n<p>Los aspectos que est\u00e1n protegidos y en los que los empleadores no pueden discriminar son la raza, el sexo, la religi\u00f3n, la nacionalidad, la orientaci\u00f3n sexual, la identidad de g\u00e9nero, la situaci\u00f3n sentimental, la edad y la discapacidad. Las ordenanzas de Atlanta protegen algunos aspectos no contemplados en la legislaci\u00f3n federal, por ejemplo, el estado civil.<\/p>\n<h3>3. \u00bfCu\u00e1ndo deber\u00eda buscar un abogado laboralista?<\/h3>\n<p>Si cree que ha sufrido discriminaci\u00f3n laboral, nunca es demasiado pronto para buscar representaci\u00f3n legal. Un abogado laboral de Atlanta no solo puede ayudarle a reunir y recopilar pruebas fundamentales, sino que tambi\u00e9n puede garantizarle que su caso sea lo m\u00e1s s\u00f3lido posible y presentar un argumento consistente que podr\u00eda alentar a su empleador a tomar medidas inmediatas para resolver el reclamo y remediar la situaci\u00f3n. Un acuerdo podr\u00eda proporcionarle una compensaci\u00f3n y evitar la necesidad de acudir a los tribunales.<\/p>\n<h3>4. \u00bfC\u00f3mo se prueba la discriminaci\u00f3n en el trabajo?<\/h3>\n<p>La discriminaci\u00f3n puede demostrarse de varias maneras. Si dispone de documentaci\u00f3n escrita, como ser correos electr\u00f3nicos, memorandos o notas que describan el comportamiento discriminatorio en acci\u00f3n, se trata de pruebas fundamentales. El testimonio de los testigos tambi\u00e9n puede desempe\u00f1ar un papel importante, al igual que las pruebas de las pol\u00edticas y pr\u00e1cticas de toda la empresa. Por ejemplo, si puede demostrar que a los trabajadores de una determinada raza se les niega sistem\u00e1ticamente d\u00edas libres, mientras que otros trabajadores no tienen ning\u00fan problema para obtenerlos, podr\u00eda tener un caso s\u00f3lido que demuestre una discriminaci\u00f3n ilegal. Un abogado especializado en discriminaci\u00f3n laboral puede ayudarle a reunir las pruebas pertinentes.<\/p>\n<h3>5. \u00bfCu\u00e1nto tiempo lleva resolver una demanda por discriminaci\u00f3n laboral?<\/h3>\n<p>El tiempo necesario para resolver o completar una demanda por discriminaci\u00f3n laboral var\u00eda en funci\u00f3n de los hechos del caso y de las pruebas disponibles. Los casos en los que un empleador se incrimina directamente, como por ejemplo a trav\u00e9s del correo electr\u00f3nico, pueden resolverse antes que los casos que implican una discriminaci\u00f3n con m\u00e1s matices. Sin embargo, en general, la mayor\u00eda de las demandas por discriminaci\u00f3n en el empleo duran entre uno y dos a\u00f1os. Para comprender mejor los plazos que puede esperar, hable con un abogado especializado en discriminaci\u00f3n laboral.<\/p>\n<h2>Trabaje con un abogado experto en discriminaci\u00f3n laboral en Atlanta<\/h2>\n<p>Cuando los empleadores no tratan a los empleados de manera justa bajo la ley, deben rendir cuentas. El equipo dedicado a la ley de empleo en la Firma de Abogados Leach, AP. est\u00e1 listo para luchar para protegerlo contra la discriminaci\u00f3n ilegal en el lugar de trabajo.<\/p>\n<p><a href=\"https:\/\/theleachfirm.com\/es\/contactenos\/\">Cont\u00e1ctenos<\/a> hoy para una consulta gratuita y una evaluaci\u00f3n de su caso. Un abogado con experiencia en discriminaci\u00f3n laboral de Atlanta podr\u00eda explicarle c\u00f3mo podemos ayudarle a obtener una compensaci\u00f3n y otro alivio.<\/p>\n\n","protected":false},"excerpt":{"rendered":"<p>Abogado Experto en Discriminaci\u00f3n Laboral en Atlanta Si se enfrenta a discriminaci\u00f3n o acoso en el trabajo, la Firma de Abogados The Leach, AP podr\u00eda ayudarle a garantizar sus derechos y buscar todos los remedios disponibles, incluida una compensaci\u00f3n. Nuestro abogado experto en discriminaci\u00f3n laboral en Atlanta puede ayudarle a luchar contra los prejuicios basados&hellip;<\/p>\n","protected":false},"author":1,"featured_media":0,"parent":1285,"menu_order":0,"comment_status":"closed","ping_status":"closed","template":"","meta":{"inline_featured_image":false,"footnotes":""},"class_list":["post-1264","page","type-page","status-publish","hentry"],"_links":{"self":[{"href":"https:\/\/theleachfirm.com\/es\/wp-json\/wp\/v2\/pages\/1264","targetHints":{"allow":["GET"]}}],"collection":[{"href":"https:\/\/theleachfirm.com\/es\/wp-json\/wp\/v2\/pages"}],"about":[{"href":"https:\/\/theleachfirm.com\/es\/wp-json\/wp\/v2\/types\/page"}],"author":[{"embeddable":true,"href":"https:\/\/theleachfirm.com\/es\/wp-json\/wp\/v2\/users\/1"}],"replies":[{"embeddable":true,"href":"https:\/\/theleachfirm.com\/es\/wp-json\/wp\/v2\/comments?post=1264"}],"version-history":[{"count":0,"href":"https:\/\/theleachfirm.com\/es\/wp-json\/wp\/v2\/pages\/1264\/revisions"}],"up":[{"embeddable":true,"href":"https:\/\/theleachfirm.com\/es\/wp-json\/wp\/v2\/pages\/1285"}],"wp:attachment":[{"href":"https:\/\/theleachfirm.com\/es\/wp-json\/wp\/v2\/media?parent=1264"}],"curies":[{"name":"wp","href":"https:\/\/api.w.org\/{rel}","templated":true}]}}