{"id":1262,"date":"2021-09-27T16:54:54","date_gmt":"2021-09-27T20:54:54","guid":{"rendered":"https:\/\/theleachfirm.com\/abogados-expertos-en-discriminacion-racial-que-prestan-servicios-en-atlanta\/"},"modified":"2024-03-02T20:51:23","modified_gmt":"2024-03-03T01:51:23","slug":"discriminacion-racial-atlanta","status":"publish","type":"page","link":"https:\/\/theleachfirm.com\/es\/atlanta\/discriminacion-racial-atlanta\/","title":{"rendered":"Abogados Especialistas en Discriminaci\u00f3n Racial que Prestan Servicios en Atlanta"},"content":{"rendered":"\n<h1>\n\t\tAbogados Especialistas en Discriminaci\u00f3n Racial que Prestan Servicios en Atlanta\n\t<\/h1>\n\t<div class=\"fl-builder-content fl-builder-content-2140 fl-builder-template fl-builder-row-template fl-builder-global-templates-locked\" data-post-id=\"2140\"><div class=\"fl-row fl-row-fixed-width fl-row-bg-color fl-node-3ch2ay0i9n7k fl-row-default-height fl-row-align-center page-top-banner\" data-node=\"3ch2ay0i9n7k\">\n\t<div class=\"fl-row-content-wrap\">\n\t\t\t\t\t\t<div class=\"fl-row-content fl-row-fixed-width fl-node-content\">\n\t\t\n<div class=\"fl-col-group fl-node-1ew4tp3k5oi6\" data-node=\"1ew4tp3k5oi6\">\n\t\t\t<div class=\"fl-col fl-node-5mxd3hik7t20 fl-col-bg-color employColumnParent\" data-node=\"5mxd3hik7t20\">\n\t<div class=\"fl-col-content fl-node-content\"><div class=\"fl-module fl-module-heading fl-node-e8xwrdmzbco6\" data-node=\"e8xwrdmzbco6\">\n\t<div class=\"fl-module-content fl-node-content\">\n\t\t<h5 class=\"fl-heading\">\n\t\t<span class=\"fl-heading-text\">\u00bfQuiere hablar con un Abogado Laboralista?<\/span>\n\t<\/h5>\n\t<\/div>\n<\/div>\n<div class=\"fl-module fl-module-heading fl-node-8q4xpla57rbn\" data-node=\"8q4xpla57rbn\">\n\t<div class=\"fl-module-content fl-node-content\">\n\t\t<h4 class=\"fl-heading\">\n\t\t<a\n\t\thref=\"tel:8447227567\"\n\t\ttitle=\"Llame a la l\u00ednea directa para empleados (844) 722-7567\"\n\t\ttarget=\"_self\"\n\t\t\t>\n\t\t<span class=\"fl-heading-text\">Llame a la l\u00ednea directa para empleados<br> (844) 722-7567<\/span>\n\t\t<\/a>\n\t<\/h4>\n\t<\/div>\n<\/div>\n<div class=\"fl-module fl-module-html fl-node-hw5loe1n0qbp employColumnBullets\" data-node=\"hw5loe1n0qbp\">\n\t<div class=\"fl-module-content fl-node-content\">\n\t\t<div class=\"fl-html\">\n\t<ul>\n  <li>\u00bfMe pueden despedir por presentar un caso contra mi empleador?<\/li>\n  <li>Si presento un reclamo, \u00bftendr\u00e9 problemas para conseguir otro trabajo?<\/li>\n  <li>\u00bfDebo presentar una solicitud ante la Comisi\u00f3n de Igualdad <br>de Oportunidades en el Empleo (EEOC, por sus siglas en ingl\u00e9s)<br> antes de consultar a un abogado?<\/li>\n  <li>\u00bfCu\u00e1nto vale mi caso?<\/li>\n  <li>\u00bfCu\u00e1nto tiempo tengo para presentar un reclamo?<\/li>\n  <li>\u00bfPor qu\u00e9 debo conseguir un abogado?<\/li>\n<\/ul><\/div>\n\t<\/div>\n<\/div>\n<\/div>\n<\/div>\n\t<\/div>\n\t\t<\/div>\n\t<\/div>\n<\/div>\n<\/div>\n\t<p>El T\u00edtulo VII de la Ley de Derechos Civiles de 1964 proh\u00edbe la discriminaci\u00f3n basada en la raza y el color. Disposiciones similares en el C\u00f3digo de Georgia y las Ordenanzas de la Ciudad de Atlanta extienden estas prohibiciones a situaciones que no est\u00e1n cubiertas por las leyes federales.<\/p>\n<p>Sin embargo, aunque la discriminaci\u00f3n racial es ilegal, todav\u00eda ocurre con demasiada frecuencia en Atlanta. Si su empleador o un posible empleador viol\u00f3 sus derechos con actos de discriminaci\u00f3n racial, es una buena idea hablar con abogados especialista en discriminaci\u00f3n racial de Atlanta con habilidad y experiencia en la lucha por los derechos de los empleados.<\/p>\n<p>En la Firma de Abogados Leach, AP, sabemos c\u00f3mo corregir los errores y podemos ayudarle a buscar justicia a trav\u00e9s del sistema legal. Los empleados que son v\u00edctimas de discriminaci\u00f3n ilegal pueden tener derecho a una indemnizaci\u00f3n y otras formas de reparaci\u00f3n.<\/p>\n<h2><strong>C\u00f3mo Demostrar la Discriminaci\u00f3n Racial en Atlanta<\/strong><\/h2>\n<p>Si usted cree que es v\u00edctima de discriminaci\u00f3n racial en el lugar de trabajo, debe reunir pruebas para respaldar sus acusaciones. Los abogados especialistas en discriminaci\u00f3n racial de Atlanta saben lo que se necesita para presentar un caso y pueden ayudarle a recopilar y preparar la evidencia para demostrar que su empleador viol\u00f3 la ley. Nuestro especializado en asuntos jur\u00eddicos est\u00e1 listo para trabajar con usted desde la consulta hasta el veredicto o acuerdo.<\/p>\n<p>Uno de los aspectos m\u00e1s desafiantes de los casos de discriminaci\u00f3n es establecer la intenci\u00f3n detr\u00e1s de la acci\u00f3n. La acci\u00f3n discriminatoria en s\u00ed podr\u00eda ser algo obvio, como despedir o no contratar a un empleado por motivos de raza. Muy a menudo, sin embargo, la discriminaci\u00f3n ilegal es m\u00e1s sutil, como cuando un empleador ofrece diferentes oportunidades a los empleados de una determinada raza, o le asigna tareas o turnos indeseables en funci\u00f3n de la raza.<\/p>\n<p>Permitir el acoso en el lugar de trabajo es tambi\u00e9n una forma de discriminaci\u00f3n ilegal. El acoso en el trabajo podr\u00eda incluir:<\/p>\n<ul>\n<li>Chistes ofensivos<\/li>\n<li>Insultos \u00e9tnicos o raciales<\/li>\n<li>Comentarios no deseados<\/li>\n<li>Mostrar caricaturas ofensivas, fotos o grafitis<\/li>\n<\/ul>\n<p>El acoso podr\u00eda provenir de un supervisor, compa\u00f1eros de trabajo o un tercero, como un proveedor o contratista.<\/p>\n<h2>La acci\u00f3n inmediata puede marcar la diferencia<\/h2>\n<p>Cuando alguien habla en contra de la discriminaci\u00f3n laboral, existe la posibilidad de que el empleador intente tomar represalias. Para evitarlas, los abogados experto en discriminaci\u00f3n racial en Atlanta a menudo trabajan para presentar quejas lo m\u00e1s r\u00e1pido posible para ofrecer una medida de protecci\u00f3n.<\/p>\n<p>Tenga la seguridad de que los actos de represalia son tan ilegales como los actos discriminatorios, y nos esforzaremos por proteger sus derechos y buscar todos los remedios disponibles durante todo el proceso. Cuanto antes comience a trabajar con un abogado, m\u00e1s f\u00e1cil ser\u00e1 obtener evidencia para respaldar su reclamo.<\/p>\n<h2>P\u00f3ngase en contacto con abogados experimentados en discriminaci\u00f3n racial de Atlanta<\/h2>\n<p>La firma de abogados Leach, AP sabe c\u00f3mo recuperar la compensaci\u00f3n y otra reparaci\u00f3n para los empleados v\u00edctimas de discriminaci\u00f3n racial en el lugar de trabajo. Ll\u00e1menos para una <a href=\"https:\/\/theleachfirm.com\/es\/contactenos\/\">consulta gratuita<\/a> para comenzar.<\/p>\n\n","protected":false},"excerpt":{"rendered":"<p>Abogados Especialistas en Discriminaci\u00f3n Racial que Prestan Servicios en Atlanta El T\u00edtulo VII de la Ley de Derechos Civiles de 1964 proh\u00edbe la discriminaci\u00f3n basada en la raza y el color. Disposiciones similares en el C\u00f3digo de Georgia y las Ordenanzas de la Ciudad de Atlanta extienden estas prohibiciones a situaciones que no est\u00e1n cubiertas&hellip;<\/p>\n","protected":false},"author":1,"featured_media":0,"parent":1285,"menu_order":0,"comment_status":"closed","ping_status":"closed","template":"","meta":{"inline_featured_image":false,"footnotes":""},"class_list":["post-1262","page","type-page","status-publish","hentry"],"_links":{"self":[{"href":"https:\/\/theleachfirm.com\/es\/wp-json\/wp\/v2\/pages\/1262","targetHints":{"allow":["GET"]}}],"collection":[{"href":"https:\/\/theleachfirm.com\/es\/wp-json\/wp\/v2\/pages"}],"about":[{"href":"https:\/\/theleachfirm.com\/es\/wp-json\/wp\/v2\/types\/page"}],"author":[{"embeddable":true,"href":"https:\/\/theleachfirm.com\/es\/wp-json\/wp\/v2\/users\/1"}],"replies":[{"embeddable":true,"href":"https:\/\/theleachfirm.com\/es\/wp-json\/wp\/v2\/comments?post=1262"}],"version-history":[{"count":0,"href":"https:\/\/theleachfirm.com\/es\/wp-json\/wp\/v2\/pages\/1262\/revisions"}],"up":[{"embeddable":true,"href":"https:\/\/theleachfirm.com\/es\/wp-json\/wp\/v2\/pages\/1285"}],"wp:attachment":[{"href":"https:\/\/theleachfirm.com\/es\/wp-json\/wp\/v2\/media?parent=1262"}],"curies":[{"name":"wp","href":"https:\/\/api.w.org\/{rel}","templated":true}]}}