{"id":1259,"date":"2021-09-24T13:28:18","date_gmt":"2021-09-24T17:28:18","guid":{"rendered":"https:\/\/theleachfirm.com\/abogado-experimentado-en-discriminacion-de-atlanta\/"},"modified":"2024-03-02T20:42:45","modified_gmt":"2024-03-03T01:42:45","slug":"abogado-experimentado-en-discriminacion","status":"publish","type":"page","link":"https:\/\/theleachfirm.com\/es\/atlanta\/abogado-experimentado-en-discriminacion\/","title":{"rendered":"Abogado experimentado en discriminaci\u00f3n de Atlanta"},"content":{"rendered":"\n<h1>\n\t\tAbogado experimentado en discriminaci\u00f3n de Atlanta\n\t<\/h1>\n\t<div class=\"fl-builder-content fl-builder-content-2140 fl-builder-template fl-builder-row-template fl-builder-global-templates-locked\" data-post-id=\"2140\"><div class=\"fl-row fl-row-fixed-width fl-row-bg-color fl-node-3ch2ay0i9n7k fl-row-default-height fl-row-align-center page-top-banner\" data-node=\"3ch2ay0i9n7k\">\n\t<div class=\"fl-row-content-wrap\">\n\t\t\t\t\t\t<div class=\"fl-row-content fl-row-fixed-width fl-node-content\">\n\t\t\n<div class=\"fl-col-group fl-node-1ew4tp3k5oi6\" data-node=\"1ew4tp3k5oi6\">\n\t\t\t<div class=\"fl-col fl-node-5mxd3hik7t20 fl-col-bg-color employColumnParent\" data-node=\"5mxd3hik7t20\">\n\t<div class=\"fl-col-content fl-node-content\"><div class=\"fl-module fl-module-heading fl-node-e8xwrdmzbco6\" data-node=\"e8xwrdmzbco6\">\n\t<div class=\"fl-module-content fl-node-content\">\n\t\t<h5 class=\"fl-heading\">\n\t\t<span class=\"fl-heading-text\">\u00bfQuiere hablar con un Abogado Laboralista?<\/span>\n\t<\/h5>\n\t<\/div>\n<\/div>\n<div class=\"fl-module fl-module-heading fl-node-8q4xpla57rbn\" data-node=\"8q4xpla57rbn\">\n\t<div class=\"fl-module-content fl-node-content\">\n\t\t<h4 class=\"fl-heading\">\n\t\t<a\n\t\thref=\"tel:8447227567\"\n\t\ttitle=\"Llame a la l\u00ednea directa para empleados (844) 722-7567\"\n\t\ttarget=\"_self\"\n\t\t\t>\n\t\t<span class=\"fl-heading-text\">Llame a la l\u00ednea directa para empleados<br> (844) 722-7567<\/span>\n\t\t<\/a>\n\t<\/h4>\n\t<\/div>\n<\/div>\n<div class=\"fl-module fl-module-html fl-node-hw5loe1n0qbp employColumnBullets\" data-node=\"hw5loe1n0qbp\">\n\t<div class=\"fl-module-content fl-node-content\">\n\t\t<div class=\"fl-html\">\n\t<ul>\n  <li>\u00bfMe pueden despedir por presentar un caso contra mi empleador?<\/li>\n  <li>Si presento un reclamo, \u00bftendr\u00e9 problemas para conseguir otro trabajo?<\/li>\n  <li>\u00bfDebo presentar una solicitud ante la Comisi\u00f3n de Igualdad <br>de Oportunidades en el Empleo (EEOC, por sus siglas en ingl\u00e9s)<br> antes de consultar a un abogado?<\/li>\n  <li>\u00bfCu\u00e1nto vale mi caso?<\/li>\n  <li>\u00bfCu\u00e1nto tiempo tengo para presentar un reclamo?<\/li>\n  <li>\u00bfPor qu\u00e9 debo conseguir un abogado?<\/li>\n<\/ul><\/div>\n\t<\/div>\n<\/div>\n<\/div>\n<\/div>\n\t<\/div>\n\t\t<\/div>\n\t<\/div>\n<\/div>\n<\/div>\n\t<p>Ya sea que est\u00e9 buscando empleo o ya est\u00e9 trabajando, la discriminaci\u00f3n ilegal por parte de los empleadores es muy com\u00fan en muchos lugares de trabajo de Atlanta. Cuando cumple con todos los requisitos para un puesto, pero a\u00fan se le niega el empleo debido a factores ilegales, puede ser v\u00edctima de discriminaci\u00f3n ilegal.<\/p>\n<p>La discriminaci\u00f3n generalmente se presenta en forma de un comportamiento sesgado basado en la raza, las preferencias sexuales o la religi\u00f3n de un empleado. Sin embargo, las leyes estatales y federales tambi\u00e9n brindan protecci\u00f3n contra la discriminaci\u00f3n basada en una amplia gama de otros factores, que incluyen edad, nacionalidad, sexo, embarazo, discapacidad, identidad de g\u00e9nero e incluso informaci\u00f3n gen\u00e9tica. Si cree que se ha enfrentado a una discriminaci\u00f3n ilegal, entonces es esencial buscar los servicios de un abogado de Atlanta experto en discriminaci\u00f3n laboral que pueda ayudarle a proteger sus derechos.<\/p>\n<h2>La discriminaci\u00f3n en Atlanta puede adoptar muchas formas<\/h2>\n<p>Los empleados no siempre son inmediatamente conscientes de que son v\u00edctimas de discriminaci\u00f3n ilegal. Se les puede negar injustamente beneficios o promociones, recibir una mala evaluaci\u00f3n de desempe\u00f1o injustificadamente, o enfrentar un despido injustificado. Los trabajadores sometidos a acoso laboral basado en factores protegidos tambi\u00e9n son v\u00edctimas de discriminaci\u00f3n ilegal.\u00a0<\/p>\n<p>La ley ofrece recursos a los empleados que sufren discriminaci\u00f3n en el lugar de trabajo. Pueden tener derecho a una indemnizaci\u00f3n o a una reparaci\u00f3n espec\u00edfica, como ser la restituci\u00f3n en el puesto de trabajo. Sin embargo, el tiempo para presentar un reclamo es limitado, por lo que es crucial actuar con rapidez.<\/p>\n<h2>Luchamos por sus Derechos<\/h2>\n<p>En la Firma de Abogados Leach, AP, brindamos a nuestros clientes el asesoramiento y la representaci\u00f3n que necesitan mientras tramitan sus reclamos por discriminaci\u00f3n. Nuestros abogados tienen experiencia en ayudar a las v\u00edctimas a recuperarse en una variedad de casos de discriminaci\u00f3n, que incluyen:<\/p>\n<ul>\n<li>Discriminaci\u00f3n Laboral<\/li>\n<li>La discriminaci\u00f3n racial<\/li>\n<li>Discriminaci\u00f3n por Embarazo<\/li>\n<li>Discriminaci\u00f3n religiosa<\/li>\n<li>Discriminaci\u00f3n por el g\u00e9nero<\/li>\n<\/ul>\n<p>Puede confiar en que nuestro bufete luchar\u00e1 con firmeza para defender sus derechos. Nos esforzaremos por armar un caso s\u00f3lido para obtener una reparaci\u00f3n y trabajaremos para asegurarnos de que reciba un trato justo durante todo el proceso legal.<\/p>\n<h2>Conozca lo que un abogado con experiencia en discriminaci\u00f3n en Atlanta podr\u00eda hacer por usted<\/h2>\n<p>Cuando necesite el apoyo de un abogado dedicado a la discriminaci\u00f3n laboral en Atlanta, conf\u00ede en el equipo legal dedicado de The Leach Firm, PA para brindarle una representaci\u00f3n tenaz en su nombre. Cont\u00e1ctenos ahora para una <a href=\"https:\/\/theleachfirm.com\/es\/contactenos\/\">evaluaci\u00f3n gratuita<\/a> de su caso y aprenda c\u00f3mo podemos ayudarlo a superar la discriminaci\u00f3n en el trabajo.<\/p>\n\n","protected":false},"excerpt":{"rendered":"<p>Abogado experimentado en discriminaci\u00f3n de Atlanta Ya sea que est\u00e9 buscando empleo o ya est\u00e9 trabajando, la discriminaci\u00f3n ilegal por parte de los empleadores es muy com\u00fan en muchos lugares de trabajo de Atlanta. Cuando cumple con todos los requisitos para un puesto, pero a\u00fan se le niega el empleo debido a factores ilegales, puede&hellip;<\/p>\n","protected":false},"author":1,"featured_media":0,"parent":1285,"menu_order":0,"comment_status":"closed","ping_status":"closed","template":"","meta":{"inline_featured_image":false,"footnotes":""},"class_list":["post-1259","page","type-page","status-publish","hentry"],"_links":{"self":[{"href":"https:\/\/theleachfirm.com\/es\/wp-json\/wp\/v2\/pages\/1259","targetHints":{"allow":["GET"]}}],"collection":[{"href":"https:\/\/theleachfirm.com\/es\/wp-json\/wp\/v2\/pages"}],"about":[{"href":"https:\/\/theleachfirm.com\/es\/wp-json\/wp\/v2\/types\/page"}],"author":[{"embeddable":true,"href":"https:\/\/theleachfirm.com\/es\/wp-json\/wp\/v2\/users\/1"}],"replies":[{"embeddable":true,"href":"https:\/\/theleachfirm.com\/es\/wp-json\/wp\/v2\/comments?post=1259"}],"version-history":[{"count":0,"href":"https:\/\/theleachfirm.com\/es\/wp-json\/wp\/v2\/pages\/1259\/revisions"}],"up":[{"embeddable":true,"href":"https:\/\/theleachfirm.com\/es\/wp-json\/wp\/v2\/pages\/1285"}],"wp:attachment":[{"href":"https:\/\/theleachfirm.com\/es\/wp-json\/wp\/v2\/media?parent=1259"}],"curies":[{"name":"wp","href":"https:\/\/api.w.org\/{rel}","templated":true}]}}