{"id":1257,"date":"2021-09-15T12:53:11","date_gmt":"2021-09-15T16:53:11","guid":{"rendered":"https:\/\/theleachfirm.com\/abogado-especialista-en-discriminacion-religiosa-para-servir-en-atlanta\/"},"modified":"2023-04-04T09:52:26","modified_gmt":"2023-04-04T13:52:26","slug":"abogado-especialista-en-discriminacion-religiosa","status":"publish","type":"page","link":"https:\/\/theleachfirm.com\/es\/atlanta\/abogado-especialista-en-discriminacion-religiosa\/","title":{"rendered":"Abogado Especialista en Discriminaci\u00f3n Religiosa que Trabaja en Atlanta"},"content":{"rendered":"\n<h1>\n\t\tAbogado Especialista en Discriminaci\u00f3n Religiosa que Trabaja en Atlanta\n\t<\/h1>\n\t<div class=\"fl-builder-content fl-builder-content-2140 fl-builder-template fl-builder-row-template fl-builder-global-templates-locked\" data-post-id=\"2140\"><div class=\"fl-row fl-row-fixed-width fl-row-bg-color fl-node-3ch2ay0i9n7k fl-row-default-height fl-row-align-center page-top-banner\" data-node=\"3ch2ay0i9n7k\">\n\t<div class=\"fl-row-content-wrap\">\n\t\t\t\t\t\t<div class=\"fl-row-content fl-row-fixed-width fl-node-content\">\n\t\t\n<div class=\"fl-col-group fl-node-1ew4tp3k5oi6\" data-node=\"1ew4tp3k5oi6\">\n\t\t\t<div class=\"fl-col fl-node-5mxd3hik7t20 fl-col-bg-color employColumnParent\" data-node=\"5mxd3hik7t20\">\n\t<div class=\"fl-col-content fl-node-content\"><div class=\"fl-module fl-module-heading fl-node-e8xwrdmzbco6\" data-node=\"e8xwrdmzbco6\">\n\t<div class=\"fl-module-content fl-node-content\">\n\t\t<h5 class=\"fl-heading\">\n\t\t<span class=\"fl-heading-text\">\u00bfQuiere hablar con un Abogado Laboralista?<\/span>\n\t<\/h5>\n\t<\/div>\n<\/div>\n<div class=\"fl-module fl-module-heading fl-node-8q4xpla57rbn\" data-node=\"8q4xpla57rbn\">\n\t<div class=\"fl-module-content fl-node-content\">\n\t\t<h4 class=\"fl-heading\">\n\t\t<a\n\t\thref=\"tel:8447227567\"\n\t\ttitle=\"Llame a la l\u00ednea directa para empleados (844) 722-7567\"\n\t\ttarget=\"_self\"\n\t\t\t>\n\t\t<span class=\"fl-heading-text\">Llame a la l\u00ednea directa para empleados<br> (844) 722-7567<\/span>\n\t\t<\/a>\n\t<\/h4>\n\t<\/div>\n<\/div>\n<div class=\"fl-module fl-module-html fl-node-hw5loe1n0qbp employColumnBullets\" data-node=\"hw5loe1n0qbp\">\n\t<div class=\"fl-module-content fl-node-content\">\n\t\t<div class=\"fl-html\">\n\t<ul>\n  <li>\u00bfMe pueden despedir por presentar un caso contra mi empleador?<\/li>\n  <li>Si presento un reclamo, \u00bftendr\u00e9 problemas para conseguir otro trabajo?<\/li>\n  <li>\u00bfDebo presentar una solicitud ante la Comisi\u00f3n de Igualdad <br>de Oportunidades en el Empleo (EEOC, por sus siglas en ingl\u00e9s)<br> antes de consultar a un abogado?<\/li>\n  <li>\u00bfCu\u00e1nto vale mi caso?<\/li>\n  <li>\u00bfCu\u00e1nto tiempo tengo para presentar un reclamo?<\/li>\n  <li>\u00bfPor qu\u00e9 debo conseguir un abogado?<\/li>\n<\/ul><\/div>\n\t<\/div>\n<\/div>\n<\/div>\n<\/div>\n\t<\/div>\n\t\t<\/div>\n\t<\/div>\n<\/div>\n<\/div>\n\t<p>En un mundo perfecto, la religi\u00f3n de un empleado no se usar\u00eda en su contra en el proceso de contrataci\u00f3n. Su religi\u00f3n no le impedir\u00eda obtener un ascenso ni se utilizar\u00eda como justificaci\u00f3n para asignarle tareas o turnos no deseados. La religi\u00f3n de un empleado tampoco ser\u00eda objeto de bromas o burlas en el lugar de trabajo.<\/p>\n<p>Sin embargo, no vivimos en un mundo perfecto. Sabemos que estas cosas suceden en Atlanta a pesar de que son ilegales. El T\u00edtulo VII de la Ley de Derechos Civiles de 1964 proh\u00edbe la discriminaci\u00f3n en el lugar de trabajo basada en la religi\u00f3n. Si cree que es v\u00edctima de discriminaci\u00f3n ilegal basada en sus creencias religiosas, morales o \u00e9ticas, un abogado con experiencia en discriminaci\u00f3n religiosa en Atlanta puede ayudarle a encontrar una reparaci\u00f3n, incluida una compensaci\u00f3n.<\/p>\n<p>Los abogados calificados y capaces del bufete de abogados The Leach, AP saben lo que se necesita para probar la discriminaci\u00f3n religiosa ilegal en el lugar de trabajo. Cuente con nuestro equipo para trabajar con usted para recopilar la informaci\u00f3n necesaria para armar un caso s\u00f3lido. Y nuestra firma no le cobra a menos que reciba una compensaci\u00f3n financiera de un veredicto o acuerdo.<\/p>\n<h2>Aplicar la Ley<\/h2>\n<p>El T\u00edtulo VII se aplica a los empleadores de los sectores p\u00fablico y privado. Un trabajador no necesita ser miembro formal de una iglesia para tener \u00e9xito en un reclamo por discriminaci\u00f3n religiosa en el lugar de trabajo. La ley se aplica a la religi\u00f3n en la que las creencias del individuo son sinceras.<\/p>\n<p>Aunque la ley no puede evitar que ocurra la discriminaci\u00f3n, brinda a los empleados una forma de corregir los errores y ayudarse a s\u00ed mismos y a los dem\u00e1s en el lugar de trabajo. Adem\u00e1s, las leyes tambi\u00e9n hacen que sea ilegal que los empleadores tomen represalias contra los trabajadores que ejercen sus derechos.<\/p>\n<h2><strong>Descubra c\u00f3mo podr\u00eda ayudarle un abogado especializado en discriminaci\u00f3n religiosa de Atlanta<\/strong><\/h2>\n<p>En el bufete de abogados Leach, AP, empoderamos a nuestros clientes para que luchen por sus derechos sin preocupaciones. Ll\u00e1menos para programar una consulta gratuita con nuestro abogado especialista en discriminaci\u00f3n laboral que presta servicios en Atlanta y sepa qu\u00e9 podemos hacer por usted.<\/p>\n\n","protected":false},"excerpt":{"rendered":"<p>Abogado Especialista en Discriminaci\u00f3n Religiosa que Trabaja en Atlanta En un mundo perfecto, la religi\u00f3n de un empleado no se usar\u00eda en su contra en el proceso de contrataci\u00f3n. Su religi\u00f3n no le impedir\u00eda obtener un ascenso ni se utilizar\u00eda como justificaci\u00f3n para asignarle tareas o turnos no deseados. La religi\u00f3n de un empleado tampoco&hellip;<\/p>\n","protected":false},"author":1,"featured_media":0,"parent":1285,"menu_order":0,"comment_status":"closed","ping_status":"closed","template":"","meta":{"inline_featured_image":false,"footnotes":""},"class_list":["post-1257","page","type-page","status-publish","hentry"],"_links":{"self":[{"href":"https:\/\/theleachfirm.com\/es\/wp-json\/wp\/v2\/pages\/1257","targetHints":{"allow":["GET"]}}],"collection":[{"href":"https:\/\/theleachfirm.com\/es\/wp-json\/wp\/v2\/pages"}],"about":[{"href":"https:\/\/theleachfirm.com\/es\/wp-json\/wp\/v2\/types\/page"}],"author":[{"embeddable":true,"href":"https:\/\/theleachfirm.com\/es\/wp-json\/wp\/v2\/users\/1"}],"replies":[{"embeddable":true,"href":"https:\/\/theleachfirm.com\/es\/wp-json\/wp\/v2\/comments?post=1257"}],"version-history":[{"count":0,"href":"https:\/\/theleachfirm.com\/es\/wp-json\/wp\/v2\/pages\/1257\/revisions"}],"up":[{"embeddable":true,"href":"https:\/\/theleachfirm.com\/es\/wp-json\/wp\/v2\/pages\/1285"}],"wp:attachment":[{"href":"https:\/\/theleachfirm.com\/es\/wp-json\/wp\/v2\/media?parent=1257"}],"curies":[{"name":"wp","href":"https:\/\/api.w.org\/{rel}","templated":true}]}}