{"id":1248,"date":"2020-12-16T15:24:22","date_gmt":"2020-12-16T15:24:22","guid":{"rendered":"https:\/\/theleachfirm.com\/personal-injury\/"},"modified":"2022-01-06T10:38:38","modified_gmt":"2022-01-06T15:38:38","slug":"lesiones-personales","status":"publish","type":"page","link":"https:\/\/theleachfirm.com\/es\/lesiones-personales\/","title":{"rendered":"Lesiones Personales"},"content":{"rendered":"\n<h1>\n\t\tAbogado Especialista en Lesiones Personales Presta Servicios en Florida y Georgia\n\t<\/h1>\n\t<p>Las lesiones personales le pueden cambiar la vida. Si usted ha resultado lesionado debido a negligencia, abuso o un acto il\u00edcito de otra persona, es posible que podamos ayudarle a alcanzar la soluci\u00f3n legal que se merece.<\/p>\n<h4>\n\t\tAccidentes Automovil\u00edsticos\n\t<\/h4>\n\t<p>Busque justicia si ha sido lesionado por un conductor distra\u00eddo, intoxicado, negligente o descuidado.<\/p>\n\t<p><a href=\"https:\/\/theleachfirm.com\/personal-injury\/car-accidents\/\"> Lea m\u00e1s <\/a><\/p>\n<h4>\n\t\tAccidentes Sufridos por Peatones\n\t<\/h4>\n\t<p>Busque justicia si ha sido lesionado por un conductor distra\u00eddo, intoxicado, negligente o descuidado.<\/p>\n\t<p><a href=\"https:\/\/theleachfirm.com\/personal-injury\/pedestrian-accidents\/\">Lea m\u00e1s<\/a><\/p>\n<h4>\n\t\tMuerte Injusta\n\t<\/h4>\n\t<p>La muerte por negligencia es dif\u00edcil de afrontar, especialmente cuando se debe a negligencia de otra persona. Le ayudaremos a obtener la justicia que se merece.<\/p>\n\t<p><a href=\"https:\/\/theleachfirm.com\/personal-injury\/wrongful-death\/\">Lea m\u00e1s<\/a><\/p>\n<h4>\n\t\tAccidentes de Motocicleta\n\t<\/h4>\n\t<p>Cambie el texto por \u00abLos accidentes de motocicletas ocurren con demasiada frecuencia en Florida y Georgia, y estamos aqu\u00ed para ayudarle a obtener la justicia que se merece.<\/p>\n\t<p><a href=\"https:\/\/theleachfirm.com\/personal-injury\/motorcycle-accidents\/\">Lea m\u00e1s<\/a><\/p>\n<h4>\n\t\tAccidentes por Resbalones y Ca\u00eddas\n\t<\/h4>\n\t<p>Los accidentes por resbalones y ca\u00eddas debido a un piso mojado o resbaladizo, condiciones peligrosas, falta de barandas u otras falencias pueden tener un remedio legal.<\/p>\n\t<p><a href=\"https:\/\/theleachfirm.com\/personal-injury\/slip-fall-accidents\/\">Lea m\u00e1s<\/a><\/p>\n<h4>\n\t\tAccidentes Interestatales y de Camiones\n\t<\/h4>\n\t<p>Si result\u00f3 lesionado por un cami\u00f3n o en un accidente interestatal, llame a nuestros abogados para que le ayuden a encontrar un remedio legal.<\/p>\n\t<p><a href=\"https:\/\/theleachfirm.com\/personal-injury\/truck-interstate-accidents\/\">Lea m\u00e1s<\/a><\/p>\n<h4>\n\t\tAccidentes de Uber y Lyft\n\t<\/h4>\n\t<p>Si tuvo un accidente mientras usaba Uber o Lyft, estamos aqu\u00ed para ayudarle a buscar un remedio legal.<\/p>\n\t<p><a href=\"https:\/\/theleachfirm.com\/personal-injury\/uber-and-lyft-accident-attorney-in-florida-and-georgia\/\">Lea m\u00e1s<\/a><\/p>\n<h3>\n\t\tCon Nuestra Ayuda, Determine su Elegibilidad para Una Compensaci\u00f3n por Lesiones\n\t<\/h3>\n\t<p>Nos tomamos muy en serio nuestro papel para ayudar a cada cliente a alcanzar los resultados m\u00e1s favorables para su caso, al mismo tiempo que nos esforzamos para que recupere por completo de cualquier da\u00f1o corporal resultante de un accidente. Acuda a nosotros cuando haya sido perjudicado por lo que considera negligencia o abuso de otra persona, y estaremos encantados de llegar al fondo del asunto para obtener la resoluci\u00f3n legal m\u00e1s justa posible.<\/p>\n<p>En los casos de lesiones personales en las que usted no tuvo la culpa, es posible que tenga derecho a recibir una compensaci\u00f3n por lesiones de la parte responsable del incidente. Cada caso tiene un conjunto \u00fanico de factores involucrados, por lo que tomaremos en consideraci\u00f3n todo lo que podr\u00eda haber contribuido a su lesi\u00f3n. De esa manera, podremos luchar eficazmente por sus derechos para asegurarnos de que reciba la compensaci\u00f3n financiera que se merece.<\/p>\n<h3>\n\t\tSu Recuperaci\u00f3n Comienza con una Consulta Gratuita con Nosotros\n\t<\/h3>\n\t<p>No creemos en a\u00f1adir una ofensa a la herida. En el caso de que no podamos recuperar una compensaci\u00f3n financiera para usted, no tendr\u00e1 que preocuparse por pagar honorarios legales. Si usted, un miembro de su familia o un amigo ha sufrido una lesi\u00f3n personal debido a la negligencia de otro, o tiene preguntas y est\u00e1 interesado en buscar asesor\u00eda legal, comun\u00edquese con The Leach Firm, AP lo antes posible para solicitar una primera consulta gratuita.\u00a0 Se habla espa\u00f1ol.<\/p>\n<p>Nos esforzamos por ofrecer una representaci\u00f3n legal superior creando relaciones valiosas con nuestros clientes para asegurarnos de comprender sus necesidades. Desde accidentes automovil\u00edsticos hasta accidentes por resbalones y ca\u00eddas, podemos ayudarle a luchar por sus derechos legales por lesiones personales. Si siente que ha sido v\u00edctima de una lesi\u00f3n, comun\u00edquese con nuestro abogado experto en lesiones personales en Florida o Georgia hoy al <a href=\"tel: (844) 722-7567\">(844) 722-7567<\/a> para programar una consulta gratuita. Brindamos servicio legal a clientes en Florida y Georgia.<\/p>\n<h2>\n\t\tMeet Our Attorneys\n\t<\/h2>\n\n","protected":false},"excerpt":{"rendered":"<p>Abogado Especialista en Lesiones Personales Presta Servicios en Florida y Georgia Las lesiones personales le pueden cambiar la vida. Si usted ha resultado lesionado debido a negligencia, abuso o un acto il\u00edcito de otra persona, es posible que podamos ayudarle a alcanzar la soluci\u00f3n legal que se merece. Accidentes Automovil\u00edsticos Busque justicia si ha sido&hellip;<\/p>\n","protected":false},"author":1,"featured_media":0,"parent":0,"menu_order":0,"comment_status":"closed","ping_status":"closed","template":"","meta":{"inline_featured_image":false,"footnotes":""},"class_list":["post-1248","page","type-page","status-publish","hentry"],"_links":{"self":[{"href":"https:\/\/theleachfirm.com\/es\/wp-json\/wp\/v2\/pages\/1248","targetHints":{"allow":["GET"]}}],"collection":[{"href":"https:\/\/theleachfirm.com\/es\/wp-json\/wp\/v2\/pages"}],"about":[{"href":"https:\/\/theleachfirm.com\/es\/wp-json\/wp\/v2\/types\/page"}],"author":[{"embeddable":true,"href":"https:\/\/theleachfirm.com\/es\/wp-json\/wp\/v2\/users\/1"}],"replies":[{"embeddable":true,"href":"https:\/\/theleachfirm.com\/es\/wp-json\/wp\/v2\/comments?post=1248"}],"version-history":[{"count":0,"href":"https:\/\/theleachfirm.com\/es\/wp-json\/wp\/v2\/pages\/1248\/revisions"}],"wp:attachment":[{"href":"https:\/\/theleachfirm.com\/es\/wp-json\/wp\/v2\/media?parent=1248"}],"curies":[{"name":"wp","href":"https:\/\/api.w.org\/{rel}","templated":true}]}}