{"id":1242,"date":"2020-12-16T15:26:29","date_gmt":"2020-12-16T15:26:29","guid":{"rendered":"https:\/\/theleachfirm.com\/home\/"},"modified":"2025-06-19T13:45:55","modified_gmt":"2025-06-19T17:45:55","slug":"home","status":"publish","type":"page","link":"https:\/\/theleachfirm.com\/es\/","title":{"rendered":"Inicio"},"content":{"rendered":"\n<h2>\n\t\t\tAbogados de Florida y Georgia Especialistas en Derecho Laboral, Lesiones Personales y Compensaci\u00f3n Laboral Disponibles para Ayudarle las 24 Horas del D\u00eda, los 7 D\u00edas de la Semana\t<\/h2>\n\t<p>Sufrir discriminaci\u00f3n laboral, una lesi\u00f3n personal o un accidente en el lugar de trabajo es devastador y puede cambiar su vida. Las facturas por servicios m\u00e9dicos, los salarios perdidos y el trauma emocional o f\u00edsico hacen que, en el mejor de los casos, seguir por el camino sea estresante. Pero con un abogado confiable y experimentado en el que pueda confiar, puede concentrarse en su recuperaci\u00f3n mientras busca justicia para su caso, ya sea un caso de empleo, lesiones personales o una compensaci\u00f3n para trabajadores. Los abogados de The Leach,Firm AP pueden brindarle la representaci\u00f3n que se merece.<\/p>\n\t\t\t<a href=\"tel:%20(844)%20722-7567\" target=\"_self\">\n\t\t\t\t\t\t\tObtenga una Evaluaci\u00f3n Gratuita de su Caso<br \/>(844) 722-7567 | al servicio de Florida y Georgia \n\t\t\t\t\t<\/a>\n<h2>\n\t\t\tEn qu\u00e9 forma ayudamos\t<\/h2>\n\t\t\t\t<img decoding=\"async\" src=\"https:\/\/theleachfirm.com\/wp-content\/uploads\/2020\/12\/icon-personal-injury.svg\" alt=\"icon-personal-injury\" itemprop=\"image\" height=\"32\" width=\"30\" title=\"icon-personal-injury\" onerror=\"this.style.display='none'\" loading='lazy' \/>\n<h4>\n\t\t\tLesiones personales\t<\/h4>\n\t<p>Obtenga justicia por sus lesiones personales causadas por la negligencia o abuso de otra persona<\/p>\n\t<p><a href=\"https:\/\/theleachfirm.com\/es\/lesiones-personales\/\">Conozca m\u00e1s<\/a><\/p>\n\t\t\t\t<img decoding=\"async\" src=\"https:\/\/theleachfirm.com\/wp-content\/uploads\/2020\/12\/icon-employment-law.svg\" alt=\"icon-employment-law\" itemprop=\"image\" height=\"22\" width=\"25\" title=\"icon-employment-law\" onerror=\"this.style.display='none'\" loading='lazy' \/>\n<h4>\n\t\t\tLey de Empleo\t<\/h4>\n\t<p>Combatir la discriminaci\u00f3n en el lugar de trabajo, el despido injustificado y las infracciones salariales.<\/p>\n\t<p><a href=\"https:\/\/theleachfirm.com\/es\/derecho-laboral\/\">Conozca m\u00e1s<\/a><\/p>\n\t\t\t\t<img decoding=\"async\" src=\"https:\/\/theleachfirm.com\/wp-content\/uploads\/2020\/12\/icons-workers-compensation.svg\" alt=\"icons-workers-compensation\" itemprop=\"image\" height=\"33\" width=\"32\" title=\"icons-workers-compensation\" onerror=\"this.style.display='none'\" loading='lazy' \/>\n<h4>\n\t\t\tCompensaci\u00f3n a los trabajadores\t<\/h4>\n\t<p>Busque los beneficios que se merece por lesiones y p\u00e9rdidas en el trabajo.<\/p>\n\t<p><a href=\"https:\/\/theleachfirm.com\/es\/compensacion-laboral\/\">Conozca m\u00e1s<\/a><\/p>\n<h2>\n\t\t\tExperiencia en la que puede confiar. Resultados que se merece.\t<\/h2>\n\t<p>Antes de comenzar su propia firma especializada en lesiones en Orlando, Florida, el fundador Carlos Leach era socio de una de las firmas de demandantes m\u00e1s grandes del pa\u00eds. Desde 2004, se ha dedicado a ayudar a los floridanos y georgianos que sufren discriminaci\u00f3n en el lugar de trabajo y otros problemas con la ley laboral, tales como salarios impagos y despido injustificado, lesiones personales y compensaci\u00f3n laboral por lesiones en el trabajo.<\/p>\n<p>The Leach Firm, AP tiene la experiencia en la que puede confiar y abogados entusiastas que obtienen los resultados que usted merece por su discriminaci\u00f3n, lesiones o lesiones personales en el lugar de trabajo. Hemos recuperado millones de d\u00f3lares en nombre de clientes en los estados de Florida y Georgia.<\/p>\n\t\t\t<a href=\"https:\/\/theleachfirm.com\/our-attorneys\/\" target=\"_self\">\n\t\t\t\t\t\t\tConozca a nuestros abogados que prestan servicios en Florida y Georgia\n\t\t\t\t\t<\/a>\n\t<p>Evaluaci\u00f3n Gratuita<\/p>\n\t<p><a href=\"tel: (844) 722-7567\"><strong>(844) 722-7567<\/strong><\/a> | Atendiendo en Florida y Georgia<\/p>\n<h2>\n\t\t\tAbogado especialista en lesiones personales que presta servicios en Florida y Georgia\t<\/h2>\n\t<p>The Leach Firrm, AP atiende a sus clientes con la sinceridad que necesitan para tomar decisiones plenamente informadas. Nuestros abogados se enorgullecen de ser autenticos con cada uno de nuestros clientes, con total transparencia sobre sus mejores opciones y los pr\u00f3ximos pasos a seguir. Estamos dedicados a servir a clientes que han experimentado problemas laborales tales como discriminaci\u00f3n en el lugar de trabajo, beneficios de compensaci\u00f3n laboral insuficientes, propinas perdidas o infracciones salariales y despido injustificado. Nuestros abogados tambi\u00e9n sirven a aquellos que han sufrido lesiones personales por negligencia de otros.<\/p>\n\t<p>Como bufete de abogados de primer nivel que presta servicios en Florida y Georgia, tambi\u00e9n nos apasiona buscar los mejores resultados en su caso para su familia. Con ese fin, usamos las \u00faltimas estrategias y luchamos por usted en todo momento. Cuando necesite abogados de su lado que tengan la pasi\u00f3n de buscar todas las v\u00edas posibles para el \u00e9xito, The Leach Firm, AP est\u00e1 aqu\u00ed para ayudarle. Nuestros galardonados abogados brindan una incansable defensa en juicios para lograr los resultados que necesita y merece por su discriminaci\u00f3n o lesiones personales en el lugar de trabajo.<\/p>\n\t<p>The Leach Firm, AP comprende plenamente la urgencia que requiere su caso para lograr el \u00e9xito y ayudarlo a recuperarse. Con facturas por servicios m\u00e9dicos inminentes y salarios perdidos, el tiempo es esencial para obtener una compensaci\u00f3n por discriminaci\u00f3n, lesiones o lesi\u00f3n personal en el lugar de trabajo. Es por eso que nos esforzamos por mantenernos en comunicaci\u00f3n constante con usted y estar al tanto de los plazos mientras seguimos con su caso. Y con m\u00e1s de 50 a\u00f1os de experiencia combinada, nuestra firma conoce los procesos y estrategias correctos para que su caso siga avanzando en el sistema judicial.<\/p>\n\t<p><a href=\"https:\/\/theleachfirm.com\/personal-injury\/\">Conozca m\u00e1s<\/a><\/p>\n<h2>\n\t\t\tConozca Nuestros Abogados\t<\/h2>\n<h2>\n\t\t\tResultados de Nuestros Casos\t<\/h2>\n<h2>\n\t\t\tPor qu\u00e9 elegir el bufete de abogados Leach\t<\/h2>\n<h3>\n\t\t\tNuestra Firma Lucha<br \/> de manera entusiasta por usted\t<\/h3>\n\t<p>Ya sea que estemos en la sala del tribunal o en la sala de reuniones, puede estar seguro de que nuestros abogados est\u00e1n luchando por usted. Siempre estamos de su lado y le brindamos el conocimiento legal, el asesoramiento y la defensa que necesita para ver resultados.<\/p>\n<h3>\n\t\t\tLe tratamos por su nombre,<br \/>No como un n\u00famero\t<\/h3>\n\t<p>Para muchas firmas usted es solo un cliente m\u00e1s. En The Leach Firm, AP, todo nuestro equipo se preocupa por usted y su familia y se esfuerza por lograr los mejores resultados para usted.<\/p>\n<h3>\n\t\t\tLe Diremos<br \/>La Verdad\t<\/h3>\n\t<p>En The Leach Firm, AP, creemos en \u00abser autenticos\u00bb con los clientes. Nos mantenemos en contacto con usted y siempre le brindamos el alcance completo de sus opciones para lograr los mejores resultados.<\/p>\n<h3>\n\t\t\tExcelente<br \/>Servicio al Cliente\t<\/h3>\n\t<p>Para muchas firmas usted es solo un cliente m\u00e1s. En Leach Firm, AP, todo nuestro equipo se preocupa por usted y su familia y se esfuerza por lograr los mejores resultados para usted.<\/p>\n<h3>\n\t\t\tLogramos Resultados<br \/>Que le importan\t<\/h3>\n\t<p>The Leach Firm, AP ha obtenido cientos de testimonios en todo el estado por su representaci\u00f3n legal y resultados estelares. Tambi\u00e9n recuperamos millones de d\u00f3lares para clientes en toda Florida.<\/p>\n\t\t\t<a href=\"tel:%20(844)%20722-7567\" target=\"_self\">\n\t\t\t\t\t\t\t(844) 722-7567\n\t\t\t\t\t<\/a>\n\n","protected":false},"excerpt":{"rendered":"<p>Abogados de Florida y Georgia Especialistas en Derecho Laboral, Lesiones Personales y Compensaci\u00f3n Laboral Disponibles para Ayudarle las 24 Horas del D\u00eda, los 7 D\u00edas de la Semana Sufrir discriminaci\u00f3n laboral, una lesi\u00f3n personal o un accidente en el lugar de trabajo es devastador y puede cambiar su vida. Las facturas por servicios m\u00e9dicos, los&hellip;<\/p>\n","protected":false},"author":1,"featured_media":0,"parent":0,"menu_order":0,"comment_status":"closed","ping_status":"closed","template":"","meta":{"inline_featured_image":false,"footnotes":""},"class_list":["post-1242","page","type-page","status-publish","hentry"],"_links":{"self":[{"href":"https:\/\/theleachfirm.com\/es\/wp-json\/wp\/v2\/pages\/1242","targetHints":{"allow":["GET"]}}],"collection":[{"href":"https:\/\/theleachfirm.com\/es\/wp-json\/wp\/v2\/pages"}],"about":[{"href":"https:\/\/theleachfirm.com\/es\/wp-json\/wp\/v2\/types\/page"}],"author":[{"embeddable":true,"href":"https:\/\/theleachfirm.com\/es\/wp-json\/wp\/v2\/users\/1"}],"replies":[{"embeddable":true,"href":"https:\/\/theleachfirm.com\/es\/wp-json\/wp\/v2\/comments?post=1242"}],"version-history":[{"count":2,"href":"https:\/\/theleachfirm.com\/es\/wp-json\/wp\/v2\/pages\/1242\/revisions"}],"predecessor-version":[{"id":3840,"href":"https:\/\/theleachfirm.com\/es\/wp-json\/wp\/v2\/pages\/1242\/revisions\/3840"}],"wp:attachment":[{"href":"https:\/\/theleachfirm.com\/es\/wp-json\/wp\/v2\/media?parent=1242"}],"curies":[{"name":"wp","href":"https:\/\/api.w.org\/{rel}","templated":true}]}}