{"id":1171,"date":"2020-12-16T15:24:32","date_gmt":"2020-12-16T15:24:32","guid":{"rendered":"https:\/\/theleachfirm.com\/employment-law\/"},"modified":"2022-05-28T02:32:06","modified_gmt":"2022-05-28T06:32:06","slug":"derecho-laboral","status":"publish","type":"page","link":"https:\/\/theleachfirm.com\/es\/derecho-laboral\/","title":{"rendered":"Abogado de derecho laboral en Florida y Georgia"},"content":{"rendered":"\n<h1>\n\t\tAbogado de derecho laboral en Florida y Georgia\n\t<\/h1>\n\t<p>No deber\u00eda tener que enfrentar acoso sexual, despido injustificado, discriminaci\u00f3n basada en la raza o la religi\u00f3n, o salarios no pagados en su lugar de trabajo. Si tiene un problema legal de empleo en Florida o Georgia, es posible que podamos ayudarle.<\/p>\n<h5>\n\t\t\u00bfQuiere hablar con un abogado laboralista?\n\t<\/h5>\n<h4>\n\t\t<a href=\"tel:8447227567\" title=\"Llame a la l\u00ednea directa para empleados&lt;br&gt; (844) 722-7567\" target=\"_self\" rel=\"noopener\">\n\t\tLlame a la l\u00ednea directa para empleados<br \/> (844) 722-7567\n\t\t<\/a>\n\t<\/h4>\n\t<ul>\n  <li>\u00bfMe pueden despedir por presentar un caso contra mi empleador?<\/li>\n  <li>Si presento un reclamo, \u00bftendr\u00e9 problemas para conseguir otro trabajo?<\/li>\n  <li>\u00bfDebo presentar una solicitud ante la EEOC(por sus siglas en ingl\u00e9s,Comisi\u00f3n para la Igualdad de Oportunidades en el Empleo) antes de consultar a un abogado?<\/li>\n  <li>\u00bfCu\u00e1nto vale mi caso?<\/li>\n  <li>\u00bfCu\u00e1nto tiempo tengo para presentar un reclamo?<\/li>\n  <li>\u00bfPor qu\u00e9 debo conseguir un abogado?<\/li>\n<\/ul>\n<h4>\n\t\tDespido injustificado\n\t<\/h4>\n\t<p>Si su empleador ha incumplido un contrato de trabajo o ha rescindido su puesto ilegalmente en Florida o Georgia, podemos interceder en su nombre.<\/p>\n\t<p><a href=\"https:\/\/theleachfirm.com\/es\/despido-injustificado\/\">Leer m\u00e1s<\/a><\/p>\n<h4>\n\t\tDiscriminaci\u00f3n\n\t<\/h4>\n\t<p>La discriminaci\u00f3n de cualquier forma es inconstitucional, y usted podr\u00eda tener derecho a da\u00f1os.<\/p>\n\t<p><a href=\"https:\/\/theleachfirm.com\/es\/discriminacion\/\">Leer m\u00e1s<\/a><\/p>\n<h4>\n\t\tDiscriminaci\u00f3n en el empleo\n\t<\/h4>\n\t<p>Nadie deber\u00eda tener que enfrentar la discriminaci\u00f3n en el lugar de trabajo. Ll\u00e1menos para obtener ayuda si ha experimentado discriminaci\u00f3n laboral en Florida o Georgia.<\/p>\n\t<p><a href=\"https:\/\/theleachfirm.com\/es\/discriminacion-laboral\/\">Leer m\u00e1s<\/a><\/p>\n<h4>\n\t\tDiscriminaci\u00f3n racial\n\t<\/h4>\n\t<p>Si su empleador o compa\u00f1eros de trabajo le han discriminado por motivos de raza, le ayudaremos a obtener la compensaci\u00f3n que merece.<\/p>\n\t<p><a href=\"https:\/\/theleachfirm.com\/es\/discriminacion-racial\/\">Leer m\u00e1s<\/a><\/p>\n<h4>\n\t\tDiscriminaci\u00f3n religiosa\n\t<\/h4>\n\t<p>La discriminaci\u00f3n laboral basada en la religi\u00f3n es ilegal y podr\u00eda resultar en una compensaci\u00f3n en su nombre.<\/p>\n\t<p><a href=\"https:\/\/theleachfirm.com\/es\/discriminacion-religiosa\/\">Leer m\u00e1s<\/a><\/p>\n<h4>\n\t\tDiscriminaci\u00f3n de g\u00e9nero\n\t<\/h4>\n\t<p>En Florida y Georgia, puede recuperar una compensaci\u00f3n por discriminaci\u00f3n de g\u00e9nero, incluyendo el acoso sexual o la agresi\u00f3n, en el lugar de trabajo.<\/p>\n\t<p><a href=\"https:\/\/theleachfirm.com\/es\/discriminacion-de-genero\/\">Leer m\u00e1s<\/a><\/p>\n<h4>\n\t\tDiscriminaci\u00f3n por embarazo\n\t<\/h4>\n\t<p>Si sufri\u00f3 discriminaci\u00f3n laboral basada en el embarazo, podr\u00eda tener derecho a una compensaci\u00f3n en Florida y Georgia.<\/p>\n\t<p><a href=\"https:\/\/theleachfirm.com\/es\/discriminacion-por-embarazo\/\">Leer m\u00e1s<\/a><\/p>\n<h4>\n\t\tRepresalias del empleador\n\t<\/h4>\n\t<p>Los empleadores que act\u00faen en represalia contra usted pueden estar sujetos a sanciones legales.<\/p>\n\t<p><a href=\"https:\/\/theleachfirm.com\/es\/represalias-de-empleador\/\">Leer m\u00e1s<\/a><\/p>\n<h4>\n\t\tSalario y Horas\n\t<\/h4>\n\t<p><a href=\"https:\/\/theleachfirm.com\/es\/violacion-de-salarios-y-horas-extras\/\">Violaciones de horas extras y salario m\u00ednimo<\/a>, <a href=\"https:\/\/theleachfirm.com\/es\/salarios-no-pagados\/\">Salarios no pagados<\/a>, <a href=\"https:\/\/theleachfirm.com\/es\/georgia\/violaciones-de-restaurantes\/\">Violaciones de restaurantes<\/a><\/p>\n<h4>\n\t\tFMLA\n\t<\/h4>\n\t<p>Si su empleador le ha castigado de alguna manera por ejercer sus derechos bajo la FMLA, podemos ayudarle a obtener justicia.<\/p>\n\t<p><a href=\"https:\/\/theleachfirm.com\/es\/abogado-fmla\/\">Leer m\u00e1s<\/a><\/p>\n<h1>\n\t\tSi usted ha estado involucrado en tal caso, entonces usted puede estar traumatizado por los eventos que han ocurrido.\n\t<\/h1>\n\t<p>Cuando se le ha manoseado, amenazado con agresi\u00f3n, sometido a comentarios sexuales o ha experimentado cualquier otro tipo de acoso de naturaleza sexual, es importante que sepa que no est\u00e1 solo(a) en su lucha por la justicia. Aqu\u00ed en The Leach Firm, P. A., nuestro abogado de empleo le brinda a usted y a su caso el cuidado personal y la atenci\u00f3n que merece. Entendemos la gravedad de tales situaciones y, en consecuencia, las abordamos con la sensibilidad diligente requerida para garantizar el mejor resultado posible. Con nuestra ayuda, tendr\u00e1 el cierre que necesita para avanzar sabiendo que a su agresor se le ha manejado adecuadamente sin preocuparse por ser blanco de un despido injusto.<\/p>\n\t\t\t<a href=\"tel:(844) 722-7567\" target=\"_self\" role=\"button\" rel=\"noopener\">\n\t\t\t\t\t\t\t(844) 722-7567\n\t\t\t\t\t<\/a>\n<h2>\n\t\tNuestro abogado lucha para que se haga justicia\n\t<\/h2>\n\t<p>Cuando se sienta c\u00f3modo(a) para hacer un reclamo, puede estar seguro(a) de que nuestro personal legal le brindar\u00e1 el respeto que se merece en cada paso del proceso. En m\u00e1s de 15 a\u00f1os de experiencia en litigios, nuestro abogado ha representado a miles de clientes que han estado involucrados en incidentes de despido injustificado, violaciones de restaurantes, violaciones de horas extras y disputas salariales, y represalias en el lugar de trabajo. Cuando elija nuestro bufete de abogados para luchar por usted, tenga la seguridad de que trabajaremos incansablemente para ver que cualquier persona que lo(a) haya acosado sexualmente reciba un castigo adecuado. Como su representante legal, nos esforzaremos por obtener la compensaci\u00f3n que se merece, lo que le permitir\u00e1 llegar a una resoluci\u00f3n justa para su caso.<\/p>\n\t\t\t<a href=\"tel:(844) 722-7567\" target=\"_self\" role=\"button\" rel=\"noopener\">\n\t\t\t\t\t\t\tObtenga una evaluaci\u00f3n gratuita<br \/>(844) 722-7567 | Florida &#038; Georgia\n\t\t\t\t\t<\/a>\n<h2>\n\t\tDetener la conducta no deseada de los compa\u00f1eros de trabajo\n\t<\/h2>\n\t<p>\u00bfUn compa\u00f1ero de trabajo le ha hecho insinuaciones no deseadas o se ha comportado con una conducta no deseada? Nuestro equipo de profesionales legales est\u00e1 aqu\u00ed para garantizar que no se produzcan m\u00e1s problemas. Consideramos que la conducta sexual inadecuada de cualquier tipo es una ofensa intolerable, y tratamos tal comportamiento de esa manera. Con una consulta gratuita de nuestro abogado de acoso sexual, podr\u00e1 enfocar sus pensamientos y conversar sobre el incidente con un abogado experimentado. Con una consulta gratuita de nuestro abogado de acoso sexual, podr\u00e1 enfocar sus pensamientos y conversar sobre el incidente con un abogado experimentado. De esa manera, no tendr\u00e1 que preocuparse por incurrir en ning\u00fan costo a menos que logremos un acuerdo.<\/p>\n<p>Si usted ha sido v\u00edctima de acoso sexual, discriminaci\u00f3n de empleados, discriminaci\u00f3n por embarazo o m\u00e1s, comun\u00edquese con nuestro abogado de derecho laboral hoy al <strong><a href=\"tel: (844) 722-7567\">(844) 722-7567<\/a><\/strong> para comenzar a crear un caso convincente. Nuestro abogado de discriminaci\u00f3n en el empleo est\u00e1 dispuesto a ayudarle a navegar legalmente su desafortunada situaci\u00f3n.<\/p>\n\n","protected":false},"excerpt":{"rendered":"<p>Abogado de derecho laboral en Florida y Georgia No deber\u00eda tener que enfrentar acoso sexual, despido injustificado, discriminaci\u00f3n basada en la raza o la religi\u00f3n, o salarios no pagados en su lugar de trabajo. Si tiene un problema legal de empleo en Florida o Georgia, es posible que podamos ayudarle. \u00bfQuiere hablar con un abogado&hellip;<\/p>\n","protected":false},"author":1,"featured_media":0,"parent":0,"menu_order":0,"comment_status":"closed","ping_status":"closed","template":"","meta":{"inline_featured_image":false,"footnotes":""},"class_list":["post-1171","page","type-page","status-publish","hentry"],"_links":{"self":[{"href":"https:\/\/theleachfirm.com\/es\/wp-json\/wp\/v2\/pages\/1171","targetHints":{"allow":["GET"]}}],"collection":[{"href":"https:\/\/theleachfirm.com\/es\/wp-json\/wp\/v2\/pages"}],"about":[{"href":"https:\/\/theleachfirm.com\/es\/wp-json\/wp\/v2\/types\/page"}],"author":[{"embeddable":true,"href":"https:\/\/theleachfirm.com\/es\/wp-json\/wp\/v2\/users\/1"}],"replies":[{"embeddable":true,"href":"https:\/\/theleachfirm.com\/es\/wp-json\/wp\/v2\/comments?post=1171"}],"version-history":[{"count":0,"href":"https:\/\/theleachfirm.com\/es\/wp-json\/wp\/v2\/pages\/1171\/revisions"}],"wp:attachment":[{"href":"https:\/\/theleachfirm.com\/es\/wp-json\/wp\/v2\/media?parent=1171"}],"curies":[{"name":"wp","href":"https:\/\/api.w.org\/{rel}","templated":true}]}}