{"id":1164,"date":"2020-12-21T14:36:57","date_gmt":"2020-12-21T14:36:57","guid":{"rendered":"https:\/\/theleachfirm.com\/ley-de-violaciones-de-restaurantes-de-nuestro-abogado-de-derecho-laboral-en-orlando-fl\/"},"modified":"2023-03-10T13:21:18","modified_gmt":"2023-03-10T18:21:18","slug":"ley-de-infracciones-en-restoranes","status":"publish","type":"page","link":"https:\/\/theleachfirm.com\/es\/ley-de-infracciones-en-restoranes\/","title":{"rendered":"Ley de Infracciones en Restoranes por Nuestro Abogado Especialista en Derecho Laboral en Orlando, FLORIDA"},"content":{"rendered":"\n<h1>\n\t\tLey de Infracciones en Restoranes por Nuestro Abogado Especialista en Derecho Laboral en Orlando, FLORIDA\n\t<\/h1>\n\t<div class=\"fl-builder-content fl-builder-content-2140 fl-builder-template fl-builder-row-template fl-builder-global-templates-locked\" data-post-id=\"2140\"><div class=\"fl-row fl-row-fixed-width fl-row-bg-color fl-node-3ch2ay0i9n7k fl-row-default-height fl-row-align-center page-top-banner\" data-node=\"3ch2ay0i9n7k\">\n\t<div class=\"fl-row-content-wrap\">\n\t\t\t\t\t\t<div class=\"fl-row-content fl-row-fixed-width fl-node-content\">\n\t\t\n<div class=\"fl-col-group fl-node-1ew4tp3k5oi6\" data-node=\"1ew4tp3k5oi6\">\n\t\t\t<div class=\"fl-col fl-node-5mxd3hik7t20 fl-col-bg-color employColumnParent\" data-node=\"5mxd3hik7t20\">\n\t<div class=\"fl-col-content fl-node-content\"><div class=\"fl-module fl-module-heading fl-node-e8xwrdmzbco6\" data-node=\"e8xwrdmzbco6\">\n\t<div class=\"fl-module-content fl-node-content\">\n\t\t<h5 class=\"fl-heading\">\n\t\t<span class=\"fl-heading-text\">\u00bfQuiere hablar con un Abogado Laboralista?<\/span>\n\t<\/h5>\n\t<\/div>\n<\/div>\n<div class=\"fl-module fl-module-heading fl-node-8q4xpla57rbn\" data-node=\"8q4xpla57rbn\">\n\t<div class=\"fl-module-content fl-node-content\">\n\t\t<h4 class=\"fl-heading\">\n\t\t<a\n\t\thref=\"tel:8447227567\"\n\t\ttitle=\"Llame a la l\u00ednea directa para empleados (844) 722-7567\"\n\t\ttarget=\"_self\"\n\t\t\t>\n\t\t<span class=\"fl-heading-text\">Llame a la l\u00ednea directa para empleados<br> (844) 722-7567<\/span>\n\t\t<\/a>\n\t<\/h4>\n\t<\/div>\n<\/div>\n<div class=\"fl-module fl-module-html fl-node-hw5loe1n0qbp employColumnBullets\" data-node=\"hw5loe1n0qbp\">\n\t<div class=\"fl-module-content fl-node-content\">\n\t\t<div class=\"fl-html\">\n\t<ul>\n  <li>\u00bfMe pueden despedir por presentar un caso contra mi empleador?<\/li>\n  <li>Si presento un reclamo, \u00bftendr\u00e9 problemas para conseguir otro trabajo?<\/li>\n  <li>\u00bfDebo presentar una solicitud ante la Comisi\u00f3n de Igualdad <br>de Oportunidades en el Empleo (EEOC, por sus siglas en ingl\u00e9s)<br> antes de consultar a un abogado?<\/li>\n  <li>\u00bfCu\u00e1nto vale mi caso?<\/li>\n  <li>\u00bfCu\u00e1nto tiempo tengo para presentar un reclamo?<\/li>\n  <li>\u00bfPor qu\u00e9 debo conseguir un abogado?<\/li>\n<\/ul><\/div>\n\t<\/div>\n<\/div>\n<\/div>\n<\/div>\n\t<\/div>\n\t\t<\/div>\n\t<\/div>\n<\/div>\n<\/div>\n\t<p><\/p>\n<p>Los empleados en la industria de servicios forman la columna vertebral de nuestra gran naci\u00f3n, y el Estudio Jur\u00eddico Leach, AP se dedica a garantizar que estos empleados reciban el trato legal justo que merecen. Si trabaja en un restor\u00e1n y siente que ha sido maltratado, es posible que su empleador haya infringido la ley. Si bien es posible que su empleador no quiera que usted lo sepa, como trabajador usted tiene derechos. Nuestro abogado especialista en salarios no pagados en Kissimmee, FLORIDA, est\u00e1 aqu\u00ed para luchar por esos derechos.<\/p>\n<p>Cuando sus derechos han sido pisoteados tiene consecuencias legales reales, as\u00ed que dir\u00edjase al Estudio Jur\u00eddico Leach, AP cuando haya tenido problemas para recibir cantidad de propinas que le corresponden. Tenemos m\u00e1s de 15 a\u00f1os de experiencia en litigios y comprendemos las formas adecuadas de hacer cumplir y defender reclamos relacionados con tales violaciones de los restoranes. Comun\u00edquese con nuestro abogado especialista en discriminaci\u00f3n laboral en Orlando, FLORIDA para luchar por la justicia que se merece. Estaremos encantados de defenderle.<\/p>\n<h2><b>Consejos \u00datiles para los Empleados que Reciben Propinas<\/b><\/h2>\n<p>Los restoranes tienen la responsabilidad de garantizar que sus empleados reciban al menos el salario m\u00ednimo durante el transcurso de cada turno. Si no lo hacen, o si le dan partes de la propina a los empleados que no reciben propinas, entonces debe ponerse en contacto con nuestro abogado para aclarar las cosas. Si bien los empleados que reciben propinas ganan menos del salario m\u00ednimo, a pesar de eso, se supone por ley, que usted ganar\u00e1 al menos el salario m\u00ednimo despu\u00e9s de que sus propinas se agreguen a su salario total.<\/p>\n<p><\/p>\n<h3>\n\t\tContact Us\n\t<\/h3>\n\t\n<div class=\"wpcf7 no-js\" id=\"wpcf7-f1159-o1\" lang=\"es-ES\" dir=\"ltr\" data-wpcf7-id=\"1159\">\n<div class=\"screen-reader-response\"><p role=\"status\" aria-live=\"polite\" aria-atomic=\"true\"><\/p> <ul><\/ul><\/div>\n<form action=\"\/es\/wp-json\/wp\/v2\/pages\/1164#wpcf7-f1159-o1\" method=\"post\" class=\"wpcf7-form init\" aria-label=\"Formulario de contacto\" novalidate=\"novalidate\" data-status=\"init\">\n<fieldset class=\"hidden-fields-container\"><input type=\"hidden\" name=\"_wpcf7\" value=\"1159\" \/><input type=\"hidden\" name=\"_wpcf7_version\" value=\"6.1.5\" \/><input type=\"hidden\" name=\"_wpcf7_locale\" value=\"es_ES\" \/><input type=\"hidden\" name=\"_wpcf7_unit_tag\" value=\"wpcf7-f1159-o1\" \/><input type=\"hidden\" name=\"_wpcf7_container_post\" value=\"0\" \/><input type=\"hidden\" name=\"_wpcf7_posted_data_hash\" value=\"\" \/>\n<\/fieldset>\n<div class=\"row\">\n\t<div class=\"col-xs-6\">\n\t\t<p><span class=\"wpcf7-form-control-wrap\" data-name=\"your-first\"><input size=\"40\" maxlength=\"400\" class=\"wpcf7-form-control wpcf7-text wpcf7-validates-as-required\" aria-required=\"true\" aria-invalid=\"false\" placeholder=\"Nombre\" value=\"\" type=\"text\" name=\"your-first\" \/><\/span>\n\t\t<\/p>\n\t<\/div>\n\t<div class=\"col-xs-6\">\n\t\t<p><span class=\"wpcf7-form-control-wrap\" data-name=\"your-last\"><input size=\"40\" maxlength=\"400\" class=\"wpcf7-form-control wpcf7-text wpcf7-validates-as-required\" aria-required=\"true\" aria-invalid=\"false\" placeholder=\"Apellido\" value=\"\" type=\"text\" name=\"your-last\" \/><\/span>\n\t\t<\/p>\n\t<\/div>\n<\/div>\n<div class=\"row\">\n\t<div class=\"col-xs-6\">\n\t\t<p><span class=\"wpcf7-form-control-wrap\" data-name=\"your-email\"><input size=\"40\" maxlength=\"400\" class=\"wpcf7-form-control wpcf7-email wpcf7-validates-as-required wpcf7-text wpcf7-validates-as-email\" aria-required=\"true\" aria-invalid=\"false\" placeholder=\"Correo\" value=\"\" type=\"email\" name=\"your-email\" \/><\/span>\n\t\t<\/p>\n\t<\/div>\n\t<div class=\"col-xs-6\">\n\t\t<p><span class=\"wpcf7-form-control-wrap\" data-name=\"your-phone\"><input size=\"40\" maxlength=\"400\" class=\"wpcf7-form-control wpcf7-text wpcf7-validates-as-required\" aria-required=\"true\" aria-invalid=\"false\" placeholder=\"Tel\u00e9fono\" value=\"\" type=\"text\" name=\"your-phone\" \/><\/span>\n\t\t<\/p>\n\t<\/div>\n<\/div>\n<div class=\"row\">\n\t<div class=\"col-xs-12\">\n\t\t<p><span class=\"wpcf7-form-control-wrap\" data-name=\"your-message\"><textarea cols=\"40\" rows=\"10\" maxlength=\"2000\" class=\"wpcf7-form-control wpcf7-textarea wpcf7-validates-as-required\" aria-required=\"true\" aria-invalid=\"false\" placeholder=\"Comentario\" name=\"your-message\"><\/textarea><\/span>\n\t\t<\/p>\n\t<\/div>\n<\/div>\n<div class=\"row text-center\">\n\t<div class=\"col-xs-12\">\n\t\t<p><input class=\"wpcf7-form-control wpcf7-submit has-spinner\" type=\"submit\" value=\"Enviar\" \/>\n\t\t<\/p>\n\t<\/div>\n<\/div><p style=\"display: none !important;\" class=\"akismet-fields-container\" data-prefix=\"_wpcf7_ak_\"><label>&#916;<textarea name=\"_wpcf7_ak_hp_textarea\" cols=\"45\" rows=\"8\" maxlength=\"100\"><\/textarea><\/label><input type=\"hidden\" id=\"ak_js_1\" name=\"_wpcf7_ak_js\" value=\"4\"\/><script>\ndocument.getElementById( \"ak_js_1\" ).setAttribute( \"value\", ( new Date() ).getTime() );\n<\/script>\n<\/p><div class=\"wpcf7-response-output\" aria-hidden=\"true\"><\/div>\n<\/form>\n<\/div>\n\n\t<h2><b>Nunca Debe Dejar que no le Paguen por el Trabajo que realiza<\/b><\/h2>\n<p>Nuestro abogado especialista en salarios no pagados en Kissimmee, FLORIDA lucha por las peque\u00f1as empresas, no por las grandes que se aprovechan de ellos. Ya no tiene que sentirse impotente cuando tiene a nuestro personal legal a su lado. El manejo y el pago de sus propinas est\u00e1n muy regulados por la Ley de Normas Laborales Justas (FLSA). Puede contar con el Estudio Jur\u00eddico Leach, AP para luchar por usted si su empleador ha cometido alguno de los siguientes:<\/p>\n<ul>\n<li>Cambiarle las horas de entrada y salida<\/li>\n<li>Cobrarle por el desabastecimiento de caja registradora<\/li>\n<li>Cobrarle a los clientes que rompan la vajilla<\/li>\n<li>Cobrarle por los clientes que &#8216;Cenan y Se van sin Pagar&#8217;<\/li>\n<li>Deducirle sus propinas por debajo del salario en efectivo en un grupo de propinas<\/li>\n<li>No incluir su pago de horas extras en el salario m\u00ednimo completo<\/li>\n<li>No darle un cheque de pago<\/li>\n<li>No darle aviso del cr\u00e9dito de propinas o deducciones de propinas<\/li>\n<li>No pagar la diferencia entre el \u00absalario en efectivo\u00bb y el salario m\u00ednimo durante sus turnos donde se suprime el servicio de algunos empleados<\/li>\n<li>No pagarle el salario m\u00ednimo completo por el exceso de trabajo extra<\/li>\n<li>No pagarle el salario m\u00ednimo total cuando se impone un cargo por el servicio<\/li>\n<li>Compartir el fondo com\u00fan de propinas con empleados que no reciben propinas<\/li>\n<\/ul>\n<h2><strong>\u00c1rmese con el Conocimiento que Necesita<\/strong><\/h2>\n<p>Cuando los restoranes se aprovechan de los empleados, se aprovechan del desconocimiento de la ley. Comun\u00edquese con nuestro abogado experto en derecho laboral en Orlando, FLORIDA, para que su empleador sepa que comprende sus derechos. Nuestro experimentado personal legal sabe c\u00f3mo funciona el sistema, por lo que estamos aqu\u00ed para que funcione para usted. Se Habla Espa\u00f1ol .<\/p>\n<p>Comun\u00edquese con nuestro personal en el Estudio Jur\u00eddico Leach, AP para obtener m\u00e1s informaci\u00f3n sobre sus derechos de recibir propinas. Ofrecemos servicios legales a clientes en Orlando, Winter Park, Altamonte Springs, Apopka y Clermont, Florida, as\u00ed como en las \u00e1reas circundantes.<\/p>\n\n","protected":false},"excerpt":{"rendered":"<p>Ley de Infracciones en Restoranes por Nuestro Abogado Especialista en Derecho Laboral en Orlando, FLORIDA Los empleados en la industria de servicios forman la columna vertebral de nuestra gran naci\u00f3n, y el Estudio Jur\u00eddico Leach, AP se dedica a garantizar que estos empleados reciban el trato legal justo que merecen. Si trabaja en un restor\u00e1n&hellip;<\/p>\n","protected":false},"author":1,"featured_media":0,"parent":0,"menu_order":0,"comment_status":"closed","ping_status":"closed","template":"","meta":{"inline_featured_image":false,"footnotes":""},"class_list":["post-1164","page","type-page","status-publish","hentry"],"_links":{"self":[{"href":"https:\/\/theleachfirm.com\/es\/wp-json\/wp\/v2\/pages\/1164","targetHints":{"allow":["GET"]}}],"collection":[{"href":"https:\/\/theleachfirm.com\/es\/wp-json\/wp\/v2\/pages"}],"about":[{"href":"https:\/\/theleachfirm.com\/es\/wp-json\/wp\/v2\/types\/page"}],"author":[{"embeddable":true,"href":"https:\/\/theleachfirm.com\/es\/wp-json\/wp\/v2\/users\/1"}],"replies":[{"embeddable":true,"href":"https:\/\/theleachfirm.com\/es\/wp-json\/wp\/v2\/comments?post=1164"}],"version-history":[{"count":0,"href":"https:\/\/theleachfirm.com\/es\/wp-json\/wp\/v2\/pages\/1164\/revisions"}],"wp:attachment":[{"href":"https:\/\/theleachfirm.com\/es\/wp-json\/wp\/v2\/media?parent=1164"}],"curies":[{"name":"wp","href":"https:\/\/api.w.org\/{rel}","templated":true}]}}