{"id":1162,"date":"2021-03-12T12:04:24","date_gmt":"2021-03-12T17:04:24","guid":{"rendered":"https:\/\/theleachfirm.com\/abogado-experimentado-en-acoso-sirviendo-en-las-areas-de-florida-y-georgia\/"},"modified":"2024-03-02T20:34:58","modified_gmt":"2024-03-03T01:34:58","slug":"abogado-experimentado","status":"publish","type":"page","link":"https:\/\/theleachfirm.com\/es\/abogado-experimentado\/","title":{"rendered":"Abogado experimentado en acoso que trabaja en Florida y Georgia"},"content":{"rendered":"\n<h1>\n\t\tAbogado experimentado en acoso que trabaja en Florida y Georgia\n\t<\/h1>\n\t<div class=\"fl-builder-content fl-builder-content-2140 fl-builder-template fl-builder-row-template fl-builder-global-templates-locked\" data-post-id=\"2140\"><div class=\"fl-row fl-row-fixed-width fl-row-bg-color fl-node-3ch2ay0i9n7k fl-row-default-height fl-row-align-center page-top-banner\" data-node=\"3ch2ay0i9n7k\">\n\t<div class=\"fl-row-content-wrap\">\n\t\t\t\t\t\t<div class=\"fl-row-content fl-row-fixed-width fl-node-content\">\n\t\t\n<div class=\"fl-col-group fl-node-1ew4tp3k5oi6\" data-node=\"1ew4tp3k5oi6\">\n\t\t\t<div class=\"fl-col fl-node-5mxd3hik7t20 fl-col-bg-color employColumnParent\" data-node=\"5mxd3hik7t20\">\n\t<div class=\"fl-col-content fl-node-content\"><div class=\"fl-module fl-module-heading fl-node-e8xwrdmzbco6\" data-node=\"e8xwrdmzbco6\">\n\t<div class=\"fl-module-content fl-node-content\">\n\t\t<h5 class=\"fl-heading\">\n\t\t<span class=\"fl-heading-text\">\u00bfQuiere hablar con un Abogado Laboralista?<\/span>\n\t<\/h5>\n\t<\/div>\n<\/div>\n<div class=\"fl-module fl-module-heading fl-node-8q4xpla57rbn\" data-node=\"8q4xpla57rbn\">\n\t<div class=\"fl-module-content fl-node-content\">\n\t\t<h4 class=\"fl-heading\">\n\t\t<a\n\t\thref=\"tel:8447227567\"\n\t\ttitle=\"Llame a la l\u00ednea directa para empleados (844) 722-7567\"\n\t\ttarget=\"_self\"\n\t\t\t>\n\t\t<span class=\"fl-heading-text\">Llame a la l\u00ednea directa para empleados<br> (844) 722-7567<\/span>\n\t\t<\/a>\n\t<\/h4>\n\t<\/div>\n<\/div>\n<div class=\"fl-module fl-module-html fl-node-hw5loe1n0qbp employColumnBullets\" data-node=\"hw5loe1n0qbp\">\n\t<div class=\"fl-module-content fl-node-content\">\n\t\t<div class=\"fl-html\">\n\t<ul>\n  <li>\u00bfMe pueden despedir por presentar un caso contra mi empleador?<\/li>\n  <li>Si presento un reclamo, \u00bftendr\u00e9 problemas para conseguir otro trabajo?<\/li>\n  <li>\u00bfDebo presentar una solicitud ante la Comisi\u00f3n de Igualdad <br>de Oportunidades en el Empleo (EEOC, por sus siglas en ingl\u00e9s)<br> antes de consultar a un abogado?<\/li>\n  <li>\u00bfCu\u00e1nto vale mi caso?<\/li>\n  <li>\u00bfCu\u00e1nto tiempo tengo para presentar un reclamo?<\/li>\n  <li>\u00bfPor qu\u00e9 debo conseguir un abogado?<\/li>\n<\/ul><\/div>\n\t<\/div>\n<\/div>\n<\/div>\n<\/div>\n\t<\/div>\n\t\t<\/div>\n\t<\/div>\n<\/div>\n<\/div>\n\t<p>El acoso ocurre con demasiada frecuencia en el lugar de trabajo y en nuestra vida personal. El acoso ilegal puede incluir palabras o acciones da\u00f1inas relacionadas con la orientaci\u00f3n sexual, raza, religi\u00f3n, etnia, g\u00e9nero u otros factores protegidos de una persona.<\/p>\n<p>Sufrir acoso es una experiencia devastadora que puede afectar tanto a su vida profesional como personal. Es por eso que es importante buscar un abogado experto en acoso que lo ayude a descubrir sus opciones y buscar justicia si es v\u00edctima de acoso ilegal.<\/p>\n<p>El equipo legal de la Firma de Abogados Leach, AP, tiene los conocimientos en defensa para manejar con \u00e9xito las denuncias de acoso y lucha para que los clientes reciban la justicia que merecen. Nuestros abogados tienen experiencia en una amplia gama de casos de acoso en el trabajo, que incluyen:<\/p>\n<ul>\n<li>Acoso sexual<\/li>\n<li>Acoso por discapacidad<\/li>\n<li>Acoso racial<\/li>\n<li>Acoso por embarazo<\/li>\n<li>Acoso religioso<\/li>\n<li>Acoso por el g\u00e9nero<\/li>\n<\/ul>\n<h2><strong>Luchando por usted contra el acoso<\/strong><\/h2>\n<p>La Firma de Abogados Leach, AP, se enorgullece de servir a las v\u00edctimas de acoso y defender sus derechos. Con nuestros abogados a su lado, puede buscar justicia por acoso ilegal debido a su raza, etnia, embarazo, religi\u00f3n, g\u00e9nero, discapacidad y otras caracter\u00edsticas protegidas. Cuando necesite un abogado calificado en acoso, no busque m\u00e1s all\u00e1 de nuestra firma. Le brindaremos la atenci\u00f3n y el asesoramiento legal que usted necesita para obtener una reparaci\u00f3n en su caso de acoso.<\/p>\n\n","protected":false},"excerpt":{"rendered":"<p>Abogado experimentado en acoso que trabaja en Florida y Georgia El acoso ocurre con demasiada frecuencia en el lugar de trabajo y en nuestra vida personal. El acoso ilegal puede incluir palabras o acciones da\u00f1inas relacionadas con la orientaci\u00f3n sexual, raza, religi\u00f3n, etnia, g\u00e9nero u otros factores protegidos de una persona. Sufrir acoso es una&hellip;<\/p>\n","protected":false},"author":1,"featured_media":0,"parent":0,"menu_order":0,"comment_status":"closed","ping_status":"closed","template":"","meta":{"inline_featured_image":false,"footnotes":""},"class_list":["post-1162","page","type-page","status-publish","hentry"],"_links":{"self":[{"href":"https:\/\/theleachfirm.com\/es\/wp-json\/wp\/v2\/pages\/1162","targetHints":{"allow":["GET"]}}],"collection":[{"href":"https:\/\/theleachfirm.com\/es\/wp-json\/wp\/v2\/pages"}],"about":[{"href":"https:\/\/theleachfirm.com\/es\/wp-json\/wp\/v2\/types\/page"}],"author":[{"embeddable":true,"href":"https:\/\/theleachfirm.com\/es\/wp-json\/wp\/v2\/users\/1"}],"replies":[{"embeddable":true,"href":"https:\/\/theleachfirm.com\/es\/wp-json\/wp\/v2\/comments?post=1162"}],"version-history":[{"count":0,"href":"https:\/\/theleachfirm.com\/es\/wp-json\/wp\/v2\/pages\/1162\/revisions"}],"wp:attachment":[{"href":"https:\/\/theleachfirm.com\/es\/wp-json\/wp\/v2\/media?parent=1162"}],"curies":[{"name":"wp","href":"https:\/\/api.w.org\/{rel}","templated":true}]}}