{"id":1161,"date":"2020-12-21T14:20:49","date_gmt":"2020-12-21T14:20:49","guid":{"rendered":"https:\/\/theleachfirm.com\/abogado-de-discriminacion-de-genero-y-derecho-laboral-sirviendo-en-las-areas-de-florida-y-georgia\/"},"modified":"2023-02-23T02:39:22","modified_gmt":"2023-02-23T07:39:22","slug":"abogado-especialista-en-discriminacion-de-genero","status":"publish","type":"page","link":"https:\/\/theleachfirm.com\/es\/abogado-especialista-en-discriminacion-de-genero\/","title":{"rendered":"Abogado especialista en discriminaci\u00f3n de g\u00e9nero y derecho laboral que presta servicios en Florida y Georgia"},"content":{"rendered":"\n<h1>\n\t\tAbogado especialista en discriminaci\u00f3n de g\u00e9nero y derecho laboral que presta servicios en Florida y Georgia\n\t<\/h1>\n\t<div class=\"fl-builder-content fl-builder-content-2140 fl-builder-template fl-builder-row-template fl-builder-global-templates-locked\" data-post-id=\"2140\"><div class=\"fl-row fl-row-fixed-width fl-row-bg-color fl-node-3ch2ay0i9n7k fl-row-default-height fl-row-align-center page-top-banner\" data-node=\"3ch2ay0i9n7k\">\n\t<div class=\"fl-row-content-wrap\">\n\t\t\t\t\t\t<div class=\"fl-row-content fl-row-fixed-width fl-node-content\">\n\t\t\n<div class=\"fl-col-group fl-node-1ew4tp3k5oi6\" data-node=\"1ew4tp3k5oi6\">\n\t\t\t<div class=\"fl-col fl-node-5mxd3hik7t20 fl-col-bg-color employColumnParent\" data-node=\"5mxd3hik7t20\">\n\t<div class=\"fl-col-content fl-node-content\"><div class=\"fl-module fl-module-heading fl-node-e8xwrdmzbco6\" data-node=\"e8xwrdmzbco6\">\n\t<div class=\"fl-module-content fl-node-content\">\n\t\t<h5 class=\"fl-heading\">\n\t\t<span class=\"fl-heading-text\">\u00bfQuiere hablar con un Abogado Laboralista?<\/span>\n\t<\/h5>\n\t<\/div>\n<\/div>\n<div class=\"fl-module fl-module-heading fl-node-8q4xpla57rbn\" data-node=\"8q4xpla57rbn\">\n\t<div class=\"fl-module-content fl-node-content\">\n\t\t<h4 class=\"fl-heading\">\n\t\t<a\n\t\thref=\"tel:8447227567\"\n\t\ttitle=\"Llame a la l\u00ednea directa para empleados (844) 722-7567\"\n\t\ttarget=\"_self\"\n\t\t\t>\n\t\t<span class=\"fl-heading-text\">Llame a la l\u00ednea directa para empleados<br> (844) 722-7567<\/span>\n\t\t<\/a>\n\t<\/h4>\n\t<\/div>\n<\/div>\n<div class=\"fl-module fl-module-html fl-node-hw5loe1n0qbp employColumnBullets\" data-node=\"hw5loe1n0qbp\">\n\t<div class=\"fl-module-content fl-node-content\">\n\t\t<div class=\"fl-html\">\n\t<ul>\n  <li>\u00bfMe pueden despedir por presentar un caso contra mi empleador?<\/li>\n  <li>Si presento un reclamo, \u00bftendr\u00e9 problemas para conseguir otro trabajo?<\/li>\n  <li>\u00bfDebo presentar una solicitud ante la Comisi\u00f3n de Igualdad <br>de Oportunidades en el Empleo (EEOC, por sus siglas en ingl\u00e9s)<br> antes de consultar a un abogado?<\/li>\n  <li>\u00bfCu\u00e1nto vale mi caso?<\/li>\n  <li>\u00bfCu\u00e1nto tiempo tengo para presentar un reclamo?<\/li>\n  <li>\u00bfPor qu\u00e9 debo conseguir un abogado?<\/li>\n<\/ul><\/div>\n\t<\/div>\n<\/div>\n<\/div>\n<\/div>\n\t<\/div>\n\t\t<\/div>\n\t<\/div>\n<\/div>\n<\/div>\n\t<p>Uno de los tipos m\u00e1s comunes de discriminaci\u00f3n en el lugar de trabajo es el prejuicio basado en el g\u00e9nero. Si bien dicha discriminaci\u00f3n a menudo es evidente en la disparidad de salarios o la capacidad de ascender m\u00e1s all\u00e1 de cierto nivel dentro de la jerarqu\u00eda de una empresa, otros tipos de discriminaci\u00f3n de g\u00e9nero no son tan claros como un techo de cristal. Las formas menos tangibles de trato injusto que se extienden m\u00e1s all\u00e1 de la brecha salarial son m\u00e1s dif\u00edciles de probar, lo que significa que es importante que contrate los servicios legales de un abogado experimentado.<\/p>\n<p>Cuando cree que ha sido v\u00edctima de un trato injusto basado en su g\u00e9nero, El Bufete de Abogados Leach AP est\u00e1 aqu\u00ed para luchar por su igualdad de g\u00e9nero. Nuestros abogados de discriminaci\u00f3n laboral que prestan servicios en Florida y Georgia se enorgullecen de ofrecer m\u00e1s de 50 a\u00f1os de experiencia combinada en litigios para ayudarle a armar un caso eficiente para defender sus derechos. Ya sea que haya solicitado un trabajo y se le haya negado el empleo por lo que considera que tiene que ver con el g\u00e9nero o si cree que sus oportunidades para obtener un salario m\u00e1s alto o avanzar est\u00e1n limitadas como resultado de su g\u00e9nero, nuestro abogado experto en derecho laboral se complace en ofrecerle los servicios legales que usted se merece.<\/p>\n<h2><strong>Nuestro experimentado abogado est\u00e1 listo para luchar por sus derechos<\/strong><\/h2>\n<p>La Ley de Igualdad Salarial de 1963 proh\u00edbe que los empleadores discriminen a sus empleados pag\u00e1ndoles salarios diferentes \u00fanicamente debido a su sexo. Esto significa que a los empleados no se les puede negar la misma compensaci\u00f3n por el mismo trabajo simplemente porque no son del mismo sexo. Cuando se trata de discriminaci\u00f3n por el g\u00e9nero o el sexo la representaci\u00f3n legal de nuestro equipo de profesionales es lo mejor para usted. Dado que hay muchos factores que rodean el delicado tema de la discriminaci\u00f3n en el lugar de trabajo por motivos del sexo y el g\u00e9nero, es importante determinar cu\u00e1les se aplican espec\u00edficamente a usted antes de seguir adelante con su caso.<\/p>\n<h2><strong>Adonde debe recurrir para obtener la Representaci\u00f3n Legal en un juicio por Igualdad de Oportunidades.<\/strong><\/h2>\n<p>Cada caso comienza con una consulta gratuita con nuestro abogado, durante la cual tendr\u00e1 la oportunidad de hablar sobre su experiencia laboral y los detalles de su situaci\u00f3n. Esto nos permite obtener la informaci\u00f3n necesaria para armar un caso s\u00f3lido en su nombre, asegur\u00e1ndole el resultado m\u00e1s favorable. Nunca pagar\u00e1 a menos que ganemos su demanda por sexismo, por lo que nunca se le cobrar\u00e1 ninguna tarifa a menos que recuperemos la compensaci\u00f3n que merece. Se Habla Espa\u00f1ol.<\/p>\n<p>Nuestro bufete de abogados est\u00e1 dedicado a ayudarle a tener \u00e9xito en el lugar de trabajo, sin discriminaci\u00f3n. Si est\u00e1 interesado en hablar con nuestro abogado experto en despidos injustificados, cont\u00e1ctenos hoy al <a href=\"tel:(844) 722-7567\">(844) 722-7567<\/a> para programar una consulta gratuita. Brindamos servicios jur\u00eddicos a clientes en Florida y Georgia.<\/p>\n\n","protected":false},"excerpt":{"rendered":"<p>Abogado especialista en discriminaci\u00f3n de g\u00e9nero y derecho laboral que presta servicios en Florida y Georgia Uno de los tipos m\u00e1s comunes de discriminaci\u00f3n en el lugar de trabajo es el prejuicio basado en el g\u00e9nero. Si bien dicha discriminaci\u00f3n a menudo es evidente en la disparidad de salarios o la capacidad de ascender m\u00e1s&hellip;<\/p>\n","protected":false},"author":1,"featured_media":0,"parent":0,"menu_order":0,"comment_status":"closed","ping_status":"closed","template":"","meta":{"inline_featured_image":false,"footnotes":""},"class_list":["post-1161","page","type-page","status-publish","hentry"],"_links":{"self":[{"href":"https:\/\/theleachfirm.com\/es\/wp-json\/wp\/v2\/pages\/1161","targetHints":{"allow":["GET"]}}],"collection":[{"href":"https:\/\/theleachfirm.com\/es\/wp-json\/wp\/v2\/pages"}],"about":[{"href":"https:\/\/theleachfirm.com\/es\/wp-json\/wp\/v2\/types\/page"}],"author":[{"embeddable":true,"href":"https:\/\/theleachfirm.com\/es\/wp-json\/wp\/v2\/users\/1"}],"replies":[{"embeddable":true,"href":"https:\/\/theleachfirm.com\/es\/wp-json\/wp\/v2\/comments?post=1161"}],"version-history":[{"count":0,"href":"https:\/\/theleachfirm.com\/es\/wp-json\/wp\/v2\/pages\/1161\/revisions"}],"wp:attachment":[{"href":"https:\/\/theleachfirm.com\/es\/wp-json\/wp\/v2\/media?parent=1161"}],"curies":[{"name":"wp","href":"https:\/\/api.w.org\/{rel}","templated":true}]}}