{"id":1157,"date":"2020-12-21T14:18:35","date_gmt":"2020-12-21T14:18:35","guid":{"rendered":"https:\/\/theleachfirm.com\/abogado-de-discriminacion-laboral-sirviendo-en-las-areas-de-florida-y-georgia\/"},"modified":"2024-03-02T20:48:52","modified_gmt":"2024-03-03T01:48:52","slug":"discriminacion-laboral","status":"publish","type":"page","link":"https:\/\/theleachfirm.com\/es\/discriminacion-laboral\/","title":{"rendered":"Abogado especialista en discriminaci\u00f3n laboral que presta servicios en Florida y Georgia"},"content":{"rendered":"\r\n<h1>Abogado especialista en discriminaci\u00f3n laboral que presta servicios en Florida y Georgia<\/h1>\r\n<div class=\"fl-builder-content fl-builder-content-2140 fl-builder-template fl-builder-row-template fl-builder-global-templates-locked\" data-post-id=\"2140\"><div class=\"fl-row fl-row-fixed-width fl-row-bg-color fl-node-3ch2ay0i9n7k fl-row-default-height fl-row-align-center page-top-banner\" data-node=\"3ch2ay0i9n7k\">\n\t<div class=\"fl-row-content-wrap\">\n\t\t\t\t\t\t<div class=\"fl-row-content fl-row-fixed-width fl-node-content\">\n\t\t\n<div class=\"fl-col-group fl-node-1ew4tp3k5oi6\" data-node=\"1ew4tp3k5oi6\">\n\t\t\t<div class=\"fl-col fl-node-5mxd3hik7t20 fl-col-bg-color employColumnParent\" data-node=\"5mxd3hik7t20\">\n\t<div class=\"fl-col-content fl-node-content\"><div class=\"fl-module fl-module-heading fl-node-e8xwrdmzbco6\" data-node=\"e8xwrdmzbco6\">\n\t<div class=\"fl-module-content fl-node-content\">\n\t\t<h5 class=\"fl-heading\">\n\t\t<span class=\"fl-heading-text\">\u00bfQuiere hablar con un Abogado Laboralista?<\/span>\n\t<\/h5>\n\t<\/div>\n<\/div>\n<div class=\"fl-module fl-module-heading fl-node-8q4xpla57rbn\" data-node=\"8q4xpla57rbn\">\n\t<div class=\"fl-module-content fl-node-content\">\n\t\t<h4 class=\"fl-heading\">\n\t\t<a\n\t\thref=\"tel:8447227567\"\n\t\ttitle=\"Llame a la l\u00ednea directa para empleados (844) 722-7567\"\n\t\ttarget=\"_self\"\n\t\t\t>\n\t\t<span class=\"fl-heading-text\">Llame a la l\u00ednea directa para empleados<br> (844) 722-7567<\/span>\n\t\t<\/a>\n\t<\/h4>\n\t<\/div>\n<\/div>\n<div class=\"fl-module fl-module-html fl-node-hw5loe1n0qbp employColumnBullets\" data-node=\"hw5loe1n0qbp\">\n\t<div class=\"fl-module-content fl-node-content\">\n\t\t<div class=\"fl-html\">\n\t<ul>\n  <li>\u00bfMe pueden despedir por presentar un caso contra mi empleador?<\/li>\n  <li>Si presento un reclamo, \u00bftendr\u00e9 problemas para conseguir otro trabajo?<\/li>\n  <li>\u00bfDebo presentar una solicitud ante la Comisi\u00f3n de Igualdad <br>de Oportunidades en el Empleo (EEOC, por sus siglas en ingl\u00e9s)<br> antes de consultar a un abogado?<\/li>\n  <li>\u00bfCu\u00e1nto vale mi caso?<\/li>\n  <li>\u00bfCu\u00e1nto tiempo tengo para presentar un reclamo?<\/li>\n  <li>\u00bfPor qu\u00e9 debo conseguir un abogado?<\/li>\n<\/ul><\/div>\n\t<\/div>\n<\/div>\n<\/div>\n<\/div>\n\t<\/div>\n\t\t<\/div>\n\t<\/div>\n<\/div>\n<\/div>\r\n<p><\/p>\r\n<p>Si es un empleado que trabaja con una discapacidad, es posible que tenga derechos que no conoce. Las leyes federales y estatales le protegen de la discriminaci\u00f3n y requieren que su empleador tome medidas para adaptarse a su discapacidad en muchas situaciones. Sin embargo, si no comprende sus derechos o c\u00f3mo hacerlos valer, las protecciones promulgadas para su beneficio a menudo no le brindan ninguna ayuda.<\/p>\r\n<p>Muchos empleados en Florida y Georgia encuentran \u00fatil trabajar con un abogado experto en discapacidad laboral cuando buscan un trato justo en el lugar de trabajo. Un abogado con experiencia laboral en la Firma de Abogados, A podr\u00eda revisar su situaci\u00f3n en busca de posibles violaciones legales y luchar para obtener una compensaci\u00f3n justa u otros recursos jur\u00eddicos.<\/p>\r\n<h2><strong>\u00bfCu\u00e1les son las protecciones legales para los trabajadores discapacitados?<\/strong><\/h2>\r\n<p>La Ley para Estadounidenses con Discapacidades (ADA, por sus siglas en ingl\u00e9s), junto con enmiendas posteriores y leyes adicionales en Florida y Georgia, exige que los empleadores brinden un trato razonable a los empleados con discapacidades. Esencialmente, estas leyes proh\u00edben que los empleadores discriminen injustamente a los trabajadores con discapacidades y establecen est\u00e1ndares para ayudar a garantizar que los empleados discapacitados tengan las mismas oportunidades que los dem\u00e1s en el trabajo.<\/p>\r\n<p>La discriminaci\u00f3n puede adoptar muchas formas diferentes, y es posible que los empleados que enfrentan discriminaci\u00f3n debido a una discapacidad no se den cuenta de que han sido objeto de un trato ilegal. Los ejemplos de discriminaci\u00f3n injusta podr\u00edan incluir:<\/p>\r\n<p>No ascender a un empleado con p\u00e9rdida auditiva parcial porque la dificultad para hablar se la consider\u00f3 como un inconveniente a pesar de que las funciones del trabajo estaban claramente escritas.<\/p>\r\n<p>Negarse a contratar a alguien que est\u00e1 en remisi\u00f3n de un c\u00e1ncer por temor a que necesite tomarse una licencia en el futuro<\/p>\r\n<p>Hacer o permitir bromas no deseadas de manera continua a expensas de un empleado con una discapacidad intelectual para que interfiera con la capacidad de realizar el trabajo y constituya acoso.<\/p>\r\n<p>Hacer una mala revisi\u00f3n injustificada de un empleado en represalia despu\u00e9s de que el empleado tom\u00f3 medidas para hacer cumplir los derechos legales bajo la ADA<\/p>\r\n<p>Despedir a un empleado que era capaz de realizar una funci\u00f3n laboral importante como contestar llamadas telef\u00f3nicas porque una discapacidad le imped\u00eda realizar f\u00e1cilmente algunas funciones laborales extra, por ejemplo, mover cajas de archivos.<\/p>\r\n<p>Un abogado experto en discapacidad laboral podr\u00eda ayudar a determinar si el trato de un empleado podr\u00eda considerarse discriminaci\u00f3n ilegal.<\/p>\r\n<p><strong>Cont\u00e1ctenos<\/strong><\/p>\r\n<ul>\r\n<li>Nombre de pila<\/li>\r\n<li>Apellido<\/li>\r\n<li>Su correo electr\u00f3nico<\/li>\r\n<li>Tel\u00e9fonos<\/li>\r\n<li>Comentarios<\/li>\r\n<li>Enviar<\/li>\r\n<li>\u00bfCu\u00e1nto vale para usted un juicio laboral? Desc\u00fabralo en 1 minuto.<\/li>\r\n<li>Comenzar<\/li>\r\n<\/ul>\r\n<h2><strong>Los empleadores deben proporcionar un Alojamiento razonable<\/strong><\/h2>\r\n<p>Adem\u00e1s del deber de evitar la discriminaci\u00f3n, los empleadores tambi\u00e9n tienen el deber por ley de proporcionar un alojamiento \u00abrazonable\u00bb para permitir que un empleado con discapacidad realice su trabajo. Por ejemplo, es posible que un empleador deba proporcionarle un espacio de estacionamiento m\u00e1s cercano a un empleado con problemas de movilidad o una computadora con capacidad de voz para un empleado con discapacidad visual. Los empleadores que no hagan un esfuerzo de buena fe para encontrar una soluci\u00f3n a un problema podr\u00edan ser considerados responsables.<\/p>\r\n<h2><strong>\u00bfQu\u00e9 se considera una discapacidad que califica para protecci\u00f3n bajo la ley?<\/strong><\/h2>\r\n<p>En la mayor\u00eda de los casos, las leyes de discapacidad laboral protegen a los trabajadores con discapacidades actuales, as\u00ed como a aquellos con antecedentes de discapacidad y a aquellos a quienes se los considera como que tienen una discapacidad, incluso si no la tienen. Seg\u00fan la ADA, una discapacidad es cualquier \u00abimpedimento f\u00edsico o mental que limita sustancialmente una o m\u00e1s actividades importantes de la vida\u00bb. Esta es una definici\u00f3n de discapacidad mucho m\u00e1s amplia que en otras leyes, como las relacionadas con los beneficios por discapacidad a trav\u00e9s del Seguro Social.<\/p>\r\n<p>Los empleadores est\u00e1n obligados a acomodar a los trabajadores en una condici\u00f3n que les evite realizar actividades b\u00e1sicas como estar de pie, agacharse o hablar. Los trabajadores con una dolencia que afecte las funciones corporales, como el control de la vejiga o la digesti\u00f3n, tambi\u00e9n est\u00e1n protegidos contra la discriminaci\u00f3n y deben recibir un alojamiento razonable.<\/p>\r\n<h2><strong>Trabaje con un abogado especializado en discapacidad laboral que presta servicios en Florida y Georgia<\/strong><\/h2>\r\n<p>Si usted sufri\u00f3 discriminaci\u00f3n ilegal en el lugar de trabajo o si su empleador se niega a proporcionarle una adaptaci\u00f3n razonable para una discapacidad, puede ser elegible para varias formas de reparaci\u00f3n legal que podr\u00edan incluir compensaci\u00f3n, reincorporaci\u00f3n o una promoci\u00f3n. Un abogado con experiencia en discapacidades laborales de la Firma de Abogados Leach, AP, podr\u00eda explicarle sus opciones y luchar por un trato justo en Florida o Georgia. Ll\u00e1menos ahora para una consulta gratuita y confidencial.<\/p>\r\n<p><\/p>\r\n<h3>Contact Us<\/h3>\r\n\n<div class=\"wpcf7 no-js\" id=\"wpcf7-f1159-o1\" lang=\"es-ES\" dir=\"ltr\" data-wpcf7-id=\"1159\">\n<div class=\"screen-reader-response\"><p role=\"status\" aria-live=\"polite\" aria-atomic=\"true\"><\/p> <ul><\/ul><\/div>\n<form action=\"\/es\/wp-json\/wp\/v2\/pages\/1157#wpcf7-f1159-o1\" method=\"post\" class=\"wpcf7-form init\" aria-label=\"Formulario de contacto\" novalidate=\"novalidate\" data-status=\"init\">\n<fieldset class=\"hidden-fields-container\"><input type=\"hidden\" name=\"_wpcf7\" value=\"1159\" \/><input type=\"hidden\" name=\"_wpcf7_version\" value=\"6.1.5\" \/><input type=\"hidden\" name=\"_wpcf7_locale\" value=\"es_ES\" \/><input type=\"hidden\" name=\"_wpcf7_unit_tag\" value=\"wpcf7-f1159-o1\" \/><input type=\"hidden\" name=\"_wpcf7_container_post\" value=\"0\" \/><input type=\"hidden\" name=\"_wpcf7_posted_data_hash\" value=\"\" \/>\n<\/fieldset>\n<div class=\"row\">\n\t<div class=\"col-xs-6\">\n\t\t<p><span class=\"wpcf7-form-control-wrap\" data-name=\"your-first\"><input size=\"40\" maxlength=\"400\" class=\"wpcf7-form-control wpcf7-text wpcf7-validates-as-required\" aria-required=\"true\" aria-invalid=\"false\" placeholder=\"Nombre\" value=\"\" type=\"text\" name=\"your-first\" \/><\/span>\n\t\t<\/p>\n\t<\/div>\n\t<div class=\"col-xs-6\">\n\t\t<p><span class=\"wpcf7-form-control-wrap\" data-name=\"your-last\"><input size=\"40\" maxlength=\"400\" class=\"wpcf7-form-control wpcf7-text wpcf7-validates-as-required\" aria-required=\"true\" aria-invalid=\"false\" placeholder=\"Apellido\" value=\"\" type=\"text\" name=\"your-last\" \/><\/span>\n\t\t<\/p>\n\t<\/div>\n<\/div>\n<div class=\"row\">\n\t<div class=\"col-xs-6\">\n\t\t<p><span class=\"wpcf7-form-control-wrap\" data-name=\"your-email\"><input size=\"40\" maxlength=\"400\" class=\"wpcf7-form-control wpcf7-email wpcf7-validates-as-required wpcf7-text wpcf7-validates-as-email\" aria-required=\"true\" aria-invalid=\"false\" placeholder=\"Correo\" value=\"\" type=\"email\" name=\"your-email\" \/><\/span>\n\t\t<\/p>\n\t<\/div>\n\t<div class=\"col-xs-6\">\n\t\t<p><span class=\"wpcf7-form-control-wrap\" data-name=\"your-phone\"><input size=\"40\" maxlength=\"400\" class=\"wpcf7-form-control wpcf7-text wpcf7-validates-as-required\" aria-required=\"true\" aria-invalid=\"false\" placeholder=\"Tel\u00e9fono\" value=\"\" type=\"text\" name=\"your-phone\" \/><\/span>\n\t\t<\/p>\n\t<\/div>\n<\/div>\n<div class=\"row\">\n\t<div class=\"col-xs-12\">\n\t\t<p><span class=\"wpcf7-form-control-wrap\" data-name=\"your-message\"><textarea cols=\"40\" rows=\"10\" maxlength=\"2000\" class=\"wpcf7-form-control wpcf7-textarea wpcf7-validates-as-required\" aria-required=\"true\" aria-invalid=\"false\" placeholder=\"Comentario\" name=\"your-message\"><\/textarea><\/span>\n\t\t<\/p>\n\t<\/div>\n<\/div>\n<div class=\"row text-center\">\n\t<div class=\"col-xs-12\">\n\t\t<p><input class=\"wpcf7-form-control wpcf7-submit has-spinner\" type=\"submit\" value=\"Enviar\" \/>\n\t\t<\/p>\n\t<\/div>\n<\/div><p style=\"display: none !important;\" class=\"akismet-fields-container\" data-prefix=\"_wpcf7_ak_\"><label>&#916;<textarea name=\"_wpcf7_ak_hp_textarea\" cols=\"45\" rows=\"8\" maxlength=\"100\"><\/textarea><\/label><input type=\"hidden\" id=\"ak_js_1\" name=\"_wpcf7_ak_js\" value=\"182\"\/><script>document.getElementById( \"ak_js_1\" ).setAttribute( \"value\", ( new Date() ).getTime() );<\/script><\/p><div class=\"wpcf7-response-output\" aria-hidden=\"true\"><\/div>\n<\/form>\n<\/div>\n\r\n<h2><strong>Frequently Asked <\/strong>Questions<strong> About Employment Discrimination\u00a0<\/strong><\/h2>\r\n<p>\r\n\r\n<\/p>\r\n<h3 class=\"wp-block-heading\">1. Can I sue for workplace discrimination?<\/h3>\r\n<p>\r\n\r\n<\/p>\r\n<p>Yes, workplace discrimination is an issue that can be addressed in court, although you may need to file a claim through administrative channels first. You should consider taking legal action for workplace discrimination if you were treated in a way that exemplified unlawful bias on the part of your employer, whether in compensation, opportunities, behavior, or other areas. It is important that you work with a lawyer who has experience in employment discrimination in order to bring as strong a case as possible.<\/p>\r\n<p>\r\n\r\n<\/p>\r\n<h3 class=\"wp-block-heading\"><strong>2. What are the <\/strong>grounds<strong> for discrimination at work?<\/strong><\/h3>\r\n<p>\r\n\r\n<\/p>\r\n<p>Discrimination comes in many forms; most often, it appears as favorable or unfavorable treatment directed at a specific individual or group that is directly attributable to bias, such as providing denying certain opportunities to women or rejecting raises for someone of a specific nationality. Race, sex, religion, national origin, sexual orientation, gender, relationship status, age, and disability are some of the many protected areas that should not influence an employer&#8217;s treatment of their employees.<\/p>\r\n<p>\r\n\r\n<\/p>\r\n<h3 class=\"wp-block-heading\">3. When should you seek an employment lawyer?<\/h3>\r\n<p>\r\n\r\n<\/p>\r\n<p>If you believe that you have a case of employment discrimination, it is never too soon to seek legal representation. An employment lawyer can not only assist you with gathering and compiling critical evidence but can also ensure that your case is as robust as possible and present a cohesive argument that could result in your employer simply choosing to settle. This settlement can provide compensation for you and prevent the need to go to court. Any behavior against you that arises from a bias for or against any of the protected categories in the workplace should be discussed with an employment lawyer.<\/p>\r\n<p>\r\n\r\n<\/p>\r\n<h3 class=\"wp-block-heading\">4. How do you prove discrimination at work?<\/h3>\r\n<p>\r\n\r\n<\/p>\r\n<p>Proving discrimination can be done in a variety of ways. If you have written documentation, such as emails, memos, or notes that depict the biased behavior in action, these are critical pieces of evidence. Witness testimony can also play an important role, as can company-wide policy and compensation practices. If you can prove, for example, that only workers of a certain race are consistently denied time off, you have a strong case. An employment lawyer can help you to gather the evidence that is relevant and available in your situation.<\/p>\r\n<p>\r\n\r\n<\/p>\r\n<h3 class=\"wp-block-heading\">5. How long does it take to settle an employment discrimination lawsuit?<\/h3>\r\n<p>\r\n\r\n<\/p>\r\n<p>The time required to settle a lawsuit for employment discrimination varies depending upon the factors of the case and the evidence available. Cases in which an employer incriminates themselves directly, such as via email, may be resolved sooner than cases involving more nuanced discrimination. However, in general, most employment discrimination lawsuits take between one to two years. To get a better understanding of the timeline that you can expect, speak with an employment lawyer.<\/p>\r\n<p>\r\n\r\n<\/p>\r\n<h2 class=\"wp-block-heading\">File a Claim with Confidence<\/h2>\r\n<p>\r\n\r\n<\/p>\r\n<p>Employers are responsible for efficiently handling claims of discrimination and harassment in the workplace. Every employee has fundamental human and civil rights and violations of these rights require action right away. However, if your employer fails to address the issue sufficiently, the next course of action is to file a claim for relief. With the support of our team, we will help you with the necessary legal proceedings, strenuously representing your rights and interests throughout the process.If you are interested in learning more about our law firm, or you would like to speak to our\u00a0<a href=\"https:\/\/theleachfirm.com\/wrongful-termination\/\">wrongful termination attorney<\/a>, contact us today at\u00a0<a>(844) 722-7567<\/a>\u00a0to schedule a free consultation. We proudly provide legal services to clients in Florida and Georgia.<\/p>\r\n","protected":false},"excerpt":{"rendered":"<p>Abogado especialista en discriminaci\u00f3n laboral que presta servicios en Florida y Georgia Si es un empleado que trabaja con una discapacidad, es posible que tenga derechos que no conoce. Las leyes federales y estatales le protegen de la discriminaci\u00f3n y requieren que su empleador tome medidas para adaptarse a su discapacidad en muchas situaciones. Sin&hellip;<\/p>\n","protected":false},"author":1,"featured_media":0,"parent":0,"menu_order":0,"comment_status":"closed","ping_status":"closed","template":"","meta":{"inline_featured_image":false,"footnotes":""},"class_list":["post-1157","page","type-page","status-publish","hentry"],"_links":{"self":[{"href":"https:\/\/theleachfirm.com\/es\/wp-json\/wp\/v2\/pages\/1157","targetHints":{"allow":["GET"]}}],"collection":[{"href":"https:\/\/theleachfirm.com\/es\/wp-json\/wp\/v2\/pages"}],"about":[{"href":"https:\/\/theleachfirm.com\/es\/wp-json\/wp\/v2\/types\/page"}],"author":[{"embeddable":true,"href":"https:\/\/theleachfirm.com\/es\/wp-json\/wp\/v2\/users\/1"}],"replies":[{"embeddable":true,"href":"https:\/\/theleachfirm.com\/es\/wp-json\/wp\/v2\/comments?post=1157"}],"version-history":[{"count":0,"href":"https:\/\/theleachfirm.com\/es\/wp-json\/wp\/v2\/pages\/1157\/revisions"}],"wp:attachment":[{"href":"https:\/\/theleachfirm.com\/es\/wp-json\/wp\/v2\/media?parent=1157"}],"curies":[{"name":"wp","href":"https:\/\/api.w.org\/{rel}","templated":true}]}}