{"id":1153,"date":"2021-02-24T17:39:28","date_gmt":"2021-02-24T22:39:28","guid":{"rendered":"https:\/\/theleachfirm.com\/abogado-de-la-eeoc-sirviendo-en-las-areas-de-florida-y-georgia\/"},"modified":"2023-03-01T02:44:37","modified_gmt":"2023-03-01T07:44:37","slug":"empleo-eeoc","status":"publish","type":"page","link":"https:\/\/theleachfirm.com\/es\/empleo-eeoc\/","title":{"rendered":"Abogado experto en la Comisi\u00f3n de Igualdad de Oportunidades en el Empleo (EEOC), por sus siglas en ingl\u00e9s que presta servicios en Florida y Georgia"},"content":{"rendered":"\n<h1>\n\t\tAbogado experto en la Comisi\u00f3n de Igualdad de Oportunidades en el Empleo (EEOC), por sus siglas en ingl\u00e9s que presta servicios en Florida y Georgia\n\t<\/h1>\n\t<div class=\"fl-builder-content fl-builder-content-2140 fl-builder-template fl-builder-row-template fl-builder-global-templates-locked\" data-post-id=\"2140\"><div class=\"fl-row fl-row-fixed-width fl-row-bg-color fl-node-3ch2ay0i9n7k fl-row-default-height fl-row-align-center page-top-banner\" data-node=\"3ch2ay0i9n7k\">\n\t<div class=\"fl-row-content-wrap\">\n\t\t\t\t\t\t<div class=\"fl-row-content fl-row-fixed-width fl-node-content\">\n\t\t\n<div class=\"fl-col-group fl-node-1ew4tp3k5oi6\" data-node=\"1ew4tp3k5oi6\">\n\t\t\t<div class=\"fl-col fl-node-5mxd3hik7t20 fl-col-bg-color employColumnParent\" data-node=\"5mxd3hik7t20\">\n\t<div class=\"fl-col-content fl-node-content\"><div class=\"fl-module fl-module-heading fl-node-e8xwrdmzbco6\" data-node=\"e8xwrdmzbco6\">\n\t<div class=\"fl-module-content fl-node-content\">\n\t\t<h5 class=\"fl-heading\">\n\t\t<span class=\"fl-heading-text\">\u00bfQuiere hablar con un Abogado Laboralista?<\/span>\n\t<\/h5>\n\t<\/div>\n<\/div>\n<div class=\"fl-module fl-module-heading fl-node-8q4xpla57rbn\" data-node=\"8q4xpla57rbn\">\n\t<div class=\"fl-module-content fl-node-content\">\n\t\t<h4 class=\"fl-heading\">\n\t\t<a\n\t\thref=\"tel:8447227567\"\n\t\ttitle=\"Llame a la l\u00ednea directa para empleados (844) 722-7567\"\n\t\ttarget=\"_self\"\n\t\t\t>\n\t\t<span class=\"fl-heading-text\">Llame a la l\u00ednea directa para empleados<br> (844) 722-7567<\/span>\n\t\t<\/a>\n\t<\/h4>\n\t<\/div>\n<\/div>\n<div class=\"fl-module fl-module-html fl-node-hw5loe1n0qbp employColumnBullets\" data-node=\"hw5loe1n0qbp\">\n\t<div class=\"fl-module-content fl-node-content\">\n\t\t<div class=\"fl-html\">\n\t<ul>\n  <li>\u00bfMe pueden despedir por presentar un caso contra mi empleador?<\/li>\n  <li>Si presento un reclamo, \u00bftendr\u00e9 problemas para conseguir otro trabajo?<\/li>\n  <li>\u00bfDebo presentar una solicitud ante la Comisi\u00f3n de Igualdad <br>de Oportunidades en el Empleo (EEOC, por sus siglas en ingl\u00e9s)<br> antes de consultar a un abogado?<\/li>\n  <li>\u00bfCu\u00e1nto vale mi caso?<\/li>\n  <li>\u00bfCu\u00e1nto tiempo tengo para presentar un reclamo?<\/li>\n  <li>\u00bfPor qu\u00e9 debo conseguir un abogado?<\/li>\n<\/ul><\/div>\n\t<\/div>\n<\/div>\n<\/div>\n<\/div>\n\t<\/div>\n\t\t<\/div>\n\t<\/div>\n<\/div>\n<\/div>\n\t<p><\/p>\n<p>Las leyes federales y estatales establecen que es ilegal discriminar a un solicitante de empleo o empleado por motivos de raza, religi\u00f3n, sexo y muchos otros factores protegidos. Esto significa que, si ha experimentado discriminaci\u00f3n en el lugar de trabajo o en la solicitud, puede tener derecho a una reparaci\u00f3n legal. Un abogado que sepa c\u00f3mo manejar casos de igualdad de oportunidades de empleo en Florida y Georgia podr\u00eda trabajar para garantizar que sus derechos est\u00e9n protegidos y se haga justicia.<\/p>\n<p>Con m\u00e1s de 70 a\u00f1os de experiencia combinada en el campo de casos de igualdad de oportunidades de empleo, La Firma de Abogados Leach, AP est\u00e1 aqu\u00ed para ayudarle. Entendemos lo traum\u00e1tico y doloroso que puede ser experimentar discriminaci\u00f3n debido a su raza u otras caracter\u00edsticas. Es por eso por lo que representamos celosamente sus intereses contra los empleadores discriminadores y brindamos asesoramiento legal para emprender acciones a trav\u00e9s de la Comisi\u00f3n de Igualdad de Oportunidades en el Empleo (EEOC) y otros lugares.<\/p>\n<h2><strong>La lucha por sus derechos laborales y el Caso de la EEOC<\/strong><\/h2>\n<p>Cuando ha experimentado discriminaci\u00f3n laboral en Florida o Georgia, no hay duda de que merece justicia. La Firma de Abogados Leach, AP trabaja en estrecha colaboraci\u00f3n con usted para garantizar que presente la documentaci\u00f3n y el reclamo correctos ante la EEOC o el organismo estatal correspondiente. Nuestros abogados est\u00e1n muy familiarizados con las demandas por discriminaci\u00f3n y pueden ayudarle a acelerar su caso mediante la planificaci\u00f3n y la documentaci\u00f3n adecuadas. Tambi\u00e9n podemos proporcionarle asesoramiento legal sobre diferentes soluciones que podr\u00edan funcionar mejor para su situaci\u00f3n.<\/p>\n<p>Ya sea que tenga preguntas sobre c\u00f3mo presentar un caso ante la EEOC o si necesita saber si su caso califica para una reparaci\u00f3n legal, La Firma de Abogados Leach, AP est\u00e1 aqu\u00ed para ayudarle. Brindamos atenci\u00f3n legal calificada y el conocimiento y la habilidad que necesita para obtener justicia despu\u00e9s de la discriminaci\u00f3n laboral.<\/p>\n<p><\/p>\n<h3>\n\t\tContact Us\n\t<\/h3>\n\t\n<div class=\"wpcf7 no-js\" id=\"wpcf7-f1159-o1\" lang=\"es-ES\" dir=\"ltr\" data-wpcf7-id=\"1159\">\n<div class=\"screen-reader-response\"><p role=\"status\" aria-live=\"polite\" aria-atomic=\"true\"><\/p> <ul><\/ul><\/div>\n<form action=\"\/es\/wp-json\/wp\/v2\/pages\/1153#wpcf7-f1159-o1\" method=\"post\" class=\"wpcf7-form init\" aria-label=\"Formulario de contacto\" novalidate=\"novalidate\" data-status=\"init\">\n<fieldset class=\"hidden-fields-container\"><input type=\"hidden\" name=\"_wpcf7\" value=\"1159\" \/><input type=\"hidden\" name=\"_wpcf7_version\" value=\"6.1.5\" \/><input type=\"hidden\" name=\"_wpcf7_locale\" value=\"es_ES\" \/><input type=\"hidden\" name=\"_wpcf7_unit_tag\" value=\"wpcf7-f1159-o1\" \/><input type=\"hidden\" name=\"_wpcf7_container_post\" value=\"0\" \/><input type=\"hidden\" name=\"_wpcf7_posted_data_hash\" value=\"\" \/>\n<\/fieldset>\n<div class=\"row\">\n\t<div class=\"col-xs-6\">\n\t\t<p><span class=\"wpcf7-form-control-wrap\" data-name=\"your-first\"><input size=\"40\" maxlength=\"400\" class=\"wpcf7-form-control wpcf7-text wpcf7-validates-as-required\" aria-required=\"true\" aria-invalid=\"false\" placeholder=\"Nombre\" value=\"\" type=\"text\" name=\"your-first\" \/><\/span>\n\t\t<\/p>\n\t<\/div>\n\t<div class=\"col-xs-6\">\n\t\t<p><span class=\"wpcf7-form-control-wrap\" data-name=\"your-last\"><input size=\"40\" maxlength=\"400\" class=\"wpcf7-form-control wpcf7-text wpcf7-validates-as-required\" aria-required=\"true\" aria-invalid=\"false\" placeholder=\"Apellido\" value=\"\" type=\"text\" name=\"your-last\" \/><\/span>\n\t\t<\/p>\n\t<\/div>\n<\/div>\n<div class=\"row\">\n\t<div class=\"col-xs-6\">\n\t\t<p><span class=\"wpcf7-form-control-wrap\" data-name=\"your-email\"><input size=\"40\" maxlength=\"400\" class=\"wpcf7-form-control wpcf7-email wpcf7-validates-as-required wpcf7-text wpcf7-validates-as-email\" aria-required=\"true\" aria-invalid=\"false\" placeholder=\"Correo\" value=\"\" type=\"email\" name=\"your-email\" \/><\/span>\n\t\t<\/p>\n\t<\/div>\n\t<div class=\"col-xs-6\">\n\t\t<p><span class=\"wpcf7-form-control-wrap\" data-name=\"your-phone\"><input size=\"40\" maxlength=\"400\" class=\"wpcf7-form-control wpcf7-text wpcf7-validates-as-required\" aria-required=\"true\" aria-invalid=\"false\" placeholder=\"Tel\u00e9fono\" value=\"\" type=\"text\" name=\"your-phone\" \/><\/span>\n\t\t<\/p>\n\t<\/div>\n<\/div>\n<div class=\"row\">\n\t<div class=\"col-xs-12\">\n\t\t<p><span class=\"wpcf7-form-control-wrap\" data-name=\"your-message\"><textarea cols=\"40\" rows=\"10\" maxlength=\"2000\" class=\"wpcf7-form-control wpcf7-textarea wpcf7-validates-as-required\" aria-required=\"true\" aria-invalid=\"false\" placeholder=\"Comentario\" name=\"your-message\"><\/textarea><\/span>\n\t\t<\/p>\n\t<\/div>\n<\/div>\n<div class=\"row text-center\">\n\t<div class=\"col-xs-12\">\n\t\t<p><input class=\"wpcf7-form-control wpcf7-submit has-spinner\" type=\"submit\" value=\"Enviar\" \/>\n\t\t<\/p>\n\t<\/div>\n<\/div><p style=\"display: none !important;\" class=\"akismet-fields-container\" data-prefix=\"_wpcf7_ak_\"><label>&#916;<textarea name=\"_wpcf7_ak_hp_textarea\" cols=\"45\" rows=\"8\" maxlength=\"100\"><\/textarea><\/label><input type=\"hidden\" id=\"ak_js_1\" name=\"_wpcf7_ak_js\" value=\"68\"\/><script>\ndocument.getElementById( \"ak_js_1\" ).setAttribute( \"value\", ( new Date() ).getTime() );\n<\/script>\n<\/p><div class=\"wpcf7-response-output\" aria-hidden=\"true\"><\/div>\n<\/form>\n<\/div>\n\n\t<h2><strong>Preguntas frecuentes sobre las reclamaciones ante la EEOC<\/strong><\/h2>\n<p>Aqu\u00ed hay algunas preguntas frecuentes sobre los reclamos frente a la EEOC y en que forma el La Firma de Abogados, AP puede ayudarle a abordarlos:<\/p>\n<ol>\n<li><strong> \u00bfPresent\u00e9 correctamente el cargo ante la EEOC?<\/strong><\/li>\n<\/ol>\n<p>A veces, los clientes presentan un reclamo ante la EEOC por s\u00ed mismos y no est\u00e1n seguros de si lo hicieron correctamente o no. Puede ser \u00fatil preguntarle a un abogado sobre esta situaci\u00f3n y c\u00f3mo resolver cualquier error. No completar correctamente un cargo ante la EEOC puede ser un factor decisivo para su caso.<\/p>\n<ol start=\"2\">\n<li><strong> \u00bfC\u00f3mo puedo corregir un reclamo ante la EEOC presentado incorrectamente?<\/strong><\/li>\n<\/ol>\n<p>Si le preocupa presentar indebidamente un reclamo por discriminaci\u00f3n laboral ante organismos estatales o federales, es aconsejable consultar a un abogado lo antes posible. Podemos ayudarle a revisar los recursos administrativos aplicables y tratar de corregir cualquier error cometido en su reclamo.<\/p>\n<p>Tiene 180 d\u00edas para presentar un cargo ante la EEOC a partir del incidente de discriminaci\u00f3n, pero su fecha l\u00edmite para presentar un reclamo estatal podr\u00eda ser diferente. Desafortunadamente, si no cumple con la fecha l\u00edmite, es posible que no pueda continuar con su reclamo, incluso con la ayuda de un abogado.<\/p>\n<ol start=\"3\">\n<li><strong> \u00bfNecesito un abogado para la presentaci\u00f3n ante la EEOC?<\/strong><\/li>\n<\/ol>\n<p>Por muchas razones, puede ser beneficioso trabajar con un abogado experimentado en la EEOC cuando presente un reclamo por discriminaci\u00f3n. Demasiadas v\u00edctimas pierden la oportunidad de buscar justicia por completar el papeleo de manera incorrecta, no cumplir con los plazos o no presentar los argumentos legales y las pruebas correctos para respaldar su reclamo. Un abogado podr\u00eda ayudarle a asegurarse de que usted marque todas las casillas.<\/p>\n<ol start=\"4\">\n<li><strong> \u00bfCu\u00e1nto cuesta una demanda ante la EEOC?<\/strong><\/li>\n<\/ol>\n<p>La mayor\u00eda de los abogados que manejan reclamos por discriminaci\u00f3n trabajan con honorarios basados en imprevistos para las demandas ante la EEOC, por lo que el abogado recibe honorarios solo si usted gana el caso. Por ejemplo, si los honorarios de su abogado por imprevistos son del 30% y su caso se resuelve por $40,000, su abogado recibir\u00e1 $12,000. Debe hablar con su abogado por adelantado sobre su estructura de honorarios y m\u00e9todos para manejar otros costos. La Firma de Abogados Leach, AP ofrece consultas gratuitas y solo trabaja previendo los imprevistos, por lo que no hay cargos ni costos iniciales.<\/p>\n<ol start=\"5\">\n<li><strong> \u00bfPuede demandar a su empleador en Florida y\/o Georgia?<\/strong><\/li>\n<\/ol>\n<p>Tiene la capacidad de demandar a su empleador en Florida o Georgia por discriminaci\u00f3n basada en su raza, religi\u00f3n, sexo u otros factores legalmente protegidos. La Comisi\u00f3n de Igualdad de Oportunidades en el Empleo (EEOC) le permite presentar un reclamo contra su empleador, y un abogado puede ayudarle a buscar justicia para su reclamo a trav\u00e9s de este proceso.<\/p>\n<ol start=\"6\">\n<li><strong> \u00bfC\u00f3mo presento un reclamo ante la EEOC en Florida y\/o Georgia?<\/strong><\/li>\n<\/ol>\n<p>Un reclamo por discriminaci\u00f3n laboral generalmente se presenta en l\u00ednea a trav\u00e9s del sitio web de la EEOC. Un investigador de la EEOC generalmente requerir\u00e1 una entrevista antes de presentar el cargo. Sin embargo, un abogado puede pasar por alto el proceso de la entrevista y presentar el cargo de inmediato, ahorrando semanas, si no meses, en el proceso.<\/p>\n<p>Presentar una queja exitosa dante la EEOC en Florida o Georgia requiere una preparaci\u00f3n considerable y una comprensi\u00f3n profunda de la ley de discriminaci\u00f3n. Para asegurarse de cumplir con todos los requisitos, es aconsejable trabajar con un abogado experto que pueda ayudarle.<\/p>\n<h2><strong>Llame a la Firma de Abogados Leach, para su reclamo ante la EEOC<\/strong><\/h2>\n<p>Si ha experimentado discriminaci\u00f3n laboral en Florida o Georgia, llame hoy a la Firma de Abogados Leach. Nos complace brindarle respuestas y asesoramiento legal competente para su caso ante la EEOC. Para comenzar a trabajar con uno de nuestros abogados calificados de la EEOC hoy, comun\u00edquese con nuestra firma al <a href=\"tel:(844) 722-7567\">(844) 722-7567<\/a>. Esperamos poder servirle.<\/p>\n\n","protected":false},"excerpt":{"rendered":"<p>Abogado experto en la Comisi\u00f3n de Igualdad de Oportunidades en el Empleo (EEOC), por sus siglas en ingl\u00e9s que presta servicios en Florida y Georgia Las leyes federales y estatales establecen que es ilegal discriminar a un solicitante de empleo o empleado por motivos de raza, religi\u00f3n, sexo y muchos otros factores protegidos. Esto significa&hellip;<\/p>\n","protected":false},"author":1,"featured_media":0,"parent":0,"menu_order":0,"comment_status":"closed","ping_status":"closed","template":"","meta":{"inline_featured_image":false,"footnotes":""},"class_list":["post-1153","page","type-page","status-publish","hentry"],"_links":{"self":[{"href":"https:\/\/theleachfirm.com\/es\/wp-json\/wp\/v2\/pages\/1153","targetHints":{"allow":["GET"]}}],"collection":[{"href":"https:\/\/theleachfirm.com\/es\/wp-json\/wp\/v2\/pages"}],"about":[{"href":"https:\/\/theleachfirm.com\/es\/wp-json\/wp\/v2\/types\/page"}],"author":[{"embeddable":true,"href":"https:\/\/theleachfirm.com\/es\/wp-json\/wp\/v2\/users\/1"}],"replies":[{"embeddable":true,"href":"https:\/\/theleachfirm.com\/es\/wp-json\/wp\/v2\/comments?post=1153"}],"version-history":[{"count":0,"href":"https:\/\/theleachfirm.com\/es\/wp-json\/wp\/v2\/pages\/1153\/revisions"}],"wp:attachment":[{"href":"https:\/\/theleachfirm.com\/es\/wp-json\/wp\/v2\/media?parent=1153"}],"curies":[{"name":"wp","href":"https:\/\/api.w.org\/{rel}","templated":true}]}}