{"id":1152,"date":"2020-12-21T14:18:04","date_gmt":"2020-12-21T14:18:04","guid":{"rendered":"https:\/\/theleachfirm.com\/abogado-experimentado-en-discriminacion-sirviendo-en-las-areas-de-florida-y-georgia\/"},"modified":"2023-01-27T01:55:26","modified_gmt":"2023-01-27T06:55:26","slug":"discriminacion","status":"publish","type":"page","link":"https:\/\/theleachfirm.com\/es\/discriminacion\/","title":{"rendered":"Discriminaci\u00f3n"},"content":{"rendered":"\r\n<h1>\r\n\t\tDiscriminaci\u00f3n\r\n\t<\/h1>\r\n\t<div class=\"fl-builder-content fl-builder-content-2140 fl-builder-template fl-builder-row-template fl-builder-global-templates-locked\" data-post-id=\"2140\"><div class=\"fl-row fl-row-fixed-width fl-row-bg-color fl-node-3ch2ay0i9n7k fl-row-default-height fl-row-align-center page-top-banner\" data-node=\"3ch2ay0i9n7k\">\n\t<div class=\"fl-row-content-wrap\">\n\t\t\t\t\t\t<div class=\"fl-row-content fl-row-fixed-width fl-node-content\">\n\t\t\n<div class=\"fl-col-group fl-node-1ew4tp3k5oi6\" data-node=\"1ew4tp3k5oi6\">\n\t\t\t<div class=\"fl-col fl-node-5mxd3hik7t20 fl-col-bg-color employColumnParent\" data-node=\"5mxd3hik7t20\">\n\t<div class=\"fl-col-content fl-node-content\"><div class=\"fl-module fl-module-heading fl-node-e8xwrdmzbco6\" data-node=\"e8xwrdmzbco6\">\n\t<div class=\"fl-module-content fl-node-content\">\n\t\t<h5 class=\"fl-heading\">\n\t\t<span class=\"fl-heading-text\">\u00bfQuiere hablar con un Abogado Laboralista?<\/span>\n\t<\/h5>\n\t<\/div>\n<\/div>\n<div class=\"fl-module fl-module-heading fl-node-8q4xpla57rbn\" data-node=\"8q4xpla57rbn\">\n\t<div class=\"fl-module-content fl-node-content\">\n\t\t<h4 class=\"fl-heading\">\n\t\t<a\n\t\thref=\"tel:8447227567\"\n\t\ttitle=\"Llame a la l\u00ednea directa para empleados (844) 722-7567\"\n\t\ttarget=\"_self\"\n\t\t\t>\n\t\t<span class=\"fl-heading-text\">Llame a la l\u00ednea directa para empleados<br> (844) 722-7567<\/span>\n\t\t<\/a>\n\t<\/h4>\n\t<\/div>\n<\/div>\n<div class=\"fl-module fl-module-html fl-node-hw5loe1n0qbp employColumnBullets\" data-node=\"hw5loe1n0qbp\">\n\t<div class=\"fl-module-content fl-node-content\">\n\t\t<div class=\"fl-html\">\n\t<ul>\n  <li>\u00bfMe pueden despedir por presentar un caso contra mi empleador?<\/li>\n  <li>Si presento un reclamo, \u00bftendr\u00e9 problemas para conseguir otro trabajo?<\/li>\n  <li>\u00bfDebo presentar una solicitud ante la Comisi\u00f3n de Igualdad <br>de Oportunidades en el Empleo (EEOC, por sus siglas en ingl\u00e9s)<br> antes de consultar a un abogado?<\/li>\n  <li>\u00bfCu\u00e1nto vale mi caso?<\/li>\n  <li>\u00bfCu\u00e1nto tiempo tengo para presentar un reclamo?<\/li>\n  <li>\u00bfPor qu\u00e9 debo conseguir un abogado?<\/li>\n<\/ul><\/div>\n\t<\/div>\n<\/div>\n<\/div>\n<\/div>\n\t<\/div>\n\t\t<\/div>\n\t<\/div>\n<\/div>\n<\/div>\r\n\t<p>Ya sea que est\u00e9 buscando empleo o ya est\u00e9 trabajando para una empresa, la discriminaci\u00f3n por parte de los empleadores es un problema frecuente que es muy com\u00fan en muchos lugares de trabajo. Cuando busca trabajo, la discriminaci\u00f3n ilegal generalmente ocurre cuando cumple con todos los requisitos para el puesto, pero la empresa a\u00fan le niega el empleo. Para los trabajadores, la discriminaci\u00f3n generalmente se presenta en forma de un comportamiento sesgado basado en la raza, las preferencias sexuales o la religi\u00f3n de los empleados. Si siente que ha enfrentado una discriminaci\u00f3n, entonces es esencial buscar los servicios de un abogado experto en discriminaci\u00f3n.<\/p>\r\n<p>En el Estudio Jur\u00eddico Leach AP, brindamos a nuestros clientes la representaci\u00f3n que necesitan al tratar con sus casos de discriminaci\u00f3n. Nuestros abogados tienen experiencia en el manejo de una gran cantidad de casos de discriminaci\u00f3n y se enfocan particularmente en los siguientes tipos:<\/p>\r\n<ul>\r\n<li aria-level=\"1\"><a href=\"https:\/\/theleachfirm.com\/employment-discrimination\/\">Discriminaci\u00f3n Laboral<\/a><\/li>\r\n<li aria-level=\"1\"><a href=\"https:\/\/theleachfirm.com\/racial-discrimination\/\">Discriminaci\u00f3n racial<\/a><\/li>\r\n<li aria-level=\"1\"><a href=\"https:\/\/theleachfirm.com\/pregnancy-discrimination\/\">Discriminaci\u00f3n por Embarazo<\/a><\/li>\r\n<li aria-level=\"1\"><a href=\"https:\/\/theleachfirm.com\/religious-discrimination\/\">Discriminaci\u00f3n religiosa<\/a><\/li>\r\n<li aria-level=\"1\"><a href=\"https:\/\/theleachfirm.com\/gender-discrimination\/\">Discriminaci\u00f3n por el g\u00e9nero<\/a><\/li>\r\n<\/ul>\r\n<h2>Luche por tus derechos<\/h2>\r\n<p>Cuando busca los servicios de nuestro <a href=\"https:\/\/theleachfirm.com\/pregnancy-discrimination\/\">abogado de discriminaci\u00f3n por embarazo <\/a>, puede confiar en que nuestro estudio jur\u00eddico trabajar\u00e1 inflexiblemente para defender sus derechos. Con nuestra representaci\u00f3n integral, armaremos un caso s\u00f3lido para garantizar que reciba un trato justo durante todo el proceso legal. Entonces, cuando necesite el apoyo de un <a href=\"https:\/\/theleachfirm.com\/employment-discrimination\/\">abogado dedicado a la discriminaci\u00f3n laboral <\/a>, conf\u00ede en nuestro estudio para obtener los servicios legales que necesita.<\/p>\r\n\r\n","protected":false},"excerpt":{"rendered":"<p>Discriminaci\u00f3n Ya sea que est\u00e9 buscando empleo o ya est\u00e9 trabajando para una empresa, la discriminaci\u00f3n por parte de los empleadores es un problema frecuente que es muy com\u00fan en muchos lugares de trabajo. Cuando busca trabajo, la discriminaci\u00f3n ilegal generalmente ocurre cuando cumple con todos los requisitos para el puesto, pero la empresa a\u00fan&hellip;<\/p>\n","protected":false},"author":1,"featured_media":0,"parent":0,"menu_order":0,"comment_status":"closed","ping_status":"closed","template":"","meta":{"inline_featured_image":false,"footnotes":""},"class_list":["post-1152","page","type-page","status-publish","hentry"],"_links":{"self":[{"href":"https:\/\/theleachfirm.com\/es\/wp-json\/wp\/v2\/pages\/1152","targetHints":{"allow":["GET"]}}],"collection":[{"href":"https:\/\/theleachfirm.com\/es\/wp-json\/wp\/v2\/pages"}],"about":[{"href":"https:\/\/theleachfirm.com\/es\/wp-json\/wp\/v2\/types\/page"}],"author":[{"embeddable":true,"href":"https:\/\/theleachfirm.com\/es\/wp-json\/wp\/v2\/users\/1"}],"replies":[{"embeddable":true,"href":"https:\/\/theleachfirm.com\/es\/wp-json\/wp\/v2\/comments?post=1152"}],"version-history":[{"count":0,"href":"https:\/\/theleachfirm.com\/es\/wp-json\/wp\/v2\/pages\/1152\/revisions"}],"wp:attachment":[{"href":"https:\/\/theleachfirm.com\/es\/wp-json\/wp\/v2\/media?parent=1152"}],"curies":[{"name":"wp","href":"https:\/\/api.w.org\/{rel}","templated":true}]}}