{"id":1150,"date":"2020-12-21T14:20:18","date_gmt":"2020-12-21T14:20:18","guid":{"rendered":"https:\/\/theleachfirm.com\/abogado-de-discriminacion-religiosa-sirviendo-en-las-areas-de-florida-y-georgia\/"},"modified":"2024-03-02T20:35:16","modified_gmt":"2024-03-03T01:35:16","slug":"abogado-especialista-en-discriminacion-religiosa-que-presta-servicios-en-florida-y-georgia","status":"publish","type":"page","link":"https:\/\/theleachfirm.com\/es\/abogado-especialista-en-discriminacion-religiosa-que-presta-servicios-en-florida-y-georgia\/","title":{"rendered":"Abogado especialista en discriminaci\u00f3n religiosa que presta servicios en Florida y Georgia"},"content":{"rendered":"\n<h1>\n\t\tAbogado especialista en discriminaci\u00f3n religiosa que presta servicios en Florida y Georgia\n\t<\/h1>\n\t<div class=\"fl-builder-content fl-builder-content-2140 fl-builder-template fl-builder-row-template fl-builder-global-templates-locked\" data-post-id=\"2140\"><div class=\"fl-row fl-row-fixed-width fl-row-bg-color fl-node-3ch2ay0i9n7k fl-row-default-height fl-row-align-center page-top-banner\" data-node=\"3ch2ay0i9n7k\">\n\t<div class=\"fl-row-content-wrap\">\n\t\t\t\t\t\t<div class=\"fl-row-content fl-row-fixed-width fl-node-content\">\n\t\t\n<div class=\"fl-col-group fl-node-1ew4tp3k5oi6\" data-node=\"1ew4tp3k5oi6\">\n\t\t\t<div class=\"fl-col fl-node-5mxd3hik7t20 fl-col-bg-color employColumnParent\" data-node=\"5mxd3hik7t20\">\n\t<div class=\"fl-col-content fl-node-content\"><div class=\"fl-module fl-module-heading fl-node-e8xwrdmzbco6\" data-node=\"e8xwrdmzbco6\">\n\t<div class=\"fl-module-content fl-node-content\">\n\t\t<h5 class=\"fl-heading\">\n\t\t<span class=\"fl-heading-text\">\u00bfQuiere hablar con un Abogado Laboralista?<\/span>\n\t<\/h5>\n\t<\/div>\n<\/div>\n<div class=\"fl-module fl-module-heading fl-node-8q4xpla57rbn\" data-node=\"8q4xpla57rbn\">\n\t<div class=\"fl-module-content fl-node-content\">\n\t\t<h4 class=\"fl-heading\">\n\t\t<a\n\t\thref=\"tel:8447227567\"\n\t\ttitle=\"Llame a la l\u00ednea directa para empleados (844) 722-7567\"\n\t\ttarget=\"_self\"\n\t\t\t>\n\t\t<span class=\"fl-heading-text\">Llame a la l\u00ednea directa para empleados<br> (844) 722-7567<\/span>\n\t\t<\/a>\n\t<\/h4>\n\t<\/div>\n<\/div>\n<div class=\"fl-module fl-module-html fl-node-hw5loe1n0qbp employColumnBullets\" data-node=\"hw5loe1n0qbp\">\n\t<div class=\"fl-module-content fl-node-content\">\n\t\t<div class=\"fl-html\">\n\t<ul>\n  <li>\u00bfMe pueden despedir por presentar un caso contra mi empleador?<\/li>\n  <li>Si presento un reclamo, \u00bftendr\u00e9 problemas para conseguir otro trabajo?<\/li>\n  <li>\u00bfDebo presentar una solicitud ante la Comisi\u00f3n de Igualdad <br>de Oportunidades en el Empleo (EEOC, por sus siglas en ingl\u00e9s)<br> antes de consultar a un abogado?<\/li>\n  <li>\u00bfCu\u00e1nto vale mi caso?<\/li>\n  <li>\u00bfCu\u00e1nto tiempo tengo para presentar un reclamo?<\/li>\n  <li>\u00bfPor qu\u00e9 debo conseguir un abogado?<\/li>\n<\/ul><\/div>\n\t<\/div>\n<\/div>\n<\/div>\n<\/div>\n\t<\/div>\n\t\t<\/div>\n\t<\/div>\n<\/div>\n<\/div>\n\t<p>En un mundo perfecto, la religi\u00f3n de un empleado no act\u00faa en su contra en el proceso de contrataci\u00f3n. Tampoco es tema de bromas o burlas en el lugar de trabajo. Esta es una promesa hecha al pueblo estadounidense en el T\u00edtulo VII de la Ley de Derechos Civiles de 1964, que proh\u00edbe la discriminaci\u00f3n basada en la religi\u00f3n. Cuando usted crea que es una de las v\u00edctimas busque la ayuda de un abogado experto en discriminaci\u00f3n religiosa que tenga su bufete en Florida y Georgia.<\/p>\n<p>En el Bufete de Abogados de Leach AP encontrar\u00e1 un abogado calificado y capaz. El bufete cuenta con un equipo de profesionales que saben lo que se necesita para probar la discriminaci\u00f3n religiosa. Cuente con nuestro equipo para trabajar con usted para recopilar la informaci\u00f3n necesaria para armar un caso s\u00f3lido. Y nuestro Estudio Jur\u00eddico no le cobra a menos que usted reciba una compensaci\u00f3n financiera de un veredicto o acuerdo.<\/p>\n<h2>Aplicando la Ley<\/h2>\n<p>El T\u00edtulo VII de la Ley de Derechos Civiles se aplica a los empleadores de los sectores p\u00fablico y privado. Y la persona no necesita ser miembro formal de una iglesia. La ley se aplica a la religi\u00f3n en la cual las creencias del individuo son sinceras. Aunque ninguna de ellas puede impedir que se produzcan discriminaciones, sin duda aumenta el temor al castigo y las sanciones contra los empleadores declarados culpables. Capacitamos a nuestros clientes para que luchen por sus derechos sin preocupaciones.<\/p>\n<p>Ll\u00e1menos para programar una <a href=\"https:\/\/theleachfirm.com\/es\/contactenos\/\">consulta gratuita<\/a> con nuestro abogado especialista en discriminaci\u00f3n laboral.<\/p>\n\n","protected":false},"excerpt":{"rendered":"<p>Abogado especialista en discriminaci\u00f3n religiosa que presta servicios en Florida y Georgia En un mundo perfecto, la religi\u00f3n de un empleado no act\u00faa en su contra en el proceso de contrataci\u00f3n. Tampoco es tema de bromas o burlas en el lugar de trabajo. Esta es una promesa hecha al pueblo estadounidense en el T\u00edtulo VII&hellip;<\/p>\n","protected":false},"author":1,"featured_media":0,"parent":0,"menu_order":0,"comment_status":"closed","ping_status":"closed","template":"","meta":{"inline_featured_image":false,"footnotes":""},"class_list":["post-1150","page","type-page","status-publish","hentry"],"_links":{"self":[{"href":"https:\/\/theleachfirm.com\/es\/wp-json\/wp\/v2\/pages\/1150","targetHints":{"allow":["GET"]}}],"collection":[{"href":"https:\/\/theleachfirm.com\/es\/wp-json\/wp\/v2\/pages"}],"about":[{"href":"https:\/\/theleachfirm.com\/es\/wp-json\/wp\/v2\/types\/page"}],"author":[{"embeddable":true,"href":"https:\/\/theleachfirm.com\/es\/wp-json\/wp\/v2\/users\/1"}],"replies":[{"embeddable":true,"href":"https:\/\/theleachfirm.com\/es\/wp-json\/wp\/v2\/comments?post=1150"}],"version-history":[{"count":0,"href":"https:\/\/theleachfirm.com\/es\/wp-json\/wp\/v2\/pages\/1150\/revisions"}],"wp:attachment":[{"href":"https:\/\/theleachfirm.com\/es\/wp-json\/wp\/v2\/media?parent=1150"}],"curies":[{"name":"wp","href":"https:\/\/api.w.org\/{rel}","templated":true}]}}