{"id":1149,"date":"2020-12-21T14:19:08","date_gmt":"2020-12-21T14:19:08","guid":{"rendered":"https:\/\/theleachfirm.com\/abogado-de-discriminacion-racial-sirviendo-en-las-areas-de-florida-y-georgia\/"},"modified":"2024-03-02T20:35:35","modified_gmt":"2024-03-03T01:35:35","slug":"discriminacion-racial","status":"publish","type":"page","link":"https:\/\/theleachfirm.com\/es\/discriminacion-racial\/","title":{"rendered":"Abogados especialistas en discriminaci\u00f3n racial que prestan servicios en Florida y Georgia"},"content":{"rendered":"\n<h1>\n\t\tAbogados especialistas en discriminaci\u00f3n racial que prestan servicios en Florida y Georgia\n\t<\/h1>\n\t<div class=\"fl-builder-content fl-builder-content-2140 fl-builder-template fl-builder-row-template fl-builder-global-templates-locked\" data-post-id=\"2140\"><div class=\"fl-row fl-row-fixed-width fl-row-bg-color fl-node-3ch2ay0i9n7k fl-row-default-height fl-row-align-center page-top-banner\" data-node=\"3ch2ay0i9n7k\">\n\t<div class=\"fl-row-content-wrap\">\n\t\t\t\t\t\t<div class=\"fl-row-content fl-row-fixed-width fl-node-content\">\n\t\t\n<div class=\"fl-col-group fl-node-1ew4tp3k5oi6\" data-node=\"1ew4tp3k5oi6\">\n\t\t\t<div class=\"fl-col fl-node-5mxd3hik7t20 fl-col-bg-color employColumnParent\" data-node=\"5mxd3hik7t20\">\n\t<div class=\"fl-col-content fl-node-content\"><div class=\"fl-module fl-module-heading fl-node-e8xwrdmzbco6\" data-node=\"e8xwrdmzbco6\">\n\t<div class=\"fl-module-content fl-node-content\">\n\t\t<h5 class=\"fl-heading\">\n\t\t<span class=\"fl-heading-text\">\u00bfQuiere hablar con un Abogado Laboralista?<\/span>\n\t<\/h5>\n\t<\/div>\n<\/div>\n<div class=\"fl-module fl-module-heading fl-node-8q4xpla57rbn\" data-node=\"8q4xpla57rbn\">\n\t<div class=\"fl-module-content fl-node-content\">\n\t\t<h4 class=\"fl-heading\">\n\t\t<a\n\t\thref=\"tel:8447227567\"\n\t\ttitle=\"Llame a la l\u00ednea directa para empleados (844) 722-7567\"\n\t\ttarget=\"_self\"\n\t\t\t>\n\t\t<span class=\"fl-heading-text\">Llame a la l\u00ednea directa para empleados<br> (844) 722-7567<\/span>\n\t\t<\/a>\n\t<\/h4>\n\t<\/div>\n<\/div>\n<div class=\"fl-module fl-module-html fl-node-hw5loe1n0qbp employColumnBullets\" data-node=\"hw5loe1n0qbp\">\n\t<div class=\"fl-module-content fl-node-content\">\n\t\t<div class=\"fl-html\">\n\t<ul>\n  <li>\u00bfMe pueden despedir por presentar un caso contra mi empleador?<\/li>\n  <li>Si presento un reclamo, \u00bftendr\u00e9 problemas para conseguir otro trabajo?<\/li>\n  <li>\u00bfDebo presentar una solicitud ante la Comisi\u00f3n de Igualdad <br>de Oportunidades en el Empleo (EEOC, por sus siglas en ingl\u00e9s)<br> antes de consultar a un abogado?<\/li>\n  <li>\u00bfCu\u00e1nto vale mi caso?<\/li>\n  <li>\u00bfCu\u00e1nto tiempo tengo para presentar un reclamo?<\/li>\n  <li>\u00bfPor qu\u00e9 debo conseguir un abogado?<\/li>\n<\/ul><\/div>\n\t<\/div>\n<\/div>\n<\/div>\n<\/div>\n\t<\/div>\n\t\t<\/div>\n\t<\/div>\n<\/div>\n<\/div>\n\t<p>El T\u00edtulo VII de la Ley de Derechos Civiles de 1964 proh\u00edbe la discriminaci\u00f3n basada en la raza y el color. Aunque la ley del pa\u00eds lo declara ilegal, todav\u00eda sucede en este pa\u00eds y estado. La violaci\u00f3n del T\u00edtulo VII es un cargo de peso que exige la asistencia de un abogado h\u00e1bil en discriminaci\u00f3n racial y con experiencia en el tema. Enel Estudio Jur\u00eddico Leach AP, damos una buena pelea, para lo que est\u00e1 mal se corrija a trav\u00e9s del sistema legal.<\/p>\n<h2>Luchamos por las V\u00edctimas de la Discriminaci\u00f3n Racial<\/h2>\n<p>Siente que es v\u00edctima de discriminaci\u00f3n racial. Sin embargo, esto puede ser dif\u00edcil de probar. Es por eso que necesita los servicios de un <a href=\"https:\/\/theleachfirm.com\/employment-discrimination\/\">abogado experto en discriminaci\u00f3n racial <\/a>. Un profesional de este tipo sabe lo que se necesita para presentar un caso y adem\u00e1s trabaja con usted desde la consulta hasta el veredicto o acuerdo.<\/p>\n<p>Uno de los aspectos m\u00e1s desafiantes de estos casos es determinar la intenci\u00f3n detr\u00e1s de la acci\u00f3n, ya sea que un empleador no contrate a alguien por su raza o discrimine a un empleado actual. Luego, debemos probar la intenci\u00f3n y la acci\u00f3n de acuerdo con <a href=\"https:\/\/theleachfirm.com\/employment-law\/\">la ley laboral <\/a>.<\/p>\n<p>Perm\u00edtanos advertirle que cuando alguien habla en contra de la discriminaci\u00f3n laboral, existe la posibilidad de que el empleador intente tomar represalias. Para evitarlo, trabajamos en presentar su denuncia lo m\u00e1s r\u00e1pido posible para ofrecerte una medida de protecci\u00f3n.<\/p>\n<p>Ll\u00e1menos para una <a href=\"https:\/\/theleachfirm.com\/es\/contactenos\/\">consulta gratuita<\/a> cuando tema ser v\u00edctima de discriminaci\u00f3n racial en el trabajo.<\/p>\n\n","protected":false},"excerpt":{"rendered":"<p>Abogados especialistas en discriminaci\u00f3n racial que prestan servicios en Florida y Georgia El T\u00edtulo VII de la Ley de Derechos Civiles de 1964 proh\u00edbe la discriminaci\u00f3n basada en la raza y el color. Aunque la ley del pa\u00eds lo declara ilegal, todav\u00eda sucede en este pa\u00eds y estado. La violaci\u00f3n del T\u00edtulo VII es un&hellip;<\/p>\n","protected":false},"author":1,"featured_media":0,"parent":0,"menu_order":0,"comment_status":"closed","ping_status":"closed","template":"","meta":{"inline_featured_image":false,"footnotes":""},"class_list":["post-1149","page","type-page","status-publish","hentry"],"_links":{"self":[{"href":"https:\/\/theleachfirm.com\/es\/wp-json\/wp\/v2\/pages\/1149","targetHints":{"allow":["GET"]}}],"collection":[{"href":"https:\/\/theleachfirm.com\/es\/wp-json\/wp\/v2\/pages"}],"about":[{"href":"https:\/\/theleachfirm.com\/es\/wp-json\/wp\/v2\/types\/page"}],"author":[{"embeddable":true,"href":"https:\/\/theleachfirm.com\/es\/wp-json\/wp\/v2\/users\/1"}],"replies":[{"embeddable":true,"href":"https:\/\/theleachfirm.com\/es\/wp-json\/wp\/v2\/comments?post=1149"}],"version-history":[{"count":0,"href":"https:\/\/theleachfirm.com\/es\/wp-json\/wp\/v2\/pages\/1149\/revisions"}],"wp:attachment":[{"href":"https:\/\/theleachfirm.com\/es\/wp-json\/wp\/v2\/media?parent=1149"}],"curies":[{"name":"wp","href":"https:\/\/api.w.org\/{rel}","templated":true}]}}