{"id":1146,"date":"2020-12-21T14:25:19","date_gmt":"2020-12-21T14:25:19","guid":{"rendered":"https:\/\/theleachfirm.com\/abogado-de-entorno-laboral-hostil-y-de-represalias-en-el-empleo-sirviendo-en-florida-y-georgia\/"},"modified":"2023-03-01T03:04:06","modified_gmt":"2023-03-01T08:04:06","slug":"abogado-especialista","status":"publish","type":"page","link":"https:\/\/theleachfirm.com\/es\/abogado-especialista\/","title":{"rendered":"Abogado Especialista en Ambientes de Trabajo Hostil y Represalias Laborales que Trabaja en Florida y Georgia"},"content":{"rendered":"\n<h1>\n\t\tAbogado Especialista en Ambientes de Trabajo Hostil y Represalias Laborales que Trabaja en Florida y Georgia\n\t<\/h1>\n\t<div class=\"fl-builder-content fl-builder-content-2140 fl-builder-template fl-builder-row-template fl-builder-global-templates-locked\" data-post-id=\"2140\"><div class=\"fl-row fl-row-fixed-width fl-row-bg-color fl-node-3ch2ay0i9n7k fl-row-default-height fl-row-align-center page-top-banner\" data-node=\"3ch2ay0i9n7k\">\n\t<div class=\"fl-row-content-wrap\">\n\t\t\t\t\t\t<div class=\"fl-row-content fl-row-fixed-width fl-node-content\">\n\t\t\n<div class=\"fl-col-group fl-node-1ew4tp3k5oi6\" data-node=\"1ew4tp3k5oi6\">\n\t\t\t<div class=\"fl-col fl-node-5mxd3hik7t20 fl-col-bg-color employColumnParent\" data-node=\"5mxd3hik7t20\">\n\t<div class=\"fl-col-content fl-node-content\"><div class=\"fl-module fl-module-heading fl-node-e8xwrdmzbco6\" data-node=\"e8xwrdmzbco6\">\n\t<div class=\"fl-module-content fl-node-content\">\n\t\t<h5 class=\"fl-heading\">\n\t\t<span class=\"fl-heading-text\">\u00bfQuiere hablar con un Abogado Laboralista?<\/span>\n\t<\/h5>\n\t<\/div>\n<\/div>\n<div class=\"fl-module fl-module-heading fl-node-8q4xpla57rbn\" data-node=\"8q4xpla57rbn\">\n\t<div class=\"fl-module-content fl-node-content\">\n\t\t<h4 class=\"fl-heading\">\n\t\t<a\n\t\thref=\"tel:8447227567\"\n\t\ttitle=\"Llame a la l\u00ednea directa para empleados (844) 722-7567\"\n\t\ttarget=\"_self\"\n\t\t\t>\n\t\t<span class=\"fl-heading-text\">Llame a la l\u00ednea directa para empleados<br> (844) 722-7567<\/span>\n\t\t<\/a>\n\t<\/h4>\n\t<\/div>\n<\/div>\n<div class=\"fl-module fl-module-html fl-node-hw5loe1n0qbp employColumnBullets\" data-node=\"hw5loe1n0qbp\">\n\t<div class=\"fl-module-content fl-node-content\">\n\t\t<div class=\"fl-html\">\n\t<ul>\n  <li>\u00bfMe pueden despedir por presentar un caso contra mi empleador?<\/li>\n  <li>Si presento un reclamo, \u00bftendr\u00e9 problemas para conseguir otro trabajo?<\/li>\n  <li>\u00bfDebo presentar una solicitud ante la Comisi\u00f3n de Igualdad <br>de Oportunidades en el Empleo (EEOC, por sus siglas en ingl\u00e9s)<br> antes de consultar a un abogado?<\/li>\n  <li>\u00bfCu\u00e1nto vale mi caso?<\/li>\n  <li>\u00bfCu\u00e1nto tiempo tengo para presentar un reclamo?<\/li>\n  <li>\u00bfPor qu\u00e9 debo conseguir un abogado?<\/li>\n<\/ul><\/div>\n\t<\/div>\n<\/div>\n<\/div>\n<\/div>\n\t<\/div>\n\t\t<\/div>\n\t<\/div>\n<\/div>\n<\/div>\n\t<p>La represalia del empleador es un t\u00e9rmino que se usa para describir el castigo a los empleados por participar en una actividad legalmente protegida. Incluye cualquier acci\u00f3n negativa que involucre el trabajo de un empleado, como ser el descenso de categor\u00eda, despido, sanciones, reducci\u00f3n de salario y reasignaci\u00f3n del trabajo o turno, aunque tambi\u00e9n puede referirse a acciones m\u00e1s sutiles. Las leyes federales han sido dise\u00f1adas para proteger los derechos legales de los empleados con disposiciones que hacen que los actos de represalia sean ilegales.<\/p>\n<p>Probar que se han tomado represalias en el lugar de trabajo puede ser un desaf\u00edo. La buena noticia es que nuestro abogado especialista en derecho laboral tiene la experiencia necesaria para determinar si usted ha sido v\u00edctima de represalias ilegales por parte de su empleador. Si ha presentado un reclamo por discriminaci\u00f3n en el lugar de trabajo o incluso si habl\u00f3 de la presentaci\u00f3n de dicho reclamo, es comprensible que su empleador se sienta amenazado. En consecuencia, puede comportarse de una manera que tenga la intenci\u00f3n de intimidarle en un intento de evitar que usted emprenda m\u00e1s acciones legales. Cuando sienta que su empleador ha creado un ambiente de trabajo hostil, comun\u00edquese con el Bufete de Abogados The Leach, AP para que nuestro abogado experto en discriminaci\u00f3n laboral le ayude a armar un caso efectivo.<\/p>\n<h2><strong>Defienda sus derechos legales con nuestro abogado especialista en represalias contra empleados<\/strong><\/h2>\n<p>Nuestra firma de abogados cuenta con m\u00e1s de 50 a\u00f1os de experiencia combinada en litigios a cada cliente que representamos, por lo que puede estar seguro de que tenemos lo necesario para brindarle una representaci\u00f3n agresiva para su caso. Cuando desee hablar sobre su situaci\u00f3n con uno de nuestros abogados p\u00f3ngase en contacto con nosotros para concertar una visita para una consulta gratuita. Una vez que hayamos hablado con usted sobre los detalles que rodean la supuesta represalia y le hayamos brindado la atenci\u00f3n legal que merece, tendremos una base s\u00f3lida para presentar un caso contra su empleador.<\/p>\n<h2><strong>Hacer Frente al Comportamiento Abusivo en el Lugar de Trabajo<\/strong><\/h2>\n<p>Si se lesion\u00f3 en el trabajo, presentar un reclamo de compensaci\u00f3n para trabajadores puede reflejarse negativamente en su empleador y hacer que parezca negligente. Esto puede hacer que tome represalias contra usted. Cuando sospeche de un comportamiento que indique represalias, comun\u00edquese con nuestro abogado para obtener m\u00e1s informaci\u00f3n legal. No importa qu\u00e9 tipo de acci\u00f3n haya tomado su empleador contra usted, puede tener derecho a recibir una compensaci\u00f3n si se demuestra que su accionar es ilegal. Cuando trabaja con nuestro abogado, nunca le cobramos honorarios por los servicios legales a menos que recuperemos la compensaci\u00f3n que merece. Se Habla Espa\u00f1ol .<\/p>\n<p>Si est\u00e1 interesado en obtener m\u00e1s informaci\u00f3n sobre nuestras otras \u00e1reas de pr\u00e1ctica profesional, programe una consulta con nuestro abogado experto en salarios impagos al <a href=\"tel:(844) 722-7567\">(844) 722-7567<\/a>. Brindamos servicio legal a clientes en Florida y Georgia.<\/p>\n\n","protected":false},"excerpt":{"rendered":"<p>Abogado Especialista en Ambientes de Trabajo Hostil y Represalias Laborales que Trabaja en Florida y Georgia La represalia del empleador es un t\u00e9rmino que se usa para describir el castigo a los empleados por participar en una actividad legalmente protegida. Incluye cualquier acci\u00f3n negativa que involucre el trabajo de un empleado, como ser el descenso&hellip;<\/p>\n","protected":false},"author":1,"featured_media":0,"parent":0,"menu_order":0,"comment_status":"closed","ping_status":"closed","template":"","meta":{"inline_featured_image":false,"footnotes":""},"class_list":["post-1146","page","type-page","status-publish","hentry"],"_links":{"self":[{"href":"https:\/\/theleachfirm.com\/es\/wp-json\/wp\/v2\/pages\/1146","targetHints":{"allow":["GET"]}}],"collection":[{"href":"https:\/\/theleachfirm.com\/es\/wp-json\/wp\/v2\/pages"}],"about":[{"href":"https:\/\/theleachfirm.com\/es\/wp-json\/wp\/v2\/types\/page"}],"author":[{"embeddable":true,"href":"https:\/\/theleachfirm.com\/es\/wp-json\/wp\/v2\/users\/1"}],"replies":[{"embeddable":true,"href":"https:\/\/theleachfirm.com\/es\/wp-json\/wp\/v2\/comments?post=1146"}],"version-history":[{"count":0,"href":"https:\/\/theleachfirm.com\/es\/wp-json\/wp\/v2\/pages\/1146\/revisions"}],"wp:attachment":[{"href":"https:\/\/theleachfirm.com\/es\/wp-json\/wp\/v2\/media?parent=1146"}],"curies":[{"name":"wp","href":"https:\/\/api.w.org\/{rel}","templated":true}]}}